{"id":89,"date":"2024-08-04T17:01:44","date_gmt":"2024-08-04T15:01:44","guid":{"rendered":"https:\/\/powerockpharma.com\/?post_type=product&#038;p=89"},"modified":"2025-11-12T06:55:07","modified_gmt":"2025-11-12T05:55:07","slug":"pt141","status":"publish","type":"product","link":"https:\/\/powerockpharma.com\/cs\/peptide-lyophilizates\/pt141\/","title":{"rendered":"PT141"},"content":{"rendered":"<h2>Vlastnosti:<\/h2>\n<p>PT-141, zn\u00e1m\u00fd tak\u00e9 jako bremelanotid, je siln\u00fd peptid zn\u00e1m\u00fd p\u0159edev\u0161\u00edm pro sv\u00e9 \u00fa\u010dinky na sexu\u00e1ln\u00ed funkce. PT-141 byl p\u016fvodn\u011b vyvinut jako l\u00e9k na sexu\u00e1ln\u00ed dysfunkce a z\u00edskal si uzn\u00e1n\u00ed pro svou schopnost zvy\u0161ovat libido a sexu\u00e1ln\u00ed v\u00fdkonnost u mu\u017e\u016f i \u017een. Na rozd\u00edl od jin\u00fdch l\u00e9\u010debn\u00fdch postup\u016f, kter\u00e9 se zam\u011b\u0159uj\u00ed na c\u00e9vn\u00ed syst\u00e9m, PT-141 p\u016fsob\u00ed p\u0159\u00edmo prost\u0159ednictv\u00edm nervov\u00e9ho syst\u00e9mu, co\u017e z n\u011bj \u010din\u00ed jedine\u010dnou a \u00fa\u010dinnou mo\u017enost pro ty, kte\u0159\u00ed usiluj\u00ed o zlep\u0161en\u00ed sv\u00e9ho sexu\u00e1ln\u00edho zdrav\u00ed. Mechanismus PT-141 spo\u010d\u00edv\u00e1 v aktivaci melanokortinov\u00fdch receptor\u016f v mozku, co\u017e vede ke zv\u00fd\u0161en\u00ed sexu\u00e1ln\u00edho vzru\u0161en\u00ed a touhy bez ovlivn\u011bn\u00ed pr\u016ftoku krve.<\/p>\n<h2>Mechanismus \u00fa\u010dinku:<\/h2>\n<p>\u00da\u010dinek PT-141 se odv\u00edj\u00ed od jeho schopnosti stimulovat melanokortinov\u00e9 receptory, zejm\u00e9na podtyp MC4R, v centr\u00e1ln\u00edm nervov\u00e9m syst\u00e9mu. Tyto receptory se pod\u00edlej\u00ed na regulaci \u0161irok\u00e9 \u0161k\u00e1ly funkc\u00ed, v\u010detn\u011b sexu\u00e1ln\u00edho chov\u00e1n\u00ed a energetick\u00e9 homeost\u00e1zy. Vazbou na tyto receptory spou\u0161t\u00ed PT-141 kask\u00e1du neurochemick\u00fdch d\u011bj\u016f, kter\u00e9 zvy\u0161uj\u00ed sexu\u00e1ln\u00ed vzru\u0161en\u00ed. Tento mechanismus je odli\u0161n\u00fd od jin\u00fdch l\u00e9k\u016f na podporu sexu\u00e1ln\u00edho vzru\u0161en\u00ed, kter\u00e9 se \u010dasto zam\u011b\u0159uj\u00ed na zv\u00fd\u0161en\u00ed pr\u016ftoku krve do oblasti genit\u00e1li\u00ed. Selektivn\u00ed p\u016fsoben\u00ed p\u0159\u00edpravku PT-141 na sexu\u00e1ln\u00ed dr\u00e1hy v mozku umo\u017e\u0148uje p\u0159irozen\u011bj\u0161\u00ed reakci, kter\u00e1 zvy\u0161uje libido bez kardiovaskul\u00e1rn\u00edch \u00fa\u010dink\u016f spojen\u00fdch s jin\u00fdmi l\u00e9\u010debn\u00fdmi postupy.<\/p>\n<h2>V\u00fdhody:<\/h2>\n<p>Pravideln\u00e9 u\u017e\u00edv\u00e1n\u00ed p\u0159\u00edpravku PT-141 ve v\u00fdzkumn\u00fdch podm\u00ednk\u00e1ch vedlo ke znateln\u00e9mu zv\u00fd\u0161en\u00ed sexu\u00e1ln\u00ed touhy a v\u00fdkonnosti. U mu\u017e\u016f to m\u016f\u017ee znamenat zlep\u0161en\u00ed erektiln\u00ed funkce a zv\u00fd\u0161en\u00ed sexu\u00e1ln\u00edho uspokojen\u00ed, zat\u00edmco u \u017een m\u016f\u017ee doj\u00edt ke zv\u00fd\u0161en\u00ed vzru\u0161en\u00ed a orgasmick\u00e9 odezvy. Krom\u011b toho bylo pozorov\u00e1no, \u017ee PT-141 m\u00e1 potenci\u00e1ln\u00ed \u00fa\u010dinky na stabilizaci n\u00e1lady, co\u017e p\u0159isp\u00edv\u00e1 k celkov\u00e9mu pocitu pohody. Slou\u010denina je zvl\u00e1\u0161t\u011b prosp\u011b\u0161n\u00e1 pro jedince, kte\u0159\u00ed maj\u00ed sexu\u00e1ln\u00ed dysfunkce zp\u016fsoben\u00e9 psychologick\u00fdmi faktory, nebo pro ty, kte\u0159\u00ed nereaguj\u00ed na tradi\u010dn\u00ed l\u00e9\u010dbu, jako jsou inhibitory PDE5.<\/p>\n<h2>Pro\u010d Powerock Pharma:<\/h2>\n<p>Ve spole\u010dnosti Powerock Pharma je n\u00e1\u0161 z\u00e1vazek k dokonalosti z\u00e1rukou toho, \u017ee ka\u017ed\u00e1 \u0161ar\u017ee PT-141 je vyr\u00e1b\u011bna v souladu s nejp\u0159\u00edsn\u011bj\u0161\u00edmi pr\u016fmyslov\u00fdmi normami, v\u010detn\u011b GMP, HACCP a ISO 13485. Na\u0161e p\u0159\u00edsn\u00e9 testovac\u00ed procesy zaru\u010duj\u00ed \u010distotu, \u00fa\u010dinnost a bezpe\u010dnost na\u0161ich produkt\u016f a poskytuj\u00ed v\u00fdzkumn\u00fdm pracovn\u00edk\u016fm spolehliv\u00e9 v\u00fdsledky. P\u0159i ov\u011b\u0159ov\u00e1n\u00ed ka\u017ed\u00e9ho aspektu na\u0161\u00ed v\u00fdroby spolupracujeme s p\u0159edn\u00edmi laborato\u0159emi, tak\u017ee se m\u016f\u017eete spolehnout, \u017ee PT-141 od spole\u010dnosti Powerock Pharma bude trvale poskytovat o\u010dek\u00e1van\u00e9 v\u00fdsledky. Volba spole\u010dnosti Powerock Pharma znamen\u00e1 volbu produktu, za kter\u00fdm stoj\u00ed v\u011bda, kvalita a integrita.<\/p>\n<h3>Shrnut\u00ed:<\/h3>\n<p>Pokud se sna\u017e\u00edte prozkoumat mo\u017enosti zlep\u0161en\u00ed sexu\u00e1ln\u00edch funkc\u00ed prost\u0159ednictv\u00edm v\u00fdzkumu, PT-141 je neoceniteln\u00fdm n\u00e1strojem. D\u00edky p\u0159\u00edsn\u00fdm kontrol\u00e1m kvality spole\u010dnosti Powerock Pharma m\u016f\u017eete bez obav prov\u00e1d\u011bt sv\u00e9 studie s v\u011bdom\u00edm, \u017ee pracujete s t\u011bmi nejlep\u0161\u00edmi. Ned\u011blejte kompromisy ve sv\u00e9m v\u00fdzkumu - objednejte si PT-141 je\u0161t\u011b dnes a uvoln\u011bte pln\u00fd potenci\u00e1l v\u00fdsledk\u016f sv\u00e9 studie.<\/p>","protected":false},"excerpt":{"rendered":"<p>PT-141 (bremelanotid) podporuje zv\u00fd\u0161enou sexu\u00e1ln\u00ed funkci aktivac\u00ed melanokortinov\u00fdch receptor\u016f v centr\u00e1ln\u00ed nervov\u00e9 soustav\u011b. Nab\u00edz\u00ed zlep\u0161en\u00ed libida a sexu\u00e1ln\u00ed v\u00fdkonnosti. Vyberte si Powerock Pharma pro kvalitu a v\u00fdsledky.<\/p>","protected":false},"featured_media":211,"template":"","meta":{"_acf_changed":false,"rank_math_lock_modified_date":false,"inline_featured_image":false},"product_cat":[17],"product_tag":[],"class_list":{"0":"post-89","1":"product","2":"type-product","3":"status-publish","4":"has-post-thumbnail","6":"product_cat-peptide-lyophilizates","9":"first","10":"instock","11":"shipping-taxable","12":"product-type-simple"},"acf":{"chromatogram":624,"metoda":{"acftf":{"v":"1.3.24"},"p":{"o":{"uh":0},"ca":""},"c":[{"p":""}],"h":[{"c":""}],"b":[[{"c":""}]]}},"_links":{"self":[{"href":"https:\/\/powerockpharma.com\/cs\/wp-json\/wp\/v2\/product\/89","targetHints":{"allow":["GET"]}}],"collection":[{"href":"https:\/\/powerockpharma.com\/cs\/wp-json\/wp\/v2\/product"}],"about":[{"href":"https:\/\/powerockpharma.com\/cs\/wp-json\/wp\/v2\/types\/product"}],"wp:featuredmedia":[{"embeddable":true,"href":"https:\/\/powerockpharma.com\/cs\/wp-json\/wp\/v2\/media\/211"}],"wp:attachment":[{"href":"https:\/\/powerockpharma.com\/cs\/wp-json\/wp\/v2\/media?parent=89"}],"wp:term":[{"taxonomy":"product_cat","embeddable":true,"href":"https:\/\/powerockpharma.com\/cs\/wp-json\/wp\/v2\/product_cat?post=89"},{"taxonomy":"product_tag","embeddable":true,"href":"https:\/\/powerockpharma.com\/cs\/wp-json\/wp\/v2\/product_tag?post=89"}],"curies":[{"name":"wp","href":"https:\/\/api.w.org\/{rel}","templated":true}]}}