{"id":90,"date":"2024-08-04T17:02:12","date_gmt":"2024-08-04T15:02:12","guid":{"rendered":"https:\/\/powerockpharma.com\/?post_type=product&#038;p=90"},"modified":"2025-11-12T06:59:11","modified_gmt":"2025-11-12T05:59:11","slug":"n-acetyl-semax","status":"publish","type":"product","link":"https:\/\/powerockpharma.com\/cs\/peptide-lyophilizates\/n-acetyl-semax\/","title":{"rendered":"N-ACETYL SEMAX"},"content":{"rendered":"<h2>Vlastnosti:<\/h2>\n<p>N-acetylsemax amid\u00e1t je siln\u00fd neuropeptid zn\u00e1m\u00fd sv\u00fdmi kognitivn\u00edmi vlastnostmi. Ve v\u011bdeck\u00e9 komunit\u011b je velmi vyhled\u00e1van\u00fd pro svou schopnost v\u00fdrazn\u011b zlep\u0161it ment\u00e1ln\u00ed v\u00fdkonnost a poskytnout neuroprotektivn\u00ed \u00fa\u010dinky. Tato slou\u010denina se prim\u00e1rn\u011b zam\u011b\u0159uje na mozek, kde p\u016fsob\u00ed prost\u0159ednictv\u00edm modulace hladiny neurotrofick\u00e9ho faktoru odvozen\u00e9ho od mozku (BDNF), co\u017e je kl\u00ed\u010dov\u00fd protein pod\u00edlej\u00edc\u00ed se na r\u016fstu, udr\u017eov\u00e1n\u00ed a p\u0159e\u017e\u00edv\u00e1n\u00ed neuron\u016f. V\u011bdci zjistili, \u017ee N-acetylsemaxamid\u00e1t je obzvl\u00e1\u0161t\u011b \u00fa\u010dinn\u00fd p\u0159i zlep\u0161ov\u00e1n\u00ed pam\u011bti, soust\u0159ed\u011bn\u00ed a schopnosti u\u010den\u00ed, co\u017e z n\u011bj \u010din\u00ed ide\u00e1ln\u00edho kandid\u00e1ta pro studie zam\u011b\u0159en\u00e9 na kognitivn\u00ed funkce a neuroprotekci.<\/p>\n<h2>Mechanismus \u00fa\u010dinku:<\/h2>\n<p>N-acetylsemax amid\u00e1t p\u016fsob\u00ed tak, \u017ee zvy\u0161uje expresi BDNF v mozku, kter\u00fd hraje kl\u00ed\u010dovou roli v neuroplasticit\u011b - schopnosti mozku reorganizovat se vytv\u00e1\u0159en\u00edm nov\u00fdch nervov\u00fdch spojen\u00ed. Tato modulace hladiny BDNF usnad\u0148uje zv\u00fd\u0161enou synaptickou plasticitu, co\u017e vede ke zlep\u0161en\u00ed u\u010den\u00ed a pam\u011bti. Krom\u011b toho bylo prok\u00e1z\u00e1no, \u017ee N-acetylsemaxamid\u00e1t ovliv\u0148uje dal\u0161\u00ed neurotrofick\u00e9 faktory a neurotransmitery, co\u017e p\u0159isp\u00edv\u00e1 k jeho \u0161irok\u00e9mu spektru kognitivn\u00edch \u00fa\u010dink\u016f. Jeho selektivn\u00ed p\u016fsoben\u00ed zaji\u0161\u0165uje, \u017ee kognitivn\u00ed funkce jsou pos\u00edleny bez nadm\u011brn\u00e9 stimulace, co\u017e sni\u017euje riziko vedlej\u0161\u00edch \u00fa\u010dink\u016f, kter\u00e9 jsou b\u011b\u017en\u011b spojov\u00e1ny s jin\u00fdmi kognitivn\u00edmi zesilova\u010di.<\/p>\n<h2>V\u00fdhody:<\/h2>\n<p>V\u00fdzkum N-acetylsemax amid\u00e1tu d\u016fsledn\u011b prokazuje jeho schopnost zlep\u0161ovat kognitivn\u00ed funkce, zejm\u00e9na v oblasti pam\u011bti, u\u010den\u00ed a soust\u0159ed\u011bn\u00ed. Studie uk\u00e1zaly, \u017ee m\u016f\u017ee zlep\u0161it du\u0161evn\u00ed jasnost a zv\u00fd\u0161it produktivitu, co\u017e je cenn\u00e9 pro v\u00fdzkumn\u00edky zkoumaj\u00edc\u00ed neurozlep\u0161en\u00ed. Krom\u011b zlep\u0161en\u00ed kognitivn\u00edch funkc\u00ed m\u00e1 N-acetyl Semax Amidate i neuroprotektivn\u00ed \u00fa\u010dinky, proto\u017ee pom\u00e1h\u00e1 chr\u00e1nit neurony p\u0159ed po\u0161kozen\u00edm zp\u016fsoben\u00fdm oxida\u010dn\u00edm stresem a dal\u0161\u00edmi neurodegenerativn\u00edmi procesy. To z n\u011bj \u010din\u00ed slibnou slou\u010deninu pro v\u00fdzkum neurodegenerativn\u00edch onemocn\u011bn\u00ed, jako je Alzheimerova choroba a dal\u0161\u00ed formy \u00fabytku kognitivn\u00edch funkc\u00ed.<\/p>\n<h2>Pro\u010d Powerock Pharma:<\/h2>\n<p>Ve spole\u010dnosti Powerock Pharma se sna\u017e\u00edme dod\u00e1vat v\u00fdzkumn\u00e9 slou\u010deniny nejvy\u0161\u0161\u00ed kvality a N-acetylsemaxamid\u00e1t nen\u00ed v\u00fdjimkou. Na\u0161e produkty jsou vyr\u00e1b\u011bny v nejmodern\u011bj\u0161\u00edch za\u0159\u00edzen\u00edch, kter\u00e1 dodr\u017euj\u00ed nejp\u0159\u00edsn\u011bj\u0161\u00ed standardy kvality, v\u010detn\u011b certifikac\u00ed GMP, HACCP a ISO 13485. Ka\u017ed\u00e1 \u0161ar\u017ee N-acetyl Semax Amid\u00e1tu proch\u00e1z\u00ed p\u0159\u00edsn\u00fdm testov\u00e1n\u00edm, aby byla zaji\u0161t\u011bna \u010distota, \u00fa\u010dinnost a bezpe\u010dnost. Spolupracujeme se \u0161pi\u010dkov\u00fdmi laborato\u0159emi, abychom ov\u011b\u0159ili integritu na\u0161ich produkt\u016f, tak\u017ee se m\u016f\u017eete spolehnout, \u017ee poka\u017ed\u00e9 z\u00edsk\u00e1te spolehlivou a \u00fa\u010dinnou v\u00fdzkumnou slou\u010deninu. Vyberte si spole\u010dnost Powerock Pharma pro \u0161pi\u010dkovou kvalitu a v\u00fdsledky v\u00fdzkumu, na kter\u00e9 se m\u016f\u017eete spolehnout.<\/p>\n<h3>Shrnut\u00ed:<\/h3>\n<p>Zlep\u0161ete sv\u016fj kognitivn\u00ed v\u00fdzkum pomoc\u00ed N-acetylsemax amid\u00e1tu od spole\u010dnosti Powerock Pharma. Tento neuropeptid je podlo\u017een v\u011bdeck\u00fdm v\u00fdzkumem a je vyr\u00e1b\u011bn za nejp\u0159\u00edsn\u011bj\u0161\u00edch kontrol kvality. A\u0165 u\u017e se zam\u011b\u0159ujete na zlep\u0161en\u00ed pam\u011bti, zv\u00fd\u0161en\u00ed schopnosti u\u010den\u00ed nebo zkoum\u00e1n\u00ed neuroprotekce, N-Acetyl Semax Amidate je ide\u00e1ln\u00ed volbou. Ned\u011blejte kompromisy ve sv\u00e9m v\u00fdzkumu - objednejte si ho je\u0161t\u011b dnes a uvoln\u011bte pln\u00fd potenci\u00e1l sv\u00fdch studi\u00ed s d\u016fv\u011bryhodn\u00fdmi produkty spole\u010dnosti Powerock Pharma.<\/p>","protected":false},"excerpt":{"rendered":"<p>N-acetylsemax amid\u00e1t podporuje zlep\u0161en\u00ed kognitivn\u00edch funkc\u00ed modulac\u00ed hladiny neurotrofick\u00e9ho faktoru odvozen\u00e9ho od mozku (BDNF). Zlep\u0161uje pam\u011b\u0165, soust\u0159ed\u011bn\u00ed a neuroprotekci. Vyberte si Powerock Pharma pro bezkonkuren\u010dn\u00ed kvalitu a konzistentn\u00ed v\u00fdsledky.<\/p>","protected":false},"featured_media":208,"template":"","meta":{"_acf_changed":false,"rank_math_lock_modified_date":false,"inline_featured_image":false},"product_cat":[17],"product_tag":[],"class_list":{"0":"post-90","1":"product","2":"type-product","3":"status-publish","4":"has-post-thumbnail","6":"product_cat-peptide-lyophilizates","9":"first","10":"instock","11":"shipping-taxable","12":"product-type-simple"},"acf":{"chromatogram":637,"metoda":{"acftf":{"v":"1.3.24"},"p":{"o":{"uh":0},"ca":""},"c":[{"p":""}],"h":[{"c":""}],"b":[[{"c":""}]]}},"_links":{"self":[{"href":"https:\/\/powerockpharma.com\/cs\/wp-json\/wp\/v2\/product\/90","targetHints":{"allow":["GET"]}}],"collection":[{"href":"https:\/\/powerockpharma.com\/cs\/wp-json\/wp\/v2\/product"}],"about":[{"href":"https:\/\/powerockpharma.com\/cs\/wp-json\/wp\/v2\/types\/product"}],"wp:featuredmedia":[{"embeddable":true,"href":"https:\/\/powerockpharma.com\/cs\/wp-json\/wp\/v2\/media\/208"}],"wp:attachment":[{"href":"https:\/\/powerockpharma.com\/cs\/wp-json\/wp\/v2\/media?parent=90"}],"wp:term":[{"taxonomy":"product_cat","embeddable":true,"href":"https:\/\/powerockpharma.com\/cs\/wp-json\/wp\/v2\/product_cat?post=90"},{"taxonomy":"product_tag","embeddable":true,"href":"https:\/\/powerockpharma.com\/cs\/wp-json\/wp\/v2\/product_tag?post=90"}],"curies":[{"name":"wp","href":"https:\/\/api.w.org\/{rel}","templated":true}]}}