{"id":91,"date":"2024-08-04T17:02:40","date_gmt":"2024-08-04T15:02:40","guid":{"rendered":"https:\/\/powerockpharma.com\/?post_type=product&#038;p=91"},"modified":"2025-11-12T06:59:25","modified_gmt":"2025-11-12T05:59:25","slug":"n-acetyl-selank","status":"publish","type":"product","link":"https:\/\/powerockpharma.com\/cs\/peptide-lyophilizates\/n-acetyl-selank\/","title":{"rendered":"N-ACETYL SELANK"},"content":{"rendered":"<h2>Vlastnosti:<\/h2>\n<p>N-acetylselank amid\u00e1t je siln\u00fd neuropeptid ur\u010den\u00fd k optimalizaci kognitivn\u00edch funkc\u00ed a stabilizaci n\u00e1lady, co\u017e z n\u011bj \u010din\u00ed preferovanou volbu pro v\u00fdzkumn\u00edky zam\u011b\u0159en\u00e9 na du\u0161evn\u00ed zdrav\u00ed, kognitivn\u00ed vylep\u0161en\u00ed a stavy souvisej\u00edc\u00ed se stresem. Tato slou\u010denina je zn\u00e1m\u00e1 sv\u00fdmi anxiolytick\u00fdmi (\u00fazkost sni\u017euj\u00edc\u00edmi) vlastnostmi a schopnost\u00ed zlep\u0161ovat pam\u011b\u0165 a schopnost u\u010den\u00ed. N-acetylselank p\u016fsob\u00ed tak, \u017ee moduluje aktivitu specifick\u00fdch neurotransmiter\u016f v mozku, zejm\u00e9na serotoninu, dopaminu a noradrenalinu, co\u017e vede ke zlep\u0161en\u00ed kognitivn\u00edch funkc\u00ed, sn\u00ed\u017een\u00ed \u00fazkosti a celkov\u00e9mu zlep\u0161en\u00ed n\u00e1lady.<\/p>\n<h2>Mechanismus \u00fa\u010dinku:<\/h2>\n<p>P\u016fsoben\u00ed N-acetylselanku spo\u010d\u00edv\u00e1 v jeho schopnosti ovliv\u0148ovat rovnov\u00e1hu neurotransmiter\u016f v centr\u00e1ln\u00ed nervov\u00e9 soustav\u011b. Modulac\u00ed uvol\u0148ov\u00e1n\u00ed a odbour\u00e1v\u00e1n\u00ed serotoninu a dal\u0161\u00edch kl\u00ed\u010dov\u00fdch neurotransmiter\u016f sni\u017euje N-acetyl Selank \u00fazkost a podporuje pocit klidu bez sedativn\u00edch \u00fa\u010dink\u016f, kter\u00e9 jsou b\u011b\u017en\u011b spojov\u00e1ny s tradi\u010dn\u00edmi anxiolytiky. Nav\u00edc zvy\u0161uje expresi neurotrofick\u00e9ho faktoru odvozen\u00e9ho od mozku (BDNF), proteinu spojen\u00e9ho s neuroplasticitou a kognitivn\u00edmi funkcemi. Tato selektivn\u00ed modulace zaji\u0161\u0165uje u\u017eivateli zlep\u0161en\u00ed kognitivn\u00edch funkc\u00ed, zlep\u0161en\u00ed pam\u011bti a sn\u00ed\u017een\u00ed hladiny stresu, a to v\u0161e p\u0159i minimalizaci rizika vedlej\u0161\u00edch \u00fa\u010dink\u016f.<\/p>\n<h2>V\u00fdhody:<\/h2>\n<p>D\u016fsledn\u00e9 u\u017e\u00edv\u00e1n\u00ed N-acetylselanku ve v\u00fdzkumn\u00fdch za\u0159\u00edzen\u00edch uk\u00e1zalo slibn\u00e9 v\u00fdsledky p\u0159i zlep\u0161ov\u00e1n\u00ed kognitivn\u00edch funkc\u00ed, v\u010detn\u011b lep\u0161\u00edho uchov\u00e1v\u00e1n\u00ed a vybavov\u00e1n\u00ed pam\u011bti a zv\u00fd\u0161en\u00fdch schopnost\u00ed u\u010den\u00ed. V\u00fdzkumn\u00edci tak\u00e9 zaznamenali v\u00fdznamn\u00e9 sn\u00ed\u017een\u00ed \u00farovn\u011b \u00fazkosti, co\u017e z n\u011bj \u010din\u00ed ide\u00e1ln\u00ed l\u00e1tku pro studie zam\u011b\u0159en\u00e9 na poruchy souvisej\u00edc\u00ed se stresem. Mezi sekund\u00e1rn\u00ed p\u0159\u00ednosy pat\u0159\u00ed stabilizace n\u00e1lady, lep\u0161\u00ed kvalita sp\u00e1nku a celkov\u00e9 zlep\u0161en\u00ed du\u0161evn\u00ed jasnosti a soust\u0159ed\u011bn\u00ed. N-acetylselank je obzvl\u00e1\u0161t\u011b \u00fa\u010dinn\u00fd pro v\u00fdzkumn\u00edky, kte\u0159\u00ed se zaj\u00edmaj\u00ed o l\u00e9\u010dbu \u00fazkostn\u00fdch poruch, poklesu kognitivn\u00edch funkc\u00ed a stav\u016f spojen\u00fdch s chronick\u00fdm stresem.<\/p>\n<h2>Pro\u010d Powerock Pharma:<\/h2>\n<p>Spole\u010dnost Powerock Pharma se zav\u00e1zala dod\u00e1vat pouze ty nejkvalitn\u011bj\u0161\u00ed v\u00fdzkumn\u00e9 slou\u010deniny. Ka\u017ed\u00e1 \u0161ar\u017ee N-acetylselanku se vyr\u00e1b\u00ed v za\u0159\u00edzen\u00edch, kter\u00e1 dodr\u017euj\u00ed nejp\u0159\u00edsn\u011bj\u0161\u00ed normy GMP, HACCP a ISO 13485, co\u017e zaru\u010duje, \u017ee obdr\u017e\u00edte \u00fa\u010dinn\u00fd a \u010dist\u00fd produkt. K ov\u011b\u0159en\u00ed \u010distoty a konzistence na\u0161ich produkt\u016f pou\u017e\u00edv\u00e1me nejmodern\u011bj\u0161\u00ed testovac\u00ed postupy a spolupracujeme s p\u0159edn\u00edmi laborato\u0159emi, abychom zajistili, \u017ee na\u0161e v\u00fdzkumn\u00e9 slou\u010deniny spl\u0148uj\u00ed nejvy\u0161\u0161\u00ed pr\u016fmyslov\u00e9 standardy. Kdy\u017e si vyberete spole\u010dnost Powerock Pharma, vyb\u00edr\u00e1te si d\u016fv\u011bryhodn\u00e9ho partnera, kter\u00fd usiluje o \u00fasp\u011bch va\u0161eho v\u00fdzkumu.<\/p>\n<h3>Shrnut\u00ed:<\/h3>\n<p>Pokud je c\u00edlem va\u0161eho v\u00fdzkumu prozkoumat hranice kognitivn\u00edch funkc\u00ed, sn\u00ed\u017een\u00ed \u00fazkosti nebo stabilizace n\u00e1lady, je N-acetylselank tou spr\u00e1vnou slou\u010deninou. Tento produkt je podporov\u00e1n p\u0159\u00edsn\u00fdmi kontrolami kvality spole\u010dnosti Powerock Pharma a je navr\u017een tak, aby poskytoval spolehliv\u00e9 a konzistentn\u00ed v\u00fdsledky. Zlep\u0161ete v\u00fdsledky sv\u00e9ho v\u00fdzkumu - objednejte si N-acetyl Selank je\u0161t\u011b dnes a vyzkou\u0161ejte rozd\u00edl Powerock Pharma.<\/p>","protected":false},"excerpt":{"rendered":"<p>N-acetylselank zlep\u0161uje kognitivn\u00ed funkce a sni\u017euje \u00fazkost modulac\u00ed aktivity neurotransmiter\u016f. Nab\u00edz\u00ed stabilizaci n\u00e1lady, zlep\u0161en\u00ed pam\u011bti a sn\u00ed\u017een\u00ed stresu. Vyberte si Powerock Pharma pro bezkonkuren\u010dn\u00ed kvalitu a konzistentn\u00ed v\u00fdsledky.<\/p>","protected":false},"featured_media":207,"template":"","meta":{"_acf_changed":false,"rank_math_lock_modified_date":false,"inline_featured_image":false},"product_cat":[17],"product_tag":[],"class_list":{"0":"post-91","1":"product","2":"type-product","3":"status-publish","4":"has-post-thumbnail","6":"product_cat-peptide-lyophilizates","9":"first","10":"instock","11":"shipping-taxable","12":"product-type-simple"},"acf":{"chromatogram":638,"metoda":""},"_links":{"self":[{"href":"https:\/\/powerockpharma.com\/cs\/wp-json\/wp\/v2\/product\/91","targetHints":{"allow":["GET"]}}],"collection":[{"href":"https:\/\/powerockpharma.com\/cs\/wp-json\/wp\/v2\/product"}],"about":[{"href":"https:\/\/powerockpharma.com\/cs\/wp-json\/wp\/v2\/types\/product"}],"wp:featuredmedia":[{"embeddable":true,"href":"https:\/\/powerockpharma.com\/cs\/wp-json\/wp\/v2\/media\/207"}],"wp:attachment":[{"href":"https:\/\/powerockpharma.com\/cs\/wp-json\/wp\/v2\/media?parent=91"}],"wp:term":[{"taxonomy":"product_cat","embeddable":true,"href":"https:\/\/powerockpharma.com\/cs\/wp-json\/wp\/v2\/product_cat?post=91"},{"taxonomy":"product_tag","embeddable":true,"href":"https:\/\/powerockpharma.com\/cs\/wp-json\/wp\/v2\/product_tag?post=91"}],"curies":[{"name":"wp","href":"https:\/\/api.w.org\/{rel}","templated":true}]}}