{"id":92,"date":"2024-08-04T17:03:06","date_gmt":"2024-08-04T15:03:06","guid":{"rendered":"https:\/\/powerockpharma.com\/?post_type=product&#038;p=92"},"modified":"2025-11-12T06:46:47","modified_gmt":"2025-11-12T05:46:47","slug":"tripple-g","status":"publish","type":"product","link":"https:\/\/powerockpharma.com\/cs\/peptide-lyophilizates\/tripple-g\/","title":{"rendered":"TRIPPLE G"},"content":{"rendered":"<h2>Vlastnosti:<\/h2>\n<p>Retatrutid, b\u011b\u017en\u011b ozna\u010dovan\u00fd jako Tripple G, je \u00fa\u010dinn\u00e1 slou\u010denina zn\u00e1m\u00e1 pro sv\u016fj mnohostrann\u00fd p\u0159\u00edstup k regulaci hmotnosti a metabolismu. Tento \u0161pi\u010dkov\u00fd peptid si z\u00edskal uzn\u00e1n\u00ed pro sv\u00e9 siln\u00e9 \u00fa\u010dinky na odbour\u00e1v\u00e1n\u00ed tuk\u016f, kontrolu gluk\u00f3zy a celkov\u00e9 zlep\u0161en\u00ed metabolismu. Retatrutid, ur\u010den\u00fd pro ty, kte\u0159\u00ed se zam\u011b\u0159uj\u00ed na dosa\u017een\u00ed v\u00fdrazn\u00e9ho sn\u00ed\u017een\u00ed mno\u017estv\u00ed t\u011blesn\u00e9ho tuku a zlep\u0161en\u00ed metabolick\u00e9ho zdrav\u00ed, funguje tak, \u017ee moduluje kl\u00ed\u010dov\u00e9 hormon\u00e1ln\u00ed dr\u00e1hy, kter\u00e9 jsou kl\u00ed\u010dov\u00e9 pro energetickou rovnov\u00e1hu a regulaci chuti k j\u00eddlu.<\/p>\n<h2>Mechanismus \u00fa\u010dinku:<\/h2>\n<p>\u00da\u010dinek reatrutidu je zalo\u017een na jeho jedine\u010dn\u00e9 schopnosti sou\u010dasn\u011b aktivovat receptory GLP-1 (glukagonu podobn\u00fd peptid-1), GIP (\u017ealude\u010dn\u00ed inhibi\u010dn\u00ed polypeptid) a glukagonu. T\u00edm, \u017ee se reatrutid zam\u011b\u0159uje na tyto specifick\u00e9 dr\u00e1hy, zvy\u0161uje sekreci inzulinu, sni\u017euje hladinu glukagonu a podporuje pocit sytosti, co\u017e spole\u010dn\u011b vede ke sn\u00ed\u017een\u00ed p\u0159\u00edjmu potravy a zlep\u0161en\u00ed metabolismu gluk\u00f3zy. Tato aktivace v\u00edce receptor\u016f nejen\u017ee napom\u00e1h\u00e1 v\u00fdrazn\u00e9mu \u00fabytku tuku, ale nab\u00edz\u00ed tak\u00e9 lep\u0161\u00ed kontrolu hladiny gluk\u00f3zy v krvi, co\u017e z n\u011bj \u010din\u00ed vysoce \u00fa\u010dinn\u00fd n\u00e1stroj pro v\u00fdzkum obezity, diabetu 2. typu a dal\u0161\u00edch metabolick\u00fdch poruch. Jeho selektivn\u00ed mechanismus nav\u00edc minimalizuje riziko ne\u017e\u00e1douc\u00edch \u00fa\u010dink\u016f, kter\u00e9 jsou b\u011b\u017en\u011b spojov\u00e1ny s agresivn\u011bj\u0161\u00edmi metabolick\u00fdmi intervencemi, co\u017e zaji\u0161\u0165uje bezpe\u010dn\u011bj\u0161\u00ed profil pro dlouhodob\u00e9 pou\u017eit\u00ed ve v\u00fdzkumu.<\/p>\n<h2>V\u00fdhody:<\/h2>\n<p>D\u016fsledn\u00e9 u\u017e\u00edv\u00e1n\u00ed reatrutidu ve v\u00fdzkumn\u00fdch podm\u00ednk\u00e1ch vedlo k v\u00fdrazn\u00e9mu sn\u00ed\u017een\u00ed t\u011blesn\u00e9 hmotnosti, p\u0159edev\u0161\u00edm d\u00edky redukci tuku. Krom\u011b toho v\u00fdzkumn\u00edci pozorovali zlep\u0161en\u00ed kontroly glyk\u00e9mie, co\u017e je zvl\u00e1\u0161t\u011b p\u0159\u00ednosn\u00e9 pro studie zam\u011b\u0159en\u00e9 na diabetes 2. typu a inzulinovou rezistenci. Mezi dal\u0161\u00ed v\u00fdznamn\u00e9 p\u0159\u00ednosy pat\u0159\u00ed zv\u00fd\u0161en\u00ed hladiny energie, lep\u0161\u00ed kontrola chuti k j\u00eddlu a potenci\u00e1ln\u00ed zlep\u0161en\u00ed kardiovaskul\u00e1rn\u00edho zdrav\u00ed d\u00edky sn\u00ed\u017een\u00ed hladiny lipid\u016f. Retatrutid je zvl\u00e1\u0161t\u011b \u00fa\u010dinn\u00fd pro v\u00fdzkumn\u00edky zkoumaj\u00edc\u00ed nov\u00e9 zp\u016fsoby l\u00e9\u010dby obezity, metabolick\u00e9ho syndromu a dal\u0161\u00edch souvisej\u00edc\u00edch stav\u016f, proto\u017ee nab\u00edz\u00ed komplexn\u00ed \u0159e\u0161en\u00ed pro zvl\u00e1d\u00e1n\u00ed t\u011bchto slo\u017eit\u00fdch probl\u00e9m\u016f.<\/p>\n<h2>Pro\u010d Powerock Pharma:<\/h2>\n<p>Ve spole\u010dnosti Powerock Pharma je na\u0161e oddanost kvalit\u011b a dokonalosti patrn\u00e1 z ka\u017ed\u00e9ho produktu, kter\u00fd nab\u00edz\u00edme. Retatrutid se vyr\u00e1b\u00ed v za\u0159\u00edzen\u00edch, kter\u00e1 p\u0159\u00edsn\u011b dodr\u017euj\u00ed normy GMP, HACCP a ISO 13485, co\u017e zaji\u0161\u0165uje, \u017ee ka\u017ed\u00e1 \u0161ar\u017ee spl\u0148uje nejvy\u0161\u0161\u00ed krit\u00e9ria \u010distoty a \u00fa\u010dinnosti. Na\u0161e p\u0159\u00edsn\u00e9 testovac\u00ed protokoly ve spolupr\u00e1ci s p\u0159edn\u00edmi laborato\u0159emi zaru\u010duj\u00ed, \u017ee to, co dost\u00e1v\u00e1te, je nejen \u00fa\u010dinn\u00e9, ale tak\u00e9 bezpe\u010dn\u00e9 a spolehliv\u00e9. Kdy\u017e si vyberete spole\u010dnost Powerock Pharma, vyb\u00edr\u00e1te si partnera, kter\u00fd se zav\u00e1zal podpo\u0159it v\u00e1\u0161 v\u00fdzkum produkty, kter\u00e9 poskytuj\u00ed konzistentn\u00ed a spolehliv\u00e9 v\u00fdsledky.<\/p>\n<h3>Shrnut\u00ed:<\/h3>\n<p>Pokud mezi va\u0161e v\u00fdzkumn\u00e9 c\u00edle pat\u0159\u00ed zkoum\u00e1n\u00ed pokro\u010dil\u00fdch metod pro odbour\u00e1v\u00e1n\u00ed tuk\u016f, kontrolu gluk\u00f3zy a zlep\u0161en\u00ed metabolismu, nab\u00edz\u00ed reatrutid (Tripple G) p\u0159esn\u00e9 a spolehliv\u00e9 \u0159e\u0161en\u00ed, kter\u00e9 pot\u0159ebujete. Tento produkt, za kter\u00fdm stoj\u00ed p\u0159\u00edsn\u00e9 kontroly kvality spole\u010dnosti Powerock Pharma, je navr\u017een tak, aby usnadnil pr\u016flomov\u00fd v\u00fdzkum a z\u00e1rove\u0148 zajistil bezpe\u010dnost a \u00fa\u010dinnost. Ned\u011blejte kompromisy ve sv\u00fdch v\u00fdzkumn\u00fdch standardech - objednejte si Retatrutid je\u0161t\u011b dnes a dot\u00e1hn\u011bte sv\u00e9 studie k \u00fasp\u011bchu.<\/p>","protected":false},"excerpt":{"rendered":"<p>Retatrutid (Tripple G) podporuje v\u00fdrazn\u00fd \u00fabytek tuku a regulaci gluk\u00f3zy aktivac\u00ed v\u00edce hormon\u00e1ln\u00edch drah, v\u010detn\u011b receptor\u016f GLP-1, GIP a glukagonu. Nab\u00edz\u00ed zv\u00fd\u0161enou kontrolu metabolismu a regulaci hmotnosti. Vyberte si spole\u010dnost Powerock Pharma pro bezkonkuren\u010dn\u00ed kvalitu a spolehlivost.<\/p>","protected":false},"featured_media":215,"template":"","meta":{"_acf_changed":false,"rank_math_lock_modified_date":false,"inline_featured_image":false},"product_cat":[17],"product_tag":[],"class_list":{"0":"post-92","1":"product","2":"type-product","3":"status-publish","4":"has-post-thumbnail","6":"product_cat-peptide-lyophilizates","9":"first","10":"instock","11":"shipping-taxable","12":"product-type-simple"},"acf":{"chromatogram":604,"metoda":""},"_links":{"self":[{"href":"https:\/\/powerockpharma.com\/cs\/wp-json\/wp\/v2\/product\/92","targetHints":{"allow":["GET"]}}],"collection":[{"href":"https:\/\/powerockpharma.com\/cs\/wp-json\/wp\/v2\/product"}],"about":[{"href":"https:\/\/powerockpharma.com\/cs\/wp-json\/wp\/v2\/types\/product"}],"wp:featuredmedia":[{"embeddable":true,"href":"https:\/\/powerockpharma.com\/cs\/wp-json\/wp\/v2\/media\/215"}],"wp:attachment":[{"href":"https:\/\/powerockpharma.com\/cs\/wp-json\/wp\/v2\/media?parent=92"}],"wp:term":[{"taxonomy":"product_cat","embeddable":true,"href":"https:\/\/powerockpharma.com\/cs\/wp-json\/wp\/v2\/product_cat?post=92"},{"taxonomy":"product_tag","embeddable":true,"href":"https:\/\/powerockpharma.com\/cs\/wp-json\/wp\/v2\/product_tag?post=92"}],"curies":[{"name":"wp","href":"https:\/\/api.w.org\/{rel}","templated":true}]}}