{"id":93,"date":"2024-08-04T17:03:46","date_gmt":"2024-08-04T15:03:46","guid":{"rendered":"https:\/\/powerockpharma.com\/?post_type=product&#038;p=93"},"modified":"2025-11-12T07:10:41","modified_gmt":"2025-11-12T06:10:41","slug":"acetyl-glp-1gip","status":"publish","type":"product","link":"https:\/\/powerockpharma.com\/cs\/peptide-lyophilizates\/acetylglp-1gip\/","title":{"rendered":"ACETYL GLP-1+GIP"},"content":{"rendered":"<h2>Vlastnosti:<\/h2>\n<p>Acetyl GLP-1+GIP, chemicky zn\u00e1m\u00fd jako tirzepatid (\u010d\u00edslo CAS: 910463-68-2 \/ 2023788-19-2), je revolu\u010dn\u00ed slou\u010denina v metabolick\u00e9m v\u00fdzkumu, zn\u00e1m\u00e1 sv\u00fdmi siln\u00fdmi \u00fa\u010dinky na \u00fabytek tuku a regulaci gluk\u00f3zy. Tento peptid je navr\u017een tak, aby napodoboval du\u00e1ln\u00ed inkretinov\u00e9 hormony GLP-1 (glukagonu podobn\u00fd peptid-1) a GIP (\u017ealude\u010dn\u00ed inhibi\u010dn\u00ed polypeptid), kter\u00e9 hraj\u00ed kl\u00ed\u010dovou roli v homeost\u00e1ze gluk\u00f3zy a kontrole chuti k j\u00eddlu. Acetyl GLP-1+GIP je zvl\u00e1\u0161t\u011b obl\u00edben\u00fd ve v\u00fdzkumu zam\u011b\u0159en\u00e9m na regulaci t\u011blesn\u00e9 hmotnosti a metabolick\u00e9 poruchy d\u00edky sv\u00e9 schopnosti zvy\u0161ovat citlivost na inzul\u00edn a podporovat v\u00fdznamn\u00e9 sn\u00ed\u017een\u00ed mno\u017estv\u00ed t\u011blesn\u00e9ho tuku.<\/p>\n<h2>Mechanismus \u00fa\u010dinku:<\/h2>\n<p>\u00da\u010dinek Acetylu GLP-1+GIP se soust\u0159e\u010fuje na mechanismus du\u00e1ln\u00edho agonisty, kter\u00fd sou\u010dasn\u011b aktivuje receptory GLP-1 a GIP. Tato du\u00e1ln\u00ed aktivace vede ke zlep\u0161en\u00ed sekrece inzulinu v reakci na zv\u00fd\u0161enou hladinu gluk\u00f3zy v krvi a z\u00e1rove\u0148 sni\u017euje hladinu glukagonu, \u010d\u00edm\u017e optimalizuje kontrolu hladiny cukru v krvi. Acetyl GLP-1+GIP nav\u00edc sni\u017euje vyprazd\u0148ov\u00e1n\u00ed \u017ealudku, co\u017e prodlu\u017euje pocit sytosti a sni\u017euje celkov\u00fd p\u0159\u00edjem potravy. Tento mechanismus nejen podporuje \u00fa\u010dinn\u00e9 odbour\u00e1v\u00e1n\u00ed tuk\u016f, ale m\u00e1 tak\u00e9 p\u0159\u00edzniv\u00e9 \u00fa\u010dinky na celkov\u00e9 metabolick\u00e9 zdrav\u00ed, co\u017e z n\u011bj \u010din\u00ed hlavn\u00edho kandid\u00e1ta pro v\u00fdzkum obezity, diabetu 2. typu a souvisej\u00edc\u00edch metabolick\u00fdch stav\u016f.<\/p>\n<h2>V\u00fdhody:<\/h2>\n<p>D\u016fsledn\u00e9 v\u00fdzkumn\u00e9 u\u017e\u00edv\u00e1n\u00ed acetyl GLP-1 + GIP vede k v\u00fdrazn\u00e9mu \u00fabytku tuku, zlep\u0161en\u00ed citlivosti na inzul\u00edn a lep\u0161\u00ed kontrole glyk\u00e9mie. V\u00fdzkumn\u00edci mohou tak\u00e9 pozorovat sn\u00ed\u017een\u00ed chuti k j\u00eddlu a celkov\u00e9 spot\u0159eby potravin, co\u017e vede k dal\u0161\u00edmu sn\u00ed\u017een\u00ed hmotnosti. Krom\u011b toho mohou subjekty poci\u0165ovat sekund\u00e1rn\u00ed v\u00fdhody, jako je zv\u00fd\u0161en\u00ed hladiny energie a stabilizace n\u00e1lady v d\u016fsledku zlep\u0161en\u00ed metabolick\u00fdch funkc\u00ed. Tato slou\u010denina je zvl\u00e1\u0161t\u011b \u00fa\u010dinn\u00e1 pro studie zam\u011b\u0159en\u00e9 na zkoum\u00e1n\u00ed nov\u00fdch zp\u016fsob\u016f l\u00e9\u010dby obezity, diabetu a metabolick\u00e9ho syndromu.<\/p>\n<h2>Pro\u010d Powerock Pharma:<\/h2>\n<p>Ve spole\u010dnosti Powerock Pharma se sna\u017e\u00edme poskytovat pouze ty nejkvalitn\u011bj\u0161\u00ed v\u00fdzkumn\u00e9 slou\u010deniny. Ka\u017ed\u00e1 \u0161ar\u017ee p\u0159\u00edpravku Acetyl GLP-1+GIP se vyr\u00e1b\u00ed v za\u0159\u00edzen\u00edch, kter\u00e1 p\u0159\u00edsn\u011b dodr\u017euj\u00ed normy GMP, HACCP a ISO 13485. N\u00e1\u0161 z\u00e1vazek k p\u0159\u00edsn\u00e9 kontrole kvality a nejmodern\u011bj\u0161\u00edm testovac\u00edm postup\u016fm zaji\u0161\u0165uje, \u017ee na\u0161e produkty jsou nejen \u00fa\u010dinn\u00e9, ale tak\u00e9 bezpe\u010dn\u00e9 a spolehliv\u00e9. Spolupracujeme s p\u0159edn\u00edmi laborato\u0159emi na ov\u011b\u0159ov\u00e1n\u00ed \u010distoty a \u00fa\u010dinnosti na\u0161ich slou\u010denin, \u010d\u00edm\u017e zaji\u0161\u0165ujeme, \u017ee v\u00e1\u0161 v\u00fdzkum p\u0159inese konzistentn\u00ed a reprodukovateln\u00e9 v\u00fdsledky. Kdy\u017e si vyberete spole\u010dnost Powerock Pharma, vol\u00edte dokonalost, bezpe\u010dnost a bezkonkuren\u010dn\u00ed kvalitu v\u00fdzkumn\u00fdch materi\u00e1l\u016f.<\/p>\n<h3>Shrnut\u00ed:<\/h3>\n<p>Pokud prov\u00e1d\u00edte v\u00fdzkum v oblasti odbour\u00e1v\u00e1n\u00ed tuk\u016f, l\u00e9\u010dby cukrovky nebo metabolick\u00fdch poruch, Acetyl GLP-1+GIP je slou\u010denina, kterou pot\u0159ebujete k dosa\u017een\u00ed p\u0159evratn\u00fdch v\u00fdsledk\u016f. Tento produkt, za kter\u00fdm stoj\u00ed p\u0159\u00edsn\u00e9 standardy kvality spole\u010dnosti Powerock Pharma, je navr\u017een tak, aby podpo\u0159il v\u00e1\u0161 v\u00fdzkum spolehliv\u00fdmi a efektivn\u00edmi v\u00fdsledky. Ned\u011blejte kompromisy v kvalit\u011b - objednejte si Acetyl GLP-1+GIP je\u0161t\u011b dnes u spole\u010dnosti Powerock Pharma a posu\u0148te hranice sv\u00e9ho metabolick\u00e9ho v\u00fdzkumu.<\/p>","protected":false},"excerpt":{"rendered":"<p>Acetyl GLP-1+GIP podporuje odbour\u00e1v\u00e1n\u00ed tuk\u016f a regulaci metabolismu t\u00edm, \u017ee napodobuje inkretinov\u00e9 hormony, zvy\u0161uje citlivost na inzul\u00edn a sni\u017euje chu\u0165 k j\u00eddlu. Vyberte si Powerock Pharma pro bezkonkuren\u010dn\u00ed kvalitu a efektivn\u00ed v\u00fdsledky v\u00fdzkumu.<\/p>","protected":false},"featured_media":183,"template":"","meta":{"_acf_changed":false,"rank_math_lock_modified_date":false,"inline_featured_image":false},"product_cat":[17],"product_tag":[],"class_list":{"0":"post-93","1":"product","2":"type-product","3":"status-publish","4":"has-post-thumbnail","6":"product_cat-peptide-lyophilizates","9":"first","10":"instock","11":"shipping-taxable","12":"product-type-simple"},"acf":{"chromatogram":681,"metoda":{"acftf":{"v":"1.3.24"},"p":{"o":{"uh":0},"ca":""},"c":[{"p":""}],"h":[{"c":""}],"b":[[{"c":""}]]}},"_links":{"self":[{"href":"https:\/\/powerockpharma.com\/cs\/wp-json\/wp\/v2\/product\/93","targetHints":{"allow":["GET"]}}],"collection":[{"href":"https:\/\/powerockpharma.com\/cs\/wp-json\/wp\/v2\/product"}],"about":[{"href":"https:\/\/powerockpharma.com\/cs\/wp-json\/wp\/v2\/types\/product"}],"wp:featuredmedia":[{"embeddable":true,"href":"https:\/\/powerockpharma.com\/cs\/wp-json\/wp\/v2\/media\/183"}],"wp:attachment":[{"href":"https:\/\/powerockpharma.com\/cs\/wp-json\/wp\/v2\/media?parent=93"}],"wp:term":[{"taxonomy":"product_cat","embeddable":true,"href":"https:\/\/powerockpharma.com\/cs\/wp-json\/wp\/v2\/product_cat?post=93"},{"taxonomy":"product_tag","embeddable":true,"href":"https:\/\/powerockpharma.com\/cs\/wp-json\/wp\/v2\/product_tag?post=93"}],"curies":[{"name":"wp","href":"https:\/\/api.w.org\/{rel}","templated":true}]}}