{"id":94,"date":"2024-08-04T17:04:30","date_gmt":"2024-08-04T15:04:30","guid":{"rendered":"https:\/\/powerockpharma.com\/?post_type=product&#038;p=94"},"modified":"2025-11-12T07:06:03","modified_gmt":"2025-11-12T06:06:03","slug":"ghk-cu","status":"publish","type":"product","link":"https:\/\/powerockpharma.com\/cs\/peptide-lyophilizates\/ghk-cu\/","title":{"rendered":"GHK CU"},"content":{"rendered":"<h2>Vlastnosti:<\/h2>\n<p>GHK-Cu (peptid m\u011bdi \/ GHK-Cu 2+) je p\u0159irozen\u011b se vyskytuj\u00edc\u00ed peptid, kter\u00fd si z\u00edskal pozornost pro sv\u00e9 hlubok\u00e9 \u00fa\u010dinky na zdrav\u00ed poko\u017eky a jej\u00ed celkov\u00e9 omlazen\u00ed. Je kl\u00ed\u010dov\u00fdm hr\u00e1\u010dem v p\u0159irozen\u00fdch hojiv\u00fdch procesech t\u011bla, a proto je obl\u00edbenou volbou pro ty, kte\u0159\u00ed cht\u011bj\u00ed zlep\u0161it pru\u017enost poko\u017eky, redukovat vr\u00e1sky a podpo\u0159it celkovou vitalitu pleti. Tato slou\u010denina je zn\u00e1m\u00e1 zejm\u00e9na pro svou schopnost podporovat synt\u00e9zu kolagenu, kter\u00fd je nezbytn\u00fd pro udr\u017een\u00ed mladistv\u00e9 a pru\u017en\u00e9 poko\u017eky. Krom\u011b toho GHK-Cu zlep\u0161uje obnovu tk\u00e1n\u00ed a urychluje hojen\u00ed ran, tak\u017ee je neoceniteln\u00fd pro kosmetick\u00fd i l\u00e9ka\u0159sk\u00fd v\u00fdzkum zam\u011b\u0159en\u00fd na regeneraci k\u016f\u017ee.<\/p>\n<h2>Mechanismus \u00fa\u010dinku:<\/h2>\n<p>GHK-Cu funguje na z\u00e1klad\u011b jedine\u010dn\u00e9ho mechanismu, kter\u00fd spo\u010d\u00edv\u00e1 v jeho roli peptidu v\u00e1\u017e\u00edc\u00edho m\u011b\u010f. To mu umo\u017e\u0148uje ovliv\u0148ovat \u0159adu biologick\u00fdch proces\u016f, zejm\u00e9na t\u011bch, kter\u00e9 souvisej\u00ed s obnovou a regenerac\u00ed k\u016f\u017ee. Iont m\u011bdi (Cu2+) nav\u00e1zan\u00fd na GHK zvy\u0161uje jeho biologickou aktivitu, co\u017e mu umo\u017e\u0148uje stimulovat synt\u00e9zu kolagenu a glykosaminoglykan\u016f a z\u00e1rove\u0148 podporuje angiogenezi (tvorbu nov\u00fdch c\u00e9v). V\u00fdsledkem je zlep\u0161en\u00ed struktury a funkce k\u016f\u017ee a urychlen\u00ed hojen\u00ed ran. GHK-Cu nav\u00edc vykazuje protiz\u00e1n\u011btliv\u00e9 vlastnosti, sni\u017euje oxida\u010dn\u00ed stres a chr\u00e1n\u00ed poko\u017eku p\u0159ed dal\u0161\u00edm po\u0161kozen\u00edm. Jeho selektivn\u00ed mechanismus \u00fa\u010dinku zaji\u0161\u0165uje, \u017ee se zam\u011b\u0159uje na extracelul\u00e1rn\u00ed matrix, struktur\u00e1ln\u00ed r\u00e1mec zodpov\u011bdn\u00fd za integritu k\u016f\u017ee, ani\u017e by ovliv\u0148oval ostatn\u00ed tk\u00e1n\u011b, \u010d\u00edm\u017e minimalizuje mo\u017en\u00e9 vedlej\u0161\u00ed \u00fa\u010dinky.<\/p>\n<h2>V\u00fdhody:<\/h2>\n<p>D\u016fsledn\u00e9 pou\u017e\u00edv\u00e1n\u00ed GHK-Cu ve v\u00fdzkumn\u00fdch studi\u00edch prok\u00e1zalo \u0159adu p\u016fsobiv\u00fdch p\u0159\u00ednos\u016f. Pat\u0159\u00ed mezi n\u011b znateln\u00e9 zlep\u0161en\u00ed pevnosti a pru\u017enosti poko\u017eky, redukce jemn\u00fdch linek a vr\u00e1sek a rychlej\u0161\u00ed hojen\u00ed ran. V\u00fdzkumn\u00edci rovn\u011b\u017e zdokumentovali zlep\u0161en\u00ed r\u016fstu vlas\u016f, sn\u00ed\u017een\u00ed hyperpigmentace a celkov\u00e9 zlep\u0161en\u00ed struktury pleti. Schopnost peptidu regulovat antioxida\u010dn\u00ed enzymy d\u00e1le p\u0159isp\u00edv\u00e1 k jeho ochrann\u00fdm \u00fa\u010dink\u016fm proti st\u00e1rnut\u00ed a po\u0161kozen\u00ed vlivem \u017eivotn\u00edho prost\u0159ed\u00ed. GHK-Cu je zvl\u00e1\u0161t\u011b \u00fa\u010dinn\u00fd pro ty, kte\u0159\u00ed se zam\u011b\u0159uj\u00ed na v\u00fdzkum proti st\u00e1rnut\u00ed, hojen\u00ed ran a regeneraci tk\u00e1n\u00ed. Jeho v\u0161estrann\u00e9 vyu\u017eit\u00ed z n\u011bj \u010din\u00ed cenn\u00fd n\u00e1stroj pro studie zam\u011b\u0159en\u00e9 na zkoum\u00e1n\u00ed nov\u00fdch terapi\u00ed v dermatologii a regenerativn\u00ed medic\u00edn\u011b.<\/p>\n<h2>Pro\u010d Powerock Pharma:<\/h2>\n<p>Ve spole\u010dnosti Powerock Pharma se sna\u017e\u00edme poskytovat nejkvalitn\u011bj\u0161\u00ed dostupn\u00e9 v\u00fdzkumn\u00e9 slou\u010deniny. Na\u0161e GHK-Cu se vyr\u00e1b\u00ed za p\u0159\u00edsn\u00fdch opat\u0159en\u00ed pro kontrolu kvality, v souladu s normami GMP, HACCP a ISO 13485. Zaji\u0161\u0165ujeme, aby ka\u017ed\u00e1 \u0161ar\u017ee pro\u0161la p\u0159\u00edsn\u00fdm testov\u00e1n\u00edm, kter\u00e9 ov\u011b\u0159uje jej\u00ed \u010distotu, \u00fa\u010dinnost a konzistenci. Ve spolupr\u00e1ci s p\u0159edn\u00edmi laborato\u0159emi ov\u011b\u0159ujeme \u00fa\u010dinnost na\u0161ich produkt\u016f a zaji\u0161\u0165ujeme, \u017ee spl\u0148uj\u00ed p\u0159\u00edsn\u00e9 normy vy\u017eadovan\u00e9 pro pokro\u010dil\u00fd v\u00fdzkum. Kdy\u017e si vyberete spole\u010dnost Powerock Pharma, vol\u00edte spolehlivost, bezpe\u010dnost a ov\u011b\u0159en\u00e9 v\u00fdsledky. N\u00e1\u0161 z\u00e1vazek k dokonalosti znamen\u00e1, \u017ee se m\u016f\u017eete spolehnout, \u017ee na\u0161e GHK-Cu bude poskytovat konzistentn\u00ed a vysoce kvalitn\u00ed v\u00fdsledky, kter\u00e9 v\u00e1\u0161 v\u00fdzkum vy\u017eaduje.<\/p>\n<h3>Shrnut\u00ed:<\/h3>\n<p>Pokud se v\u00e1\u0161 v\u00fdzkum zam\u011b\u0159uje na zdrav\u00ed poko\u017eky, boj proti st\u00e1rnut\u00ed nebo hojen\u00ed ran, je GHK-Cu od spole\u010dnosti Powerock Pharma ide\u00e1ln\u00ed slou\u010deninou, kter\u00e1 v\u00e1m pom\u016f\u017ee dos\u00e1hnout pr\u016flomov\u00fdch v\u00fdsledk\u016f. Tento produkt, za kter\u00fdm stoj\u00ed na\u0161e p\u0159\u00edsn\u00e9 kontroly kvality a z\u00e1vazek bezpe\u010dnosti, je navr\u017een tak, aby podporoval v\u00e1\u0161 v\u00fdzkum s konzistentn\u00edm a spolehliv\u00fdm v\u00fdkonem. Ned\u011blejte kompromisy v kvalit\u011b - objednejte si GHK-Cu od spole\u010dnosti Powerock Pharma je\u0161t\u011b dnes a ud\u011blejte prvn\u00ed krok k tomu, abyste posunuli sv\u016fj v\u00fdzkum k nov\u00fdm v\u00fd\u0161in\u00e1m.<\/p>","protected":false},"excerpt":{"rendered":"<p>GHK-Cu, \u00fa\u010dinn\u00fd peptid m\u011bdi, podporuje omlazen\u00ed pleti t\u00edm, \u017ee podporuje synt\u00e9zu kolagenu a obnovu tk\u00e1n\u00ed. Nab\u00edz\u00ed lep\u0161\u00ed hojen\u00ed ran, \u00fa\u010dinky proti st\u00e1rnut\u00ed a zlep\u0161uje pru\u017enost poko\u017eky. D\u016fv\u011b\u0159ujte spole\u010dnosti Powerock Pharma a dos\u00e1hn\u011bte \u0161pi\u010dkov\u00fdch v\u00fdsledk\u016f.<\/p>","protected":false},"featured_media":191,"template":"","meta":{"_acf_changed":false,"rank_math_lock_modified_date":false,"inline_featured_image":false},"product_cat":[17],"product_tag":[],"class_list":{"0":"post-94","1":"product","2":"type-product","3":"status-publish","4":"has-post-thumbnail","6":"product_cat-peptide-lyophilizates","9":"first","10":"instock","11":"shipping-taxable","12":"product-type-simple"},"acf":{"chromatogram":662,"metoda":{"acftf":{"v":"1.3.24"},"p":{"o":{"uh":0},"ca":""},"c":[{"p":""}],"h":[{"c":""}],"b":[[{"c":""}]]}},"_links":{"self":[{"href":"https:\/\/powerockpharma.com\/cs\/wp-json\/wp\/v2\/product\/94","targetHints":{"allow":["GET"]}}],"collection":[{"href":"https:\/\/powerockpharma.com\/cs\/wp-json\/wp\/v2\/product"}],"about":[{"href":"https:\/\/powerockpharma.com\/cs\/wp-json\/wp\/v2\/types\/product"}],"wp:featuredmedia":[{"embeddable":true,"href":"https:\/\/powerockpharma.com\/cs\/wp-json\/wp\/v2\/media\/191"}],"wp:attachment":[{"href":"https:\/\/powerockpharma.com\/cs\/wp-json\/wp\/v2\/media?parent=94"}],"wp:term":[{"taxonomy":"product_cat","embeddable":true,"href":"https:\/\/powerockpharma.com\/cs\/wp-json\/wp\/v2\/product_cat?post=94"},{"taxonomy":"product_tag","embeddable":true,"href":"https:\/\/powerockpharma.com\/cs\/wp-json\/wp\/v2\/product_tag?post=94"}],"curies":[{"name":"wp","href":"https:\/\/api.w.org\/{rel}","templated":true}]}}