{"id":95,"date":"2024-08-04T17:05:17","date_gmt":"2024-08-04T15:05:17","guid":{"rendered":"https:\/\/powerockpharma.com\/?post_type=product&#038;p=95"},"modified":"2025-11-12T07:03:47","modified_gmt":"2025-11-12T06:03:47","slug":"ipamorelin","status":"publish","type":"product","link":"https:\/\/powerockpharma.com\/cs\/peptide-lyophilizates\/ipamorelin\/","title":{"rendered":"IPAMORELIN"},"content":{"rendered":"<h2>Vlastnosti:<\/h2>\n<p>Ipamorelin je siln\u00fd peptid uvol\u0148uj\u00edc\u00ed r\u016fstov\u00fd hormon (GHRP), kter\u00fd si z\u00edskal popularitu d\u00edky sv\u00e9 schopnosti zvy\u0161ovat r\u016fst sval\u016f, podporovat \u00fabytek tuku a celkovou fyzickou v\u00fdkonnost. Tuto slou\u010deninu si obl\u00edbili zejm\u00e9na v\u011bdci a sportovci d\u00edky jej\u00edmu c\u00edlen\u00e9mu p\u016fsoben\u00ed a minim\u00e1ln\u00edm vedlej\u0161\u00edm \u00fa\u010dink\u016fm. Ipamorelin funguje tak, \u017ee stimuluje hypof\u00fdzu k uvol\u0148ov\u00e1n\u00ed r\u016fstov\u00e9ho hormonu (GH), kter\u00fd hraje kl\u00ed\u010dovou roli v regulaci t\u011blesn\u00e9ho slo\u017een\u00ed, svalov\u00e9 hmoty a metabolismu tuk\u016f. Na rozd\u00edl od jin\u00fdch GHRP m\u00e1 Ipamorelin vysoce selektivn\u00ed mechanismus \u00fa\u010dinku, kter\u00fd vede k v\u00fdznamn\u00fdm fyziologick\u00fdm zm\u011bn\u00e1m bez ne\u017e\u00e1douc\u00edch \u00fa\u010dink\u016f, jako je zv\u00fd\u0161en\u00e1 chu\u0165 k j\u00eddlu nebo produkce kortizolu.<\/p>\n<h2>Mechanismus \u00fa\u010dinku:<\/h2>\n<p>Ipamorelin p\u016fsob\u00ed tak, \u017ee se dok\u00e1\u017ee selektivn\u011b v\u00e1zat na receptor pro ghrelin, kter\u00fd vyvol\u00e1v\u00e1 v hypof\u00fdze uvol\u0148ov\u00e1n\u00ed r\u016fstov\u00e9ho hormonu. Toto zv\u00fd\u0161en\u00ed hladiny GH podporuje kask\u00e1du anabolick\u00fdch \u00fa\u010dink\u016f, v\u010detn\u011b zv\u00fd\u0161en\u00e9 synt\u00e9zy b\u00edlkovin, zrychlen\u00e9ho r\u016fstu sval\u016f a lep\u0161\u00ed oxidace tuk\u016f. Na rozd\u00edl od tradi\u010dn\u00edch anabolick\u00fdch steroid\u016f zaji\u0161\u0165uje selektivn\u00ed mechanismus Ipamorelinu, \u017ee jeho \u00fa\u010dinky jsou zam\u011b\u0159eny p\u0159edev\u0161\u00edm na svalovou tk\u00e1\u0148 s minim\u00e1ln\u00edm dopadem na jin\u00e9 org\u00e1ny nebo syst\u00e9my. Tato selektivita tak\u00e9 sni\u017euje riziko ne\u017e\u00e1douc\u00edch \u00fa\u010dink\u016f, kter\u00e9 jsou b\u011b\u017en\u011b spojov\u00e1ny s neselektivn\u00edmi sekretagogy GH, co\u017e z n\u011bj \u010din\u00ed bezpe\u010dn\u011bj\u0161\u00ed variantu pro dlouhodob\u00e9 u\u017e\u00edv\u00e1n\u00ed.<\/p>\n<h2>V\u00fdhody:<\/h2>\n<p>Bylo prok\u00e1z\u00e1no, \u017ee d\u016fsledn\u00e9 u\u017e\u00edv\u00e1n\u00ed ipamorelinu ve v\u00fdzkumn\u00fdch za\u0159\u00edzen\u00edch vede ke znateln\u00e9mu n\u00e1r\u016fstu svalov\u00e9 hmoty, zv\u00fd\u0161en\u00ed s\u00edly a zrychlen\u00ed doby regenerace. Ipamorelin nav\u00edc podporuje \u00fabytek tuku t\u00edm, \u017ee zvy\u0161uje lipol\u00fdzu, co\u017e z n\u011bj \u010din\u00ed ide\u00e1ln\u00ed l\u00e1tku pro \u0159ezac\u00ed cykly. V\u00fdzkumn\u00edci tak\u00e9 pozorovali sekund\u00e1rn\u00ed p\u0159\u00ednosy, jako je zlep\u0161en\u00ed kvality sp\u00e1nku, zlep\u0161en\u00ed n\u00e1lady a lep\u0161\u00ed \u00farove\u0148 energie, pravd\u011bpodobn\u011b v d\u016fsledku celkov\u00e9ho zv\u00fd\u0161en\u00ed r\u016fstov\u00e9ho hormonu. D\u00edky tomu je Ipamorelin obzvl\u00e1\u0161t\u011b \u00fa\u010dinn\u00fd pro kulturisty, sportovce a jednotlivce, kte\u0159\u00ed cht\u011bj\u00ed zlep\u0161it svou postavu a v\u00fdkonnost.<\/p>\n<h2>Pro\u010d Powerock Pharma:<\/h2>\n<p>Ve spole\u010dnosti Powerock Pharma se zavazujeme dod\u00e1vat pouze ty nejkvalitn\u011bj\u0161\u00ed v\u00fdzkumn\u00e9 slou\u010deniny. N\u00e1\u0161 ipamorelin se vyr\u00e1b\u00ed v nejmodern\u011bj\u0161\u00edch za\u0159\u00edzen\u00edch, kter\u00e1 dodr\u017euj\u00ed nejp\u0159\u00edsn\u011bj\u0161\u00ed normy GMP, HACCP a ISO 13485, co\u017e zaji\u0161\u0165uje, \u017ee ka\u017ed\u00e1 \u0161ar\u017ee je \u010dist\u00e1, \u00fa\u010dinn\u00e1 a bez kontaminant\u016f. Spolupracujeme s p\u0159edn\u00edmi laborato\u0159emi, kter\u00e9 prov\u00e1d\u011bj\u00ed p\u0159\u00edsn\u00e9 testov\u00e1n\u00ed a validaci, tak\u017ee se m\u016f\u017eete spolehnout, \u017ee n\u00e1\u0161 Ipamorelin bude trvale poskytovat v\u00fdsledky, kter\u00e9 pot\u0159ebujete pro sv\u016fj v\u00fdzkum. Se spole\u010dnost\u00ed Powerock Pharma nez\u00edsk\u00e1v\u00e1te pouze produkt - z\u00edsk\u00e1v\u00e1te klid a jistotu, kterou p\u0159in\u00e1\u0161\u00ed v\u011bdom\u00ed, \u017ee v\u00e1\u0161 v\u00fdzkum je podporov\u00e1n t\u011bmi nejlep\u0161\u00edmi v oboru.<\/p>\n<h3>Shrnut\u00ed:<\/h3>\n<p>Pokud chcete sv\u016fj v\u00fdzkum r\u016fstu sval\u016f a odbour\u00e1v\u00e1n\u00ed tuk\u016f posunout na dal\u0161\u00ed \u00farove\u0148, Ipamorelin je \u0159e\u0161en\u00ed, kter\u00e9 pot\u0159ebujete. Tento produkt, za kter\u00fdm stoj\u00ed p\u0159\u00edsn\u00e9 kontroly kvality spole\u010dnosti Powerock Pharma, je navr\u017een tak, aby v\u00e1m pomohl bezpe\u010dn\u011b a efektivn\u011b dos\u00e1hnout va\u0161ich v\u00fdzkumn\u00fdch c\u00edl\u016f. Nespokojte se s men\u0161\u00edm mno\u017estv\u00edm - objednejte si Ipamorelin je\u0161t\u011b dnes a za\u010dn\u011bte vid\u011bt v\u00fdsledky, kter\u00e9 si zaslou\u017e\u00edte.<\/p>","protected":false},"excerpt":{"rendered":"<p>Ipamorelin podporuje r\u016fst sval\u016f a \u00fabytek tuku t\u00edm, \u017ee stimuluje uvol\u0148ov\u00e1n\u00ed r\u016fstov\u00e9ho hormonu. Nab\u00edz\u00ed n\u00e1r\u016fst svalov\u00e9 hmoty, lep\u0161\u00ed regeneraci a lep\u0161\u00ed metabolismus tuk\u016f. Vyberte si Powerock Pharma pro bezkonkuren\u010dn\u00ed kvalitu a konzistentn\u00ed v\u00fdsledky.<\/p>","protected":false},"featured_media":198,"template":"","meta":{"_acf_changed":false,"rank_math_lock_modified_date":false,"inline_featured_image":false},"product_cat":[17],"product_tag":[],"class_list":{"0":"post-95","1":"product","2":"type-product","3":"status-publish","4":"has-post-thumbnail","6":"product_cat-peptide-lyophilizates","9":"first","10":"instock","11":"shipping-taxable","12":"product-type-simple"},"acf":{"chromatogram":654,"metoda":{"acftf":{"v":"1.3.24"},"p":{"o":{"uh":0},"ca":""},"c":[{"p":""}],"h":[{"c":""}],"b":[[{"c":""}]]}},"_links":{"self":[{"href":"https:\/\/powerockpharma.com\/cs\/wp-json\/wp\/v2\/product\/95","targetHints":{"allow":["GET"]}}],"collection":[{"href":"https:\/\/powerockpharma.com\/cs\/wp-json\/wp\/v2\/product"}],"about":[{"href":"https:\/\/powerockpharma.com\/cs\/wp-json\/wp\/v2\/types\/product"}],"wp:featuredmedia":[{"embeddable":true,"href":"https:\/\/powerockpharma.com\/cs\/wp-json\/wp\/v2\/media\/198"}],"wp:attachment":[{"href":"https:\/\/powerockpharma.com\/cs\/wp-json\/wp\/v2\/media?parent=95"}],"wp:term":[{"taxonomy":"product_cat","embeddable":true,"href":"https:\/\/powerockpharma.com\/cs\/wp-json\/wp\/v2\/product_cat?post=95"},{"taxonomy":"product_tag","embeddable":true,"href":"https:\/\/powerockpharma.com\/cs\/wp-json\/wp\/v2\/product_tag?post=95"}],"curies":[{"name":"wp","href":"https:\/\/api.w.org\/{rel}","templated":true}]}}