{"id":96,"date":"2024-08-04T17:08:21","date_gmt":"2024-08-04T15:08:21","guid":{"rendered":"https:\/\/powerockpharma.com\/?post_type=product&#038;p=96"},"modified":"2025-11-12T06:49:55","modified_gmt":"2025-11-12T05:49:55","slug":"tb-500","status":"publish","type":"product","link":"https:\/\/powerockpharma.com\/cs\/peptide-lyophilizates\/tb-500\/","title":{"rendered":"TB-500"},"content":{"rendered":"<h2>Vlastnosti:<\/h2>\n<p>TB-500, zn\u00e1m\u00fd tak\u00e9 jako thymosin beta 4, je peptid proslul\u00fd sv\u00fdmi siln\u00fdmi \u00fa\u010dinky na opravu, regeneraci a zotaven\u00ed tk\u00e1n\u00ed, d\u00edky \u010demu\u017e je obl\u00edben\u00fd mezi v\u00fdzkumn\u00edky i sportovci. Tato slou\u010denina hraje kl\u00ed\u010dovou roli v procesu hojen\u00ed t\u00edm, \u017ee podporuje bun\u011b\u010dnou regeneraci, sni\u017euje z\u00e1n\u011bt a zlep\u0161uje pru\u017enost. TB-500 je cen\u011bn zejm\u00e9na pro svou schopnost urychlovat zotaven\u00ed po zran\u011bn\u00ed a zvy\u0161ovat celkovou odolnost tk\u00e1n\u00ed, co\u017e z n\u011bj \u010din\u00ed nezbytnou l\u00e1tku pro ty, kte\u0159\u00ed usiluj\u00ed o optimalizaci v\u00fdkonu a zotaven\u00ed ve sv\u00fdch studi\u00edch.<\/p>\n<h2>Mechanismus \u00fa\u010dinku:<\/h2>\n<p>TB-500 p\u016fsob\u00ed tak, \u017ee zvy\u0161uje expresi aktinu, proteinu, kter\u00fd je nezbytn\u00fd pro pohyb a strukturu bun\u011bk. Zv\u00fd\u0161en\u00edm produkce aktinu TB-500 usnad\u0148uje bun\u011b\u010dnou migraci a opravu, kter\u00e9 jsou kl\u00ed\u010dov\u00e9 pro hojen\u00ed tk\u00e1n\u00ed po poran\u011bn\u00ed. Krom\u011b toho tento peptid moduluje z\u00e1n\u011bt ovlivn\u011bn\u00edm aktivity cytokin\u016f, co\u017e vede ke sn\u00ed\u017een\u00ed z\u00e1n\u011btu a rychlej\u0161\u00edmu zotaven\u00ed. Jeho schopnost podporovat angiogenezi neboli tvorbu nov\u00fdch c\u00e9v d\u00e1le podporuje regeneraci tk\u00e1n\u00ed t\u00edm, \u017ee zlep\u0161uje p\u0159\u00edsun \u017eivin a kysl\u00edku do po\u0161kozen\u00fdch oblast\u00ed. Tento komplexn\u00ed mechanismus zaji\u0161\u0165uje, \u017ee TB-500 nejen napom\u00e1h\u00e1 okam\u017eit\u00e9mu zotaven\u00ed, ale tak\u00e9 posiluje tk\u00e1n\u011b proti budouc\u00edmu po\u0161kozen\u00ed.<\/p>\n<h2>V\u00fdhody:<\/h2>\n<p>Pravideln\u00e9 u\u017e\u00edv\u00e1n\u00ed TB-500 ve v\u00fdzkumu prok\u00e1zalo v\u00fdznamn\u00e9 p\u0159\u00ednosy, v\u010detn\u011b urychlen\u00ed hojen\u00ed sval\u016f, \u0161lach a vaz\u016f, sn\u00ed\u017een\u00ed z\u00e1n\u011btu a zlep\u0161en\u00ed flexibility. V\u00fdzkumn\u00edci tak\u00e9 pozorovali zv\u00fd\u0161enou svalovou vytrvalost a s\u00edlu, pravd\u011bpodobn\u011b d\u00edky schopnosti peptidu zlep\u0161ovat pr\u016ftok krve a zkracovat dobu regenerace mezi fyzick\u00fdmi aktivitami. Krom\u011b t\u011bchto hlavn\u00edch p\u0159\u00ednos\u016f m\u016f\u017ee TB-500 p\u0159isp\u00edvat tak\u00e9 ke zlep\u0161en\u00ed kardiovaskul\u00e1rn\u00edho zdrav\u00ed podporou angiogeneze. Tento peptid je zvl\u00e1\u0161t\u011b \u00fa\u010dinn\u00fd pro v\u00fdzkumn\u00edky zam\u011b\u0159en\u00e9 na obnovu tk\u00e1n\u00ed, zotaven\u00ed po zran\u011bn\u00ed a optimalizaci fyzick\u00e9 v\u00fdkonnosti, a nab\u00edz\u00ed tak univerz\u00e1ln\u00ed n\u00e1stroj jak ve sportovn\u00edm, tak v l\u00e9ka\u0159sk\u00e9m v\u00fdzkumu.<\/p>\n<h2>Pro\u010d Powerock Pharma:<\/h2>\n<p>Spole\u010dnost Powerock Pharma se zav\u00e1zala dod\u00e1vat pouze produkty nejvy\u0161\u0161\u00ed kvality a zajistit, aby ka\u017ed\u00e1 \u0161ar\u017ee p\u0159\u00edpravku TB-500 spl\u0148ovala a p\u0159ekra\u010dovala pr\u016fmyslov\u00e9 standardy. Na\u0161e za\u0159\u00edzen\u00ed pracuj\u00ed podle p\u0159\u00edsn\u00fdch sm\u011brnic GMP, HACCP a ISO 13485, co\u017e zaru\u010duje, \u017ee na\u0161e produkty jsou nejen \u00fa\u010dinn\u00e9, ale tak\u00e9 bezpe\u010dn\u00e9 pro pou\u017eit\u00ed ve v\u00fdzkumu. Prov\u00e1d\u00edme p\u0159\u00edsn\u00e9 testov\u00e1n\u00ed ve spolupr\u00e1ci s p\u0159edn\u00edmi laborato\u0159emi, abychom ov\u011b\u0159ili \u010distotu a konzistenci na\u0161ich peptid\u016f. Kdy\u017e si vyberete TB-500 od spole\u010dnosti Powerock Pharma, vyb\u00edr\u00e1te si produkt podlo\u017een\u00fd v\u011bdeck\u00fdmi poznatky, d\u016fv\u011bryhodn\u00fd pro odborn\u00edky a ov\u011b\u0159en\u00fd ve v\u00fdzkumn\u00e9m prost\u0159ed\u00ed. D\u016fv\u011b\u0159ujte spole\u010dnosti Powerock Pharma, \u017ee v\u00e1m poskytne spolehliv\u00e9 a vysoce kvalitn\u00ed produkty, kter\u00e9 pot\u0159ebujete pro sv\u00e9 nejd\u016fle\u017eit\u011bj\u0161\u00ed studie.<\/p>\n<h3>Shrnut\u00ed:<\/h3>\n<p>Pokud se v\u00e1\u0161 v\u00fdzkum zam\u011b\u0159uje na zlep\u0161en\u00ed obnovy tk\u00e1n\u00ed, zkr\u00e1cen\u00ed doby regenerace nebo zlep\u0161en\u00ed celkov\u00e9 fyzick\u00e9 v\u00fdkonnosti, je TB-500 peptid, kter\u00fd pot\u0159ebujete. D\u00edky z\u00e1vazku spole\u010dnosti Powerock Pharma ke kvalit\u011b a bezpe\u010dnosti bude tento produkt \u00fa\u010dinn\u011b a d\u016fsledn\u011b podporovat va\u0161e v\u00fdzkumn\u00e9 c\u00edle. Ned\u011blejte kompromisy v kvalit\u011b - objednejte si TB-500 od spole\u010dnosti Powerock Pharma je\u0161t\u011b dnes a zajist\u011bte, \u017ee v\u00e1\u0161 v\u00fdzkum p\u0159inese v\u00fdsledky, kter\u00e9 hled\u00e1te.<\/p>","protected":false},"excerpt":{"rendered":"<p>TB-500 (thymosin beta 4) podporuje zrychlen\u00e9 hojen\u00ed a obnovu tk\u00e1n\u00ed t\u00edm, \u017ee podporuje bun\u011b\u010dnou regeneraci a sni\u017euje z\u00e1n\u011bt. Nab\u00edz\u00ed lep\u0161\u00ed regeneraci, pru\u017enost a odolnost. Vyberte si Powerock Pharma pro bezkonkuren\u010dn\u00ed kvalitu a spolehliv\u00e9 v\u00fdsledky.<\/p>","protected":false},"featured_media":212,"template":"","meta":{"_acf_changed":false,"rank_math_lock_modified_date":false,"inline_featured_image":false},"product_cat":[17],"product_tag":[],"class_list":{"0":"post-96","1":"product","2":"type-product","3":"status-publish","4":"has-post-thumbnail","6":"product_cat-peptide-lyophilizates","9":"first","10":"instock","11":"shipping-taxable","12":"product-type-simple"},"acf":{"chromatogram":609,"metoda":{"acftf":{"v":"1.3.24"},"p":{"o":{"uh":0},"ca":""},"c":[{"p":""}],"h":[{"c":""}],"b":[[{"c":""}]]}},"_links":{"self":[{"href":"https:\/\/powerockpharma.com\/cs\/wp-json\/wp\/v2\/product\/96","targetHints":{"allow":["GET"]}}],"collection":[{"href":"https:\/\/powerockpharma.com\/cs\/wp-json\/wp\/v2\/product"}],"about":[{"href":"https:\/\/powerockpharma.com\/cs\/wp-json\/wp\/v2\/types\/product"}],"wp:featuredmedia":[{"embeddable":true,"href":"https:\/\/powerockpharma.com\/cs\/wp-json\/wp\/v2\/media\/212"}],"wp:attachment":[{"href":"https:\/\/powerockpharma.com\/cs\/wp-json\/wp\/v2\/media?parent=96"}],"wp:term":[{"taxonomy":"product_cat","embeddable":true,"href":"https:\/\/powerockpharma.com\/cs\/wp-json\/wp\/v2\/product_cat?post=96"},{"taxonomy":"product_tag","embeddable":true,"href":"https:\/\/powerockpharma.com\/cs\/wp-json\/wp\/v2\/product_tag?post=96"}],"curies":[{"name":"wp","href":"https:\/\/api.w.org\/{rel}","templated":true}]}}