{"id":97,"date":"2024-08-04T17:08:58","date_gmt":"2024-08-04T15:08:58","guid":{"rendered":"https:\/\/powerockpharma.com\/?post_type=product&#038;p=97"},"modified":"2025-11-12T07:09:14","modified_gmt":"2025-11-12T06:09:14","slug":"bpc-157","status":"publish","type":"product","link":"https:\/\/powerockpharma.com\/cs\/peptide-lyophilizates\/bpc-157\/","title":{"rendered":"BPC-157"},"content":{"rendered":"<h2>Vlastnosti:<\/h2>\n<p>BPC-157, zn\u00e1m\u00fd tak\u00e9 jako Bepecin, je zn\u00e1m\u00fd pro sv\u00e9 pozoruhodn\u00e9 regenera\u010dn\u00ed vlastnosti, zejm\u00e9na p\u0159i podpo\u0159e obnovy tk\u00e1n\u00ed a urychlen\u00ed hojen\u00ed. Tento peptid si v\u011bdci obl\u00edbili pro jeho siln\u00e9 \u00fa\u010dinky na hojen\u00ed gastrointestin\u00e1ln\u00edch tk\u00e1n\u00ed, \u0161lach, sval\u016f a dokonce i mozkov\u00e9 tk\u00e1n\u011b, co\u017e z n\u011bj \u010din\u00ed neoceniteln\u00fd n\u00e1stroj ve studi\u00edch zam\u011b\u0159en\u00fdch na zotaven\u00ed a rehabilitaci. BPC-157 p\u016fsob\u00ed tak, \u017ee posiluje p\u0159irozen\u00e9 hojiv\u00e9 procesy v t\u011ble, konkr\u00e9tn\u011b prost\u0159ednictv\u00edm podpory angiogeneze (tvorby nov\u00fdch c\u00e9v) a stimulace tvorby kolagenu. Tyto \u00fa\u010dinky vedou k rychlej\u0161\u00edmu zotaven\u00ed ze zran\u011bn\u00ed, sn\u00ed\u017een\u00ed z\u00e1n\u011btu a mo\u017en\u00e9mu zvr\u00e1cen\u00ed po\u0161kozen\u00ed r\u016fzn\u00fdch tk\u00e1n\u00ed.<\/p>\n<h2>Mechanismus \u00fa\u010dinku:<\/h2>\n<p>\u00da\u010dinek BPC-157 se soust\u0159ed\u00ed na jeho schopnost podporovat angiogenezi a stimulovat r\u016fstov\u00e9 faktory, kter\u00e9 jsou rozhoduj\u00edc\u00ed pro hojen\u00ed. Tento peptid se v\u00e1\u017ee na specifick\u00e9 receptory na bu\u0148k\u00e1ch pod\u00edlej\u00edc\u00edch se na obnov\u011b tk\u00e1n\u00ed, co\u017e vede k aktivaci sign\u00e1ln\u00edch drah, kter\u00e9 zvy\u0161uj\u00ed bun\u011b\u010dnou proliferaci a migraci. Krom\u011b toho BPC-157 zvy\u0161uje produkci kolagenu, kl\u00ed\u010dov\u00e9ho struktur\u00e1ln\u00edho proteinu, kter\u00fd je nezbytn\u00fd pro integritu a pevnost tk\u00e1n\u00ed, jako jsou \u0161lachy, vazy a k\u016f\u017ee. Podporou t\u011bchto hojiv\u00fdch proces\u016f pom\u00e1h\u00e1 BPC-157 urychlit obnovu po\u0161kozen\u00fdch tk\u00e1n\u00ed, sn\u00ed\u017eit z\u00e1n\u011bt a potenci\u00e1ln\u011b chr\u00e1nit p\u0159ed dal\u0161\u00edm poran\u011bn\u00edm. Jeho selektivn\u00ed mechanismus zaji\u0161\u0165uje minim\u00e1ln\u00ed dopad na nec\u00edlov\u00e9 tk\u00e1n\u011b, co\u017e z n\u011bj \u010din\u00ed bezpe\u010dnou a \u00fa\u010dinnou volbu pro c\u00edlen\u00e9 v\u00fdzkumn\u00e9 aplikace.<\/p>\n<h2>V\u00fdhody:<\/h2>\n<p>D\u016fsledn\u00e9 pou\u017e\u00edv\u00e1n\u00ed BPC-157 ve v\u00fdzkumu m\u016f\u017ee v\u00e9st k v\u00fdrazn\u00e9mu zlep\u0161en\u00ed obnovy tk\u00e1n\u00ed a celkov\u00e9 doby zotaven\u00ed. V\u00fdzkumn\u00edci pozorovali zlep\u0161en\u00ed hojen\u00ed \u0161lach, sval\u016f a vaz\u016f a zrychlen\u00ed rekonvalescence po zran\u011bn\u00ed. Krom\u011b toho BPC-157 prok\u00e1zal potenci\u00e1ln\u00ed p\u0159\u00ednos p\u0159i ochran\u011b p\u0159ed po\u0161kozen\u00edm tr\u00e1vic\u00edho traktu a zlep\u0161en\u00ed funkce mozku po zran\u011bn\u00ed. Jeho protiz\u00e1n\u011btliv\u00e9 vlastnosti d\u00e1le podporuj\u00ed jeho pou\u017eit\u00ed ve studi\u00edch zam\u011b\u0159en\u00fdch na sn\u00ed\u017een\u00ed chronick\u00e9 bolesti a z\u00e1n\u011btu. Slou\u010denina je zvl\u00e1\u0161t\u011b \u00fa\u010dinn\u00e1 pro ty, kte\u0159\u00ed zkoumaj\u00ed terapie zam\u011b\u0159en\u00e9 na zlep\u0161en\u00ed regenerace, zkr\u00e1cen\u00ed doby odst\u00e1vky souvisej\u00edc\u00ed se zran\u011bn\u00edm a zkoumaj\u00ed nov\u00e9 p\u0159\u00edstupy k regeneraci tk\u00e1n\u00ed.<\/p>\n<h2>Pro\u010d Powerock Pharma:<\/h2>\n<p>Spole\u010dnost Powerock Pharma se zav\u00e1zala poskytovat v\u00fdzkumn\u00e9 slou\u010deniny nejvy\u0161\u0161\u00ed kvality. Na\u0161e BPC-157 se vyr\u00e1b\u00ed v nejmodern\u011bj\u0161\u00edch za\u0159\u00edzen\u00edch, kter\u00e1 dodr\u017euj\u00ed nejp\u0159\u00edsn\u011bj\u0161\u00ed normy GMP, HACCP a ISO 13485. Ka\u017ed\u00e1 \u0161ar\u017ee proch\u00e1z\u00ed p\u0159\u00edsn\u00fdm testov\u00e1n\u00edm, kter\u00e9 zaji\u0161\u0165uje \u010distotu, \u00fa\u010dinnost a konzistenci, co\u017e v\u00e1m d\u00e1v\u00e1 jistotu spolehlivosti a \u00fa\u010dinnosti na\u0161ich produkt\u016f. D\u00edky spolupr\u00e1ci s p\u0159edn\u00edmi laborato\u0159emi zaji\u0161\u0165ujeme, \u017ee n\u00e1\u0161 BPC-157 spl\u0148uje nejvy\u0161\u0161\u00ed pr\u016fmyslov\u00e9 standardy, a je tak d\u016fv\u011bryhodnou volbou pro v\u00fdzkumn\u00e9 pracovn\u00edky na cel\u00e9m sv\u011bt\u011b. Vyberte si spole\u010dnost Powerock Pharma pro bezkonkuren\u010dn\u00ed kvalitu a v\u00fdsledky, na kter\u00e9 se m\u016f\u017eete spolehnout.<\/p>\n<h3>Shrnut\u00ed:<\/h3>\n<p>Pokud se v\u00e1\u0161 v\u00fdzkum zam\u011b\u0159uje na obnovu, hojen\u00ed nebo regeneraci tk\u00e1n\u00ed, je BPC-157 tou spr\u00e1vnou l\u00e1tkou. Tento peptid, za kter\u00fdm stoj\u00ed p\u0159\u00edsn\u00e9 kontroly kvality spole\u010dnosti Powerock Pharma, je navr\u017een tak, aby v\u00e1m pomohl dos\u00e1hnout spolehliv\u00fdch a konzistentn\u00edch v\u00fdsledk\u016f v\u00fdzkumu. Nespokojte se s hor\u0161\u00edmi podm\u00ednkami - objednejte si BPC-157 je\u0161t\u011b dnes a ud\u011blejte prvn\u00ed krok k p\u0159evratn\u00fdm objev\u016fm v oblasti regenerace a hojen\u00ed tk\u00e1n\u00ed.<\/p>","protected":false},"excerpt":{"rendered":"<p>BPC-157 podporuje obnovu a hojen\u00ed tk\u00e1n\u00ed t\u00edm, \u017ee podporuje angiogenezi a tvorbu kolagenu. Nab\u00edz\u00ed lep\u0161\u00ed regeneraci, sn\u00ed\u017een\u00ed z\u00e1n\u011btu a urychlen\u00ed hojen\u00ed ran. Vyberte si Powerock Pharma pro \u010distotu a konzistentn\u00ed v\u00fdsledky.<\/p>","protected":false},"featured_media":184,"template":"","meta":{"_acf_changed":false,"rank_math_lock_modified_date":false,"inline_featured_image":false},"product_cat":[17],"product_tag":[],"class_list":{"0":"post-97","1":"product","2":"type-product","3":"status-publish","4":"has-post-thumbnail","6":"product_cat-peptide-lyophilizates","9":"first","10":"instock","11":"shipping-taxable","12":"product-type-simple"},"acf":{"chromatogram":676,"metoda":{"acftf":{"v":"1.3.24"},"p":{"o":{"uh":0},"ca":""},"c":[{"p":""}],"h":[{"c":""}],"b":[[{"c":""}]]}},"_links":{"self":[{"href":"https:\/\/powerockpharma.com\/cs\/wp-json\/wp\/v2\/product\/97","targetHints":{"allow":["GET"]}}],"collection":[{"href":"https:\/\/powerockpharma.com\/cs\/wp-json\/wp\/v2\/product"}],"about":[{"href":"https:\/\/powerockpharma.com\/cs\/wp-json\/wp\/v2\/types\/product"}],"wp:featuredmedia":[{"embeddable":true,"href":"https:\/\/powerockpharma.com\/cs\/wp-json\/wp\/v2\/media\/184"}],"wp:attachment":[{"href":"https:\/\/powerockpharma.com\/cs\/wp-json\/wp\/v2\/media?parent=97"}],"wp:term":[{"taxonomy":"product_cat","embeddable":true,"href":"https:\/\/powerockpharma.com\/cs\/wp-json\/wp\/v2\/product_cat?post=97"},{"taxonomy":"product_tag","embeddable":true,"href":"https:\/\/powerockpharma.com\/cs\/wp-json\/wp\/v2\/product_tag?post=97"}],"curies":[{"name":"wp","href":"https:\/\/api.w.org\/{rel}","templated":true}]}}