{"id":98,"date":"2024-08-04T17:09:52","date_gmt":"2024-08-04T15:09:52","guid":{"rendered":"https:\/\/powerockpharma.com\/?post_type=product&#038;p=98"},"modified":"2025-11-12T06:59:56","modified_gmt":"2025-11-12T05:59:56","slug":"mt2-melanotan-2","status":"publish","type":"product","link":"https:\/\/powerockpharma.com\/cs\/peptide-lyophilizates\/mt2-melanotan-2\/","title":{"rendered":"MT2 (MELANOTAN 2)"},"content":{"rendered":"<h2>Vlastnosti:<\/h2>\n<p>Melanotan 2 (MT2) je syntetick\u00fd peptid, kter\u00fd v t\u011ble napodobuje alfa-melanocyty stimuluj\u00edc\u00ed hormon (\u03b1-MSH) a ovliv\u0148uje p\u0159edev\u0161\u00edm pigmentaci k\u016f\u017ee. D\u00edky tomu je MT2 velmi vyhled\u00e1van\u00fd pro ty, kte\u0159\u00ed usiluj\u00ed o op\u00e1len\u00fd vzhled bez dlouhodob\u00e9ho vystavov\u00e1n\u00ed se slune\u010dn\u00edmu z\u00e1\u0159en\u00ed. Krom\u011b sv\u00e9 role p\u0159i zvy\u0161ov\u00e1n\u00ed produkce melaninu m\u00e1 MT2 tak\u00e9 pozoruhodn\u00e9 \u00fa\u010dinky na libido a metabolismus tuk\u016f, co\u017e z n\u011bj \u010din\u00ed univerz\u00e1ln\u00ed slou\u010deninu pro mnohostrann\u00e9 v\u00fdzkumn\u00e9 vyu\u017eit\u00ed.<\/p>\n<h2>Mechanismus \u00fa\u010dinku:<\/h2>\n<p>MT2 se v\u00e1\u017ee na melanokortinov\u00e9 receptory, zejm\u00e9na MC1R, kter\u00e9 se nach\u00e1zej\u00ed na povrchu melanocyt\u016f - bun\u011bk zodpov\u011bdn\u00fdch za produkci melaninu v k\u016f\u017ei. Po aktivaci tyto receptory stimuluj\u00ed zv\u00fd\u0161enou produkci melaninu, co\u017e vede k tmav\u0161\u00edmu odst\u00ednu pleti. Krom\u011b pigmentace k\u016f\u017ee p\u0159isp\u00edv\u00e1 interakce MT2 s dal\u0161\u00edmi melanokortinov\u00fdmi receptory, jako je MC4R, k jeho \u00fa\u010dink\u016fm na potla\u010den\u00ed chuti k j\u00eddlu, zv\u00fd\u0161en\u00ed oxidace tuk\u016f a zv\u00fd\u0161en\u00ed sexu\u00e1ln\u00edho vzru\u0161en\u00ed. Tato multireceptorov\u00e1 aktivita umo\u017e\u0148uje, aby MT2 poskytoval v\u00fdhody nejen p\u0159i opalov\u00e1n\u00ed, v\u010detn\u011b potenci\u00e1ln\u00ed role p\u0159i regulaci hmotnosti a zvy\u0161ov\u00e1n\u00ed libida.<\/p>\n<h2>V\u00fdhody:<\/h2>\n<p>D\u016fsledn\u00e9 pou\u017e\u00edv\u00e1n\u00ed p\u0159\u00edpravku Melanotan 2 vede k postupn\u00e9mu, p\u0159irozen\u011b vypadaj\u00edc\u00edmu op\u00e1len\u00ed bez nutnosti vystaven\u00ed UV z\u00e1\u0159en\u00ed, co\u017e v\u00fdrazn\u011b sni\u017euje riziko po\u0161kozen\u00ed poko\u017eky spojen\u00e9 s tradi\u010dn\u00edmi metodami opalov\u00e1n\u00ed. Krom\u011b toho m\u016f\u017ee MT2 napom\u00e1hat p\u0159i sni\u017eov\u00e1n\u00ed mno\u017estv\u00ed t\u011blesn\u00e9ho tuku t\u00edm, \u017ee podporuje lipol\u00fdzu a kontroluje chu\u0165 k j\u00eddlu, co\u017e z n\u011bj \u010din\u00ed cenn\u00fd n\u00e1stroj pro rekondici t\u011bla. Schopnost slou\u010deniny zvy\u0161ovat libido a zlep\u0161ovat sexu\u00e1ln\u00ed funkce d\u00e1le zvy\u0161uje jej\u00ed p\u0159ita\u017elivost. V\u011bdci zjistili, \u017ee MT2 je obzvl\u00e1\u0161t\u011b \u00fa\u010dinn\u00fd ve studi\u00edch zam\u011b\u0159en\u00fdch na dermatologick\u00e9 stavy, sexu\u00e1ln\u00ed dysfunkce a obezitu.<\/p>\n<h2>Pro\u010d Powerock Pharma:<\/h2>\n<p>Spole\u010dnost Powerock Pharma db\u00e1 na kvalitu a zaji\u0161\u0165uje, \u017ee ka\u017ed\u00e1 lahvi\u010dka p\u0159\u00edpravku Melanotan 2 je vyr\u00e1b\u011bna podle p\u0159\u00edsn\u00fdch norem GMP, HACCP a ISO 13485. Na\u0161e produkty proch\u00e1zej\u00ed p\u0159\u00edsn\u00fdmi testy ve \u0161pi\u010dkov\u00fdch laborato\u0159\u00edch, kter\u00e9 ov\u011b\u0159uj\u00ed \u010distotu, \u00fa\u010dinnost a bezpe\u010dnost, co\u017e zaji\u0161\u0165uje, \u017ee se v\u00fdzkumn\u00ed pracovn\u00edci mohou spolehnout na konzistentn\u00ed v\u00fdsledky vysok\u00e9 kvality. V\u00fdb\u011brem spole\u010dnosti Powerock Pharma se rozhodnete pro produkt, kter\u00fd spl\u0148uje nejvy\u0161\u0161\u00ed pr\u016fmyslov\u00e9 standardy a za kter\u00fdm stoj\u00ed z\u00e1vazek v\u011bdeck\u00e9 integrity a dokonalosti.<\/p>\n<h3>Shrnut\u00ed:<\/h3>\n<p>Pokud chcete ve sv\u00e9m v\u00fdzkumu prozkoumat v\u00fdhody zv\u00fd\u0161en\u00e9 pigmentace k\u016f\u017ee, podpory libida nebo odbour\u00e1v\u00e1n\u00ed tuk\u016f, Melanotan 2 je vynikaj\u00edc\u00ed volbou. D\u00edky d\u016frazu spole\u010dnosti Powerock Pharma na kvalitu a spolehlivost je tento produkt navr\u017een tak, aby poskytoval v\u00fdsledky, kter\u00e9 va\u0161e studie vy\u017eaduj\u00ed. Objednejte si Melanotan 2 je\u0161t\u011b dnes a d\u016fv\u011b\u0159ujte produktu, kter\u00fd podpo\u0159\u00ed va\u0161e v\u00fdzkumn\u00e9 c\u00edle s bezkonkuren\u010dn\u00ed p\u0159esnost\u00ed a d\u016fslednost\u00ed.<\/p>","protected":false},"excerpt":{"rendered":"<p>Melanotan 2 (MT2) podporuje zv\u00fd\u0161enou pigmentaci k\u016f\u017ee stimulac\u00ed receptor\u016f melanocyt\u016f a nab\u00edz\u00ed \u0159e\u0161en\u00ed pro opalov\u00e1n\u00ed bez slunce. Podporuje tak\u00e9 zv\u00fd\u0161en\u00ed libida a odbour\u00e1v\u00e1n\u00ed tuk\u016f. Vyberte si Powerock Pharma pro \u010distotu a konzistenci.<\/p>","protected":false},"featured_media":205,"template":"","meta":{"_acf_changed":false,"rank_math_lock_modified_date":false,"inline_featured_image":false},"product_cat":[17],"product_tag":[],"class_list":{"0":"post-98","1":"product","2":"type-product","3":"status-publish","4":"has-post-thumbnail","6":"product_cat-peptide-lyophilizates","9":"first","10":"instock","11":"shipping-taxable","12":"product-type-simple"},"acf":{"chromatogram":640,"metoda":{"acftf":{"v":"1.3.24"},"p":{"o":{"uh":0},"ca":""},"c":[{"p":""}],"h":[{"c":""}],"b":[[{"c":""}]]}},"_links":{"self":[{"href":"https:\/\/powerockpharma.com\/cs\/wp-json\/wp\/v2\/product\/98","targetHints":{"allow":["GET"]}}],"collection":[{"href":"https:\/\/powerockpharma.com\/cs\/wp-json\/wp\/v2\/product"}],"about":[{"href":"https:\/\/powerockpharma.com\/cs\/wp-json\/wp\/v2\/types\/product"}],"wp:featuredmedia":[{"embeddable":true,"href":"https:\/\/powerockpharma.com\/cs\/wp-json\/wp\/v2\/media\/205"}],"wp:attachment":[{"href":"https:\/\/powerockpharma.com\/cs\/wp-json\/wp\/v2\/media?parent=98"}],"wp:term":[{"taxonomy":"product_cat","embeddable":true,"href":"https:\/\/powerockpharma.com\/cs\/wp-json\/wp\/v2\/product_cat?post=98"},{"taxonomy":"product_tag","embeddable":true,"href":"https:\/\/powerockpharma.com\/cs\/wp-json\/wp\/v2\/product_tag?post=98"}],"curies":[{"name":"wp","href":"https:\/\/api.w.org\/{rel}","templated":true}]}}