{"id":99,"date":"2024-08-04T17:10:29","date_gmt":"2024-08-04T15:10:29","guid":{"rendered":"https:\/\/powerockpharma.com\/?post_type=product&#038;p=99"},"modified":"2025-11-12T07:00:21","modified_gmt":"2025-11-12T06:00:21","slug":"mt1-melanotan-1","status":"publish","type":"product","link":"https:\/\/powerockpharma.com\/cs\/peptide-lyophilizates\/mt1-melanotan-1\/","title":{"rendered":"MT1 (MELANOTAN 1)"},"content":{"rendered":"<h2>Vlastnosti:<\/h2>\n<p>Melanotan 1, zn\u00e1m\u00fd tak\u00e9 jako MT1 nebo melanotropin, je syntetick\u00fd peptid zn\u00e1m\u00fd sv\u00fdmi siln\u00fdmi \u00fa\u010dinky na pigmentaci k\u016f\u017ee. D\u00edky stimulaci produkce melaninu je MT1 preferovanou volbou pro v\u00fdzkumn\u00edky, kte\u0159\u00ed zkoumaj\u00ed pokro\u010dil\u00e1 \u0159e\u0161en\u00ed opalov\u00e1n\u00ed s men\u0161\u00ed z\u00e1vislost\u00ed na UV z\u00e1\u0159en\u00ed. Tato slou\u010denina funguje tak, \u017ee napodobuje p\u0159irozen\u00fd t\u011blesn\u00fd melanokortin, kter\u00fd se v\u00e1\u017ee na melanokortinov\u00e9 receptory, zejm\u00e9na MC1R, co\u017e vede ke zv\u00fd\u0161en\u00e9 produkci melaninu. Tento proces vede k hlub\u0161\u00edmu a trvalej\u0161\u00edmu op\u00e1len\u00ed, a to i p\u0159i minim\u00e1ln\u00edm vystaven\u00ed slune\u010dn\u00edmu z\u00e1\u0159en\u00ed, tak\u017ee je ide\u00e1ln\u00ed pro jedince, kte\u0159\u00ed hledaj\u00ed zv\u00fd\u0161enou pigmentaci a ochranu p\u0159ed UV z\u00e1\u0159en\u00edm.<\/p>\n<h2>Mechanismus \u00fa\u010dinku:<\/h2>\n<p>\u00da\u010dinek melanotanu 1 se soust\u0159e\u010fuje na jeho schopnost aktivovat receptor melanokortinu 1 (MC1R) na melanocytech, bu\u0148k\u00e1ch odpov\u011bdn\u00fdch za produkci melaninu. Vazbou na MC1R MT1 \u00fa\u010dinn\u011b zvy\u0161uje rychlost melanogeneze, co\u017e vede k p\u0159irozen\u00e9mu ztmavnut\u00ed k\u016f\u017ee. Tento selektivn\u00ed mechanismus umo\u017e\u0148uje op\u00e1len\u00ed bez nutnosti rozs\u00e1hl\u00e9ho vystaven\u00ed UV z\u00e1\u0159en\u00ed, \u010d\u00edm\u017e se minimalizuj\u00ed rizika spojen\u00e1 se sp\u00e1len\u00edm a po\u0161kozen\u00edm k\u016f\u017ee. \u00daloha MT1 p\u0159i modulaci reakce organismu na UV z\u00e1\u0159en\u00ed nav\u00edc nab\u00edz\u00ed potenci\u00e1ln\u00ed ochrann\u00e9 v\u00fdhody proti \u0161kodliv\u00e9mu UV z\u00e1\u0159en\u00ed, sni\u017euje riziko probl\u00e9m\u016f souvisej\u00edc\u00edch s poko\u017ekou a z\u00e1rove\u0148 podporuje zdrav\u00e9 a rovnom\u011brn\u00e9 op\u00e1len\u00ed.<\/p>\n<h2>V\u00fdhody:<\/h2>\n<p>D\u016fsledn\u00e9 pou\u017e\u00edv\u00e1n\u00ed p\u0159\u00edpravku Melanotan 1 p\u0159in\u00e1\u0161\u00ed \u0159adu v\u00fdhod, v\u010detn\u011b lep\u0161\u00edho a del\u0161\u00edho opalov\u00e1n\u00ed, men\u0161\u00ed pot\u0159eby vystavovat se slune\u010dn\u00edmu z\u00e1\u0159en\u00ed a ni\u017e\u0161\u00edho rizika po\u0161kozen\u00ed k\u016f\u017ee v d\u016fsledku UV z\u00e1\u0159en\u00ed. Krom\u011b toho mohou u\u017eivatel\u00e9 poc\u00edtit sekund\u00e1rn\u00ed v\u00fdhody, jako je lep\u0161\u00ed vzhled poko\u017eky, zv\u00fd\u0161en\u00e9 sebev\u011bdom\u00ed d\u00edky rovnom\u011brn\u011bj\u0161\u00ed pleti a potenci\u00e1ln\u00ed ochrann\u00e9 \u00fa\u010dinky proti UV z\u00e1\u0159en\u00ed. Tato slou\u010denina je obzvl\u00e1\u0161t\u011b \u00fa\u010dinn\u00e1 pro jedince se sv\u011btlou plet\u00ed, pro kter\u00e9 je obt\u00ed\u017en\u00e9 se p\u0159irozen\u011b op\u00e1lit, a tak\u00e9 pro ty, kte\u0159\u00ed si cht\u011bj\u00ed udr\u017eet op\u00e1len\u00ed p\u0159i minim\u00e1ln\u00edm vystaven\u00ed slune\u010dn\u00edmu z\u00e1\u0159en\u00ed.<\/p>\n<h2>Pro\u010d Powerock Pharma:<\/h2>\n<p>Ve spole\u010dnosti Powerock Pharma je n\u00e1\u0161 z\u00e1vazek k dokonalosti z\u00e1rukou toho, \u017ee ka\u017ed\u00e1 \u0161ar\u017ee p\u0159\u00edpravku Melanotan 1 je vyr\u00e1b\u011bna za p\u0159\u00edsn\u00fdch kontrol kvality, kter\u00e9 spl\u0148uj\u00ed a p\u0159ekra\u010duj\u00ed normy GMP, HACCP a ISO 13485. Na\u0161e pokro\u010dil\u00e9 testovac\u00ed postupy zaru\u010duj\u00ed, \u017ee na\u0161e produkty jsou nejen \u00fa\u010dinn\u00e9, ale tak\u00e9 bezpe\u010dn\u00e9 a spolehliv\u00e9 pro v\u00fdzkumn\u00e9 \u00fa\u010dely. P\u0159i ov\u011b\u0159ov\u00e1n\u00ed \u010distoty a \u00fa\u010dinnosti na\u0161ich produkt\u016f spolupracujeme se \u0161pi\u010dkov\u00fdmi laborato\u0159emi, tak\u017ee se m\u016f\u017eete spolehnout, \u017ee Melanotan 1 od spole\u010dnosti Powerock Pharma v\u017edy p\u0159in\u00e1\u0161\u00ed konzistentn\u00ed v\u00fdsledky. Kdy\u017e si vyberete spole\u010dnost Powerock Pharma, vol\u00edte bezkonkuren\u010dn\u00ed kvalitu, bezpe\u010dnost a spolehlivost pro sv\u00e9 v\u00fdzkumn\u00e9 pot\u0159eby.<\/p>\n<h3>Shrnut\u00ed:<\/h3>\n<p>Pokud chcete pokro\u010dit ve v\u00fdzkumu pigmentace k\u016f\u017ee nebo opalov\u00e1n\u00ed, je Melanotan 1 \u0159e\u0161en\u00edm, kter\u00e9 pot\u0159ebujete. Tento produkt, za kter\u00fdm stoj\u00ed p\u0159\u00edsn\u00e9 kontroly kvality spole\u010dnosti Powerock Pharma, je navr\u017een tak, aby v\u00e1m pomohl bezpe\u010dn\u011b a efektivn\u011b dos\u00e1hnout spolehliv\u00fdch a konzistentn\u00edch v\u00fdsledk\u016f. Nespokojte se s hor\u0161\u00edm - objednejte si Melanotan 1 je\u0161t\u011b dnes a zajist\u011bte, aby v\u00e1\u0161 v\u00fdzkum dosahoval v\u00fdsledk\u016f, kter\u00e9 si zaslou\u017e\u00edte.<\/p>","protected":false},"excerpt":{"rendered":"<p>Melanotan 1 (MT1) podporuje pigmentaci k\u016f\u017ee stimulac\u00ed melanogeneze. Nab\u00edz\u00ed lep\u0161\u00ed op\u00e1len\u00ed p\u0159i sn\u00ed\u017een\u00e9 expozici UV z\u00e1\u0159en\u00ed. Vyberte si Powerock Pharma pro vynikaj\u00edc\u00ed kvalitu a konzistentn\u00ed v\u00fdsledky.<\/p>","protected":false},"featured_media":204,"template":"","meta":{"_acf_changed":false,"rank_math_lock_modified_date":false,"inline_featured_image":false},"product_cat":[17],"product_tag":[],"class_list":{"0":"post-99","1":"product","2":"type-product","3":"status-publish","4":"has-post-thumbnail","6":"product_cat-peptide-lyophilizates","9":"first","10":"instock","11":"shipping-taxable","12":"product-type-simple"},"acf":{"chromatogram":641,"metoda":""},"_links":{"self":[{"href":"https:\/\/powerockpharma.com\/cs\/wp-json\/wp\/v2\/product\/99","targetHints":{"allow":["GET"]}}],"collection":[{"href":"https:\/\/powerockpharma.com\/cs\/wp-json\/wp\/v2\/product"}],"about":[{"href":"https:\/\/powerockpharma.com\/cs\/wp-json\/wp\/v2\/types\/product"}],"wp:featuredmedia":[{"embeddable":true,"href":"https:\/\/powerockpharma.com\/cs\/wp-json\/wp\/v2\/media\/204"}],"wp:attachment":[{"href":"https:\/\/powerockpharma.com\/cs\/wp-json\/wp\/v2\/media?parent=99"}],"wp:term":[{"taxonomy":"product_cat","embeddable":true,"href":"https:\/\/powerockpharma.com\/cs\/wp-json\/wp\/v2\/product_cat?post=99"},{"taxonomy":"product_tag","embeddable":true,"href":"https:\/\/powerockpharma.com\/cs\/wp-json\/wp\/v2\/product_tag?post=99"}],"curies":[{"name":"wp","href":"https:\/\/api.w.org\/{rel}","templated":true}]}}