{"id":379,"date":"2024-08-22T11:47:10","date_gmt":"2024-08-22T09:47:10","guid":{"rendered":"https:\/\/powerockpharma.com\/?page_id=379"},"modified":"2024-09-19T12:46:52","modified_gmt":"2024-09-19T10:46:52","slug":"about-us","status":"publish","type":"page","link":"https:\/\/powerockpharma.com\/de\/uber-uns\/","title":{"rendered":"\u00dcber uns"},"content":{"rendered":"<div id=\"cs-content\" class=\"cs-content\"><div class=\"x-section e379-e1 maj-0 maj-1 maj-2\"><div class=\"x-row x-container max width e379-e2 maj-8 maj-9 maj-d maj-e\"><div class=\"x-row-inner\"><div class=\"x-col e379-e3 maj-m maj-n\"><div class=\"x-text x-text-headline e379-e4 maj-q maj-r maj-s maj-t maj-u maj-v\"><div class=\"x-text-content\"><div class=\"x-text-content-text\"><h1 class=\"x-text-content-text-primary\">\u00dcber uns<\/h1><\/div><\/div><\/div><\/div><\/div><\/div><div class=\"x-row x-container max width e379-e5 maj-8 maj-9 maj-a maj-d maj-f\"><div class=\"x-row-inner\"><div class=\"x-col e379-e6 maj-m maj-o\"><div class=\"x-text x-text-headline e379-e7 maj-r maj-v maj-w maj-x maj-y maj-z maj-10\"><div class=\"x-text-content\"><div class=\"x-text-content-text\"><h2 class=\"x-text-content-text-primary\">Wer wir sind<\/h2><\/div><\/div><\/div><div class=\"x-text x-content e379-e8 maj-13 maj-14 maj-15 maj-16 maj-17\">Powerock Pharma ist ein schnell wachsendes medizinisches Unternehmen, das sich auf die Herstellung von chemischen Reagenzien und Nahrungserg\u00e4nzungsmitteln h\u00f6chster Qualit\u00e4t spezialisiert hat. Unser Produktportfolio umfasst eine breite Palette von Produkten wie Peptid-Lyophilisate, SARMs, Nootropika, die die kognitive Funktion unterst\u00fctzen, sowie verschiedene Formen von Yohimbin und Nahrungserg\u00e4nzungsmittel. Wir erweitern unsere Produktlinie st\u00e4ndig durch die Einf\u00fchrung neuer chemischer Reagenzien. Dar\u00fcber hinaus verf\u00fcgen wir \u00fcber eine breite Palette zus\u00e4tzlicher Reagenzien, die auf Kundenwunsch erh\u00e4ltlich sind.<\/div><\/div><div class=\"x-col e379-e9 maj-m maj-n\"><span class=\"x-image e379-e10 maj-1d maj-1e\"><img decoding=\"async\" src=\"https:\/\/powerockpharma.com\/wp-content\/uploads\/2024\/08\/about-us-power-pharma.webp\" width=\"1000\" height=\"667\" alt=\"\u00dcber uns power pharma\" loading=\"lazy\"><\/span><\/div><\/div><\/div><\/div><div class=\"x-section e379-e11 maj-0 maj-3 maj-4 maj-5\"><div class=\"x-bg\"><div class=\"x-bg-layer-lower-img\"><img decoding=\"async\" src=\"https:\/\/powerockpharma.com\/wp-content\/uploads\/2024\/08\/our-mission.webp\" alt=\"Image\" loading=\"lazy\" style=\"object-fit: cover; object-position: center;\"\/><\/div><div class=\"x-bg-layer-upper-color\" aria-hidden=\"true\" style=\" background-color: rgba(0, 0, 0, 0.5);\"><\/div><\/div><div class=\"x-row x-container max width e379-e12 maj-9 maj-b maj-d maj-g\"><div class=\"x-row-inner\"><div class=\"x-col e379-e13 maj-m maj-p\"><div class=\"x-text x-text-headline e379-e14 maj-r maj-t maj-w maj-x maj-10 maj-11\"><div class=\"x-text-content\"><div class=\"x-text-content-text\"><h2 class=\"x-text-content-text-primary\">Unser Auftrag<\/h2><\/div><\/div><\/div><div class=\"x-text x-content e379-e15 maj-13 maj-15 maj-16 maj-18 maj-19\">Unser Ziel ist es, Gesundheit und Wohlbefinden durch die Bereitstellung innovativer und wirksamer chemischer L\u00f6sungen und Nahrungserg\u00e4nzungsmittel zu verbessern. Wir sind bestrebt, die Standards in der pharmazeutischen Industrie zu erh\u00f6hen, indem wir die Qualit\u00e4t, Sicherheit und Wirksamkeit unserer Produkte in den Vordergrund stellen.<\/div><\/div><div class=\"x-col e379-e16 maj-m maj-p\"><div class=\"x-text x-text-headline e379-e17 maj-r maj-t maj-w maj-x maj-10 maj-11\"><div class=\"x-text-content\"><div class=\"x-text-content-text\"><h2 class=\"x-text-content-text-primary\">Unser Leitbild<\/h2><\/div><\/div><\/div><div class=\"x-text x-content e379-e18 maj-13 maj-15 maj-16 maj-18 maj-1a\">Unser Ziel ist es, in der Biotechnologie und Nahrungserg\u00e4nzung f\u00fchrend zu sein und Produkte anzubieten, die den h\u00f6chsten Anspr\u00fcchen unserer Kunden gerecht werden. Wir glauben an die Kraft von Wissenschaft und Technologie. Deshalb investieren wir kontinuierlich in Forschung und Entwicklung, um innovative L\u00f6sungen zur Unterst\u00fctzung der Gesundheit anzubieten.<\/div><\/div><\/div><\/div><\/div><div class=\"x-section e379-e19 maj-0 maj-2 maj-3 maj-4\"><div class=\"x-row x-container max width e379-e20 maj-8 maj-9 maj-d maj-h\"><div class=\"x-row-inner\"><div class=\"x-col e379-e21 maj-m maj-n\"><div class=\"x-text x-text-headline e379-e22 maj-q maj-r maj-v maj-x maj-y maj-z maj-10\"><div class=\"x-text-content\"><div class=\"x-text-content-text\"><h2 class=\"x-text-content-text-primary\">Unsere Werte<\/h2><\/div><\/div><\/div><\/div><\/div><\/div><div class=\"x-row x-container max width e379-e23 maj-8 maj-9 maj-c maj-d maj-i\"><div class=\"x-row-inner\"><div class=\"x-col e379-e24 maj-m maj-n\"><div class=\"x-grid x-container max width e379-e25 maj-1g maj-1h maj-1i\"><div class=\"x-cell e379-e26 maj-1m maj-1n maj-1o\"><div class=\"x-text x-text-headline e379-e27 maj-r maj-u maj-w maj-y maj-10 maj-12\"><div class=\"x-text-content\"><div class=\"x-text-content-text\"><p class=\"x-text-content-text-primary\">Qualit\u00e4t<\/p><\/div><\/div><\/div><div class=\"x-text x-content e379-e28 maj-13 maj-14 maj-15 maj-1b\"><p>Jedes Produkt, das unser Unternehmen verl\u00e4sst, wird strengen Qualit\u00e4tspr\u00fcfungen unterzogen. Wir<br \/>\num sicherzustellen, dass unsere Produkte sicher und wirksam sind.<\/p><\/div><\/div><div class=\"x-cell e379-e29 maj-1m maj-1n maj-1p\"><i class=\"x-icon e379-e30 maj-1z\" aria-hidden=\"true\" data-x-icon-o=\"&#xe41c;\"><\/i><\/div><div class=\"x-cell e379-e31 maj-1m maj-1n maj-1o\"><div class=\"x-text x-text-headline e379-e32 maj-r maj-u maj-w maj-y maj-10 maj-12\"><div class=\"x-text-content\"><div class=\"x-text-content-text\"><p class=\"x-text-content-text-primary\">Innovation<\/p><\/div><\/div><\/div><div class=\"x-text x-content e379-e33 maj-13 maj-14 maj-15 maj-1b\"><p>Wir sind st\u00e4ndig auf der Suche nach neuen Methoden und Technologien zur Verbesserung unserer<br \/>\nProdukte zu entwickeln und innovative L\u00f6sungen auf den Markt zu bringen.<\/p><\/div><\/div><div class=\"x-cell e379-e34 maj-1m maj-1n maj-1p\"><i class=\"x-icon e379-e35 maj-1z\" aria-hidden=\"true\" data-x-icon-l=\"&#xe027;\"><\/i><\/div><\/div><\/div><div class=\"x-col x-hide-md x-hide-sm x-hide-xs e379-e36 maj-m maj-n\"><span class=\"x-image e379-e37 maj-1d maj-1e\"><img decoding=\"async\" src=\"https:\/\/powerockpharma.com\/wp-content\/uploads\/2024\/08\/HARDCORE-sarm.webp\" width=\"1200\" height=\"1261\" alt=\"Hardcore sarm\" loading=\"lazy\"><\/span><\/div><div class=\"x-col e379-e38 maj-m maj-n\"><div class=\"x-grid x-container max width e379-e39 maj-1g maj-1h maj-1j maj-1k\"><div class=\"x-cell e379-e40 maj-1m maj-1n maj-1p\"><i class=\"x-icon e379-e41 maj-1z\" aria-hidden=\"true\" data-x-icon-l=\"&#xf4c6;\"><\/i><\/div><div class=\"x-cell e379-e42 maj-1m maj-1n maj-1o\"><div class=\"x-text x-text-headline e379-e43 maj-r maj-u maj-w maj-y maj-10 maj-12\"><div class=\"x-text-content\"><div class=\"x-text-content-text\"><p class=\"x-text-content-text-primary\">Vertrauen<\/p><\/div><\/div><\/div><div class=\"x-text x-content e379-e44 maj-13 maj-14 maj-15 maj-1b\"><p>Wir bauen langfristige Beziehungen zu unseren Kunden auf, die auf Transparenz und<br \/>\nVertrauen.<\/p><\/div><\/div><div class=\"x-cell e379-e45 maj-1m maj-1n maj-1p\"><i class=\"x-icon e379-e46 maj-1z\" aria-hidden=\"true\" data-x-icon-l=\"&#xf0ac;\"><\/i><\/div><div class=\"x-cell e379-e47 maj-1m maj-1n maj-1o\"><div class=\"x-text x-text-headline e379-e48 maj-r maj-u maj-w maj-y maj-10 maj-12\"><div class=\"x-text-content\"><div class=\"x-text-content-text\"><p class=\"x-text-content-text-primary\">Verantwortung<\/p><\/div><\/div><\/div><div class=\"x-text x-content e379-e49 maj-13 maj-14 maj-15 maj-1b\"><p>Wir sind verantwortlich f\u00fcr die Auswirkungen unserer Aktivit\u00e4ten auf die Umwelt und<br \/>\nGesellschaft. Wir arbeiten nach den h\u00f6chsten ethischen und rechtlichen Standards.<\/p><\/div><\/div><\/div><\/div><\/div><\/div><\/div><div class=\"x-section e379-e50 maj-0 maj-2 maj-3 maj-6\"><div class=\"x-row x-container max width e379-e51 maj-8 maj-9 maj-d maj-j\"><div class=\"x-row-inner\"><div class=\"x-col e379-e52 maj-m maj-n\"><div class=\"x-text x-text-headline e379-e53 maj-q maj-r maj-v maj-x maj-y maj-z maj-10\"><div class=\"x-text-content\"><div class=\"x-text-content-text\"><h2 class=\"x-text-content-text-primary\">Unser Team<\/h2><\/div><\/div><\/div><span class=\"x-image e379-e54 maj-1d maj-1f\"><img decoding=\"async\" src=\"https:\/\/powerockpharma.com\/wp-content\/uploads\/2024\/08\/our-team-powerock-pharma.webp\" width=\"1400\" height=\"785\" alt=\"Unser Team Powerock Pharma\" loading=\"lazy\"><\/span><div class=\"x-text x-content e379-e55 maj-13 maj-14 maj-16 maj-17 maj-1c\"><p>Unser Team besteht aus erfahrenen Fachleuten aus den Bereichen Chemie, Biotechnologie und Medizin, die mit Leidenschaft und Engagement Produkte von h\u00f6chster Qualit\u00e4t herstellen. Dank ihres Wissens und ihrer Erfahrung ist Powerock Pharma ein Synonym f\u00fcr Innovation und Zuverl\u00e4ssigkeit in der pharmazeutischen Industrie.<\/p>\n<p>Wir laden Sie ein, mit uns zusammenzuarbeiten und sich in die Reihe der zufriedenen Kunden von Powerock Pharma einzureihen, wo Qualit\u00e4t und Innovation Hand in Hand mit dem Engagement f\u00fcr die Gesundheit und das Wohlbefinden unserer Anwender gehen.<\/p><\/div><\/div><\/div><\/div><\/div><div class=\"x-section e379-e56 maj-0 maj-2 maj-3 maj-7\"><div class=\"x-row x-container max width e379-e57 maj-8 maj-9 maj-d maj-k\"><div class=\"x-row-inner\"><div class=\"x-col e379-e58 maj-m maj-n\"><div class=\"x-text x-text-headline e379-e59 maj-q maj-r maj-v maj-x maj-y maj-z maj-10\"><div class=\"x-text-content\"><div class=\"x-text-content-text\"><h2 class=\"x-text-content-text-primary\">Unsere Produkte<\/h2><\/div><\/div><\/div><\/div><\/div><\/div><div class=\"x-row x-container max width e379-e60 maj-8 maj-9 maj-d maj-l\"><div class=\"x-row-inner\"><div class=\"x-col e379-e61 maj-m maj-n\"><div class=\"x-grid x-container max width e379-e62 maj-1g maj-1j maj-1l\"><div class=\"x-cell e379-e63 maj-1n maj-1o maj-1q maj-1r maj-1s\"><a class=\"x-div e379-e64 maj-20\" href=\"\/de\/peptide-lyophilizates\/\"><div class=\"x-text x-text-headline e379-e65 maj-r maj-u maj-w maj-y maj-10 maj-12\"><div class=\"x-text-content\"><div class=\"x-text-content-text\"><p class=\"x-text-content-text-primary\">Peptid-Lyophilisate<\/p><\/div><\/div><\/div><div class=\"x-text x-content e379-e66 maj-13 maj-14 maj-15 maj-1b\"><p>Schl\u00fcsselinstrumente in der wissenschaftlichen Forschung und der Medizin, die ein breites\nAnwendungen in Diagnostik und Therapie.<\/p><\/div><\/a><\/div><div class=\"x-cell e379-e67 maj-1n maj-1o maj-1r maj-1s maj-1t maj-1u\"><a class=\"x-div e379-e68 maj-20\" href=\"\/de\/sarms\/\"><div class=\"x-text x-text-headline e379-e69 maj-r maj-u maj-w maj-y maj-10 maj-12\"><div class=\"x-text-content\"><div class=\"x-text-content-text\"><p class=\"x-text-content-text-primary\">SARMs<\/p><\/div><\/div><\/div><div class=\"x-text x-content e379-e70 maj-13 maj-14 maj-15 maj-1b\"><p>Selektive Androgenrezeptormodulatoren mit Anwendungen im Muskelaufbau und in der Therapie verschiedener Erkrankungen.<\/p><\/div><\/a><\/div><div class=\"x-cell e379-e71 maj-1n maj-1o maj-1r maj-1u maj-1v maj-1w\"><a class=\"x-div e379-e72 maj-20\" href=\"\/de\/nootropics\/\"><div class=\"x-text x-text-headline e379-e73 maj-r maj-u maj-w maj-y maj-10 maj-12\"><div class=\"x-text-content\"><div class=\"x-text-content-text\"><p class=\"x-text-content-text-primary\">Nootropika<\/p><\/div><\/div><\/div><div class=\"x-text x-content e379-e74 maj-13 maj-14 maj-15 maj-1b\">Substanzen, die die kognitiven Funktionen, das Ged\u00e4chtnis und die Konzentration unterst\u00fctzen, ideal\nf\u00fcr alle, die eine intellektuelle Unterst\u00fctzung suchen, um die Produktivit\u00e4t und geistige Klarheit zu steigern.<\/div><\/a><\/div><div class=\"x-cell e379-e75 maj-1n maj-1o maj-1r maj-1u maj-1w maj-1x\"><div class=\"x-div e379-e76 maj-20\"><div class=\"x-text x-text-headline e379-e77 maj-r maj-u maj-w maj-y maj-10 maj-12\"><div class=\"x-text-content\"><div class=\"x-text-content-text\"><p class=\"x-text-content-text-primary\">Yohimbin<\/p><\/div><\/div><\/div><div class=\"x-text x-content e379-e78 maj-13 maj-14 maj-15 maj-1b\">Ein nat\u00fcrliches Alkaloid, das als Nahrungserg\u00e4nzungsmittel verwendet wird, um K\u00f6rperfett zu reduzieren und die k\u00f6rperliche Leistungsf\u00e4higkeit zu verbessern.<\/div><\/div><\/div><div class=\"x-cell e379-e79 maj-1n maj-1o maj-1r maj-1u maj-1w maj-1y\"><div class=\"x-div e379-e80 maj-20\"><div class=\"x-text x-text-headline e379-e81 maj-r maj-u maj-w maj-y maj-10 maj-12\"><div class=\"x-text-content\"><div class=\"x-text-content-text\"><p class=\"x-text-content-text-primary\">Andere Reagenzien<\/p><\/div><\/div><\/div><div class=\"x-text x-content e379-e82 maj-13 maj-14 maj-15 maj-1b\"><p>Wir erweitern st\u00e4ndig unsere Produktpalette durch die Einf\u00fchrung neuer chemischer\nReagenzien. Dar\u00fcber hinaus haben wir eine breite Palette zus\u00e4tzlicher Reagenzien, die auf Kundenwunsch erh\u00e4ltlich sind.<\/p><\/div><\/div><\/div><\/div><\/div><\/div><\/div><\/div><\/div>","protected":false},"excerpt":{"rendered":"<p>About usWho we arePowerock Pharma is a rapidly growing medical company that specializes in the production of top-quality chemical reagents and dietary supplements. Our product portfolio includes a wide range of products such as peptide lyophilizates, SARMs, nootropics, which support cognitive function, and various forms of yohimbine and supplements. We are constantly expanding our product line by introducing new chemical &#8230; <\/p>\n<div><a href=\"https:\/\/powerockpharma.com\/de\/uber-uns\/\" class=\"more-link\">Read More<\/a><\/div>","protected":false},"author":1,"featured_media":0,"parent":0,"menu_order":0,"comment_status":"closed","ping_status":"closed","template":"template-blank-4.php","meta":{"_acf_changed":false,"rank_math_lock_modified_date":false,"inline_featured_image":false,"footnotes":""},"class_list":["post-379","page","type-page","status-publish","hentry","no-post-thumbnail"],"acf":[],"_links":{"self":[{"href":"https:\/\/powerockpharma.com\/de\/wp-json\/wp\/v2\/pages\/379","targetHints":{"allow":["GET"]}}],"collection":[{"href":"https:\/\/powerockpharma.com\/de\/wp-json\/wp\/v2\/pages"}],"about":[{"href":"https:\/\/powerockpharma.com\/de\/wp-json\/wp\/v2\/types\/page"}],"author":[{"embeddable":true,"href":"https:\/\/powerockpharma.com\/de\/wp-json\/wp\/v2\/users\/1"}],"replies":[{"embeddable":true,"href":"https:\/\/powerockpharma.com\/de\/wp-json\/wp\/v2\/comments?post=379"}],"version-history":[{"count":11,"href":"https:\/\/powerockpharma.com\/de\/wp-json\/wp\/v2\/pages\/379\/revisions"}],"predecessor-version":[{"id":412,"href":"https:\/\/powerockpharma.com\/de\/wp-json\/wp\/v2\/pages\/379\/revisions\/412"}],"wp:attachment":[{"href":"https:\/\/powerockpharma.com\/de\/wp-json\/wp\/v2\/media?parent=379"}],"curies":[{"name":"wp","href":"https:\/\/api.w.org\/{rel}","templated":true}]}}