{"id":416,"date":"2024-08-23T07:31:15","date_gmt":"2024-08-23T05:31:15","guid":{"rendered":"https:\/\/powerockpharma.com\/?page_id=416"},"modified":"2024-08-24T12:54:22","modified_gmt":"2024-08-24T10:54:22","slug":"quality-control","status":"publish","type":"page","link":"https:\/\/powerockpharma.com\/de\/qualitatskontrolle\/","title":{"rendered":"Qualit\u00e4tskontrolle"},"content":{"rendered":"<div id=\"cs-content\" class=\"cs-content\"><div class=\"x-section e416-e1 mbk-0\"><div class=\"x-row x-container max width e416-e2 mbk-1 mbk-2 mbk-5 mbk-6\"><div class=\"x-row-inner\"><div class=\"x-col e416-e3 mbk-c\"><div class=\"x-text x-text-headline e416-e4 mbk-d mbk-e mbk-f\"><div class=\"x-text-content\"><div class=\"x-text-content-text\"><h1 class=\"x-text-content-text-primary\">Qualit\u00e4tskontrolle<\/h1><\/div><\/div><\/div><\/div><\/div><\/div><div class=\"x-row x-container max width e416-e5 mbk-1 mbk-2 mbk-5 mbk-7\"><div class=\"x-row-inner\"><div class=\"x-col e416-e6 mbk-c\"><div class=\"x-text x-content e416-e7 mbk-i mbk-j\">Bei Powerock Pharma legen wir gro\u00dfen Wert auf die Qualit\u00e4t unserer Produkte. Durch rigorose Standards und strenge Qualit\u00e4tskontrollverfahren stellen wir sicher, dass unsere chemischen Reagenzien und Nahrungserg\u00e4nzungsmittel den h\u00f6chsten Sicherheits- und Wirksamkeitsanforderungen entsprechen. Unser Unternehmen h\u00e4lt sich an die GMP-, HACCP- und ISO 13485-Normen.<\/div><\/div><\/div><\/div><div class=\"x-row x-container max width e416-e8 mbk-1 mbk-3 mbk-5 mbk-8\"><div class=\"x-row-inner\"><div class=\"x-col e416-e9 mbk-c\"><span class=\"x-image e416-e10 mbk-l mbk-m\"><img decoding=\"async\" src=\"https:\/\/powerockpharma.com\/wp-content\/uploads\/2024\/08\/logo-gmp-black.svg\" width=\"300\" height=\"300\" alt=\"Schwarzes GMP-Zertifikat\" loading=\"lazy\"><\/span><\/div><div class=\"x-col e416-e11 mbk-c\"><div class=\"x-text x-text-headline e416-e12 mbk-d mbk-g mbk-h\"><div class=\"x-text-content\"><div class=\"x-text-content-text\"><h2 class=\"x-text-content-text-primary\">GMP (Gute Herstellungspraxis)<\/h2><\/div><\/div><\/div><div class=\"x-text x-content e416-e13 mbk-i mbk-j\"><p><strong>Gute Herstellungspraxis (GMP)<\/strong> ist eine Reihe von Regeln und Verfahren, die bei der Herstellung von Arzneimitteln, Nahrungserg\u00e4nzungsmitteln und chemischen Reagenzien eingehalten werden m\u00fcssen. Unter <strong>Powerock Pharma<\/strong>halten wir uns an die GMP-Standards, um sicherzustellen:<\/p>\n\n<ul>\n \t<li style=\"text-align: left;\">Sauberkeit und Hygiene w\u00e4hrend des gesamten Herstellungsprozesses.<\/li>\n \t<li style=\"text-align: left;\">Strenge Qualit\u00e4tskontrolle in jeder Phase der Produktion.<\/li>\n \t<li style=\"text-align: left;\">Die Sicherheit und Wirksamkeit unserer Produkte.<\/li>\n \t<li style=\"text-align: left;\">Gr\u00fcndliche Dokumentation aller Prozesse, die die R\u00fcckverfolgbarkeit jedes Produktionsschritts erm\u00f6glicht.<\/li>\n<\/ul>\n<div id=\"gtx-trans\" style=\"position: absolute; left: 21px; top: 78px;\">\n<div class=\"gtx-trans-icon\"><\/div>\n<\/div><\/div><\/div><\/div><\/div><div class=\"x-row x-container max width e416-e14 mbk-1 mbk-3 mbk-4 mbk-5 mbk-9 haacp-row\"><div class=\"x-row-inner\"><div class=\"x-col e416-e15 mbk-c haacp-row-2\"><div class=\"x-text x-text-headline e416-e16 mbk-d mbk-g mbk-h\"><div class=\"x-text-content\"><div class=\"x-text-content-text\"><h2 class=\"x-text-content-text-primary\">HACCP (Gef\u00e4hrdungsanalyse und kritische Kontrollpunkte)<\/h2><\/div><\/div><\/div><div class=\"x-text x-content e416-e17 mbk-i mbk-j\"><p>Gef\u00e4hrdung <strong>Analyse und kritische Kontrollpunkte (HACCP)<\/strong> ist ein Managementsystem zur Ermittlung, Bewertung und Kontrolle von Gefahren, die die Lebensmittelsicherheit beeintr\u00e4chtigen k\u00f6nnen. Unter <strong>Powerock Pharma<\/strong>haben wir HACCP eingef\u00fchrt, um:<\/p>\n\n<ul>\n \t<li style=\"text-align: left;\">Identifizieren Sie potenzielle Gefahren in jeder Phase der Produktion.<\/li>\n \t<li style=\"text-align: left;\">Ermitteln Sie kritische Kontrollpunkte, an denen Gefahren wirksam bek\u00e4mpft werden k\u00f6nnen.<\/li>\n \t<li style=\"text-align: left;\">\u00dcberwachung kritischer Kontrollpunkte und Ergreifen von Korrekturma\u00dfnahmen, wenn Unregelm\u00e4\u00dfigkeiten festgestellt werden.<\/li>\n \t<li style=\"text-align: left;\">Gew\u00e4hrleistung der Sicherheit und h\u00f6chsten Qualit\u00e4t unserer Nahrungserg\u00e4nzungsmittel.<\/li>\n<\/ul><\/div><\/div><div class=\"x-col e416-e18 mbk-c .haacp-row-1\"><span class=\"x-image e416-e19 mbk-l mbk-m\"><img decoding=\"async\" src=\"https:\/\/powerockpharma.com\/wp-content\/uploads\/2024\/08\/logo-haacp-black.svg\" width=\"300\" height=\"300\" alt=\"HACCP-Schwarzes Zertifikat\" loading=\"lazy\"><\/span><\/div><\/div><\/div><div class=\"x-row x-container max width e416-e20 mbk-1 mbk-3 mbk-5 mbk-a\"><div class=\"x-row-inner\"><div class=\"x-col e416-e21 mbk-c\"><span class=\"x-image e416-e22 mbk-l mbk-m\"><img decoding=\"async\" src=\"https:\/\/powerockpharma.com\/wp-content\/uploads\/2024\/08\/logo-iso-black.svg\" width=\"300\" height=\"300\" alt=\"ISO 13485 Schwarzes Zertifikat\" loading=\"lazy\"><\/span><\/div><div class=\"x-col e416-e23 mbk-c\"><div class=\"x-text x-text-headline e416-e24 mbk-d mbk-g mbk-h\"><div class=\"x-text-content\"><div class=\"x-text-content-text\"><h2 class=\"x-text-content-text-primary\">ISO 13485-Zertifizierung<\/h2><\/div><\/div><\/div><div class=\"x-text x-content e416-e25 mbk-i mbk-j\"><p>ISO 13485 ist die internationale Norm f\u00fcr Qualit\u00e4tsmanagementsysteme in der medizinischen Industrie. Die Zertifizierung nach ISO 13485 best\u00e4tigt, dass Powerock Pharma:<\/p>\n\n<ul>\n \t<li style=\"text-align: left;\">H\u00e4lt sich an strenge Qualit\u00e4tsmanagementverfahren.<\/li>\n \t<li style=\"text-align: left;\">Beh\u00e4lt die hohen Produktionsstandards bei, die in der medizinischen Industrie unerl\u00e4sslich sind.<\/li>\n \t<li style=\"text-align: left;\">Gew\u00e4hrleistet die Einhaltung der gesetzlichen und beh\u00f6rdlichen Vorschriften f\u00fcr Medizinprodukte.<\/li>\n \t<li style=\"text-align: left;\">F\u00fchrt systematische Audits und Inspektionen durch, um die Prozesse kontinuierlich zu verbessern.<\/li>\n<\/ul><\/div><\/div><\/div><\/div><div class=\"x-row x-container max width e416-e26 mbk-1 mbk-2 mbk-5 mbk-b\"><div class=\"x-row-inner\"><div class=\"x-col e416-e27 mbk-c\"><div class=\"x-text x-text-headline e416-e28 mbk-d mbk-f mbk-g\"><div class=\"x-text-content\"><div class=\"x-text-content-text\"><h2 class=\"x-text-content-text-primary\">Bei Powerock Pharma:<\/h2><\/div><\/div><\/div><span class=\"x-image e416-e29 mbk-l mbk-n\"><img decoding=\"async\" src=\"https:\/\/powerockpharma.com\/wp-content\/uploads\/2024\/08\/what-we-do.webp\" width=\"1300\" height=\"500\" alt=\"was wir tun\" loading=\"lazy\"><\/span><div class=\"x-text x-content e416-e30 mbk-j mbk-k\"><div class=\"timeline\">\n<div class=\"timeline-item\">\n<div class=\"circle\"><i class=\"fa-solid fa-user-graduate\"><\/i><\/div>\n<div class=\"content\">\n<h3>Wir schulen unser Personal<\/h3>\n<p>Wir schulen unsere Mitarbeiter nach den neuesten Qualit\u00e4tsstandards und Verfahren.<\/p>\n\n<\/div>\n<\/div>\n<div class=\"timeline-item\">\n<div class=\"circle\"><i class=\"fa-solid fa-vials\"><\/i><\/div>\n<div class=\"content\">\n<h3>Wir investieren in Technologie<\/h3>\n<p>Wir investieren in modernste Technologie und Ausr\u00fcstung f\u00fcr eine pr\u00e4zise Qualit\u00e4tskontrolle.<\/p>\n\n<\/div>\n<\/div>\n<div class=\"timeline-item\">\n<div class=\"circle\"><i class=\"fa-solid fa-microscope\"><\/i><\/div>\n<div class=\"content\">\n<h3>Wir arbeiten extern zusammen<\/h3>\n<p>Wir arbeiten mit externen Labors und Experten zusammen, um eine unabh\u00e4ngige Bewertung unserer Produkte zu gew\u00e4hrleisten.<\/p>\n\n<\/div>\n<\/div>\n<div class=\"timeline-item\">\n<div class=\"circle\"><i class=\"fa-solid fa-shield-alt\"><\/i><\/div>\n<div class=\"content\">\n<h3>Wir streben nach Spitzenleistungen<\/h3>\n<p>Wir streben st\u00e4ndig nach Spitzenleistungen, um unseren Kunden Produkte zu liefern, denen sie vertrauen k\u00f6nnen.<\/p>\n\n<\/div>\n<\/div>\n<\/div><\/div><div class=\"x-text x-content e416-e31 mbk-j mbk-k\"><div class=\"quality-banner\">\n    Durch die Umsetzung und strikte Befolgung der <strong>GMP<\/strong>, <strong>HACCP<\/strong>und <strong>ISO 13485<\/strong> Standards gew\u00e4hrleistet Powerock Pharma, dass jedes Produkt, das unsere Einrichtungen verl\u00e4sst, sicher, wirksam und von h\u00f6chster Qualit\u00e4t ist.\n<\/div>\n<\/div><\/div><\/div><\/div><\/div><\/div>","protected":false},"excerpt":{"rendered":"<p>Quality controlAt Powerock Pharma, we place great emphasis on the quality of our products. Through rigorous standards and strict quality control procedures, we ensure that our chemical reagents and dietary supplements meet the highest safety and efficacy requirements. Our company adheres to GMP, HACCP, and ISO 13485 standards.GMP (Good Manufacturing Practice)Good Manufacturing Practice (GMP) is a set of rules and &#8230; <\/p>\n<div><a href=\"https:\/\/powerockpharma.com\/de\/qualitatskontrolle\/\" class=\"more-link\">Read More<\/a><\/div>","protected":false},"author":1,"featured_media":0,"parent":0,"menu_order":0,"comment_status":"closed","ping_status":"closed","template":"template-blank-4.php","meta":{"_acf_changed":false,"rank_math_lock_modified_date":false,"inline_featured_image":false,"footnotes":""},"class_list":["post-416","page","type-page","status-publish","hentry","no-post-thumbnail"],"acf":[],"_links":{"self":[{"href":"https:\/\/powerockpharma.com\/de\/wp-json\/wp\/v2\/pages\/416","targetHints":{"allow":["GET"]}}],"collection":[{"href":"https:\/\/powerockpharma.com\/de\/wp-json\/wp\/v2\/pages"}],"about":[{"href":"https:\/\/powerockpharma.com\/de\/wp-json\/wp\/v2\/types\/page"}],"author":[{"embeddable":true,"href":"https:\/\/powerockpharma.com\/de\/wp-json\/wp\/v2\/users\/1"}],"replies":[{"embeddable":true,"href":"https:\/\/powerockpharma.com\/de\/wp-json\/wp\/v2\/comments?post=416"}],"version-history":[{"count":5,"href":"https:\/\/powerockpharma.com\/de\/wp-json\/wp\/v2\/pages\/416\/revisions"}],"predecessor-version":[{"id":430,"href":"https:\/\/powerockpharma.com\/de\/wp-json\/wp\/v2\/pages\/416\/revisions\/430"}],"wp:attachment":[{"href":"https:\/\/powerockpharma.com\/de\/wp-json\/wp\/v2\/media?parent=416"}],"curies":[{"name":"wp","href":"https:\/\/api.w.org\/{rel}","templated":true}]}}