{"id":437,"date":"2024-08-26T23:33:43","date_gmt":"2024-08-26T21:33:43","guid":{"rendered":"https:\/\/powerockpharma.com\/?page_id=437"},"modified":"2024-08-26T23:33:47","modified_gmt":"2024-08-26T21:33:47","slug":"terms-of-service","status":"publish","type":"page","link":"https:\/\/powerockpharma.com\/de\/servicebedingungen\/","title":{"rendered":"Bedingungen der Dienstleistung"},"content":{"rendered":"<p>1. <strong>Einf\u00fchrung<\/strong><\/p>\n<p>Willkommen bei <strong>Powerock Pharma LLC<\/strong> (\"Unternehmen\", \"wir\", \"unser\", \"uns\")!<\/p>\n<p>Diese Nutzungsbedingungen (\"Bedingungen\", \"Terms of Service\") regeln Ihre Nutzung unserer Website unter der Adresse <strong>https:\/\/powerockpharma.com\/<\/strong> (zusammen oder einzeln \"Dienst\"), betrieben von <strong>Powerock Pharma LLC<\/strong>.<\/p>\n<p>Unsere Datenschutzrichtlinie regelt auch Ihre Nutzung unseres Dienstes und erkl\u00e4rt, wie wir Informationen, die sich aus Ihrer Nutzung unserer Webseiten ergeben, sammeln, sch\u00fctzen und weitergeben.<\/p>\n<p>Ihre Vereinbarung mit uns umfasst diese Bedingungen und unsere Datenschutzrichtlinie (\"Vereinbarungen\"). Sie best\u00e4tigen, dass Sie die Vereinbarungen gelesen und verstanden haben, und erkl\u00e4ren sich damit einverstanden, an diese gebunden zu sein.<\/p>\n<p>Wenn Sie mit den Vereinbarungen nicht einverstanden sind (oder diese nicht einhalten k\u00f6nnen), d\u00fcrfen Sie den Dienst nicht nutzen, sondern m\u00fcssen uns dies per E-Mail an <strong>powerockpharma@pm.me<\/strong> damit wir versuchen k\u00f6nnen, eine L\u00f6sung zu finden. Diese Bedingungen gelten f\u00fcr alle Besucher, Nutzer und andere, die auf den Dienst zugreifen oder ihn nutzen m\u00f6chten.<\/p>\n<p>2. <strong>Kommunikation<\/strong><\/p>\n<p>Durch die Nutzung unseres Dienstes erkl\u00e4ren Sie sich damit einverstanden, Newsletter, Marketing- oder Werbematerialien und andere Informationen zu abonnieren, die wir m\u00f6glicherweise senden. Sie k\u00f6nnen jedoch den Erhalt einzelner oder aller dieser Mitteilungen von uns abbestellen, indem Sie dem Abmeldelink folgen oder eine E-Mail an powerockpharma@pm.me senden.<\/p>\n<p>3. <strong>K\u00e4ufe<\/strong><\/p>\n<p>Wenn Sie ein Produkt oder eine Dienstleistung kaufen m\u00f6chten, die durch den Service zur Verf\u00fcgung gestellt werden (\"Kauf\"), werden Sie m\u00f6glicherweise aufgefordert, bestimmte Informationen zu Ihrem Kauf anzugeben, einschlie\u00dflich, aber nicht beschr\u00e4nkt auf Ihre Kredit- oder Debitkartennummer, das Ablaufdatum Ihrer Karte, Ihre Rechnungsadresse und Ihre Versandinformationen.<\/p>\n<p>Sie erkl\u00e4ren und garantieren, dass: (i) Sie rechtlich befugt sind, Karten oder andere Zahlungsmittel in Verbindung mit einem Kauf zu verwenden, und dass (ii) die von Ihnen gemachten Angaben wahrheitsgem\u00e4\u00df, korrekt und vollst\u00e4ndig sind.<\/p>\n<p>Wir k\u00f6nnen die Dienste Dritter in Anspruch nehmen, um die Zahlung und den Abschluss von K\u00e4ufen zu erleichtern. Durch die \u00dcbermittlung Ihrer Daten gew\u00e4hren Sie uns das Recht, die Daten gem\u00e4\u00df unserer Datenschutzrichtlinie an diese Dritten weiterzugeben.<\/p>\n<p>Wir behalten uns das Recht vor, Ihre Bestellung jederzeit aus folgenden Gr\u00fcnden abzulehnen oder zu stornieren: Verf\u00fcgbarkeit des Produkts oder der Dienstleistung, Fehler in der Beschreibung oder im Preis des Produkts oder der Dienstleistung, Fehler in Ihrer Bestellung oder andere Gr\u00fcnde.<\/p>\n<p>Wir behalten uns das Recht vor, Ihre Bestellung abzulehnen oder zu stornieren, wenn der Verdacht auf Betrug oder eine nicht autorisierte oder illegale Transaktion besteht.<\/p>\n<p>4. <strong>Wettbewerbe, Preisausschreiben und Werbeaktionen<\/strong><\/p>\n<p>Wettbewerbe, Verlosungen oder andere Werbeaktionen (zusammenfassend \"Werbeaktionen\"), die \u00fcber den Service zur Verf\u00fcgung gestellt werden, k\u00f6nnen Regeln unterliegen, die von diesen Nutzungsbedingungen getrennt sind. Wenn Sie an einer Werbeaktion teilnehmen, lesen Sie bitte die entsprechenden Regeln sowie unsere Datenschutzrichtlinie. Wenn die Regeln f\u00fcr eine Werbeaktion im Widerspruch zu diesen Nutzungsbedingungen stehen, gelten die Regeln der Werbeaktion.<\/p>\n<p>5. <strong>Erstattungen<\/strong><\/p>\n<p>Wir gew\u00e4hren Erstattungen f\u00fcr Vertr\u00e4ge innerhalb von <strong>14 Tage<\/strong> des urspr\u00fcnglichen Kaufs des Vertrags.<\/p>\n<p>6. <strong>Inhalt<\/strong><\/p>\n<p>Inhalte, die auf oder durch diesen Dienst gefunden werden, sind Eigentum von Powerock Pharma LLC oder werden mit Genehmigung verwendet. Sie d\u00fcrfen diese Inhalte ohne unsere ausdr\u00fcckliche vorherige schriftliche Genehmigung weder ganz noch teilweise f\u00fcr kommerzielle Zwecke oder zur pers\u00f6nlichen Bereicherung verbreiten, ver\u00e4ndern, \u00fcbertragen, wiederverwenden, herunterladen, erneut ver\u00f6ffentlichen, kopieren oder nutzen.<\/p>\n<p>7. <strong>Verbotene Verwendungen<\/strong><\/p>\n<p>Sie d\u00fcrfen den Service nur f\u00fcr rechtm\u00e4\u00dfige Zwecke und in \u00dcbereinstimmung mit den Bedingungen nutzen. Sie verpflichten sich, den Service nicht zu nutzen:<\/p>\n<p>0.1. In irgendeiner Weise, die gegen geltende nationale oder internationale Gesetze oder Vorschriften verst\u00f6\u00dft.<\/p>\n<p>0.2. Zu dem Zweck, Minderj\u00e4hrige in irgendeiner Weise auszubeuten, zu sch\u00e4digen oder zu versuchen, sie auszubeuten oder zu sch\u00e4digen, indem man sie unangemessenen Inhalten oder anderweitig aussetzt.<\/p>\n<p>0.3. Die \u00dcbermittlung oder Veranlassung der \u00dcbermittlung von Werbe- oder Verkaufsf\u00f6rderungsmaterial, einschlie\u00dflich \"Junk-Mail\", \"Kettenbriefe\", \"Spam\" oder andere \u00e4hnliche Aufforderungen.<\/p>\n<p>0.4. Sich als das Unternehmen, einen Mitarbeiter des Unternehmens, einen anderen Benutzer oder eine andere Person oder Einrichtung auszugeben oder dies zu versuchen.<\/p>\n<p>0.5. In irgendeiner Weise, die die Rechte anderer verletzt oder in irgendeiner Weise illegal, bedrohlich, betr\u00fcgerisch oder sch\u00e4dlich ist oder in Verbindung mit einem ungesetzlichen, illegalen, betr\u00fcgerischen oder sch\u00e4dlichen Zweck oder einer Aktivit\u00e4t.<\/p>\n<p>0.6. Sich an einem anderen Verhalten zu beteiligen, das die Nutzung oder den Genuss des Dienstes durch andere einschr\u00e4nkt oder behindert oder das nach unserer Einsch\u00e4tzung dem Unternehmen oder den Nutzern des Dienstes schaden oder sie einer Haftung aussetzen k\u00f6nnte.<\/p>\n<p>Au\u00dferdem verpflichten Sie sich, Folgendes zu unterlassen:<\/p>\n<p>0.1. Den Dienst in einer Weise zu nutzen, die den Dienst deaktivieren, \u00fcberlasten, besch\u00e4digen oder beeintr\u00e4chtigen oder die Nutzung des Dienstes durch andere Parteien st\u00f6ren k\u00f6nnte, einschlie\u00dflich deren F\u00e4higkeit, sich an Echtzeitaktivit\u00e4ten \u00fcber den Dienst zu beteiligen.<\/p>\n<p>0.2. Die Verwendung von Robotern, Spidern oder anderen automatischen Ger\u00e4ten, Prozessen oder Mitteln f\u00fcr den Zugriff auf den Dienst zu irgendeinem Zweck, einschlie\u00dflich der \u00dcberwachung oder des Kopierens von Material im Dienst.<\/p>\n<p>0.3. Manuelle Verfahren zum \u00dcberwachen oder Kopieren von Material auf dem Service oder zu anderen nicht autorisierten Zwecken ohne unsere vorherige schriftliche Zustimmung zu verwenden.<\/p>\n<p>0.4. Verwendung von Ger\u00e4ten, Software oder Routinen, die das ordnungsgem\u00e4\u00dfe Funktionieren des Dienstes beeintr\u00e4chtigen.<\/p>\n<p>0.5. Viren, trojanische Pferde, W\u00fcrmer, logische Bomben oder anderes b\u00f6sartiges oder technologisch sch\u00e4dliches Material einzuschleusen.<\/p>\n<p>0.6. Der Versuch, unbefugten Zugriff auf Teile des Dienstes, den Server, auf dem der Dienst gespeichert ist, oder einen mit dem Dienst verbundenen Server, Computer oder eine Datenbank zu erlangen, zu st\u00f6ren, zu besch\u00e4digen oder zu unterbrechen.<\/p>\n<p>0.7. Angriff auf den Dienst \u00fcber einen Denial-of-Service-Angriff oder einen verteilten Denial-of-Service-Angriff.<\/p>\n<p>0.8. Handlungen, die das Unternehmensrating besch\u00e4digen oder verf\u00e4lschen k\u00f6nnten.<\/p>\n<p>0.9. Andernfalls versuchen Sie, das ordnungsgem\u00e4\u00dfe Funktionieren des Dienstes zu st\u00f6ren.<\/p>\n<p>8. <strong>Analytik<\/strong><\/p>\n<p>Wir k\u00f6nnen Drittanbieter einsetzen, um die Nutzung unseres Dienstes zu \u00fcberwachen und zu analysieren.<\/p>\n<p>9. <strong>Keine Verwendung durch Minderj\u00e4hrige<\/strong><\/p>\n<p>Der Dienst ist nur f\u00fcr den Zugang und die Nutzung durch Personen bestimmt, die mindestens achtzehn (18) Jahre alt sind. Indem Sie auf den Dienst zugreifen oder ihn nutzen, garantieren und versichern Sie, dass Sie mindestens achtzehn (18) Jahre alt sind und die uneingeschr\u00e4nkte Befugnis, das Recht und die F\u00e4higkeit haben, diesen Vertrag abzuschlie\u00dfen und sich an alle Bestimmungen und Bedingungen der Bedingungen zu halten. Wenn Sie nicht mindestens achtzehn (18) Jahre alt sind, ist Ihnen sowohl der Zugang als auch die Nutzung des Dienstes untersagt.<\/p>\n<p>10. <strong>Geistiges Eigentum<\/strong><\/p>\n<p>Der Dienst und seine urspr\u00fcnglichen Inhalte (mit Ausnahme der von Nutzern bereitgestellten Inhalte), Merkmale und Funktionen sind und bleiben das ausschlie\u00dfliche Eigentum von Powerock Pharma LLC und seinen Lizenzgebern. Der Dienst ist durch das Urheberrecht, das Markenrecht und andere Gesetze in und aus anderen L\u00e4ndern gesch\u00fctzt. Unsere Warenzeichen d\u00fcrfen nicht in Verbindung mit einem Produkt oder einer Dienstleistung ohne die vorherige schriftliche Zustimmung von Powerock Pharma LLC verwendet werden.<\/p>\n<p>11. <strong>Urheberrechtspolitik<\/strong><\/p>\n<p>Wir respektieren die geistigen Eigentumsrechte anderer. Es geh\u00f6rt zu unseren Grunds\u00e4tzen, auf jede Behauptung zu reagieren, dass im Dienst ver\u00f6ffentlichte Inhalte das Urheberrecht oder andere Rechte an geistigem Eigentum (\"Verletzung\") einer Person oder Einrichtung verletzen.<\/p>\n<p>Wenn Sie ein Urheberrechtsinhaber sind oder im Namen eines solchen bevollm\u00e4chtigt sind und glauben, dass das urheberrechtlich gesch\u00fctzte Werk in einer Weise kopiert wurde, die eine Urheberrechtsverletzung darstellt, reichen Sie Ihre Forderung bitte per E-Mail an powerockpharma@pm.me ein, mit der Betreffzeile: \"Urheberrechtsverletzung\" und f\u00fcgen Sie Ihrer Klage eine detaillierte Beschreibung der angeblichen Verletzung bei, wie unten unter \"DMCA Notice and Procedure for Copyright Infringement Claims\" beschrieben<\/p>\n<p>Sie k\u00f6nnen f\u00fcr Schadenersatz (einschlie\u00dflich Kosten und Anwaltsgeb\u00fchren) f\u00fcr falsche Angaben oder b\u00f6swillige Behauptungen bez\u00fcglich der Verletzung Ihres Urheberrechts durch Inhalte, die sich auf und\/oder \u00fcber den Dienst befinden, zur Verantwortung gezogen werden.<\/p>\n<p>12. <strong>DMCA-Benachrichtigung und -Verfahren f\u00fcr Klagen wegen Urheberrechtsverletzungen<\/strong><\/p>\n<p>Sie k\u00f6nnen eine Benachrichtigung gem\u00e4\u00df dem Digital Millennium Copyright Act (DMCA) einreichen, indem Sie unserem Urheberrechtsbeauftragten die folgenden Informationen schriftlich zukommen lassen (siehe 17 U.S.C 512(c)(3) f\u00fcr weitere Einzelheiten):<\/p>\n<p>0.1. eine elektronische oder physische Unterschrift der Person, die befugt ist, im Namen des Inhabers des Urheberrechts zu handeln;<\/p>\n<p>0.2. eine Beschreibung des urheberrechtlich gesch\u00fctzten Werks, das Ihrer Ansicht nach verletzt wurde, einschlie\u00dflich der URL (d. h. der Adresse der Webseite) des Ortes, an dem das urheberrechtlich gesch\u00fctzte Werk oder eine Kopie des urheberrechtlich gesch\u00fctzten Werks existiert;<\/p>\n<p>0.3. die Angabe der URL oder einer anderen spezifischen Stelle des Dienstes, an der sich das Material befindet, das Ihrer Ansicht nach gegen die Bestimmungen verst\u00f6\u00dft;<\/p>\n<p>0.4. Ihre Anschrift, Telefonnummer und E-Mail-Adresse;<\/p>\n<p>0.5. eine Erkl\u00e4rung von Ihnen, dass Sie in gutem Glauben davon ausgehen, dass die beanstandete Nutzung nicht durch den Urheberrechtsinhaber, seinen Vertreter oder das Gesetz genehmigt ist;<\/p>\n<p>0.6. eine eidesstattliche Erkl\u00e4rung von Ihnen, dass die oben genannten Informationen in Ihrer Mitteilung richtig sind und dass Sie der Urheberrechtsinhaber sind oder befugt sind, im Namen des Urheberrechtsinhabers zu handeln.<\/p>\n<p>Sie k\u00f6nnen unseren Urheberrechtsbeauftragten per E-Mail unter powerockpharma@pm.me kontaktieren.<\/p>\n<p>13. <strong>Fehlerberichterstattung und Feedback<\/strong><\/p>\n<p>Sie k\u00f6nnen uns entweder direkt unter powerockpharma@pm.me oder \u00fcber Websites und Tools von Drittanbietern Informationen und Feedback zu Fehlern, Verbesserungsvorschl\u00e4gen, Ideen, Problemen, Beschwerden und anderen Angelegenheiten im Zusammenhang mit unserem Service \u00fcbermitteln (\"Feedback\"). Sie erkennen an und stimmen zu, dass: (i) Sie keine geistigen Eigentumsrechte oder andere Rechte, Titel oder Interessen an dem Feedback behalten, erwerben oder geltend machen werden; (ii) das Unternehmen m\u00f6glicherweise Entwicklungsideen hat, die dem Feedback \u00e4hnlich sind; (iii) das Feedback keine vertraulichen Informationen oder gesch\u00fctzte Informationen von Ihnen oder Dritten enth\u00e4lt; und (iv) das Unternehmen in Bezug auf das Feedback nicht zur Vertraulichkeit verpflichtet ist. F\u00fcr den Fall, dass die \u00dcbertragung des Eigentums an dem Feedback aufgrund geltender zwingender Gesetze nicht m\u00f6glich ist, gew\u00e4hren Sie dem Unternehmen und seinen verbundenen Unternehmen ein exklusives, \u00fcbertragbares, unwiderrufliches, kostenloses, unterlizenzierbares, unbegrenztes und unbefristetes Recht, das Feedback in jeder Weise und f\u00fcr jeden Zweck zu nutzen (einschlie\u00dflich Kopieren, \u00c4ndern, Erstellen abgeleiteter Werke, Ver\u00f6ffentlichen, Verteilen und Kommerzialisieren).<\/p>\n<p>14. <strong>Links zu anderen Websites<\/strong><\/p>\n<p>Unser Service kann Links zu Websites oder Dienstleistungen Dritter enthalten, die nicht im Besitz oder unter der Kontrolle von Powerock Pharma LLC sind.<\/p>\n<p>Powerock Pharma LLC hat keine Kontrolle \u00fcber und \u00fcbernimmt keine Verantwortung f\u00fcr den Inhalt, die Datenschutzrichtlinien oder die Praktiken von Websites oder Diensten Dritter. Wir \u00fcbernehmen keine Garantie f\u00fcr die Angebote dieser Unternehmen\/Einzelpersonen oder deren Websites.<\/p>\n<p>Zum Beispiel, die skizzierte <a href=\"https:\/\/policymaker.io\/terms-and-conditions\/\" rel=\"nofollow noopener\" target=\"_blank\">Nutzungsbedingungen<\/a> wurden erstellt mit <a href=\"https:\/\/policymaker.io\/\" rel=\"nofollow noopener\" target=\"_blank\">PolicyMaker.io<\/a>eine kostenlose Webanwendung zur Erstellung hochwertiger juristischer Dokumente. Policy Makers <a href=\"https:\/\/policymaker.io\/terms-and-conditions\/\" rel=\"nofollow noopener\" target=\"_blank\">Bedingungen und Konditionen Generator<\/a> ist ein einfach zu bedienendes, kostenloses Tool zur Erstellung einer ausgezeichneten Standardvorlage f\u00fcr Nutzungsbedingungen f\u00fcr eine Website, einen Blog, einen E-Commerce-Shop oder eine App.<\/p>\n<p>SIE ERKENNEN AN UND STIMMEN ZU, DASS DAS UNTERNEHMEN WEDER DIREKT NOCH INDIREKT F\u00dcR SCH\u00c4DEN ODER VERLUSTE VERANTWORTLICH ODER HAFTBAR IST, DIE DURCH ODER IN VERBINDUNG MIT DER NUTZUNG VON ODER DEM VERTRAUEN AUF SOLCHE INHALTE, WAREN ODER DIENSTLEISTUNGEN, DIE AUF ODER \u00dcBER SOLCHE WEBSITES ODER DIENSTLEISTUNGEN VON DRITTANBIETERN VERF\u00dcGBAR SIND, ENTSTANDEN SIND ODER ANGEBLICH ENTSTANDEN SIND.<\/p>\n<p>WIR RATEN IHNEN DRINGEND, DIE DIENSTBEDINGUNGEN UND DATENSCHUTZRICHTLINIEN VON WEBSITES ODER DIENSTEN DRITTER ZU LESEN, DIE SIE BESUCHEN.<\/p>\n<p>15. <strong>Gew\u00e4hrleistungsausschluss<\/strong><\/p>\n<p>DIESE DIENSTE WERDEN VOM UNTERNEHMEN IN DER VORLIEGENDEN FORM UND IN DER VERF\u00dcGBAREN FORM BEREITGESTELLT. DAS UNTERNEHMEN GIBT KEINE AUSDR\u00dcCKLICHEN ODER STILLSCHWEIGENDEN ZUSICHERUNGEN ODER GARANTIEN IN BEZUG AUF DEN BETRIEB SEINER DIENSTE ODER DIE DARIN ENTHALTENEN INFORMATIONEN, INHALTE ODER MATERIALIEN. SIE ERKL\u00c4REN SICH AUSDR\u00dcCKLICH DAMIT EINVERSTANDEN, DASS DIE NUTZUNG DIESER DIENSTE, IHRES INHALTS UND ALLER VON UNS BEZOGENEN DIENSTE ODER ARTIKEL AUF IHR EIGENES RISIKO ERFOLGT.<\/p>\n<p>WEDER DAS UNTERNEHMEN NOCH EINE MIT DEM UNTERNEHMEN VERBUNDENE PERSON GIBT EINE GARANTIE ODER ZUSICHERUNG IN BEZUG AUF DIE VOLLST\u00c4NDIGKEIT, SICHERHEIT, ZUVERL\u00c4SSIGKEIT, QUALIT\u00c4T, GENAUIGKEIT ODER VERF\u00dcGBARKEIT DER DIENSTE. OHNE DAS VORSTEHENDE EINZUSCHR\u00c4NKEN, WEDER DAS UNTERNEHMEN NOCH IRGENDJEMAND, DER MIT DEM UNTERNEHMEN VERBUNDEN IST, SICHERT ZU ODER GEW\u00c4HRLEISTET, DASS DIE DIENSTE, IHR INHALT ODER JEGLICHE DIENSTE ODER ARTIKEL, DIE DURCH DIE DIENSTE ERHALTEN WERDEN, GENAU, ZUVERL\u00c4SSIG, FEHLERFREI ODER UNUNTERBROCHEN SIND, DASS DEFEKTE KORRIGIERT WERDEN, DASS DIE DIENSTE ODER DER SERVER, DER SIE ZUR VERF\u00dcGUNG STELLT, FREI VON VIREN ODER ANDEREN SCH\u00c4DLICHEN KOMPONENTEN SIND ODER DASS DIE DIENSTE ODER JEGLICHE DIENSTE ODER ARTIKEL, DIE DURCH DIE DIENSTE ERHALTEN WERDEN, ANDERWEITIG IHRE BED\u00dcRFNISSE ODER ERWARTUNGEN ERF\u00dcLLEN.<\/p>\n<p>DAS UNTERNEHMEN LEHNT HIERMIT ALLE GARANTIEN JEGLICHER ART AB, OB AUSDR\u00dcCKLICH ODER STILLSCHWEIGEND, GESETZLICH ODER ANDERWEITIG, EINSCHLIESSLICH, ABER NICHT BESCHR\u00c4NKT AUF GARANTIEN DER MARKTG\u00c4NGIGKEIT, DER NICHTVERLETZUNG VON RECHTEN UND DER EIGNUNG F\u00dcR EINEN BESTIMMTEN ZWECK.<\/p>\n<p>DAS VORSTEHENDE BER\u00dcHRT NICHT DIE GARANTIEN, DIE NACH GELTENDEM RECHT NICHT AUSGESCHLOSSEN ODER EINGESCHR\u00c4NKT WERDEN K\u00d6NNEN.<\/p>\n<p>16. <strong>Einschr\u00e4nkung der Haftung<\/strong><\/p>\n<p>SOFERN NICHT GESETZLICH VERBOTEN, HALTEN SIE UNS UND UNSERE LEITENDEN ANGESTELLTEN, DIREKTOREN, MITARBEITER UND VERTRETER SCHADLOS F\u00dcR INDIREKTE SCH\u00c4DEN, SCHADENSERSATZ MIT STRAFCHARAKTER, BESONDERE SCH\u00c4DEN, BEIL\u00c4UFIG ENTSTANDENE SCH\u00c4DEN ODER FOLGESCH\u00c4DEN, WIE AUCH IMMER DIESE ENTSTEHEN (EINSCHLIESSLICH RECHTSANWALTSKOSTEN UND ALLER DAMIT VERBUNDENEN KOSTEN UND AUSGABEN F\u00dcR PROZESSE UND SCHIEDSVERFAHREN ODER F\u00dcR PROZESSE ODER BERUFUNGEN, UNABH\u00c4NGIG DAVON, OB EIN PROZESS ODER EIN SCHIEDSVERFAHREN EINGELEITET WIRD ODER NICHT), UNABH\u00c4NGIG DAVON, OB ES SICH UM EINE VERTRAGSKLAGE, EINE FAHRL\u00c4SSIGKEITSKLAGE ODER EINE ANDERE UNERLAUBTE HANDLUNG HANDELT ODER OB SIE SICH AUS ODER IN VERBINDUNG MIT DIESER VEREINBARUNG ERGEBEN, EINSCHLIESSLICH UND OHNE EINSCHR\u00c4NKUNG JEGLICHER ANSPR\u00dcCHE WEGEN PERSONEN- ODER SACHSCH\u00c4DEN, DIE SICH AUS DIESER VEREINBARUNG UND JEGLICHER VERLETZUNG VON BUNDES-, LANDES- ODER LOKALEN GESETZEN, STATUTEN, REGELN ODER VORSCHRIFTEN DURCH SIE ERGEBEN, SELBST WENN DAS UNTERNEHMEN ZUVOR AUF DIE M\u00d6GLICHKEIT SOLCHER SCH\u00c4DEN HINGEWIESEN WURDE. SOFERN NICHT GESETZLICH VERBOTEN, IST DIE HAFTUNG DES UNTERNEHMENS AUF DEN BETRAG BESCHR\u00c4NKT, DER F\u00dcR DIE PRODUKTE UND\/ODER DIENSTLEISTUNGEN BEZAHLT WURDE, UND UNTER KEINEN UMST\u00c4NDEN GIBT ES FOLGESCH\u00c4DEN ODER STRAFSCHADENSERSATZ. IN EINIGEN STAATEN IST DER AUSSCHLUSS ODER DIE BESCHR\u00c4NKUNG VON SCHADENSERSATZ MIT STRAFCHARAKTER, BEIL\u00c4UFIG ENTSTANDENE SCH\u00c4DEN ODER FOLGESCH\u00c4DEN NICHT ZUL\u00c4SSIG, SO DASS DIE VORSTEHENDE BESCHR\u00c4NKUNG ODER DER AUSSCHLUSS F\u00dcR SIE M\u00d6GLICHERWEISE NICHT GILT.<\/p>\n<p>17. <strong>Terminierung<\/strong><\/p>\n<p>Wir sind berechtigt, Ihr Konto zu k\u00fcndigen oder zu sperren und den Zugang zum Service sofort und ohne vorherige Ank\u00fcndigung oder Haftung nach unserem alleinigen Ermessen zu sperren, aus welchem Grund auch immer und ohne Einschr\u00e4nkung, einschlie\u00dflich, aber nicht beschr\u00e4nkt auf eine Verletzung der Bedingungen.<\/p>\n<p>Wenn Sie Ihr Konto k\u00fcndigen m\u00f6chten, k\u00f6nnen Sie den Dienst einfach nicht mehr nutzen.<\/p>\n<p>Alle Bestimmungen der Bedingungen, die ihrer Natur nach die Beendigung \u00fcberdauern sollten, \u00fcberdauern die Beendigung, einschlie\u00dflich, aber nicht beschr\u00e4nkt auf Eigentumsbestimmungen, Gew\u00e4hrleistungsausschl\u00fcsse, Entsch\u00e4digungen und Haftungsbeschr\u00e4nkungen.<\/p>\n<p>18. <strong>Geltendes Recht<\/strong><\/p>\n<p>Diese Bedingungen unterliegen den Gesetzen der Vereinigten Staaten von Amerika, die ohne R\u00fccksicht auf kollisionsrechtliche Bestimmungen auf den Vertrag anwendbar sind, und sind entsprechend auszulegen.<\/p>\n<p>Unser Vers\u00e4umnis, ein Recht oder eine Bestimmung dieser Bedingungen durchzusetzen, gilt nicht als Verzicht auf diese Rechte. Sollte eine Bestimmung dieser Bedingungen von einem Gericht f\u00fcr ung\u00fcltig oder nicht durchsetzbar erkl\u00e4rt werden, bleiben die \u00fcbrigen Bestimmungen dieser Bedingungen in Kraft. Diese Bedingungen stellen die gesamte Vereinbarung zwischen uns in Bezug auf unseren Service dar und ersetzen alle fr\u00fcheren Vereinbarungen, die wir m\u00f6glicherweise in Bezug auf den Service zwischen uns getroffen haben.<\/p>\n<p>19. <strong>\u00c4nderungen im Service<\/strong><\/p>\n<p>Wir behalten uns das Recht vor, unseren Service und alle Dienstleistungen oder Materialien, die wir \u00fcber den Service anbieten, nach eigenem Ermessen und ohne Vorank\u00fcndigung zur\u00fcckzuziehen oder zu \u00e4ndern. Wir sind nicht haftbar, wenn aus irgendeinem Grund der gesamte oder ein Teil des Dienstes zu irgendeinem Zeitpunkt oder f\u00fcr irgendeinen Zeitraum nicht verf\u00fcgbar ist. Von Zeit zu Zeit k\u00f6nnen wir den Zugang zu einigen Teilen des Dienstes oder zum gesamten Dienst f\u00fcr Benutzer, einschlie\u00dflich registrierter Benutzer, beschr\u00e4nken.<\/p>\n<p>20. <strong>\u00c4nderungen der Bedingungen<\/strong><\/p>\n<p>Wir k\u00f6nnen die Bedingungen jederzeit \u00e4ndern, indem wir die ge\u00e4nderten Bedingungen auf dieser Website ver\u00f6ffentlichen. Es liegt in Ihrer Verantwortung, diese Bedingungen regelm\u00e4\u00dfig zu \u00fcberpr\u00fcfen.<\/p>\n<p>Ihre fortgesetzte Nutzung der Plattform nach der Ver\u00f6ffentlichung der \u00fcberarbeiteten Bedingungen bedeutet, dass Sie die \u00c4nderungen akzeptieren und ihnen zustimmen. Es wird von Ihnen erwartet, dass Sie diese Seite h\u00e4ufig besuchen, damit Sie \u00fcber alle \u00c4nderungen informiert sind, da diese f\u00fcr Sie verbindlich sind.<\/p>\n<p>Indem Sie nach Inkrafttreten von \u00c4nderungen weiterhin auf unseren Service zugreifen oder ihn nutzen, erkl\u00e4ren Sie sich mit den \u00fcberarbeiteten Bedingungen einverstanden. Wenn Sie den neuen Bedingungen nicht zustimmen, sind Sie nicht mehr berechtigt, den Dienst zu nutzen.<\/p>\n<p>21. <strong>Verzicht und Trennbarkeit<\/strong><\/p>\n<p>Kein Verzicht des Unternehmens auf eine in den Bedingungen festgelegte Klausel oder Bedingung gilt als weiterer oder fortgesetzter Verzicht auf diese Klausel oder Bedingung oder als Verzicht auf eine andere Klausel oder Bedingung, und jedes Vers\u00e4umnis des Unternehmens, ein Recht oder eine Bestimmung gem\u00e4\u00df den Bedingungen geltend zu machen, gilt nicht als Verzicht auf dieses Recht oder diese Bestimmung.<\/p>\n<p>Sollte eine Bestimmung der Bedingungen von einem Gericht oder einer anderen zust\u00e4ndigen Gerichtsbarkeit aus irgendeinem Grund f\u00fcr ung\u00fcltig, rechtswidrig oder nicht durchsetzbar befunden werden, so ist diese Bestimmung zu streichen oder auf das Mindestma\u00df zu beschr\u00e4nken, so dass die \u00fcbrigen Bestimmungen der Bedingungen in vollem Umfang in Kraft bleiben.<\/p>\n<p>22. <strong>Danksagung<\/strong><\/p>\n<p>DURCH DIE NUTZUNG DES DIENSTES ODER ANDERER VON UNS BEREITGESTELLTER DIENSTE BEST\u00c4TIGEN SIE, DASS SIE DIESE DIENSTBEDINGUNGEN GELESEN HABEN UND SICH MIT IHNEN EINVERSTANDEN ERKL\u00c4REN.<\/p>\n<p>23. <strong>Kontakt<\/strong><\/p>\n<p>Bitte senden Sie uns Ihr Feedback, Ihre Kommentare und Ihre Anfragen zur technischen Unterst\u00fctzung per E-Mail: <strong>powerockpharma@pm.me<\/strong>.<\/p>","protected":false},"excerpt":{"rendered":"<p>1. Introduction Welcome to Powerock Pharma LLC (\u201cCompany\u201d, \u201cwe\u201d, \u201cour\u201d, \u201cus\u201d)! These Terms of Service (\u201cTerms\u201d, \u201cTerms of Service\u201d) govern your use of our website located at https:\/\/powerockpharma.com\/ (together or individually \u201cService\u201d) operated by Powerock Pharma LLC. Our Privacy Policy also governs your use of our Service and explains how we collect, safeguard and disclose information that results from your &#8230; <\/p>\n<div><a href=\"https:\/\/powerockpharma.com\/de\/servicebedingungen\/\" class=\"more-link\">Read More<\/a><\/div>","protected":false},"author":1,"featured_media":0,"parent":0,"menu_order":0,"comment_status":"closed","ping_status":"closed","template":"","meta":{"_acf_changed":false,"rank_math_lock_modified_date":false,"inline_featured_image":false,"footnotes":""},"class_list":["post-437","page","type-page","status-publish","hentry","no-post-thumbnail"],"acf":[],"_links":{"self":[{"href":"https:\/\/powerockpharma.com\/de\/wp-json\/wp\/v2\/pages\/437","targetHints":{"allow":["GET"]}}],"collection":[{"href":"https:\/\/powerockpharma.com\/de\/wp-json\/wp\/v2\/pages"}],"about":[{"href":"https:\/\/powerockpharma.com\/de\/wp-json\/wp\/v2\/types\/page"}],"author":[{"embeddable":true,"href":"https:\/\/powerockpharma.com\/de\/wp-json\/wp\/v2\/users\/1"}],"replies":[{"embeddable":true,"href":"https:\/\/powerockpharma.com\/de\/wp-json\/wp\/v2\/comments?post=437"}],"version-history":[{"count":1,"href":"https:\/\/powerockpharma.com\/de\/wp-json\/wp\/v2\/pages\/437\/revisions"}],"predecessor-version":[{"id":438,"href":"https:\/\/powerockpharma.com\/de\/wp-json\/wp\/v2\/pages\/437\/revisions\/438"}],"wp:attachment":[{"href":"https:\/\/powerockpharma.com\/de\/wp-json\/wp\/v2\/media?parent=437"}],"curies":[{"name":"wp","href":"https:\/\/api.w.org\/{rel}","templated":true}]}}