{"id":100,"date":"2024-08-04T17:10:52","date_gmt":"2024-08-04T15:10:52","guid":{"rendered":"https:\/\/powerockpharma.com\/?post_type=product&#038;p=100"},"modified":"2025-11-12T07:05:15","modified_gmt":"2025-11-12T06:05:15","slug":"ghrp-6","status":"publish","type":"product","link":"https:\/\/powerockpharma.com\/de\/peptide-lyophilizates\/ghrp-6\/","title":{"rendered":"GHRP-6"},"content":{"rendered":"<h2>Eigenschaften:<\/h2>\n<p>GHRP-6, oder Growth Hormone Releasing Peptide 6, ist ein starkes Peptid, das f\u00fcr seinen signifikanten Einfluss auf die Freisetzung von Wachstumshormonen bekannt ist. Dies macht es zu einem wertvollen Werkzeug in der Forschung, die sich auf Muskelwachstum, Fettabbau und allgemeine k\u00f6rperliche Verbesserung konzentriert. Diese Verbindung ist besonders beliebt bei Forschern, die fortschrittliche Methoden zur Verbesserung von K\u00f6rperbau und Leistung erforschen. Durch die Nachahmung von Ghrelin stimuliert GHRP-6 die Hypophyse effektiv zur Freisetzung von Wachstumshormon, was zu mehreren w\u00fcnschenswerten physiologischen Effekten f\u00fchrt, wie z. B. einer erh\u00f6hten Proteinsynthese, einer verbesserten Muskelerholung und einer Reduzierung des K\u00f6rperfetts.<\/p>\n<h2>Mechanismus der Wirkung:<\/h2>\n<p>Der prim\u00e4re Mechanismus von GHRP-6 beinhaltet die Stimulation der Hypophyse, die die Sekretion von k\u00f6rpereigenem Wachstumshormon erh\u00f6ht. Diese Wirkung f\u00f6rdert nicht nur das Muskelwachstum durch die Beschleunigung der Proteinsynthese, sondern auch die Lipolyse, die beim Fettabbau hilft. Dar\u00fcber hinaus hat die Aussch\u00fcttung von Wachstumshormon eine sekund\u00e4re Wirkung auf die Verbesserung der Schlafqualit\u00e4t, die St\u00e4rkung der Immunfunktion und die F\u00f6rderung des allgemeinen Wohlbefindens. Im Gegensatz zu synthetischen Anabolika arbeitet GHRP-6 mit den nat\u00fcrlichen Prozessen des K\u00f6rpers zusammen und reduziert so die Wahrscheinlichkeit unerw\u00fcnschter Nebenwirkungen, w\u00e4hrend es gleichzeitig gezielte Vorteile liefert. Diese selektive Wirkung stellt sicher, dass das Peptid in erster Linie Gewebe beeinflusst, die an Wachstum und Erholung beteiligt sind, und die Auswirkungen auf andere Systeme minimiert.<\/p>\n<h2>Vorteile:<\/h2>\n<p>Die regelm\u00e4\u00dfige Einnahme von GHRP-6 in der Forschung hat nachweislich zu einer signifikanten Zunahme der fettfreien Muskelmasse, verbesserter Kraft und beschleunigten Erholungszeiten gef\u00fchrt. Dar\u00fcber hinaus hat das Peptid seine Wirksamkeit bei der Reduzierung von Fettgewebe, der Verbesserung des Schlafverhaltens und der St\u00e4rkung des Immunsystems bewiesen. Forscher, die sich auf Leistungssteigerung, Anti-Aging und Stoffwechselstudien konzentrieren, k\u00f6nnten GHRP-6 aufgrund seiner weitreichenden Vorteile besonders effektiv finden. Dar\u00fcber hinaus macht die F\u00e4higkeit der Verbindung, die Hautelastizit\u00e4t zu verbessern und die Heilung zu f\u00f6rdern, sie zu einer vielseitigen Erg\u00e4nzung f\u00fcr verschiedene Forschungsprotokolle.<\/p>\n<h2>Warum Powerock Pharma:<\/h2>\n<p>Powerock Pharma legt bei jedem Produkt, das wir herstellen, gr\u00f6\u00dften Wert auf Qualit\u00e4t und Sicherheit. Unser GHRP-6 wird in hochmodernen Anlagen hergestellt, die den h\u00f6chsten Industriestandards entsprechen, einschlie\u00dflich GMP-, HACCP- und ISO 13485-Zertifizierungen. Jede Charge wird strengen Tests unterzogen, um Reinheit, Wirksamkeit und Konsistenz zu gew\u00e4hrleisten, so dass Forscher mit Zuversicht zuverl\u00e4ssige Ergebnisse erzielen k\u00f6nnen. Wir arbeiten mit f\u00fchrenden Labors zusammen, um unsere Produkte zu validieren und sicherzustellen, dass Sie ein Peptid erhalten, das den h\u00f6chsten Qualit\u00e4ts- und Wirksamkeitsstandards entspricht. Wenn Sie sich f\u00fcr Powerock Pharma entscheiden, entscheiden Sie sich f\u00fcr ein Produkt, dessen Integrit\u00e4t und Leistungsf\u00e4higkeit von Forschern weltweit gesch\u00e4tzt wird.<\/p>\n<h3>Zusammenfassung:<\/h3>\n<p>Wenn Ihre Forschung darauf abzielt, fortschrittliche Methoden f\u00fcr Muskelwachstum, Fettabbau oder allgemeine k\u00f6rperliche Verbesserung zu erforschen, ist GHRP-6 von Powerock Pharma die ideale Wahl. Unterst\u00fctzt durch unsere strengen Qualit\u00e4tskontrollma\u00dfnahmen und hergestellt nach den h\u00f6chsten Standards, liefert dieses Peptid die zuverl\u00e4ssigen Ergebnisse, die Sie ben\u00f6tigen. Erh\u00f6hen Sie Ihre Forschung, indem Sie GHRP-6 noch heute bestellen und erleben Sie den Unterschied, den erstklassige Qualit\u00e4t ausmachen kann.<\/p>","protected":false},"excerpt":{"rendered":"<p>GHRP-6 f\u00f6rdert das Muskelwachstum und die Erholung durch die Stimulierung der Wachstumshormonaussch\u00fcttung. Es hilft beim Fettabbau, verbessert den Schlaf und die Immunfunktion. Vertrauen Sie Powerock Pharma f\u00fcr erstklassige Qualit\u00e4t und zuverl\u00e4ssige Forschungsergebnisse.<\/p>","protected":false},"featured_media":195,"template":"","meta":{"_acf_changed":false,"rank_math_lock_modified_date":false,"inline_featured_image":false},"product_cat":[17],"product_tag":[],"class_list":{"0":"post-100","1":"product","2":"type-product","3":"status-publish","4":"has-post-thumbnail","6":"product_cat-peptide-lyophilizates","9":"first","10":"instock","11":"shipping-taxable","12":"product-type-simple"},"acf":{"chromatogram":659,"metoda":{"acftf":{"v":"1.3.24"},"p":{"o":{"uh":0},"ca":""},"c":[{"p":""}],"h":[{"c":""}],"b":[[{"c":""}]]}},"_links":{"self":[{"href":"https:\/\/powerockpharma.com\/de\/wp-json\/wp\/v2\/product\/100","targetHints":{"allow":["GET"]}}],"collection":[{"href":"https:\/\/powerockpharma.com\/de\/wp-json\/wp\/v2\/product"}],"about":[{"href":"https:\/\/powerockpharma.com\/de\/wp-json\/wp\/v2\/types\/product"}],"wp:featuredmedia":[{"embeddable":true,"href":"https:\/\/powerockpharma.com\/de\/wp-json\/wp\/v2\/media\/195"}],"wp:attachment":[{"href":"https:\/\/powerockpharma.com\/de\/wp-json\/wp\/v2\/media?parent=100"}],"wp:term":[{"taxonomy":"product_cat","embeddable":true,"href":"https:\/\/powerockpharma.com\/de\/wp-json\/wp\/v2\/product_cat?post=100"},{"taxonomy":"product_tag","embeddable":true,"href":"https:\/\/powerockpharma.com\/de\/wp-json\/wp\/v2\/product_tag?post=100"}],"curies":[{"name":"wp","href":"https:\/\/api.w.org\/{rel}","templated":true}]}}