{"id":102,"date":"2024-08-04T17:11:58","date_gmt":"2024-08-04T15:11:58","guid":{"rendered":"https:\/\/powerockpharma.com\/?post_type=product&#038;p=102"},"modified":"2025-11-12T07:08:17","modified_gmt":"2025-11-12T06:08:17","slug":"cjc-1295-dac","status":"publish","type":"product","link":"https:\/\/powerockpharma.com\/de\/peptide-lyophilizates\/cjc-1295-dac\/","title":{"rendered":"CJC-1295 DAC"},"content":{"rendered":"<h2>Eigenschaften:<\/h2>\n<p>CJC-1295 DAC ist ein starkes Peptid, das f\u00fcr seine signifikante Wirkung auf Muskelwachstum, Fettabbau und Anti-Aging bekannt ist. Dieses synthetische Analogon des Wachstumshormon-Releasing-Hormons (GHRH) wurde entwickelt, um die Menge und Dauer der Freisetzung von Wachstumshormon (GH) zu erh\u00f6hen, was zu erh\u00f6hten Spiegeln des Insulin-\u00e4hnlichen Wachstumsfaktors 1 (IGF-1) im K\u00f6rper f\u00fchrt. IGF-1 ist ein entscheidender Faktor bei der F\u00f6rderung der Muskelhypertrophie, der Verbesserung des Fettstoffwechsels und der Unterst\u00fctzung der allgemeinen Gewebereparatur und -regeneration. Die verl\u00e4ngerte Halbwertszeit von CJC-1295 DAC bedeutet, dass es die GH-Freisetzung noch tagelang stimuliert, was es zu einer effizienten Wahl f\u00fcr diejenigen macht, die ihren K\u00f6rperbau optimieren, ihre Leistung steigern oder die Auswirkungen des Alterns abmildern wollen.<\/p>\n<h2>Mechanismus der Wirkung:<\/h2>\n<p>CJC-1295 DAC wirkt durch Bindung an die Rezeptoren des Wachstumshormon-Releasing-Hormons (GHRH) in der Hypophyse, was zu einer erh\u00f6hten GH-Sekretion f\u00fchrt. Im Gegensatz zu anderen GHRH-Analoga ist CJC-1295 DAC mit einem Arzneimittelaffinit\u00e4tskomplex (DAC) modifiziert, der seine Halbwertszeit auf etwa 8 Tage verl\u00e4ngert und so eine nachhaltigere und kontrollierte GH-Freisetzung erm\u00f6glicht. Diese anhaltende Freisetzung f\u00fchrt zu einem best\u00e4ndigen Anstieg des IGF-1-Spiegels, der eine entscheidende Rolle beim Muskelwachstum, Fettabbau und der Gewebereparatur spielt. Durch die selektive F\u00f6rderung dieser anabolen Prozesse hilft CJC-1295 DAC den Anwendern, ihre Ziele ohne die Nebenwirkungen zu erreichen, die mit traditionelleren anabolen Verbindungen wie Steroiden verbunden sind.<\/p>\n<h2>Vorteile:<\/h2>\n<p>Die regelm\u00e4\u00dfige Einnahme von CJC-1295 DAC kann zu einer sp\u00fcrbaren Verbesserung der Muskelmasse und der Kraft sowie zu einer deutlichen Reduzierung des K\u00f6rperfetts f\u00fchren. Forscher haben beobachtet, dass es die Erholungszeiten verbessert, so dass h\u00e4ufigere und intensivere Trainingseinheiten m\u00f6glich sind. Dar\u00fcber hinaus tr\u00e4gt seine F\u00e4higkeit, den IGF-1-Spiegel zu erh\u00f6hen, zur Verbesserung der Elastizit\u00e4t der Haut, der Knochendichte und der allgemeinen Vitalit\u00e4t bei, was es zu einem wirksamen Anti-Aging-Mittel macht. Zu den sekund\u00e4ren Vorteilen geh\u00f6ren ein h\u00f6heres Energieniveau, eine bessere Schlafqualit\u00e4t und ein allgemeines Wohlbefinden. CJC-1295 DAC ist besonders wirksam f\u00fcr Bodybuilder, Sportler und Personen, die den Alterungsprozess verlangsamen und gleichzeitig ihre k\u00f6rperliche Leistungsf\u00e4higkeit erhalten oder verbessern wollen.<\/p>\n<h2>Warum Powerock Pharma:<\/h2>\n<p>Bei Powerock Pharma stehen Qualit\u00e4t und Sicherheit an erster Stelle. Unser CJC-1295 DAC wird in Einrichtungen hergestellt, die den h\u00f6chsten Standards entsprechen, einschlie\u00dflich GMP, HACCP und ISO 13485. Jede Charge wird strengen Tests unterzogen, um Reinheit, Wirksamkeit und Konsistenz zu gew\u00e4hrleisten und den Forschern die n\u00f6tige Zuverl\u00e4ssigkeit zu bieten. Wir arbeiten mit erstklassigen Labors zusammen, um die Wirksamkeit unserer Produkte zu validieren, und garantieren, dass unser CJC-1295 DAC die Industriestandards erf\u00fcllt und \u00fcbertrifft. Mit Powerock Pharma kaufen Sie nicht einfach nur ein Produkt - Sie investieren in qualitativ hochwertige Forschung und best\u00e4ndige Ergebnisse.<\/p>\n<h3>Zusammenfassung:<\/h3>\n<p>Wenn sich Ihre Forschung auf Muskelwachstum, Fettabbau oder Anti-Aging konzentriert, ist CJC-1295 DAC das ideale Peptid, um es in Ihre Studien aufzunehmen. Dank des Engagements von Powerock Pharma f\u00fcr Spitzenleistungen k\u00f6nnen Sie darauf vertrauen, dass dieses Produkt die gew\u00fcnschten Ergebnisse sicher und effektiv liefert. Gehen Sie bei der Qualit\u00e4t keine Kompromisse ein - bestellen Sie CJC-1295 DAC noch heute und bringen Sie Ihre Forschung auf ein neues Niveau.<\/p>\n<div id=\"gtx-trans\" style=\"position: absolute; left: 267px; top: 690.969px;\">\n<div class=\"gtx-trans-icon\"><\/div>\n<\/div>","protected":false},"excerpt":{"rendered":"<p>CJC-1295 DAC unterst\u00fctzt das Muskelwachstum und den Fettabbau, indem es den IGF-1-Spiegel durch eine verl\u00e4ngerte GH-Freisetzung erh\u00f6ht. Es bietet verbesserte Erholung, Muskelerhalt und Anti-Aging-Vorteile. W\u00e4hlen Sie Powerock Pharma f\u00fcr un\u00fcbertroffene Qualit\u00e4t und zuverl\u00e4ssige Ergebnisse.<\/p>","protected":false},"featured_media":187,"template":"","meta":{"_acf_changed":false,"rank_math_lock_modified_date":false,"inline_featured_image":false},"product_cat":[17],"product_tag":[],"class_list":{"0":"post-102","1":"product","2":"type-product","3":"status-publish","4":"has-post-thumbnail","6":"product_cat-peptide-lyophilizates","9":"first","10":"instock","11":"shipping-taxable","12":"product-type-simple"},"acf":{"chromatogram":671,"metoda":{"acftf":{"v":"1.3.24"},"p":{"o":{"uh":0},"ca":""},"c":[{"p":""}],"h":[{"c":""}],"b":[[{"c":""}]]}},"_links":{"self":[{"href":"https:\/\/powerockpharma.com\/de\/wp-json\/wp\/v2\/product\/102","targetHints":{"allow":["GET"]}}],"collection":[{"href":"https:\/\/powerockpharma.com\/de\/wp-json\/wp\/v2\/product"}],"about":[{"href":"https:\/\/powerockpharma.com\/de\/wp-json\/wp\/v2\/types\/product"}],"wp:featuredmedia":[{"embeddable":true,"href":"https:\/\/powerockpharma.com\/de\/wp-json\/wp\/v2\/media\/187"}],"wp:attachment":[{"href":"https:\/\/powerockpharma.com\/de\/wp-json\/wp\/v2\/media?parent=102"}],"wp:term":[{"taxonomy":"product_cat","embeddable":true,"href":"https:\/\/powerockpharma.com\/de\/wp-json\/wp\/v2\/product_cat?post=102"},{"taxonomy":"product_tag","embeddable":true,"href":"https:\/\/powerockpharma.com\/de\/wp-json\/wp\/v2\/product_tag?post=102"}],"curies":[{"name":"wp","href":"https:\/\/api.w.org\/{rel}","templated":true}]}}