{"id":103,"date":"2024-08-04T17:12:52","date_gmt":"2024-08-04T15:12:52","guid":{"rendered":"https:\/\/powerockpharma.com\/?post_type=product&#038;p=103"},"modified":"2025-11-12T07:08:32","modified_gmt":"2025-11-12T06:08:32","slug":"cjc-1295","status":"publish","type":"product","link":"https:\/\/powerockpharma.com\/de\/peptide-lyophilizates\/cjc-1295\/","title":{"rendered":"CJC-1295"},"content":{"rendered":"<h2>Eigenschaften:<\/h2>\n<p>CJC-1295 ist ein leistungsf\u00e4higes Peptid, das f\u00fcr seine signifikante Wirkung auf Muskelwachstum und Fettabbau bekannt ist und damit eine erste Wahl f\u00fcr Forscher darstellt, die sich auf die Verbesserung der k\u00f6rperlichen Leistungsf\u00e4higkeit und der K\u00f6rperzusammensetzung konzentrieren. Diese Verbindung wirkt, indem sie die Freisetzung von Wachstumshormon (GH) aus der Hypophyse erh\u00f6ht, was zu einer Kaskade vorteilhafter physiologischer Ver\u00e4nderungen f\u00fchrt, einschlie\u00dflich einer erh\u00f6hten Proteinsynthese, eines verbesserten Fettstoffwechsels und einer verbesserten Erholungszeit. CJC-1295 wird besonders wegen seiner F\u00e4higkeit gesch\u00e4tzt, die Halbwertszeit des k\u00f6rpereigenen Wachstumshormons zu verl\u00e4ngern und so seine Wirkung zu verst\u00e4rken, ohne dass eine h\u00e4ufige Verabreichung erforderlich ist.<\/p>\n<h2>Mechanismus der Wirkung:<\/h2>\n<p>CJC-1295 bindet an die Rezeptoren des Wachstumshormon-Releasing-Hormons (GHRH) und stimuliert so die Freisetzung von GH. Diese Wirkung erh\u00f6ht nicht nur den GH-Spiegel, sondern verl\u00e4ngert auch seine Aktivit\u00e4t im K\u00f6rper, indem es den Abbau der GH-freisetzenden Peptide hemmt. Das Ergebnis ist ein anhaltender Anstieg des GH-Spiegels, der zu einem verst\u00e4rkten Muskelwachstum, einer Verringerung des K\u00f6rperfetts und einer schnelleren Erholung nach intensiver k\u00f6rperlicher Bet\u00e4tigung f\u00fchrt. Im Gegensatz zu anderen Anabolika sorgt der selektive Mechanismus von CJC-1295 f\u00fcr minimale Nebenwirkungen und eine geringere Auswirkung auf Nicht-Zielgewebe, was es zu einer sichereren Alternative f\u00fcr die Forschung zur Verbesserung der K\u00f6rperzusammensetzung macht.<\/p>\n<h2>Vorteile:<\/h2>\n<p>Die regelm\u00e4\u00dfige Einnahme von CJC-1295 hat in der Forschung zu einer signifikanten Zunahme der Muskelmasse, einer Verringerung des K\u00f6rperfettanteils und einer schnelleren Erholung zwischen den Trainingseinheiten gef\u00fchrt. Die Forscher haben auch sekund\u00e4re Vorteile beobachtet, darunter eine verbesserte Schlafqualit\u00e4t, ein h\u00f6heres Energieniveau und eine bessere allgemeine Vitalit\u00e4t. Das Peptid eignet sich besonders f\u00fcr Studien mit Bodybuildern, Sportlern oder Personen, die w\u00e4hrend eines Kaloriendefizits ihre Muskelmasse erhalten und gleichzeitig ihr K\u00f6rperfett reduzieren wollen. Seine F\u00e4higkeit, die Regeneration und den Muskelerhalt zu f\u00f6rdern, macht es zu einem vielseitigen Instrument im Bereich der Leistungssteigerung.<\/p>\n<h2>Warum Powerock Pharma:<\/h2>\n<p>Powerock Pharma stellt mit seinem Engagement f\u00fcr Spitzenleistungen sicher, dass jede Charge von CJC-1295 den h\u00f6chsten Qualit\u00e4ts- und Sicherheitsstandards entspricht. Unser CJC-1295 wird in Einrichtungen hergestellt, die die GMP-, HACCP- und ISO 13485-Zertifizierungen einhalten, und wird strengen Tests unterzogen, um seine Reinheit und Potenz zu best\u00e4tigen. Durch die Zusammenarbeit mit f\u00fchrenden Laboratorien garantieren wir, dass Sie ein wirksames und zuverl\u00e4ssiges Produkt erhalten. Mit Powerock Pharma k\u00f6nnen Sie darauf vertrauen, dass Ihre Forschung dank der hohen Qualit\u00e4t unserer Produkte konsistente, reproduzierbare Ergebnisse liefert.<\/p>\n<h3>Zusammenfassung:<\/h3>\n<p>F\u00fcr Forscher, die das volle Potenzial der Wachstumshormonmodulation aussch\u00f6pfen wollen, bietet CJC-1295 eine robuste und zuverl\u00e4ssige L\u00f6sung. Unterst\u00fctzt durch die strengen Qualit\u00e4tskontrollen von Powerock Pharma, ist dieses Produkt so konzipiert, dass Sie Ihre Forschungsziele mit Pr\u00e4zision und Vertrauen erreichen k\u00f6nnen. Gehen Sie bei der Qualit\u00e4t keine Kompromisse ein - bestellen Sie CJC-1295 noch heute und erleben Sie den Unterschied, den Powerock Pharma f\u00fcr Ihre Forschung bedeutet.<\/p>","protected":false},"excerpt":{"rendered":"<p>CJC-1295 unterst\u00fctzt ein verst\u00e4rktes Muskelwachstum und den Fettabbau, indem es eine erh\u00f6hte Freisetzung von Wachstumshormonen f\u00f6rdert. Es bietet eine verbesserte Erholung, eine Zunahme der fettfreien Masse und einen Fettabbau. W\u00e4hlen Sie Powerock Pharma f\u00fcr erstklassige Qualit\u00e4t und best\u00e4ndige Ergebnisse.<\/p>","protected":false},"featured_media":186,"template":"","meta":{"_acf_changed":false,"rank_math_lock_modified_date":false,"inline_featured_image":false},"product_cat":[17],"product_tag":[],"class_list":{"0":"post-103","1":"product","2":"type-product","3":"status-publish","4":"has-post-thumbnail","6":"product_cat-peptide-lyophilizates","9":"first","10":"instock","11":"shipping-taxable","12":"product-type-simple"},"acf":{"chromatogram":672,"metoda":{"acftf":{"v":"1.3.24"},"p":{"o":{"uh":0},"ca":""},"c":[{"p":""}],"h":[{"c":""}],"b":[[{"c":""}]]}},"_links":{"self":[{"href":"https:\/\/powerockpharma.com\/de\/wp-json\/wp\/v2\/product\/103","targetHints":{"allow":["GET"]}}],"collection":[{"href":"https:\/\/powerockpharma.com\/de\/wp-json\/wp\/v2\/product"}],"about":[{"href":"https:\/\/powerockpharma.com\/de\/wp-json\/wp\/v2\/types\/product"}],"wp:featuredmedia":[{"embeddable":true,"href":"https:\/\/powerockpharma.com\/de\/wp-json\/wp\/v2\/media\/186"}],"wp:attachment":[{"href":"https:\/\/powerockpharma.com\/de\/wp-json\/wp\/v2\/media?parent=103"}],"wp:term":[{"taxonomy":"product_cat","embeddable":true,"href":"https:\/\/powerockpharma.com\/de\/wp-json\/wp\/v2\/product_cat?post=103"},{"taxonomy":"product_tag","embeddable":true,"href":"https:\/\/powerockpharma.com\/de\/wp-json\/wp\/v2\/product_tag?post=103"}],"curies":[{"name":"wp","href":"https:\/\/api.w.org\/{rel}","templated":true}]}}