{"id":104,"date":"2024-08-04T17:19:33","date_gmt":"2024-08-04T15:19:33","guid":{"rendered":"https:\/\/powerockpharma.com\/?post_type=product&#038;p=104"},"modified":"2025-11-12T07:04:14","modified_gmt":"2025-11-12T06:04:14","slug":"hardcore","status":"publish","type":"product","link":"https:\/\/powerockpharma.com\/de\/sarms\/hardcore\/","title":{"rendered":"HARDCORE"},"content":{"rendered":"<h2>Eigenschaften:<\/h2>\n<p>HARDCORE ist eine fortschrittliche Formulierung, die f\u00fcr Forscher entwickelt wurde, die sich auf Muskelwachstum, Kraftsteigerung und Fettabbau konzentrieren. Diese wirksame Kombination enth\u00e4lt MK-677, RAD-140, LGD-4033 und MK-2866, die jeweils aufgrund ihrer einzigartigen und starken Auswirkungen auf die K\u00f6rperzusammensetzung und die Leistungsf\u00e4higkeit ausgew\u00e4hlt wurden. MK-677 ist daf\u00fcr bekannt, den Wachstumshormonspiegel zu erh\u00f6hen, was zu einer verbesserten Muskelmasse und Erholung f\u00fchrt. RAD-140 und LGD-4033 sind selektive Androgenrezeptormodulatoren (SARMs), die selektiv auf das Muskelgewebe wirken und das Muskelwachstum und die Muskelkraft ohne die unerw\u00fcnschten Nebenwirkungen f\u00f6rdern, die \u00fcblicherweise mit anabolen Steroiden verbunden sind. MK-2866 unterst\u00fctzt den Erhalt der Muskulatur und f\u00f6rdert den Fettabbau, was diese Mischung ideal f\u00fcr Abnehm- und Aufbauphasen macht.<\/p>\n<h2>Mechanismus der Wirkung:<\/h2>\n<p>HARDCORE wirkt durch einen synergetischen Ansatz. MK-677 stimuliert die Sekretion von Wachstumshormon und IGF-1, die f\u00fcr das Muskelwachstum, die Erholung und den Fettstoffwechsel entscheidend sind. RAD-140 und LGD-4033 binden selektiv an Androgenrezeptoren im Muskelgewebe, was zu einer erh\u00f6hten Proteinsynthese, Muskelwachstum und Kraftsteigerung f\u00fchrt. MK-2866 (Ostarine) ist ein potenter SARM, der durch F\u00f6rderung der anabolen Aktivit\u00e4t im Muskelgewebe dazu beitr\u00e4gt, die fettfreie Muskelmasse bei Kaloriendefiziten zu erhalten. Die selektiven Mechanismen dieser Verbindungen stellen sicher, dass das Muskelgewebe das prim\u00e4re Ziel ist, wodurch die Auswirkungen auf Nicht-Zielgewebe minimiert werden und somit das Risiko von Nebenwirkungen, die bei herk\u00f6mmlichen Anabolika auftreten, verringert wird.<\/p>\n<h2>Vorteile:<\/h2>\n<p>Bei konsequenter Anwendung in der Forschung liefert HARDCORE sp\u00fcrbare Zuw\u00e4chse an Muskelmasse, Kraft und Ausdauer. Forscher haben beschleunigte Erholungszeiten beobachtet, was es zu einer ausgezeichneten Wahl f\u00fcr Studien macht, die sich auf Leistungssteigerung konzentrieren. Dar\u00fcber hinaus unterst\u00fctzt HARDCORE den Fettabbau, den Erhalt der Muskulatur und den allgemeinen Wiederaufbau des K\u00f6rpers, was es f\u00fcr verschiedene Forschungsanwendungen vielseitig einsetzbar macht. Zu den sekund\u00e4ren Vorteilen geh\u00f6ren eine verbesserte Vaskularit\u00e4t, ein h\u00f6heres Energieniveau und eine bessere Stimmung, was f\u00fcr Probanden, die sich einem strengen Training oder einer Di\u00e4t unterziehen, von Vorteil ist.<\/p>\n<h2>Warum Powerock Pharma:<\/h2>\n<p>Bei Powerock Pharma sind Qualit\u00e4t und Pr\u00e4zision unsere Markenzeichen. Jede Charge von HARDCORE wird in Einrichtungen hergestellt, die die GMP-, HACCP- und ISO 13485-Normen \u00fcbertreffen, um sicherzustellen, dass unsere Produkte sicher, zuverl\u00e4ssig und von h\u00f6chster Qualit\u00e4t sind. Wir setzen modernste Testverfahren ein und arbeiten mit f\u00fchrenden Labors zusammen, um die Reinheit und Wirksamkeit unserer Rezepturen zu \u00fcberpr\u00fcfen. Wenn Sie sich f\u00fcr HARDCORE von Powerock Pharma entscheiden, entscheiden Sie sich f\u00fcr ein Produkt, das konsistente, zuverl\u00e4ssige Ergebnisse liefert und durch strenge Qualit\u00e4tskontrollen abgesichert ist.<\/p>\n<h3>Zusammenfassung:<\/h3>\n<p>Wenn sich Ihre Forschung auf die Maximierung des Muskelwachstums, die Verbesserung der Leistung oder die Verbesserung der K\u00f6rperzusammensetzung konzentriert, ist HARDCORE die L\u00f6sung, die Sie brauchen. Diese fortschrittliche Mischung aus MK-677, RAD-140, LGD-4033 und MK-2866 wird durch die Qualit\u00e4tsverpflichtung von Powerock Pharma unterst\u00fctzt und soll Ihnen helfen, bei Ihren Studien signifikante Ergebnisse zu erzielen. Geben Sie sich nicht mit weniger zufrieden - bestellen Sie HARDCORE noch heute und erleben Sie den Unterschied zwischen Powerock Pharma und Ihren Forschungsergebnissen.<\/p>","protected":false},"excerpt":{"rendered":"<p>HARDCORE kombiniert MK-677, RAD-140, LGD-4033 und MK-2866, um das Muskelwachstum, die Kraft und den Fettabbau zu verst\u00e4rken, indem es die Androgenrezeptoren moduliert und das Wachstumshormon steigert. Erleben Sie verbesserte Erholung und Leistung mit der hochwertigen Mischung von Powerock Pharma.<\/p>","protected":false},"featured_media":218,"template":"","meta":{"_acf_changed":false,"rank_math_lock_modified_date":false,"inline_featured_image":false},"product_cat":[18],"product_tag":[],"class_list":{"0":"post-104","1":"product","2":"type-product","3":"status-publish","4":"has-post-thumbnail","6":"product_cat-sarms","9":"first","10":"instock","11":"shipping-taxable","12":"product-type-simple"},"acf":{"chromatogram":656,"metoda":""},"_links":{"self":[{"href":"https:\/\/powerockpharma.com\/de\/wp-json\/wp\/v2\/product\/104","targetHints":{"allow":["GET"]}}],"collection":[{"href":"https:\/\/powerockpharma.com\/de\/wp-json\/wp\/v2\/product"}],"about":[{"href":"https:\/\/powerockpharma.com\/de\/wp-json\/wp\/v2\/types\/product"}],"wp:featuredmedia":[{"embeddable":true,"href":"https:\/\/powerockpharma.com\/de\/wp-json\/wp\/v2\/media\/218"}],"wp:attachment":[{"href":"https:\/\/powerockpharma.com\/de\/wp-json\/wp\/v2\/media?parent=104"}],"wp:term":[{"taxonomy":"product_cat","embeddable":true,"href":"https:\/\/powerockpharma.com\/de\/wp-json\/wp\/v2\/product_cat?post=104"},{"taxonomy":"product_tag","embeddable":true,"href":"https:\/\/powerockpharma.com\/de\/wp-json\/wp\/v2\/product_tag?post=104"}],"curies":[{"name":"wp","href":"https:\/\/api.w.org\/{rel}","templated":true}]}}