{"id":109,"date":"2024-08-04T17:25:27","date_gmt":"2024-08-04T15:25:27","guid":{"rendered":"https:\/\/powerockpharma.com\/?post_type=product&#038;p=109"},"modified":"2025-11-12T07:01:11","modified_gmt":"2025-11-12T06:01:11","slug":"mk-2866","status":"publish","type":"product","link":"https:\/\/powerockpharma.com\/de\/sarms\/mk-2866\/","title":{"rendered":"MK-2866"},"content":{"rendered":"<h2>Eigenschaften:<\/h2>\n<p>Ostarine, auch bekannt unter seinem chemischen Namen MK-2866, ist bekannt f\u00fcr seine starke F\u00e4higkeit, das Muskelwachstum zu f\u00f6rdern und die Muskelmasse zu erhalten, was es zur ersten Wahl f\u00fcr Forscher macht, die sich auf die Optimierung der K\u00f6rperzusammensetzung konzentrieren. Dieser selektive Androgenrezeptor-Modulator (SARM) ist besonders wirksam in Studien, die darauf abzielen, die anabole Aktivit\u00e4t im Muskelgewebe ohne die unerw\u00fcnschten Nebenwirkungen zu f\u00f6rdern, die \u00fcblicherweise mit anabolen Steroiden verbunden sind. Die gezielte Wirkung von Ostarine macht es ideal f\u00fcr die Erforschung der potenziellen Vorteile einer erh\u00f6hten Muskelmasse, einer verbesserten Kraft und einer verbesserten Erholung sowohl bei einem Kalorien\u00fcberschuss als auch bei einem Defizit.<\/p>\n<h2>Mechanismus der Wirkung:<\/h2>\n<p>Die Wirkung von Ostarine beruht auf seiner selektiven Modulation der Androgenrezeptoren im Muskel- und Knochengewebe. Durch die Bindung an diese Rezeptoren stimuliert Ostarine die anabole Aktivit\u00e4t, was zu einer erh\u00f6hten Proteinsynthese und einem anschlie\u00dfenden Anstieg der Muskelmasse f\u00fchrt. Im Gegensatz zu anabolen Steroiden wirkt Ostarine aufgrund seines selektiven Mechanismus vor allem auf das Muskel- und Knochengewebe und hat nur minimale Auswirkungen auf andere Organe, wodurch das Risiko von Nebenwirkungen wie Lebertoxizit\u00e4t oder hormonellen Ungleichgewichten verringert wird. Dieser selektive Mechanismus unterst\u00fctzt auch die Erhaltung der fettfreien Masse w\u00e4hrend der Kalorienrestriktion, was es besonders wertvoll f\u00fcr Reduktionszyklen oder Gewichtsmanagementforschung macht.<\/p>\n<h2>Vorteile:<\/h2>\n<p>Die konsequente Anwendung von Ostarine in Forschungsstudien f\u00fchrt nachweislich zu einer signifikanten Zunahme der Muskelmasse, einer verbesserten Kraft und einer schnelleren Erholungszeit. Dar\u00fcber hinaus zeigen die Probanden h\u00e4ufig eine verbesserte Ausdauer und eine Verringerung des Muskelschwunds, was besonders bei Studien mit alternden Bev\u00f6lkerungsgruppen oder solchen, die sich von Verletzungen erholen, von Vorteil sein kann. Die F\u00e4higkeit von Ostarine, die Vaskularit\u00e4t zu verbessern und das Energieniveau zu unterst\u00fctzen, erweitert seine Anwendbarkeit in der leistungsorientierten Forschung. F\u00fcr Bodybuilder, Athleten oder diejenigen, die den Muskelerhalt w\u00e4hrend einer Gewichtsabnahme untersuchen, ist Ostarine eine zuverl\u00e4ssige und wirksame Forschungsverbindung.<\/p>\n<h2>Warum Powerock Pharma:<\/h2>\n<p>Bei Powerock Pharma ist unser Engagement f\u00fcr Qualit\u00e4t un\u00fcbertroffen. Jede Charge von Ostarine (MK-2866) wird in Einrichtungen hergestellt, die den h\u00f6chsten Standards entsprechen, einschlie\u00dflich GMP, HACCP und ISO 13485 Zertifizierungen. Strenge Pr\u00fcfprotokolle gew\u00e4hrleisten, dass jede Kapsel reines und wirksames Ostarine enth\u00e4lt, das frei von Verunreinigungen und genau dosiert ist. Wir arbeiten mit f\u00fchrenden Labors zusammen, um die Reinheit und Wirksamkeit unserer Produkte zu validieren. So k\u00f6nnen Sie sicher sein, dass Ihre Forschungsergebnisse durch konsistente, hochwertige Materialien unterst\u00fctzt werden. Entscheiden Sie sich f\u00fcr Powerock Pharma, wenn Sie mit Ostarine jederzeit zuverl\u00e4ssige Ergebnisse erzielen m\u00f6chten.<\/p>\n<h3>Zusammenfassung:<\/h3>\n<p>Wenn Ihre Forschung darauf abzielt, die Auswirkungen des Muskelwachstums, der verbesserten Erholung und der Erhaltung der fettfreien Masse zu erforschen, ist Ostarine (MK-2866) die ideale Verbindung. Unterst\u00fctzt durch die strengen Qualit\u00e4tskontrollen von Powerock Pharma, ist dieses Produkt so konzipiert, dass Sie zuverl\u00e4ssige und reproduzierbare Ergebnisse erzielen k\u00f6nnen. Machen Sie keine Kompromisse bei der Qualit\u00e4t - bestellen Sie Ostarine noch heute und heben Sie Ihre Forschungsergebnisse auf die n\u00e4chste Stufe.<\/p>","protected":false},"excerpt":{"rendered":"<p>Ostarine (MK-2866) f\u00f6rdert das Wachstum schlanker Muskeln, indem es selektiv die Androgenrezeptoren moduliert und so zum Muskelerhalt und zur Erholung beitr\u00e4gt. W\u00e4hlen Sie Powerock Pharma f\u00fcr gleichbleibende Qualit\u00e4t und starke Ergebnisse.<\/p>","protected":false},"featured_media":226,"template":"","meta":{"_acf_changed":false,"rank_math_lock_modified_date":false,"inline_featured_image":false},"product_cat":[18],"product_tag":[],"class_list":{"0":"post-109","1":"product","2":"type-product","3":"status-publish","4":"has-post-thumbnail","6":"product_cat-sarms","9":"first","10":"instock","11":"shipping-taxable","12":"product-type-simple"},"acf":{"chromatogram":644,"metoda":{"acftf":{"v":"1.3.24"},"p":{"o":{"uh":0},"ca":""},"c":[{"p":""}],"h":[{"c":""}],"b":[[{"c":""}]]}},"_links":{"self":[{"href":"https:\/\/powerockpharma.com\/de\/wp-json\/wp\/v2\/product\/109","targetHints":{"allow":["GET"]}}],"collection":[{"href":"https:\/\/powerockpharma.com\/de\/wp-json\/wp\/v2\/product"}],"about":[{"href":"https:\/\/powerockpharma.com\/de\/wp-json\/wp\/v2\/types\/product"}],"wp:featuredmedia":[{"embeddable":true,"href":"https:\/\/powerockpharma.com\/de\/wp-json\/wp\/v2\/media\/226"}],"wp:attachment":[{"href":"https:\/\/powerockpharma.com\/de\/wp-json\/wp\/v2\/media?parent=109"}],"wp:term":[{"taxonomy":"product_cat","embeddable":true,"href":"https:\/\/powerockpharma.com\/de\/wp-json\/wp\/v2\/product_cat?post=109"},{"taxonomy":"product_tag","embeddable":true,"href":"https:\/\/powerockpharma.com\/de\/wp-json\/wp\/v2\/product_tag?post=109"}],"curies":[{"name":"wp","href":"https:\/\/api.w.org\/{rel}","templated":true}]}}