{"id":111,"date":"2024-08-04T17:25:54","date_gmt":"2024-08-04T15:25:54","guid":{"rendered":"https:\/\/powerockpharma.com\/?post_type=product&#038;p=111"},"modified":"2025-11-12T07:00:55","modified_gmt":"2025-11-12T06:00:55","slug":"mk-677","status":"publish","type":"product","link":"https:\/\/powerockpharma.com\/de\/sarms\/mk-677\/","title":{"rendered":"MK-677"},"content":{"rendered":"<h2>Eigenschaften:<\/h2>\n<p>Ibutamoren (MK-677) ist ein potenter Wachstumshormon-Sekretagog, der f\u00fcr seine signifikante Wirkung auf das Muskelwachstum und die allgemeine k\u00f6rperliche Verbesserung bekannt ist. Es wird von Forschern und Sportlern, die ihren K\u00f6rperbau und ihre Leistung optimieren wollen, sehr gesch\u00e4tzt. Ibutamoren wirkt, indem es die Wirkung von Ghrelin, einem nat\u00fcrlichen Hormon im K\u00f6rper, nachahmt, das wiederum die Freisetzung von Wachstumshormon aus der Hypophyse stimuliert. Dies f\u00fchrt zu einer Kaskade von positiven physiologischen Effekten, einschlie\u00dflich einer Zunahme der Muskelmasse, verbesserter Erholungszeiten und einer verbesserten Stoffwechselfunktion. Im Gegensatz zu herk\u00f6mmlichen anabolen Verbindungen erm\u00f6glicht der einzigartige Mechanismus von Ibutamoren erhebliche Zuw\u00e4chse ohne die damit verbundenen Risiken androgener Nebenwirkungen.<\/p>\n<h2>Mechanismus der Wirkung:<\/h2>\n<p>Der prim\u00e4re Wirkmechanismus von Ibutamoren besteht in seiner F\u00e4higkeit, den Ghrelin-Rezeptor (GHS-R1a) zu stimulieren, was zu einem Anstieg des k\u00f6rpereigenen Wachstumshormons (GH) und anschlie\u00dfend des insulin\u00e4hnlichen Wachstumsfaktors 1 (IGF-1) f\u00fchrt. Diese Stimulierung f\u00f6rdert die anabole Aktivit\u00e4t im Muskelgewebe, wodurch die Proteinsynthese gesteigert und der Muskelabbau verringert wird. Die erh\u00f6hten GH-Spiegel tragen auch zu einer besseren Knochendichte, einer besseren Schlafqualit\u00e4t und einem effizienteren Stoffwechsel bei. Da Ibutamoren selektiv auf den Ghrelin-Rezeptor abzielt, vermeidet es die Unterdr\u00fcckung der nat\u00fcrlichen Testosteronproduktion, was es zu einer attraktiven Option f\u00fcr diejenigen macht, die w\u00e4hrend ihrer Forschung auf die Erhaltung des hormonellen Gleichgewichts achten.<\/p>\n<h2>Vorteile:<\/h2>\n<p>Konsistente Forschungsergebnisse mit Ibutamoren f\u00fchren zu einer deutlichen Zunahme der Muskelmasse und der Kraft sowie zu einer schnelleren Erholung von k\u00f6rperlicher Anstrengung. Die Anwender k\u00f6nnen auch einen verst\u00e4rkten Fettabbau beobachten, da der Stoffwechsel durch h\u00f6here GH-Werte angekurbelt wird. Dar\u00fcber hinaus ist Ibutamoren f\u00fcr seine positiven Auswirkungen auf die Schlafqualit\u00e4t bekannt, die f\u00fcr die Erholung der Muskeln und das allgemeine Wohlbefinden entscheidend ist. Weitere potenzielle Vorteile sind eine verbesserte Hautelastizit\u00e4t, ein h\u00f6heres Energieniveau und eine bessere Stimmungsstabilisierung. Dieses Pr\u00e4parat ist besonders wirksam f\u00fcr diejenigen, die sich mit Bodybuilding, sportlicher Leistungssteigerung oder Anti-Aging-Forschung besch\u00e4ftigen, da es einen umfassenden Ansatz zur k\u00f6rperlichen Optimierung bietet.<\/p>\n<h2>Warum Powerock Pharma:<\/h2>\n<p>Bei Powerock Pharma legen wir in jedem Schritt unseres Produktionsprozesses gr\u00f6\u00dften Wert auf hervorragende Qualit\u00e4t. Unser Ibutamoren (MK-677) wird in Anlagen hergestellt, die die GMP-, HACCP- und ISO 13485-Standards \u00fcbertreffen und somit ein H\u00f6chstma\u00df an Reinheit und Wirksamkeit gew\u00e4hrleisten. Wir verwenden hochmoderne Testmethoden, um zu best\u00e4tigen, dass jede Charge unsere strengen Qualit\u00e4tskriterien erf\u00fcllt, und garantieren so zuverl\u00e4ssige und reproduzierbare Ergebnisse bei jeder Anwendung. Unser Engagement f\u00fcr Qualit\u00e4t und Sicherheit ist un\u00fcbertroffen und macht Powerock Pharma zur vertrauensw\u00fcrdigen Wahl f\u00fcr Forscher und Sportler gleicherma\u00dfen. Wenn Sie sich f\u00fcr Ibutamoren von Powerock Pharma entscheiden, entscheiden Sie sich f\u00fcr ein Produkt, das wissenschaftlich formuliert und streng getestet wurde, um die von Ihnen gew\u00fcnschten Ergebnisse zu erzielen.<\/p>\n<h3>Zusammenfassung:<\/h3>\n<p>Wenn Sie Ihr Muskelwachstum, Ihre Leistung und Ihre Regeneration steigern wollen, ist Ibutamoren (MK-677) von Powerock Pharma die ideale Wahl. Unterst\u00fctzt durch unsere strenge Qualit\u00e4tssicherung und wissenschaftliche Integrit\u00e4t, wurde dieses Produkt entwickelt, um Ihre Forschung und Ziele effektiv und sicher zu unterst\u00fctzen. Gehen Sie keine Kompromisse bei der Qualit\u00e4t ein - bestellen Sie Ibutamoren noch heute und erleben Sie die transformativen Vorteile der modernsten Forschungstechnologie.<\/p>","protected":false},"excerpt":{"rendered":"<p>Ibutamoren (MK-677) f\u00f6rdert das Muskelwachstum und eine verbesserte Regeneration, indem es die Sekretion von Wachstumshormon stimuliert. Es unterst\u00fctzt eine erh\u00f6hte Muskelmasse, eine verbesserte Schlafqualit\u00e4t und eine schnellere Heilung. Vertrauen Sie Powerock Pharma f\u00fcr kompromisslose Qualit\u00e4t und best\u00e4ndige Ergebnisse.<\/p>","protected":false},"featured_media":227,"template":"","meta":{"_acf_changed":false,"rank_math_lock_modified_date":false,"inline_featured_image":false},"product_cat":[18],"product_tag":[],"class_list":{"0":"post-111","1":"product","2":"type-product","3":"status-publish","4":"has-post-thumbnail","6":"product_cat-sarms","9":"first","10":"instock","11":"shipping-taxable","12":"product-type-simple"},"acf":{"chromatogram":643,"metoda":{"acftf":{"v":"1.3.24"},"p":{"o":{"uh":0},"ca":""},"c":[{"p":""}],"h":[{"c":""}],"b":[[{"c":""}]]}},"_links":{"self":[{"href":"https:\/\/powerockpharma.com\/de\/wp-json\/wp\/v2\/product\/111","targetHints":{"allow":["GET"]}}],"collection":[{"href":"https:\/\/powerockpharma.com\/de\/wp-json\/wp\/v2\/product"}],"about":[{"href":"https:\/\/powerockpharma.com\/de\/wp-json\/wp\/v2\/types\/product"}],"wp:featuredmedia":[{"embeddable":true,"href":"https:\/\/powerockpharma.com\/de\/wp-json\/wp\/v2\/media\/227"}],"wp:attachment":[{"href":"https:\/\/powerockpharma.com\/de\/wp-json\/wp\/v2\/media?parent=111"}],"wp:term":[{"taxonomy":"product_cat","embeddable":true,"href":"https:\/\/powerockpharma.com\/de\/wp-json\/wp\/v2\/product_cat?post=111"},{"taxonomy":"product_tag","embeddable":true,"href":"https:\/\/powerockpharma.com\/de\/wp-json\/wp\/v2\/product_tag?post=111"}],"curies":[{"name":"wp","href":"https:\/\/api.w.org\/{rel}","templated":true}]}}