{"id":112,"date":"2024-08-04T17:26:48","date_gmt":"2024-08-04T15:26:48","guid":{"rendered":"https:\/\/powerockpharma.com\/?post_type=product&#038;p=112"},"modified":"2025-11-12T07:04:30","modified_gmt":"2025-11-12T06:04:30","slug":"gw501516","status":"publish","type":"product","link":"https:\/\/powerockpharma.com\/de\/sarms\/gw501516\/","title":{"rendered":"GW501516"},"content":{"rendered":"<h2>Eigenschaften:<\/h2>\n<p>Cardarine (GW501516) ist eine hoch angesehene Verbindung, die f\u00fcr ihre starke Wirkung zur Verbesserung der Ausdauer und zur F\u00f6rderung des Fettabbaus bekannt ist. Es wird in der Forschung aufgrund seiner F\u00e4higkeit, die metabolische Effizienz und die k\u00f6rperliche Leistungsf\u00e4higkeit deutlich zu verbessern, h\u00e4ufig eingesetzt. Das macht Cardarine zu einer idealen Wahl f\u00fcr alle, die ihre Ausdauer maximieren, einen \u00fcberdurchschnittlichen Fettabbau erreichen und die allgemeine sportliche Leistung verbessern wollen. Die Verbindung ist besonders vorteilhaft f\u00fcr Athleten, Bodybuilder und Personen, die ein strenges Trainingsprogramm absolvieren.<\/p>\n<h2>Mechanismus der Wirkung:<\/h2>\n<p>Cardarine wirkt durch die Aktivierung des Peroxisom-Proliferator-aktivierten Rezeptor delta (PPAR\u03b4)-Stoffwechselwegs. Diese Aktivierung f\u00fchrt zu einer Kaskade von Stoffwechselereignissen, die die F\u00e4higkeit des K\u00f6rpers erh\u00f6hen, Fett zur Energiegewinnung zu verbrennen und dabei Glukose zu sparen. Auf diese Weise steigert Cardarine die Ausdauer, indem es die Energieverwertung des Organismus verbessert, so dass l\u00e4ngere Perioden intensiver k\u00f6rperlicher Aktivit\u00e4t m\u00f6glich sind, ohne dass es zu einer schnellen Erm\u00fcdung kommt. Dar\u00fcber hinaus hilft es, die Expression von Genen zu regulieren, die an der Energieverbrennung, dem Fettstoffwechsel und der Insulinsensitivit\u00e4t beteiligt sind, was insgesamt zu seinen starken fettverbrennenden und ausdauersteigernden Eigenschaften beitr\u00e4gt.<\/p>\n<h2>Vorteile:<\/h2>\n<p>Konsistente Forschung mit Cardarine (GW501516) hat bemerkenswerte Vorteile gezeigt, darunter eine deutlich verbesserte Ausdauer, eine verbesserte Fettoxidation und schnellere Erholungszeiten. Die Benutzer k\u00f6nnen sp\u00fcrbare Verbesserungen der Ausdauer erwarten, die l\u00e4ngere und effektivere Trainingseinheiten erm\u00f6glichen. Dar\u00fcber hinaus unterst\u00fctzt Cardarine den Erhalt der mageren Muskulatur auch bei Kaloriendefiziten, was es besonders effektiv w\u00e4hrend Abnehmzyklen macht. Zu den sekund\u00e4ren Vorteilen geh\u00f6rt eine bessere kardiovaskul\u00e4re Gesundheit, da die Verbindung nachweislich den Cholesterinspiegel verbessert, indem sie das HDL (gutes Cholesterin) erh\u00f6ht und das LDL (schlechtes Cholesterin) reduziert. Dar\u00fcber hinaus hat Cardarine eine potenziell entz\u00fcndungshemmende Wirkung und tr\u00e4gt so zum allgemeinen Wohlbefinden und zur Erholung bei.<\/p>\n<h2>Warum Powerock Pharma:<\/h2>\n<p>Wir bei Powerock Pharma haben uns verpflichtet, die hochwertigsten Forschungspr\u00e4parate zu liefern, die es gibt. Unser Cardarine (GW501516) wird in hochmodernen Anlagen hergestellt, die die GMP-, HACCP- und ISO 13485-Standards erf\u00fcllen und \u00fcbertreffen. Jede Charge wird strengen Tests unterzogen, um Reinheit, Potenz und Konsistenz zu gew\u00e4hrleisten. Wir arbeiten mit f\u00fchrenden Labors zusammen, um unsere Produkte zu validieren, damit Sie darauf vertrauen k\u00f6nnen, dass unser Cardarine die von Ihnen gew\u00fcnschten Ergebnisse mit der von Ihnen erwarteten Zuverl\u00e4ssigkeit liefert. Entscheiden Sie sich f\u00fcr Powerock Pharma, wenn Sie \u00fcberlegene Qualit\u00e4t und die Gewissheit haben wollen, dass Ihre Forschung von den Besten unterst\u00fctzt wird.<\/p>\n<h3>Zusammenfassung:<\/h3>\n<p>Wenn Sie Ihre Forschung in den Bereichen Ausdauer und Fettabbau auf ein neues Niveau heben m\u00f6chten, ist Cardarine (GW501516) von Powerock Pharma die L\u00f6sung, die Sie brauchen. Unterst\u00fctzt durch unsere strengen Qualit\u00e4tskontrollen, ist dieses Produkt so konzipiert, dass Sie Ihre Forschungsziele sicher und effektiv erreichen k\u00f6nnen. Geben Sie sich nicht mit weniger als dem Besten zufrieden - bestellen Sie Cardarine noch heute und erzielen Sie die Ergebnisse, die Sie verdienen.<\/p>","protected":false},"excerpt":{"rendered":"<p>Cardarine (GW501516) unterst\u00fctzt die Verbesserung der Ausdauer und den Fettabbau, indem es den PPAR\u03b4-Signalweg aktiviert und so die metabolische Effizienz und das Energieniveau verbessert. Es bietet Vorteile wie erh\u00f6hte Ausdauer, Fettverbrennung und verbesserte Erholung. Entscheiden Sie sich f\u00fcr Powerock Pharma, um erstklassige Qualit\u00e4t und best\u00e4ndige Ergebnisse zu erzielen.<\/p>","protected":false},"featured_media":228,"template":"","meta":{"_acf_changed":false,"rank_math_lock_modified_date":false,"inline_featured_image":false},"product_cat":[18],"product_tag":[],"class_list":{"0":"post-112","1":"product","2":"type-product","3":"status-publish","4":"has-post-thumbnail","6":"product_cat-sarms","9":"first","10":"instock","11":"shipping-taxable","12":"product-type-simple"},"acf":{"chromatogram":657,"metoda":{"acftf":{"v":"1.3.24"},"p":{"o":{"uh":0},"ca":""},"c":[{"p":""}],"h":[{"c":""}],"b":[[{"c":""}]]}},"_links":{"self":[{"href":"https:\/\/powerockpharma.com\/de\/wp-json\/wp\/v2\/product\/112","targetHints":{"allow":["GET"]}}],"collection":[{"href":"https:\/\/powerockpharma.com\/de\/wp-json\/wp\/v2\/product"}],"about":[{"href":"https:\/\/powerockpharma.com\/de\/wp-json\/wp\/v2\/types\/product"}],"wp:featuredmedia":[{"embeddable":true,"href":"https:\/\/powerockpharma.com\/de\/wp-json\/wp\/v2\/media\/228"}],"wp:attachment":[{"href":"https:\/\/powerockpharma.com\/de\/wp-json\/wp\/v2\/media?parent=112"}],"wp:term":[{"taxonomy":"product_cat","embeddable":true,"href":"https:\/\/powerockpharma.com\/de\/wp-json\/wp\/v2\/product_cat?post=112"},{"taxonomy":"product_tag","embeddable":true,"href":"https:\/\/powerockpharma.com\/de\/wp-json\/wp\/v2\/product_tag?post=112"}],"curies":[{"name":"wp","href":"https:\/\/api.w.org\/{rel}","templated":true}]}}