{"id":113,"date":"2024-08-04T17:27:13","date_gmt":"2024-08-04T15:27:13","guid":{"rendered":"https:\/\/powerockpharma.com\/?post_type=product&#038;p=113"},"modified":"2025-11-12T06:44:34","modified_gmt":"2025-11-12T05:44:34","slug":"yk-11","status":"publish","type":"product","link":"https:\/\/powerockpharma.com\/de\/sarms\/yk-11\/","title":{"rendered":"YK-11"},"content":{"rendered":"<h2>Eigenschaften:<\/h2>\n<p>YK-11, auch bekannt als Myanabol, ist ein potenter selektiver Androgenrezeptor-Modulator (SARM), der f\u00fcr seine einzigartige F\u00e4higkeit bekannt ist, signifikantes Muskelwachstum und Kraftzuwachs zu f\u00f6rdern, indem er Myostatin hemmt, ein Protein, das normalerweise die Muskelentwicklung einschr\u00e4nkt. Diese Hemmung erm\u00f6glicht eine ausgepr\u00e4gte Zunahme der mageren Muskelmasse, so dass YK-11 eine bevorzugte Wahl unter Bodybuildern und Athleten, die ihren K\u00f6rperbau und ihre Leistung zu maximieren.<\/p>\n<h2>Mechanismus der Wirkung:<\/h2>\n<p>Der Wirkmechanismus von YK-11 beruht auf seiner Doppelfunktion als SARM und Myostatin-Inhibitor. Durch die Bindung an Androgenrezeptoren l\u00f6st es nicht nur die Wege aus, die das Muskelwachstum f\u00f6rdern, sondern hemmt auch die Aktivit\u00e4t von Myostatin, was die Muskelhypertrophie weiter verst\u00e4rkt. Diese doppelte Wirkung hebt YK-11 von anderen SARMs ab und bietet einen einzigartigen Vorteil beim Aufbau erheblicher Muskelmasse ohne die typischen Nebenwirkungen, die mit anabolen Steroiden verbunden sind.<\/p>\n<h2>Vorteile:<\/h2>\n<p>Die Vorteile einer konsequenten Einnahme von YK-11 sind umfassend. Die Benutzer k\u00f6nnen eine sp\u00fcrbare Zunahme der Muskelmasse, erhebliche Kraftzuw\u00e4chse, beschleunigte Erholungszeiten und verbesserte Ausdauer erwarten. Dar\u00fcber hinaus hilft YK-11 bei der Erhaltung der Muskulatur w\u00e4hrend eines Kaloriendefizits, was es zu einer ausgezeichneten Wahl f\u00fcr diejenigen macht, die sich in einer Abnehmphase befinden. Zu den sekund\u00e4ren Vorteilen geh\u00f6ren eine verbesserte Vaskularit\u00e4t, ein besseres allgemeines Energieniveau und eine m\u00f6gliche Stimmungsstabilisierung, was zu einer umfassenderen Verbesserung der k\u00f6rperlichen und geistigen Leistungsf\u00e4higkeit beitr\u00e4gt.<\/p>\n<h2>Warum Powerock Pharma:<\/h2>\n<p>Powerock Pharma ist bestrebt, Forschungspr\u00e4parate von h\u00f6chster Qualit\u00e4t zu liefern. Jede Charge von YK-11 wird in unseren hochmodernen Anlagen hergestellt, die die GMP-, HACCP- und ISO 13485-Normen streng einhalten. In Zusammenarbeit mit f\u00fchrenden Labors wenden wir strenge Pr\u00fcfprotokolle an, um die Reinheit, Wirksamkeit und Sicherheit unserer Produkte zu gew\u00e4hrleisten. Bei Powerock Pharma k\u00f6nnen Sie darauf vertrauen, dass jede Kapsel von YK-11 sorgf\u00e4ltig hergestellt wird, um die h\u00f6chsten Industriestandards zu erf\u00fcllen und Ihnen die zuverl\u00e4ssigen und effektiven Ergebnisse zu liefern, die Sie verlangen.<\/p>\n<h3>Zusammenfassung:<\/h3>\n<p>Wenn es Ihr Ziel ist, Ihr Muskelwachstum und Ihre Leistung auf ein neues Niveau zu heben, ist YK-11 die L\u00f6sung, die Sie brauchen. Unterst\u00fctzt durch die strengen Qualit\u00e4tskontrollen von Powerock Pharma, wurde dieses Produkt entwickelt, um Ihnen zu helfen, Ihre Ziele sicher und effektiv zu erreichen. Geben Sie sich nicht mit weniger zufrieden - bestellen Sie YK-11 noch heute und beginnen Sie, die Ergebnisse zu sehen, die Sie verdienen.<\/p>","protected":false},"excerpt":{"rendered":"<p>YK-11 unterst\u00fctzt das Muskelwachstum durch Hemmung von Myostatin, was zu erh\u00f6hter Kraft und verbesserter Erholung f\u00fchrt. Es bietet die Erhaltung der mageren Masse und reduziert die Fettansammlung. W\u00e4hlen Sie Powerock Pharma f\u00fcr kompromisslose Qualit\u00e4t und best\u00e4ndige Ergebnisse.<\/p>","protected":false},"featured_media":229,"template":"","meta":{"_acf_changed":false,"rank_math_lock_modified_date":false,"inline_featured_image":false},"product_cat":[18],"product_tag":[],"class_list":{"0":"post-113","1":"product","2":"type-product","3":"status-publish","4":"has-post-thumbnail","6":"product_cat-sarms","9":"first","10":"instock","11":"shipping-taxable","12":"product-type-simple"},"acf":{"chromatogram":599,"metoda":""},"_links":{"self":[{"href":"https:\/\/powerockpharma.com\/de\/wp-json\/wp\/v2\/product\/113","targetHints":{"allow":["GET"]}}],"collection":[{"href":"https:\/\/powerockpharma.com\/de\/wp-json\/wp\/v2\/product"}],"about":[{"href":"https:\/\/powerockpharma.com\/de\/wp-json\/wp\/v2\/types\/product"}],"wp:featuredmedia":[{"embeddable":true,"href":"https:\/\/powerockpharma.com\/de\/wp-json\/wp\/v2\/media\/229"}],"wp:attachment":[{"href":"https:\/\/powerockpharma.com\/de\/wp-json\/wp\/v2\/media?parent=113"}],"wp:term":[{"taxonomy":"product_cat","embeddable":true,"href":"https:\/\/powerockpharma.com\/de\/wp-json\/wp\/v2\/product_cat?post=113"},{"taxonomy":"product_tag","embeddable":true,"href":"https:\/\/powerockpharma.com\/de\/wp-json\/wp\/v2\/product_tag?post=113"}],"curies":[{"name":"wp","href":"https:\/\/api.w.org\/{rel}","templated":true}]}}