{"id":114,"date":"2024-08-04T17:27:44","date_gmt":"2024-08-04T15:27:44","guid":{"rendered":"https:\/\/powerockpharma.com\/?post_type=product&#038;p=114"},"modified":"2025-11-12T07:02:30","modified_gmt":"2025-11-12T06:02:30","slug":"lgd-4033","status":"publish","type":"product","link":"https:\/\/powerockpharma.com\/de\/sarms\/lgd-4033\/","title":{"rendered":"LGD-4033"},"content":{"rendered":"<h2>Eigenschaften:<\/h2>\n<p>Ligandrol (LGD-4033) ist ein leistungsf\u00e4higer selektiver Androgenrezeptormodulator (SARM), der f\u00fcr seine starken anabolen Wirkungen, insbesondere auf Muskelwachstum und Kraftsteigerung, bekannt ist. Diese Verbindung ist zu einer bevorzugten Wahl f\u00fcr Forscher geworden, die ihr Potenzial zur Verbesserung der K\u00f6rperzusammensetzung und der sportlichen Leistung erforschen wollen. LGD-4033 wirkt durch selektive Bindung an Androgenrezeptoren, vor allem im Muskel- und Knochengewebe, was zu einer gesteigerten Proteinsynthese und Muskelhypertrophie f\u00fchrt, w\u00e4hrend unerw\u00fcnschte Auswirkungen auf Nicht-Zielgewebe minimiert werden. Diese Selektivit\u00e4t macht Ligandrol zu einem attraktiven Kandidaten f\u00fcr diejenigen, die sich mit Muskelschwund, Osteoporose und der allgemeinen Verbesserung des K\u00f6rperbaus befassen.<\/p>\n<h2>Mechanismus der Wirkung:<\/h2>\n<p>Die Wirkung von Ligandrol beruht auf seiner selektiven Androgenrezeptormodulation, die es ihm erm\u00f6glicht, die Wirkungen anaboler Steroide ohne die damit verbundenen Nebenwirkungen nachzuahmen. Nach der Bindung an die Androgenrezeptoren stimuliert LGD-4033 eine Kaskade von anabolen Prozessen, einschlie\u00dflich erh\u00f6hter Stickstoffretention, verbesserter Muskelproteinsynthese und reduziertem Muskelabbau. Im Gegensatz zu herk\u00f6mmlichen Anabolika sorgt die selektive Natur von Ligandrol f\u00fcr minimale Auswirkungen auf Organe wie die Prostata, was es zu einer sichereren Alternative f\u00fcr die Muskelwachstumsforschung macht. Dar\u00fcber hinaus hat LGD-4033 das Potenzial gezeigt, die fettfreie Muskelmasse bei Kaloriendefiziten zu erhalten, was besonders f\u00fcr Studien zum Fettabbau und zur K\u00f6rperzusammensetzung von Vorteil ist.<\/p>\n<h2>Vorteile:<\/h2>\n<p>Die konsequente Verwendung von Ligandrol (LGD-4033) in der Forschung hat signifikante Vorteile gezeigt, einschlie\u00dflich einer sp\u00fcrbaren Zunahme der mageren Muskelmasse, erhebliche Kraftzuw\u00e4chse und schnellere Erholungszeiten nach dem Training. Die Forscher haben auch eine verbesserte Ausdauer und einen verbesserten Muskelerhalt beobachtet, was es zu einem vielseitigen Werkzeug in Studien macht, die sich auf die Leistungssteigerung und die Optimierung des K\u00f6rperbaus konzentrieren. Dar\u00fcber hinaus ist Ligandrol f\u00fcr seine F\u00e4higkeit bekannt, eine bessere Vaskularit\u00e4t und ein h\u00f6heres Energieniveau zu f\u00f6rdern, wobei einige Studien auf m\u00f6gliche stimmungsstabilisierende Effekte hinweisen. Diese Vorteile machen LGD-4033 besonders effektiv f\u00fcr die Forschung mit Bodybuildern, Athleten und Personen, die einen Schneidezyklus durchlaufen.<\/p>\n<h2>Warum Powerock Pharma:<\/h2>\n<p>Powerock Pharma hat es sich zur Aufgabe gemacht, erstklassige Forschungspr\u00e4parate zu liefern, die den h\u00f6chsten Qualit\u00e4tsstandards entsprechen. Jede Charge von Ligandrol (LGD-4033) wird in Einrichtungen hergestellt, die die GMP-, HACCP- und ISO 13485-Vorschriften erf\u00fcllen und \u00fcbertreffen, um sicherzustellen, dass unsere Produkte sowohl sicher als auch wirksam sind. Unsere strengen Testprotokolle, die in Zusammenarbeit mit f\u00fchrenden Labors durchgef\u00fchrt werden, validieren die Reinheit und Wirksamkeit unserer SARMs und garantieren, dass Sie mit jedem Kauf konsistente Ergebnisse erhalten. Wenn Sie sich f\u00fcr Ligandrol von Powerock Pharma entscheiden, investieren Sie in ein Produkt, das von der Wissenschaft gest\u00fctzt wird und dem die Fachwelt aufgrund seiner hervorragenden Forschungsergebnisse vertraut.<\/p>\n<h3>Zusammenfassung:<\/h3>\n<p>Wenn sich Ihre Forschung auf Muskelwachstum, Kraftsteigerung oder K\u00f6rperumbau konzentriert, ist Ligandrol (LGD-4033) die Verbindung, die Sie brauchen. Unterst\u00fctzt durch die strengen Qualit\u00e4tskontrollen und fortschrittlichen Herstellungspraktiken von Powerock Pharma, ist dieses SARM so konzipiert, dass es Ihnen hilft, zuverl\u00e4ssige und signifikante Ergebnisse in Ihren Studien zu erzielen. Machen Sie keine Kompromisse bei der Qualit\u00e4t - bestellen Sie Ligandrol (LGD-4033) noch heute und bringen Sie Ihre Forschung auf die n\u00e4chste Stufe.<\/p>","protected":false},"excerpt":{"rendered":"<p>Ligandrol (LGD-4033) unterst\u00fctzt ein signifikantes Muskelwachstum durch selektive Modulation der Androgenrezeptoren. Es bietet verbesserte Kraft, schnellere Erholung und Erhaltung der Muskulatur. W\u00e4hlen Sie Powerock Pharma f\u00fcr un\u00fcbertroffene Qualit\u00e4t und zuverl\u00e4ssige Ergebnisse.<\/p>","protected":false},"featured_media":230,"template":"","meta":{"_acf_changed":false,"rank_math_lock_modified_date":false,"inline_featured_image":false},"product_cat":[18],"product_tag":[],"class_list":{"0":"post-114","1":"product","2":"type-product","3":"status-publish","4":"has-post-thumbnail","6":"product_cat-sarms","9":"first","10":"instock","11":"shipping-taxable","12":"product-type-simple"},"acf":{"chromatogram":649,"metoda":{"acftf":{"v":"1.3.24"},"p":{"o":{"uh":0},"ca":""},"c":[{"p":""}],"h":[{"c":""}],"b":[[{"c":""}]]}},"_links":{"self":[{"href":"https:\/\/powerockpharma.com\/de\/wp-json\/wp\/v2\/product\/114","targetHints":{"allow":["GET"]}}],"collection":[{"href":"https:\/\/powerockpharma.com\/de\/wp-json\/wp\/v2\/product"}],"about":[{"href":"https:\/\/powerockpharma.com\/de\/wp-json\/wp\/v2\/types\/product"}],"wp:featuredmedia":[{"embeddable":true,"href":"https:\/\/powerockpharma.com\/de\/wp-json\/wp\/v2\/media\/230"}],"wp:attachment":[{"href":"https:\/\/powerockpharma.com\/de\/wp-json\/wp\/v2\/media?parent=114"}],"wp:term":[{"taxonomy":"product_cat","embeddable":true,"href":"https:\/\/powerockpharma.com\/de\/wp-json\/wp\/v2\/product_cat?post=114"},{"taxonomy":"product_tag","embeddable":true,"href":"https:\/\/powerockpharma.com\/de\/wp-json\/wp\/v2\/product_tag?post=114"}],"curies":[{"name":"wp","href":"https:\/\/api.w.org\/{rel}","templated":true}]}}