{"id":115,"date":"2024-08-04T17:28:17","date_gmt":"2024-08-04T15:28:17","guid":{"rendered":"https:\/\/powerockpharma.com\/?post_type=product&#038;p=115"},"modified":"2025-11-12T07:04:52","modified_gmt":"2025-11-12T06:04:52","slug":"gw-0742","status":"publish","type":"product","link":"https:\/\/powerockpharma.com\/de\/sarms\/gw-0742\/","title":{"rendered":"GW-0742"},"content":{"rendered":"<h2>Eigenschaften:<\/h2>\n<p>GW-0742, auch bekannt als Cardarine 2.0 oder GW610742, ist bekannt f\u00fcr seine starken Auswirkungen auf den Fettstoffwechsel und die Ausdauer, was es zu einer ausgezeichneten Wahl f\u00fcr Forscher macht, die sich auf die Optimierung der sportlichen Leistung und der K\u00f6rperzusammensetzung konzentrieren. Diese Verbindung zielt in erster Linie auf die Aktivierung des Peroxisom-Proliferator-aktivierten Rezeptors delta (PPAR\u03b4) ab, der eine entscheidende Rolle bei der Regulierung des Energiehaushalts, des Fettstoffwechsels und der Entz\u00fcndung spielt. Infolgedessen tr\u00e4gt GW-0742 dazu bei, die k\u00f6rperliche Ausdauer zu verbessern, den Fettabbau zu f\u00f6rdern und die allgemeine metabolische Effizienz zu steigern.<\/p>\n<h2>Mechanismus der Wirkung:<\/h2>\n<p>Der Wirkmechanismus von GW-0742 beruht auf seiner F\u00e4higkeit, selektiv PPAR\u03b4-Rezeptoren zu aktivieren, die in der Skelettmuskulatur und im Fettgewebe stark ausgepr\u00e4gt sind. Durch die Aktivierung dieser Rezeptoren erh\u00f6ht GW-0742 die Expression von Genen, die an der Fetts\u00e4ureoxidation und dem Energieverbrauch beteiligt sind. Dies f\u00fchrt zu einer deutlichen Verringerung der Fettspeicher bei gleichzeitiger Verbesserung der Energieverf\u00fcgbarkeit bei l\u00e4ngerer k\u00f6rperlicher Aktivit\u00e4t. Im Gegensatz zu anabolen Wirkstoffen erzielt GW-0742 diese Wirkungen, ohne den Hormonspiegel negativ zu beeinflussen, was ein sichereres Profil mit minimalen Nebenwirkungen gew\u00e4hrleistet. Dar\u00fcber hinaus bedeutet sein selektiver Mechanismus, dass es sich nicht auf Nicht-Zielgewebe auswirkt, was es zu einem pr\u00e4zisen Werkzeug f\u00fcr die Forschung macht, die sich auf metabolische und ausdauerbezogene Ergebnisse konzentriert.<\/p>\n<h2>Vorteile:<\/h2>\n<p>Die konsequente Anwendung von GW-0742 in der Forschung hat mehrere wichtige Vorteile gezeigt:<\/p>\n<ul>\n<li><strong>Erh\u00f6hter Fettabbau<\/strong>: Durch die F\u00f6rderung der Fetts\u00e4ureoxidation reduziert GW-0742 das K\u00f6rperfett signifikant, was es ideal f\u00fcr Studien zur Gewichtsregulierung und K\u00f6rperzusammensetzung macht.<\/li>\n<li><strong>Verbesserte Ausdauer<\/strong>: GW-0742 erh\u00f6ht die Verf\u00fcgbarkeit von Energie w\u00e4hrend l\u00e4ngerer k\u00f6rperlicher Aktivit\u00e4ten, verbessert die Ausdauer und verringert die M\u00fcdigkeit.<\/li>\n<li><strong>Stoffwechsel-Effizienz<\/strong>: Die Verbindung verbessert die allgemeine Stoffwechselaktivit\u00e4t, was zu einer besseren Energieverwertung und einem verbesserten Lipidprofil f\u00fchrt.<\/li>\n<li><strong>Sicherheitsprofil<\/strong>: GW-0742 bietet diese Vorteile ohne die unerw\u00fcnschten Wirkungen, die \u00fcblicherweise mit anderen leistungssteigernden Verbindungen verbunden sind, wie z. B. Lebertoxizit\u00e4t oder hormonelles Ungleichgewicht.<\/li>\n<\/ul>\n<h2>Warum Powerock Pharma:<\/h2>\n<p>Bei Powerock Pharma ist unser Engagement f\u00fcr die Herstellung von Forschungspr\u00e4paraten h\u00f6chster Qualit\u00e4t un\u00fcbertroffen. GW-0742 wird in hochmodernen Anlagen hergestellt, die strenge GMP-, HACCP- und ISO 13485-Standards einhalten, um sicherzustellen, dass jede Kapsel eine gleichbleibende Potenz und Reinheit aufweist. In Zusammenarbeit mit f\u00fchrenden Labors f\u00fchren wir strenge Tests durch, um die Qualit\u00e4t und Wirksamkeit unserer Produkte zu \u00fcberpr\u00fcfen und den Forschern zuverl\u00e4ssige Hilfsmittel f\u00fcr ihre Studien an die Hand zu geben. Wenn Sie sich f\u00fcr Powerock Pharma entscheiden, entscheiden Sie sich f\u00fcr ein Engagement f\u00fcr Spitzenleistungen, Sicherheit und wissenschaftliche Integrit\u00e4t.<\/p>\n<h3>Zusammenfassung:<\/h3>\n<p>Wenn sich Ihre Forschung auf die Verbesserung der Ausdauer, die F\u00f6rderung des Fettabbaus oder die Verbesserung der Stoffwechselgesundheit konzentriert, ist GW-0742 die Verbindung, die Sie brauchen. Unterst\u00fctzt durch die strengen Qualit\u00e4tskontrollen von Powerock Pharma ist dieses Produkt darauf ausgelegt, Ihre Forschungsziele mit zuverl\u00e4ssigen und reproduzierbaren Ergebnissen zu unterst\u00fctzen. Gehen Sie bei der Qualit\u00e4t keine Kompromisse ein - bestellen Sie GW-0742 noch heute und bringen Sie Ihre Forschung auf ein neues Niveau.<\/p>","protected":false},"excerpt":{"rendered":"<p>GW-0742 unterst\u00fctzt den Fettabbau und die Verbesserung der Ausdauer, indem es die PPAR\u03b4-Rezeptoren aktiviert und so einen erh\u00f6hten Energieverbrauch und einen verbesserten Lipidstoffwechsel f\u00f6rdert. Erleben Sie hervorragende Ergebnisse mit Powerock Pharmas Engagement f\u00fcr Qualit\u00e4t und Sicherheit.<\/p>","protected":false},"featured_media":231,"template":"","meta":{"_acf_changed":false,"rank_math_lock_modified_date":false,"inline_featured_image":false},"product_cat":[18],"product_tag":[],"class_list":{"0":"post-115","1":"product","2":"type-product","3":"status-publish","4":"has-post-thumbnail","6":"product_cat-sarms","9":"first","10":"instock","11":"shipping-taxable","12":"product-type-simple"},"acf":{"chromatogram":658,"metoda":""},"_links":{"self":[{"href":"https:\/\/powerockpharma.com\/de\/wp-json\/wp\/v2\/product\/115","targetHints":{"allow":["GET"]}}],"collection":[{"href":"https:\/\/powerockpharma.com\/de\/wp-json\/wp\/v2\/product"}],"about":[{"href":"https:\/\/powerockpharma.com\/de\/wp-json\/wp\/v2\/types\/product"}],"wp:featuredmedia":[{"embeddable":true,"href":"https:\/\/powerockpharma.com\/de\/wp-json\/wp\/v2\/media\/231"}],"wp:attachment":[{"href":"https:\/\/powerockpharma.com\/de\/wp-json\/wp\/v2\/media?parent=115"}],"wp:term":[{"taxonomy":"product_cat","embeddable":true,"href":"https:\/\/powerockpharma.com\/de\/wp-json\/wp\/v2\/product_cat?post=115"},{"taxonomy":"product_tag","embeddable":true,"href":"https:\/\/powerockpharma.com\/de\/wp-json\/wp\/v2\/product_tag?post=115"}],"curies":[{"name":"wp","href":"https:\/\/api.w.org\/{rel}","templated":true}]}}