{"id":117,"date":"2024-08-04T17:29:45","date_gmt":"2024-08-04T15:29:45","guid":{"rendered":"https:\/\/powerockpharma.com\/?post_type=product&#038;p=117"},"modified":"2025-11-12T06:54:28","modified_gmt":"2025-11-12T05:54:28","slug":"rad-150","status":"publish","type":"product","link":"https:\/\/powerockpharma.com\/de\/sarms\/rad-150\/","title":{"rendered":"RAD-150"},"content":{"rendered":"<h2>Eigenschaften:<\/h2>\n<p>RAD-150, auch bekannt als TLB-150 Benzoate, ist eine potente Verbindung, die f\u00fcr ihre starke Wirkung auf Muskelwachstum und k\u00f6rperliche Leistungsf\u00e4higkeit bekannt ist. Dieser fortschrittliche selektive Androgenrezeptor-Modulator (SARM) wird von Forschern und Athleten gleicherma\u00dfen f\u00fcr seine F\u00e4higkeit gesch\u00e4tzt, den K\u00f6rperbau und die sportlichen F\u00e4higkeiten deutlich zu verbessern. RAD-150 wirkt durch Bindung an die Androgenrezeptoren im Muskelgewebe und f\u00f6rdert die anabole Aktivit\u00e4t, die zu einer erh\u00f6hten Proteinsynthese und einem verringerten Muskelabbau f\u00fchrt. Das Ergebnis ist eine bemerkenswerte Verbesserung der Muskelmasse, der Kraft und der Ausdauer, was RAD-150 zu einer bevorzugten Wahl f\u00fcr diejenigen macht, die sowohl beim Training als auch bei der Leistung an ihre Grenzen gehen wollen.<\/p>\n<h2>Mechanismus der Wirkung:<\/h2>\n<p>Der Wirkmechanismus von RAD-150 beruht auf seiner selektiven Modulation der Androgenrezeptoren, die ein verst\u00e4rktes Muskelwachstum ohne die typischen Nebenwirkungen herk\u00f6mmlicher Anabolika erm\u00f6glicht. Da RAD-150 speziell auf das Muskelgewebe abzielt, minimiert es die Auswirkungen auf Nicht-Zielbereiche, wodurch das Risiko unerw\u00fcnschter Nebenwirkungen wie Haarausfall, Akne oder Lebertoxizit\u00e4t verringert wird. Diese selektive Wirkung sorgt auch f\u00fcr den Erhalt der Muskelmasse, selbst in Zeiten des Kaloriendefizits, was RAD-150 zu einer ausgezeichneten Option f\u00fcr Bodybuilder und Athleten macht, die Abnehmzyklen durchf\u00fchren.<\/p>\n<h2>Vorteile:<\/h2>\n<p>Die konsequente Einnahme von RAD-150 bringt eine Reihe von Vorteilen mit sich, darunter eine erhebliche Zunahme der Muskelmasse, eine Steigerung der Kraft und eine Verk\u00fcrzung der Erholungszeiten. Forscher haben auch sekund\u00e4re Vorteile wie eine verbesserte Vaskularit\u00e4t, verbesserte Ausdauer und ein besseres Energieniveau beobachtet, die alle zu einem definierteren und leistungsf\u00e4higeren K\u00f6rperbau beitragen. RAD-150 ist besonders effektiv f\u00fcr Personen, die ihre k\u00f6rperliche Leistung maximieren wollen, egal ob sie Leistungssportler, Bodybuilder oder Fitness-Enthusiasten sind, die eine Spitzenkondition anstreben.<\/p>\n<h2>Warum Powerock Pharma:<\/h2>\n<p>Powerock Pharma hat sich verpflichtet, nur Produkte von h\u00f6chster Qualit\u00e4t f\u00fcr Forschung und Leistungssteigerung zu liefern. Jede Charge von RAD-150 wird in Einrichtungen hergestellt, die die strengsten Standards einhalten, einschlie\u00dflich GMP, HACCP und ISO 13485. Unsere strengen Pr\u00fcfprotokolle stellen sicher, dass jede Kapsel die reinste und wirksamste Form von RAD-150 enth\u00e4lt und in jeder Studie zuverl\u00e4ssige und reproduzierbare Ergebnisse liefert. Wir arbeiten mit f\u00fchrenden Laboratorien zusammen, um die Reinheit und Wirksamkeit unserer Produkte zu validieren, so dass Sie darauf vertrauen k\u00f6nnen, dass RAD-150 von Powerock Pharma Ihren Forschungsanforderungen stets gerecht wird.<\/p>\n<h3>Zusammenfassung:<\/h3>\n<p>Wenn Sie Ihr Muskelwachstum, Ihre Kraft und Ihre Gesamtleistung steigern wollen, ist RAD-150 die ideale L\u00f6sung. Unterst\u00fctzt durch die strengen Qualit\u00e4tskontrollen von Powerock Pharma, wurde diese Verbindung entwickelt, um Ihnen zu helfen, Ihre Forschungsziele sicher und effektiv zu erreichen. Gehen Sie bei der Qualit\u00e4t keine Kompromisse ein - bestellen Sie RAD-150 noch heute und erleben Sie den Unterschied, den erstklassige Forschungspr\u00e4parate ausmachen k\u00f6nnen.<\/p>","protected":false},"excerpt":{"rendered":"<p>RAD-150 (TLB-150 Benzoat) unterst\u00fctzt das Muskelwachstum und die Ausdauer durch selektive Modulation der Androgenrezeptoren. Es bietet erh\u00f6hte Kraft, schnellere Erholung und verbesserte Erhaltung der fettfreien Masse. Entscheiden Sie sich f\u00fcr Powerock Pharma, wenn Sie \u00fcberlegene Qualit\u00e4t und best\u00e4ndige Ergebnisse w\u00fcnschen.<\/p>","protected":false},"featured_media":233,"template":"","meta":{"_acf_changed":false,"rank_math_lock_modified_date":false,"inline_featured_image":false},"product_cat":[18],"product_tag":[],"class_list":{"0":"post-117","1":"product","2":"type-product","3":"status-publish","4":"has-post-thumbnail","6":"product_cat-sarms","9":"first","10":"instock","11":"shipping-taxable","12":"product-type-simple"},"acf":{"chromatogram":622,"metoda":{"acftf":{"v":"1.3.24"},"p":{"o":{"uh":0},"ca":""},"c":[{"p":""}],"h":[{"c":""}],"b":[[{"c":""}]]}},"_links":{"self":[{"href":"https:\/\/powerockpharma.com\/de\/wp-json\/wp\/v2\/product\/117","targetHints":{"allow":["GET"]}}],"collection":[{"href":"https:\/\/powerockpharma.com\/de\/wp-json\/wp\/v2\/product"}],"about":[{"href":"https:\/\/powerockpharma.com\/de\/wp-json\/wp\/v2\/types\/product"}],"wp:featuredmedia":[{"embeddable":true,"href":"https:\/\/powerockpharma.com\/de\/wp-json\/wp\/v2\/media\/233"}],"wp:attachment":[{"href":"https:\/\/powerockpharma.com\/de\/wp-json\/wp\/v2\/media?parent=117"}],"wp:term":[{"taxonomy":"product_cat","embeddable":true,"href":"https:\/\/powerockpharma.com\/de\/wp-json\/wp\/v2\/product_cat?post=117"},{"taxonomy":"product_tag","embeddable":true,"href":"https:\/\/powerockpharma.com\/de\/wp-json\/wp\/v2\/product_tag?post=117"}],"curies":[{"name":"wp","href":"https:\/\/api.w.org\/{rel}","templated":true}]}}