{"id":119,"date":"2024-08-04T17:31:09","date_gmt":"2024-08-04T15:31:09","guid":{"rendered":"https:\/\/powerockpharma.com\/?post_type=product&#038;p=119"},"modified":"2025-11-12T06:53:44","modified_gmt":"2025-11-12T05:53:44","slug":"s4","status":"publish","type":"product","link":"https:\/\/powerockpharma.com\/de\/sarms\/s4\/","title":{"rendered":"S4"},"content":{"rendered":"<h2>Eigenschaften:<\/h2>\n<p>Andarine, auch bekannt als S4, ist ein potenter selektiver Androgenrezeptor-Modulator (SARM), der f\u00fcr seine signifikante Wirkung auf Muskelwachstum und Fettabbau bekannt ist. Diese Verbindung ist sehr begehrt bei denjenigen, die ihren K\u00f6rperbau und ihre Leistung verbessern wollen. S4 ist so konzipiert, dass es selektiv auf die Androgenrezeptoren, insbesondere im Muskel- und Knochengewebe, abzielt, was es zu einer ausgezeichneten Wahl f\u00fcr diejenigen macht, die ihre Muskelmasse vergr\u00f6\u00dfern und gleichzeitig ihr K\u00f6rperfett reduzieren wollen. Diese Selektivit\u00e4t erm\u00f6glicht die erw\u00fcnschten anabolen Effekte ohne die schweren Nebenwirkungen, die \u00fcblicherweise mit anabolen Steroiden verbunden sind.<\/p>\n<h2>Mechanismus der Wirkung:<\/h2>\n<p>Die Wirkung von Andarine (S4) beruht auf seiner F\u00e4higkeit, die Androgenrezeptoren selektiv zu modulieren. Im Gegensatz zu herk\u00f6mmlichen anabolen Steroiden, die den gesamten K\u00f6rper beeinflussen, zielt S4 speziell auf das Muskel- und Knochengewebe ab und f\u00f6rdert eine Steigerung der Proteinsynthese und des Muskelwachstums, w\u00e4hrend es den Abbau verhindert. Dar\u00fcber hinaus erleichtert die Affinit\u00e4t von S4 zu den Androgenrezeptoren im Fettgewebe den Fettabbau, indem es die Lipolyse f\u00f6rdert. Dieser Mechanismus mit doppelter Wirkung sorgt daf\u00fcr, dass die Benutzer einen signifikanten Muskelzuwachs und Fettabbau erzielen k\u00f6nnen, was es besonders effektiv w\u00e4hrend der Cutting-Zyklen macht. Dar\u00fcber hinaus minimiert seine selektive Natur die Auswirkungen auf Nicht-Zielgewebe, was das Risiko von unerw\u00fcnschten Nebenwirkungen wie Prostatavergr\u00f6\u00dferung oder Haarausfall reduziert.<\/p>\n<h2>Vorteile:<\/h2>\n<p>Die konsequente Einnahme von Andarine (S4) hat in der Forschung zu einer sp\u00fcrbaren Zunahme der fettfreien Muskelmasse, einer verbesserten Kraft und einer beschleunigten Erholungszeit gef\u00fchrt. Es ist auch sehr effektiv bei der F\u00f6rderung des Fettabbaus, was es zu einer idealen Verbindung f\u00fcr diejenigen macht, die einen definierteren, vaskul\u00e4ren K\u00f6rperbau anstreben. Zu den beobachteten sekund\u00e4ren Vorteilen geh\u00f6ren eine verbesserte Ausdauer, ein h\u00f6heres Energieniveau und eine Stabilisierung der Stimmung, was zu einer insgesamt besseren Leistung beim Training und anderen k\u00f6rperlichen Aktivit\u00e4ten beitr\u00e4gt. S4 ist besonders vorteilhaft f\u00fcr Bodybuilder, Athleten und alle, die einen Abnehmzyklus durchlaufen, da es dazu beitr\u00e4gt, die fettfreie Muskelmasse w\u00e4hrend eines Kaloriendefizits zu erhalten, was zu einem schlankeren, besser geformten Aussehen f\u00fchrt.<\/p>\n<h2>Warum Powerock Pharma:<\/h2>\n<p>Bei Powerock Pharma haben wir uns verpflichtet, Produkte zu liefern, die den h\u00f6chsten Qualit\u00e4ts- und Sicherheitsstandards entsprechen. Jede Charge von Andarine (S4) wird in hochmodernen Anlagen hergestellt, die die strengen GMP-, HACCP- und ISO 13485-Standards einhalten. Unsere strengen Pr\u00fcfverfahren stellen sicher, dass jede Kapsel die exakte Dosierung von Andarine enth\u00e4lt, frei von Verunreinigungen und Unreinheiten. Wir arbeiten mit f\u00fchrenden Labors zusammen, um die Reinheit und Wirksamkeit unserer Produkte zu validieren. Sie k\u00f6nnen also darauf vertrauen, dass Andarine (S4) von Powerock Pharma jedes Mal konsistente und zuverl\u00e4ssige Ergebnisse liefert. Wenn es um Ihre Forschungs- und Leistungsziele geht, sollten Sie sich nicht mit weniger als dem Besten zufrieden geben - entscheiden Sie sich f\u00fcr Powerock Pharma.<\/p>\n<h3>Zusammenfassung:<\/h3>\n<p>Wenn Sie Ihre Bem\u00fchungen um Muskelwachstum und Fettabbau auf die n\u00e4chste Stufe bringen wollen, ist Andarine (S4) die L\u00f6sung, die Sie brauchen. Unterst\u00fctzt durch die strengen Qualit\u00e4tskontrollen von Powerock Pharma, wurde dieses Produkt entwickelt, um Ihnen zu helfen, Ihre Ziele sicher und effektiv zu erreichen. Geben Sie sich nicht mit weniger zufrieden - bestellen Sie Andarine (S4) noch heute und erzielen Sie die Ergebnisse, die Sie verdienen.<\/p>","protected":false},"excerpt":{"rendered":"<p>Andarine (S4) unterst\u00fctzt das Muskelwachstum und den Fettabbau durch selektive Modulation der Androgenrezeptoren. Es bietet erh\u00f6hte Kraft, verbesserte Ausdauer und schnelle Erholung. W\u00e4hlen Sie Powerock Pharma f\u00fcr erstklassige Qualit\u00e4t und best\u00e4ndige Ergebnisse.<\/p>","protected":false},"featured_media":235,"template":"","meta":{"_acf_changed":false,"rank_math_lock_modified_date":false,"inline_featured_image":false},"product_cat":[18],"product_tag":[],"class_list":{"0":"post-119","1":"product","2":"type-product","3":"status-publish","4":"has-post-thumbnail","6":"product_cat-sarms","9":"first","10":"instock","11":"shipping-taxable","12":"product-type-simple"},"acf":{"chromatogram":619,"metoda":{"acftf":{"v":"1.3.24"},"p":{"o":{"uh":0},"ca":""},"c":[{"p":""}],"h":[{"c":""}],"b":[[{"c":""}]]}},"_links":{"self":[{"href":"https:\/\/powerockpharma.com\/de\/wp-json\/wp\/v2\/product\/119","targetHints":{"allow":["GET"]}}],"collection":[{"href":"https:\/\/powerockpharma.com\/de\/wp-json\/wp\/v2\/product"}],"about":[{"href":"https:\/\/powerockpharma.com\/de\/wp-json\/wp\/v2\/types\/product"}],"wp:featuredmedia":[{"embeddable":true,"href":"https:\/\/powerockpharma.com\/de\/wp-json\/wp\/v2\/media\/235"}],"wp:attachment":[{"href":"https:\/\/powerockpharma.com\/de\/wp-json\/wp\/v2\/media?parent=119"}],"wp:term":[{"taxonomy":"product_cat","embeddable":true,"href":"https:\/\/powerockpharma.com\/de\/wp-json\/wp\/v2\/product_cat?post=119"},{"taxonomy":"product_tag","embeddable":true,"href":"https:\/\/powerockpharma.com\/de\/wp-json\/wp\/v2\/product_tag?post=119"}],"curies":[{"name":"wp","href":"https:\/\/api.w.org\/{rel}","templated":true}]}}