{"id":120,"date":"2024-08-04T17:31:34","date_gmt":"2024-08-04T15:31:34","guid":{"rendered":"https:\/\/powerockpharma.com\/?post_type=product&#038;p=120"},"modified":"2025-11-12T06:53:56","modified_gmt":"2025-11-12T05:53:56","slug":"s23","status":"publish","type":"product","link":"https:\/\/powerockpharma.com\/de\/sarms\/s23\/","title":{"rendered":"S23"},"content":{"rendered":"<h2>Eigenschaften:<\/h2>\n<p>Mastorin, auch bekannt als S23, ist ein hochwirksamer selektiver Androgenrezeptor-Modulator (SARM), der f\u00fcr seine signifikanten Auswirkungen auf Muskelwachstum, Fettabbau und die Verbesserung der allgemeinen K\u00f6rperzusammensetzung bekannt ist. Seine starken anabolen Eigenschaften machen ihn zu einer bevorzugten Wahl f\u00fcr Forscher, die sich auf die Entwicklung fortschrittlicher leistungssteigernder Substanzen konzentrieren. S23 bindet mit hoher Affinit\u00e4t an die Androgenrezeptoren und f\u00f6rdert so den Aufbau fettfreier Muskelmasse, w\u00e4hrend es gleichzeitig den Fettabbau erleichtert. Diese Doppelwirkung macht es besonders effektiv f\u00fcr diejenigen, die ihren K\u00f6rperbau und ihre sportliche Leistung optimieren wollen.<\/p>\n<h2>Mechanismus der Wirkung:<\/h2>\n<p>Der prim\u00e4re Wirkmechanismus von Mastorin (S23) beruht auf seiner selektiven Modulation der Androgenrezeptoren in Muskel- und Knochengewebe. Anders als herk\u00f6mmliche anabole Steroide ist S23 so konzipiert, dass es seine Wirkung speziell auf diese Zielbereiche aus\u00fcbt und unerw\u00fcnschte Wechselwirkungen mit anderen Geweben wie der Prostata minimiert. Durch die Aktivierung der Androgenrezeptoren steigert S23 die Proteinsynthese, was zu mehr Muskelmasse und Kraft f\u00fchrt. Dar\u00fcber hinaus spielt es eine entscheidende Rolle bei der Verringerung der katabolen Aktivit\u00e4t w\u00e4hrend eines Kaloriendefizits, wodurch die fettfreie Masse erhalten bleibt und der Fettabbau gef\u00f6rdert wird. Diese Selektivit\u00e4t f\u00fchrt nicht nur zu beeindruckenden k\u00f6rperlichen Ergebnissen, sondern verringert auch das Risiko der \u00fcblichen Nebenwirkungen, die mit weniger zielgerichteten androgenen Verbindungen verbunden sind.<\/p>\n<h2>Vorteile:<\/h2>\n<p>Die Forschung zu Mastorin (S23) hat konsistente Ergebnisse in Bezug auf signifikante Muskelhypertrophie, Kraftzuwachs und Fettabbau gezeigt. Probanden, die S23 einnehmen, erleben in der Regel eine schnellere Erholungszeit, was h\u00e4ufigere und intensivere Trainingseinheiten erm\u00f6glicht. Dar\u00fcber hinaus ist bekannt, dass S23 die Vaskularit\u00e4t verbessert und so zu einem definierteren und \u00e4sthetischeren K\u00f6rperbau beitr\u00e4gt. Seine F\u00e4higkeit, die Knochenmineraldichte zu erh\u00f6hen, macht es auch in Studien zur Knochengesundheit und Osteoporosepr\u00e4vention wertvoll. Die Wirksamkeit von S23 ist besonders bemerkenswert w\u00e4hrend der Abnehmzyklen, in denen die Erhaltung der Muskelmasse und die Beschleunigung des Fettabbaus entscheidend sind.<\/p>\n<h2>Warum Powerock Pharma:<\/h2>\n<p>Das Engagement von Powerock Pharma f\u00fcr hervorragende Leistungen stellt sicher, dass jede Charge von Mastorin (S23) nach den h\u00f6chsten Qualit\u00e4ts- und Sicherheitsstandards hergestellt wird. Unsere Produkte werden in hochmodernen Anlagen hergestellt, die die GMP-, HACCP- und ISO 13485-Zertifizierungen erf\u00fcllen, und werden strengen Tests auf Reinheit und Wirksamkeit unterzogen. Wir arbeiten mit f\u00fchrenden Labors zusammen, um die Konsistenz und Wirksamkeit unserer Pr\u00e4parate zu validieren und den Forschern zuverl\u00e4ssige Hilfsmittel f\u00fcr ihre Studien an die Hand zu geben. Wenn Sie sich f\u00fcr Powerock Pharma entscheiden, entscheiden Sie sich f\u00fcr eine vertrauensw\u00fcrdige Quelle, bei der Ihre Forschungsergebnisse und Ihre Sicherheit an erster Stelle stehen.<\/p>\n<h3>Zusammenfassung:<\/h3>\n<p>Verbessern Sie Ihre Forschung mit Mastorin (S23), einem Pr\u00e4parat, das f\u00fcr diejenigen entwickelt wurde, die h\u00f6chste Anspr\u00fcche an Muskelwachstum, Fettabbau und Leistungssteigerung stellen. Unterst\u00fctzt durch das Engagement von Powerock Pharma f\u00fcr Qualit\u00e4t, bietet S23 eine sichere und effektive L\u00f6sung, um Ihre Forschungsziele zu erreichen. Bestellen Sie Mastorin (S23) noch heute und erleben Sie die Vorteile eines sorgf\u00e4ltig hergestellten Produkts, das best\u00e4ndige und zuverl\u00e4ssige Ergebnisse liefert.<\/p>","protected":false},"excerpt":{"rendered":"<p>Mastorin (S23) unterst\u00fctzt das Muskelwachstum und den Fettabbau durch selektive Modulation der Androgenrezeptoren. Es bietet erh\u00f6hte Kraft, verbesserte Ausdauer und beschleunigte Erholung. W\u00e4hlen Sie Powerock Pharma f\u00fcr kompromisslose Qualit\u00e4t und best\u00e4ndige Ergebnisse.<\/p>","protected":false},"featured_media":236,"template":"","meta":{"_acf_changed":false,"rank_math_lock_modified_date":false,"inline_featured_image":false},"product_cat":[18],"product_tag":[],"class_list":{"0":"post-120","1":"product","2":"type-product","3":"status-publish","4":"has-post-thumbnail","6":"product_cat-sarms","9":"first","10":"instock","11":"shipping-taxable","12":"product-type-simple"},"acf":{"chromatogram":620,"metoda":""},"_links":{"self":[{"href":"https:\/\/powerockpharma.com\/de\/wp-json\/wp\/v2\/product\/120","targetHints":{"allow":["GET"]}}],"collection":[{"href":"https:\/\/powerockpharma.com\/de\/wp-json\/wp\/v2\/product"}],"about":[{"href":"https:\/\/powerockpharma.com\/de\/wp-json\/wp\/v2\/types\/product"}],"wp:featuredmedia":[{"embeddable":true,"href":"https:\/\/powerockpharma.com\/de\/wp-json\/wp\/v2\/media\/236"}],"wp:attachment":[{"href":"https:\/\/powerockpharma.com\/de\/wp-json\/wp\/v2\/media?parent=120"}],"wp:term":[{"taxonomy":"product_cat","embeddable":true,"href":"https:\/\/powerockpharma.com\/de\/wp-json\/wp\/v2\/product_cat?post=120"},{"taxonomy":"product_tag","embeddable":true,"href":"https:\/\/powerockpharma.com\/de\/wp-json\/wp\/v2\/product_tag?post=120"}],"curies":[{"name":"wp","href":"https:\/\/api.w.org\/{rel}","templated":true}]}}