{"id":122,"date":"2024-08-04T17:33:20","date_gmt":"2024-08-04T15:33:20","guid":{"rendered":"https:\/\/powerockpharma.com\/?post_type=product&#038;p=122"},"modified":"2025-11-12T07:02:14","modified_gmt":"2025-11-12T06:02:14","slug":"lgd3033","status":"publish","type":"product","link":"https:\/\/powerockpharma.com\/de\/sarms\/lgd3033\/","title":{"rendered":"LGD3033"},"content":{"rendered":"<h2>Eigenschaften:<\/h2>\n<p>LGD3033, ein hochwirksamer selektiver Androgenrezeptor-Modulator (SARM), ist f\u00fcr seine signifikanten Auswirkungen auf Muskelwachstum und Muskelkraft bekannt und damit die ideale Wahl f\u00fcr Forscher, die sich auf die Steigerung der k\u00f6rperlichen Leistungsf\u00e4higkeit und den Erhalt der Magermasse konzentrieren. Dieser Wirkstoff bindet selektiv an Androgenrezeptoren, vor allem im Muskel- und Knochengewebe, was zu gezielten anabolen Wirkungen mit minimalen Auswirkungen auf andere Organe f\u00fchrt. Diese Selektivit\u00e4t stellt sicher, dass LGD3033 das Muskelwachstum hochwirksam f\u00f6rdert und gleichzeitig die potenziellen Nebenwirkungen minimiert, die h\u00e4ufig mit herk\u00f6mmlichen anabolen Steroiden verbunden sind.<\/p>\n<h2>Mechanismus der Wirkung:<\/h2>\n<p>Die Wirkung von LGD3033 beruht auf seiner F\u00e4higkeit, Androgenrezeptoren selektiv zu modulieren. Im Gegensatz zu anabolen Steroiden, die wahllos auf alle Androgenrezeptoren wirken, zielt LGD3033 auf spezifische Rezeptoren in Muskeln und Knochen ab, was zu einer erh\u00f6hten Proteinsynthese und einem verringerten Muskelabbau f\u00fchrt. Dieser selektive Mechanismus erm\u00f6glicht signifikante Muskelmassenzuw\u00e4chse ohne die bei Steroiden typischerweise auftretenden unerw\u00fcnschten Wirkungen wie Lebertoxizit\u00e4t oder negative Auswirkungen auf die kardiovaskul\u00e4re Gesundheit. Dar\u00fcber hinaus hilft LGD3033, die magere Masse w\u00e4hrend eines Kaloriendefizits zu erhalten, was es besonders vorteilhaft w\u00e4hrend der Abnehmzyklen macht.<\/p>\n<h2>Vorteile:<\/h2>\n<p>Die regelm\u00e4\u00dfige Einnahme von LGD3033 hat in Forschungsstudien nachweislich zu einer sp\u00fcrbaren Zunahme der Muskelmasse, Kraftzuw\u00e4chsen und beschleunigten Erholungszeiten gef\u00fchrt. Die Forscher haben auch eine verbesserte Ausdauer und Gesamtleistung bei den Probanden beobachtet. Zu den sekund\u00e4ren Vorteilen geh\u00f6ren eine verbesserte Vaskularit\u00e4t, ein besseres Energieniveau und eine Stabilisierung der Stimmung. Das Pr\u00e4parat ist besonders wirksam f\u00fcr diejenigen, die einen schlanken, muskul\u00f6sen K\u00f6rperbau anstreben, was es zu einer beliebten Wahl bei Bodybuildern, Sportlern und Forschern macht, die sich mit der Verbesserung der k\u00f6rperlichen Leistungsf\u00e4higkeit besch\u00e4ftigen.<\/p>\n<h2>Warum Powerock Pharma:<\/h2>\n<p>Wir bei Powerock Pharma haben uns verpflichtet, die hochwertigsten Forschungspr\u00e4parate zu liefern, die es gibt. Unser LGD3033 wird in hochmodernen Anlagen hergestellt, die die GMP-, HACCP- und ISO 13485-Standards erf\u00fcllen und \u00fcbertreffen, um sicherzustellen, dass jede Charge von h\u00f6chster Qualit\u00e4t ist. Strenge Test- und Validierungsverfahren, die in Zusammenarbeit mit f\u00fchrenden Labors durchgef\u00fchrt werden, garantieren die Reinheit und Wirksamkeit unserer Produkte. Wenn Sie sich f\u00fcr LGD3033 von Powerock Pharma entscheiden, k\u00f6nnen Sie sicher sein, dass Sie ein Produkt verwenden, das sowohl wirksam als auch sicher f\u00fcr Ihre Forschungszwecke ist.<\/p>\n<h3>Zusammenfassung:<\/h3>\n<p>Wenn sich Ihre Forschung auf Muskelwachstum, Kraftsteigerung oder die Erhaltung der fettfreien Masse konzentriert, ist LGD3033 das Mittel, das Sie brauchen. Mit dem Engagement von Powerock Pharma f\u00fcr Qualit\u00e4t und Sicherheit wurde dieses Produkt entwickelt, um Ihnen zu helfen, zuverl\u00e4ssige und best\u00e4ndige Ergebnisse zu erzielen. Gehen Sie bei Ihrer Forschung keine Kompromisse ein - bestellen Sie LGD3033 noch heute und machen Sie den n\u00e4chsten Schritt zu bahnbrechenden Entdeckungen.<\/p>","protected":false},"excerpt":{"rendered":"<p>LGD3033 unterst\u00fctzt das Muskelwachstum durch eine selektive Modulation der Androgenrezeptoren, was zu einer erh\u00f6hten Proteinsynthese und einem geringeren Muskelabbau f\u00fchrt. Es bietet verbesserte Kraft, beschleunigte Erholung und Erhaltung der mageren Masse. W\u00e4hlen Sie Powerock Pharma f\u00fcr Qualit\u00e4t und Ergebnisse.<\/p>","protected":false},"featured_media":239,"template":"","meta":{"_acf_changed":false,"rank_math_lock_modified_date":false,"inline_featured_image":false},"product_cat":[18],"product_tag":[],"class_list":{"0":"post-122","1":"product","2":"type-product","3":"status-publish","4":"has-post-thumbnail","6":"product_cat-sarms","9":"first","10":"instock","11":"shipping-taxable","12":"product-type-simple"},"acf":{"chromatogram":648,"metoda":""},"_links":{"self":[{"href":"https:\/\/powerockpharma.com\/de\/wp-json\/wp\/v2\/product\/122","targetHints":{"allow":["GET"]}}],"collection":[{"href":"https:\/\/powerockpharma.com\/de\/wp-json\/wp\/v2\/product"}],"about":[{"href":"https:\/\/powerockpharma.com\/de\/wp-json\/wp\/v2\/types\/product"}],"wp:featuredmedia":[{"embeddable":true,"href":"https:\/\/powerockpharma.com\/de\/wp-json\/wp\/v2\/media\/239"}],"wp:attachment":[{"href":"https:\/\/powerockpharma.com\/de\/wp-json\/wp\/v2\/media?parent=122"}],"wp:term":[{"taxonomy":"product_cat","embeddable":true,"href":"https:\/\/powerockpharma.com\/de\/wp-json\/wp\/v2\/product_cat?post=122"},{"taxonomy":"product_tag","embeddable":true,"href":"https:\/\/powerockpharma.com\/de\/wp-json\/wp\/v2\/product_tag?post=122"}],"curies":[{"name":"wp","href":"https:\/\/api.w.org\/{rel}","templated":true}]}}