{"id":123,"date":"2024-08-04T17:41:01","date_gmt":"2024-08-04T15:41:01","guid":{"rendered":"https:\/\/powerockpharma.com\/?post_type=product&#038;p=123"},"modified":"2025-11-12T06:42:46","modified_gmt":"2025-11-12T05:42:46","slug":"yohimbine-hcl-10","status":"publish","type":"product","link":"https:\/\/powerockpharma.com\/de\/yohimbine\/yohimbin-hcl-10\/","title":{"rendered":"YOHIMBINE HCL 10mg"},"content":{"rendered":"<h2>Eigenschaften:<\/h2>\n<p>Yohimbin HCL ist f\u00fcr seine starke Wirkung auf den Fettabbau bekannt, was es zu einer ersten Wahl f\u00fcr diejenigen macht, die einen schlankeren K\u00f6rper anstreben. Diese Verbindung zielt in erster Linie auf hartn\u00e4ckige Fettpolster ab, indem sie die adrenergen Alpha-2-Rezeptoren hemmt, die f\u00fcr die Verhinderung des Fettabbaus in bestimmten K\u00f6rperteilen verantwortlich sind. Durch die Blockierung dieser Rezeptoren erleichtert Yohimbin HCL die Freisetzung von Fetts\u00e4uren aus dem Fettgewebe und f\u00f6rdert so die Fettmobilisierung und -oxidation. Dieser Mechanismus macht es besonders wirksam f\u00fcr Personen, die ihre K\u00f6rperzusammensetzung in Abnehmphasen optimieren wollen oder die mit resistenten Fettdepots zu k\u00e4mpfen haben.<\/p>\n<h2>Mechanismus der Wirkung:<\/h2>\n<p>Die Wirkung von Yohimbin HCL beruht auf seiner F\u00e4higkeit, die adrenergen Alpha-2-Rezeptoren zu blockieren, die eine entscheidende Rolle bei der Regulierung des Fettstoffwechsels spielen. Diese Rezeptoren befinden sich vor allem in Bereichen, in denen der Fettabbau typischerweise langsam ist, wie z. B. am Bauch und an den Oberschenkeln. Durch die Hemmung dieser Rezeptoren f\u00f6rdert Yohimbin HCL den Anstieg des Noradrenalinspiegels, der wiederum die Lipolyse, also den Fettabbau, stimuliert. Dieser verbesserte Fettverbrennungsprozess erm\u00f6glicht eine effizientere Nutzung des gespeicherten Fetts als Energiequelle, was zu einer verbesserten K\u00f6rperzusammensetzung f\u00fchrt, ohne die fettfreie Muskelmasse negativ zu beeinflussen. Dar\u00fcber hinaus tragen die stimulierenden Eigenschaften von Yohimbin HCL zu einem erh\u00f6hten Energieniveau und geistiger Konzentration bei, was es zu einem ausgezeichneten Hilfsmittel bei kalorienreduzierten Di\u00e4ten und intensiven Trainingseinheiten macht.<\/p>\n<h2>Vorteile:<\/h2>\n<p>Die regelm\u00e4\u00dfige Einnahme von Yohimbin HCL f\u00fchrt zu einer Reihe von Vorteilen, darunter ein beschleunigter Fettabbau, insbesondere an den hartn\u00e4ckigen Stellen, und ein verbessertes Energieniveau w\u00e4hrend des Trainings. Die Benutzer erleben oft eine verbesserte Konzentration und Wachsamkeit, was es einfacher macht, eine strenge Di\u00e4t und ein Trainingsprogramm einzuhalten. Das Pr\u00e4parat ist besonders vorteilhaft f\u00fcr Athleten, Bodybuilder und Fitness-Enthusiasten, die sich einem Cutting-Zyklus unterziehen oder nach einer Aufbauphase Restfett abbauen wollen. Zu den sekund\u00e4ren Vorteilen geh\u00f6ren eine verbesserte Stimmung und ein leichter thermogener Effekt, der den Fettabbau weiter unterst\u00fctzt.<\/p>\n<h2>Warum Powerock Pharma:<\/h2>\n<p>Bei Powerock Pharma legen wir gr\u00f6\u00dften Wert auf Qualit\u00e4t und Konsistenz. Unser Yohimbin HCL wird in hochmodernen Anlagen hergestellt, die den strengen GMP-, HACCP- und ISO 13485-Normen entsprechen. Jede Charge wird strengen Tests unterzogen, um Reinheit, Wirksamkeit und Sicherheit zu gew\u00e4hrleisten und Forschern und Verbrauchern ein Produkt zu bieten, dem sie vertrauen k\u00f6nnen. Durch die Zusammenarbeit mit f\u00fchrenden Labors garantieren wir, dass unser Yohimbin HCL genau die Wirkung hat, die Sie brauchen, um Ihre Ziele beim Fettabbau zu erreichen, ohne dabei Kompromisse bei der Sicherheit einzugehen. Wenn Sie sich f\u00fcr Powerock Pharma entscheiden, entscheiden Sie sich f\u00fcr ein Produkt, das wissenschaftlich fundiert ist, mit Integrit\u00e4t hergestellt wird und nachweislich Ergebnisse liefert.<\/p>\n<h3>Zusammenfassung:<\/h3>\n<p>Wenn es Ihnen ernst damit ist, eine schlankere Figur zu erreichen und hartn\u00e4ckiges Fett zu \u00fcberwinden, ist Yohimbin HCL die ideale Erg\u00e4nzung, um Ihre Ziele zu unterst\u00fctzen. Dieses Produkt basiert auf fortschrittlicher Forschung und wird nach den h\u00f6chsten Standards hergestellt, damit Sie sicher und effektiv die besten Ergebnisse erzielen. Machen Sie keine Kompromisse bei Ihren Fortschritten - bestellen Sie Yohimbin HCL von Powerock Pharma noch heute und machen Sie den n\u00e4chsten Schritt auf Ihrer Fitnessreise.<\/p>","protected":false},"excerpt":{"rendered":"<p>Yohimbin HCL unterst\u00fctzt den Fettabbau, indem es die adrenergen Alpha-2-Rezeptoren blockiert und die Lipolyse f\u00f6rdert. Es bietet erh\u00f6hte Energie, verbesserte Konzentration und schnelleren Fettabbau. W\u00e4hlen Sie Powerock Pharma f\u00fcr Qualit\u00e4t und best\u00e4ndige Ergebnisse.<\/p>","protected":false},"featured_media":242,"template":"","meta":{"_acf_changed":false,"rank_math_lock_modified_date":false,"inline_featured_image":false},"product_cat":[20],"product_tag":[],"class_list":{"0":"post-123","1":"product","2":"type-product","3":"status-publish","4":"has-post-thumbnail","6":"product_cat-yohimbine","9":"first","10":"instock","11":"shipping-taxable","12":"product-type-simple"},"acf":{"chromatogram":598,"metoda":""},"_links":{"self":[{"href":"https:\/\/powerockpharma.com\/de\/wp-json\/wp\/v2\/product\/123","targetHints":{"allow":["GET"]}}],"collection":[{"href":"https:\/\/powerockpharma.com\/de\/wp-json\/wp\/v2\/product"}],"about":[{"href":"https:\/\/powerockpharma.com\/de\/wp-json\/wp\/v2\/types\/product"}],"wp:featuredmedia":[{"embeddable":true,"href":"https:\/\/powerockpharma.com\/de\/wp-json\/wp\/v2\/media\/242"}],"wp:attachment":[{"href":"https:\/\/powerockpharma.com\/de\/wp-json\/wp\/v2\/media?parent=123"}],"wp:term":[{"taxonomy":"product_cat","embeddable":true,"href":"https:\/\/powerockpharma.com\/de\/wp-json\/wp\/v2\/product_cat?post=123"},{"taxonomy":"product_tag","embeddable":true,"href":"https:\/\/powerockpharma.com\/de\/wp-json\/wp\/v2\/product_tag?post=123"}],"curies":[{"name":"wp","href":"https:\/\/api.w.org\/{rel}","templated":true}]}}