{"id":290,"date":"2024-08-12T06:09:57","date_gmt":"2024-08-12T04:09:57","guid":{"rendered":"https:\/\/powerockpharma.com\/?post_type=product&#038;p=290"},"modified":"2025-11-12T06:41:57","modified_gmt":"2025-11-12T05:41:57","slug":"yohimbine-hcl-5","status":"publish","type":"product","link":"https:\/\/powerockpharma.com\/de\/yohimbine\/yohimbin-hcl-5\/","title":{"rendered":"YOHIMBINE HCL 5mg"},"content":{"rendered":"<h2>Eigenschaften Yohimbin HCL 5mg:<\/h2>\n<p>Yohimbin HCL, auch bekannt als Yohimbin-Hydrochlorid, ist ein starkes Alkaloid mit gut dokumentierten Wirkungen auf den Fettabbau und die Steigerung der Energie. Das aus der Rinde des Yohimbe-Baums gewonnene Yohimbin HCL wird in der Forschung wegen seiner F\u00e4higkeit, hartn\u00e4ckiges Fett zu bek\u00e4mpfen, hoch gesch\u00e4tzt und ist daher eine bevorzugte Wahl f\u00fcr alle, die ihren K\u00f6rperbau verfeinern und ihre Leistung verbessern m\u00f6chten. Diese Verbindung wirkt in erster Linie durch die Blockierung der adrenergen Alpha-2-Rezeptoren, die in hohen Konzentrationen in den K\u00f6rperregionen zu finden sind, die gegen den Fettabbau resistent sind, wie der Bauch und die Oberschenkel. Durch die Hemmung dieser Rezeptoren f\u00f6rdert Yohimbin HCL die Freisetzung von Noradrenalin, einem Hormon, das den Fettabbau (Lipolyse) stimuliert und den Energieverbrauch durch Thermogenese erh\u00f6ht.<\/p>\n<h2>Mechanismus der Wirkung:<\/h2>\n<p>Die Wirkung von Yohimbin HCL beruht auf seiner F\u00e4higkeit, die adrenergen Alpha-2-Rezeptoren zu hemmen. Diese Hemmung verhindert, dass sich diese Rezeptoren mit Noradrenalin verbinden, wodurch mehr von diesem fettverbrennenden Hormon im Blutkreislauf zirkulieren kann. Der erh\u00f6hte Noradrenalinspiegel aktiviert anschlie\u00dfend die Betarezeptoren, die f\u00fcr die Ausl\u00f6sung der Lipolyse und der Thermogenese verantwortlich sind. Dieser selektive Mechanismus stellt sicher, dass Yohimbin HCL nicht nur die Fettspeicher effektiv angreift, sondern auch das allgemeine Energieniveau steigert, was es besonders w\u00e4hrend der Abnehmzyklen oder beim Streben nach einer schlankeren Figur n\u00fctzlich macht. Dar\u00fcber hinaus geht die Wirkung von Yohimbin HCL \u00fcber den Fettabbau hinaus; es ist auch daf\u00fcr bekannt, dass es die Stimmung und die kognitive Funktion aufgrund seiner stimulierenden Wirkung auf das zentrale Nervensystem verbessert.<\/p>\n<h2>Vorteile:<\/h2>\n<p>Die konsequente Verwendung von Yohimbin HCL in der Forschung f\u00fchrt zu einem signifikanten Fettabbau, insbesondere an hartn\u00e4ckigen Stellen, zu einem erh\u00f6hten Energieniveau und einer verbesserten k\u00f6rperlichen Leistungsf\u00e4higkeit. Die Forscher k\u00f6nnen eine verbesserte Thermogenese beobachten, die zu einer h\u00f6heren Kalorienverbrennung auch im Ruhezustand f\u00fchrt, sowie eine Verbesserung der Stimmung und der Konzentration aufgrund der Stimulation des zentralen Nervensystems. Diese Verbindung ist besonders wirksam f\u00fcr Personen, die ein strenges Trainingsprogramm absolvieren, f\u00fcr Sportler, die ihre K\u00f6rperzusammensetzung verbessern wollen, und f\u00fcr Personen, die sich in einer Abnehmphase befinden. Dar\u00fcber hinaus kann Yohimbin HCL aufgrund seiner gef\u00e4\u00dferweiternden Wirkung auch sekund\u00e4re Vorteile wie eine verbesserte Durchblutung und eine gesteigerte sexuelle Leistungsf\u00e4higkeit bieten.<\/p>\n<h2>Warum Powerock Pharma:<\/h2>\n<p>Wir bei Powerock Pharma haben uns verpflichtet, nur Produkte von h\u00f6chster Qualit\u00e4t zu liefern, um Ihre Forschung zu unterst\u00fctzen. Unser Yohimbin HCL wird in Einrichtungen hergestellt, die sich streng an die GMP-, HACCP- und ISO 13485-Normen halten, um sicherzustellen, dass jede Kapsel die reinste und wirksamste Form der Verbindung enth\u00e4lt. Wir arbeiten mit erstklassigen Labors zusammen, die jede Charge strengen Tests unterziehen, um zu gew\u00e4hrleisten, dass unsere Produkte die strengsten Standards f\u00fcr Reinheit und Wirksamkeit erf\u00fcllen. Wenn Sie sich f\u00fcr Yohimbin HCL von Powerock Pharma entscheiden, entscheiden Sie sich f\u00fcr ein Produkt, das wissenschaftlich fundiert ist, mit Pr\u00e4zision hergestellt wurde und zuverl\u00e4ssige und konsistente Ergebnisse bei Ihren Forschungsbem\u00fchungen liefern soll.<\/p>\n<h3>Zusammenfassung<\/h3>\n<p>Wenn sich Ihre Forschung auf Fettabbau, Energieerh\u00f6hung oder kognitive Funktionen konzentriert, ist Yohimbin HCL von Powerock Pharma die L\u00f6sung, die Sie brauchen. Mit unseren strengen Qualit\u00e4tskontrollen und unserem Engagement f\u00fcr Spitzenleistungen ist dieses Produkt so konzipiert, dass Sie zuverl\u00e4ssige und aussagekr\u00e4ftige Ergebnisse erzielen k\u00f6nnen. Geben Sie sich nicht mit weniger zufrieden - bestellen Sie Yohimbin HCL noch heute und heben Sie Ihre Forschung auf die n\u00e4chste Stufe.<\/p>\n<div id=\"gtx-trans\" style=\"position: absolute; left: 98px; top: 453.531px;\">\n<div class=\"gtx-trans-icon\"><\/div>\n<\/div>","protected":false},"excerpt":{"rendered":"<p>Yohimbin HCL unterst\u00fctzt den Fettabbau, indem es den Noradrenalinspiegel erh\u00f6ht und die Thermogenese und Lipolyse f\u00f6rdert. Es bietet eine starke fettverbrennende und energiesteigernde Wirkung. W\u00e4hlen Sie Powerock Pharma f\u00fcr Reinheit und Wirksamkeit.<\/p>\n<div id=\"gtx-trans\" style=\"position: absolute; left: -6px; top: -10px;\">\n<div class=\"gtx-trans-icon\"><\/div>\n<\/div>","protected":false},"featured_media":241,"template":"","meta":{"_acf_changed":false,"rank_math_lock_modified_date":false,"inline_featured_image":false},"product_cat":[20],"product_tag":[],"class_list":{"0":"post-290","1":"product","2":"type-product","3":"status-publish","4":"has-post-thumbnail","6":"product_cat-yohimbine","9":"first","10":"instock","11":"shipping-taxable","12":"product-type-simple"},"acf":{"chromatogram":597,"metoda":""},"_links":{"self":[{"href":"https:\/\/powerockpharma.com\/de\/wp-json\/wp\/v2\/product\/290","targetHints":{"allow":["GET"]}}],"collection":[{"href":"https:\/\/powerockpharma.com\/de\/wp-json\/wp\/v2\/product"}],"about":[{"href":"https:\/\/powerockpharma.com\/de\/wp-json\/wp\/v2\/types\/product"}],"wp:featuredmedia":[{"embeddable":true,"href":"https:\/\/powerockpharma.com\/de\/wp-json\/wp\/v2\/media\/241"}],"wp:attachment":[{"href":"https:\/\/powerockpharma.com\/de\/wp-json\/wp\/v2\/media?parent=290"}],"wp:term":[{"taxonomy":"product_cat","embeddable":true,"href":"https:\/\/powerockpharma.com\/de\/wp-json\/wp\/v2\/product_cat?post=290"},{"taxonomy":"product_tag","embeddable":true,"href":"https:\/\/powerockpharma.com\/de\/wp-json\/wp\/v2\/product_tag?post=290"}],"curies":[{"name":"wp","href":"https:\/\/api.w.org\/{rel}","templated":true}]}}