{"id":475,"date":"2025-01-29T13:37:34","date_gmt":"2025-01-29T12:37:34","guid":{"rendered":"https:\/\/powerockpharma.com\/?post_type=product&#038;p=475"},"modified":"2025-11-12T07:09:01","modified_gmt":"2025-11-12T06:09:01","slug":"bpc-157-arg","status":"publish","type":"product","link":"https:\/\/powerockpharma.com\/de\/peptide-lyophilizates\/bpc-157-arg\/","title":{"rendered":"BPC-157 ARG"},"content":{"rendered":"<h2><strong>Eigenschaften BPC-157 ARG:<\/strong><\/h2>\n<p><strong>BPC-157 ARG<\/strong>\u00a0ist ein starkes synthetisches Peptid, das f\u00fcr seine regenerativen Eigenschaften bekannt ist, insbesondere bei der Heilung von Muskel-, Gelenk- und Darmgewebe. Diese Verbindung spielt eine entscheidende Rolle bei der F\u00f6rderung der Zellreparatur und ist daher bei Forschern, die sich mit der Regeneration von Gewebe, der Beschleunigung der Genesung und der Verringerung von Entz\u00fcndungen besch\u00e4ftigen, sehr begehrt.\u00a0<strong>BPC-157 ARG<\/strong>\u00a0wurde beobachtet, dass es die Kollagensynthese f\u00f6rdert, den oxidativen Stress reduziert und die Bildung von Blutgef\u00e4\u00dfen verbessert, was zu seinem breiten Spektrum an heilenden Wirkungen beitr\u00e4gt.<\/p>\n<h2><strong>Mechanismus der Wirkung:<\/strong><\/h2>\n<p>Die Hauptwirkung von\u00a0<strong>BPC-157 ARG<\/strong>\u00a0liegt in seiner F\u00e4higkeit, die Angiogenese (die Bildung neuer Blutgef\u00e4\u00dfe) zu f\u00f6rdern und die f\u00fcr die Gewebereparatur verantwortlichen Wachstumsfaktoren hochzuregulieren. Es wirkt durch die Stimulierung der Produktion von\u00a0<strong>vaskul\u00e4rer endothelialer Wachstumsfaktor (VEGF)<\/strong>, die Erh\u00f6hung des Stickoxidspiegels zur Verbesserung der Durchblutung und die Modulation entz\u00fcndlicher Zytokine zur Schaffung eines optimalen Heilungsumfelds. Diese Prozesse f\u00fchren insgesamt zu einer schnelleren Erholung von Verletzungen, einer geringeren Entz\u00fcndung und einer verbesserten Zellregeneration. Zus\u00e4tzlich,\u00a0<strong>BPC-157 ARG<\/strong>\u00a0interagiert mit der Darm-Hirn-Achse, unterst\u00fctzt die Darmgesundheit und reduziert die durch NSAIDs und stressbedingte Magenl\u00e4sionen verursachten Sch\u00e4den.<\/p>\n<h2><strong>Vorteile:<\/strong><\/h2>\n<p>Konsistente Forschung mit\u00a0<strong>BPC-157 ARG<\/strong>\u00a0bietet eine Reihe von Vorteilen, darunter:<br \/>\n\u2714\u00a0<strong>Beschleunigte Heilung von Muskeln, Sehnen und B\u00e4ndern<\/strong>\u00a0- Unterst\u00fctzt die schnellere Erholung nach Verletzungen und anstrengenden Aktivit\u00e4ten.<br \/>\n\u2714\u00a0<strong>Gelenk- und Knorpelschutz<\/strong>\u00a0- Hilft, Gelenkschmerzen zu lindern und die Mobilit\u00e4t zu verbessern.<br \/>\n\u2714\u00a0<strong>Darmheilende Eigenschaften<\/strong>\u00a0- Hilft bei der Wiederherstellung der Darmschleimhaut und reduziert Entz\u00fcndungen bei Geschw\u00fcren, Leaky Gut oder IBS.<br \/>\n\u2714\u00a0<strong>Geringere Entz\u00fcndung<\/strong>\u00a0- Moduliert die Entz\u00fcndungswege f\u00fcr eine schnellere Heilung von Verletzungen und Wunden.<br \/>\n\u2714\u00a0<strong>Verbesserter Neuroschutz<\/strong>\u00a0- Kann bei der Regeneration der Nerven und der Verbesserung der kognitiven Funktionen helfen.<br \/>\n\u2714\u00a0<strong>Verbesserte Gef\u00e4\u00dffunktion<\/strong>\u00a0- Regt die Durchblutung an und unterst\u00fctzt die allgemeine kardiovaskul\u00e4re Gesundheit.<br \/>\n\u2714\u00a0<strong>M\u00f6gliche sch\u00fctzende Wirkungen auf die Organe<\/strong>\u00a0- Erweist sich als vielversprechend bei der Milderung von Sch\u00e4den an Leber, Nieren und Herz.<\/p>\n<h2><strong>Warum Powerock Pharma?<\/strong><\/h2>\n<p>Unter\u00a0<strong>Powerock Pharma<\/strong>priorisieren wir\u00a0<strong>Sicherheit, Reinheit und Qualit\u00e4t auf Forschungsniveau<\/strong>. Unser\u00a0<strong>BPC-157 ARG<\/strong>\u00a0wird hergestellt in\u00a0<strong>GMP-, HACCP- und ISO 13485-zertifiziert<\/strong>\u00a0Einrichtungen, die sicherstellen\u00a0<strong>strenge Qualit\u00e4tskontrolle<\/strong>\u00a0und\u00a0<strong>Pr\u00fcfung durch Dritte<\/strong>\u00a0f\u00fcr Potenz und Reinheit. Durch die Wahl\u00a0<strong>Powerock Pharma<\/strong>k\u00f6nnen Forscher darauf vertrauen, dass sie ein Produkt verwenden, das den h\u00f6chsten Industriestandards f\u00fcr\u00a0<strong>Zuverl\u00e4ssigkeit und Konsistenz<\/strong>.<\/p>\n<h3><strong>Zusammenfassung:<\/strong><\/h3>\n<p>F\u00fcr alle, die sich mit Gewebereparatur, Darmgesundheit und Entz\u00fcndungsmodulation besch\u00e4ftigen,\u00a0<strong>BPC-157 ARG<\/strong>\u00a0ist ein unverzichtbares Instrument. Seine F\u00e4higkeit zu\u00a0<strong>Beschleunigung von Heilung und Genesung<\/strong>\u00a0macht es zur ersten Wahl f\u00fcr die wissenschaftliche Erforschung. Unterst\u00fctzt von\u00a0<strong>Powerock Pharma's<\/strong>\u00a0eine strenge Qualit\u00e4tskontrolle,\u00a0<strong>BPC-157 ARG<\/strong>\u00a0liefert\u00a0<strong>konsistent und zuverl\u00e4ssig<\/strong>\u00a0Ergebnisse.\u00a0<strong>Heute bestellen<\/strong>\u00a0zu erleben, die\u00a0<strong>h\u00f6chster Standard bei Peptiden in Forschungsqualit\u00e4t<\/strong>.<\/p>\n<div id=\"gtx-trans\" style=\"position: absolute; left: 246px; top: 788.969px;\">\n<div class=\"gtx-trans-icon\"><\/div>\n<\/div>","protected":false},"excerpt":{"rendered":"<p>BPC-157 ARG unterst\u00fctzt die Gewebereparatur und -wiederherstellung, indem es die Heilungsprozesse beschleunigt und Entz\u00fcndungen reduziert. Es f\u00f6rdert die Gesundheit der Gelenke, die Erholung der Muskeln und die Heilung des Darms. W\u00e4hlen Sie Powerock Pharma f\u00fcr Reinheit, Sicherheit und Qualit\u00e4t auf Forschungsniveau.<\/p>","protected":false},"featured_media":484,"template":"","meta":{"_acf_changed":false,"rank_math_lock_modified_date":false,"inline_featured_image":false},"product_cat":[17],"product_tag":[],"class_list":{"0":"post-475","1":"product","2":"type-product","3":"status-publish","4":"has-post-thumbnail","6":"product_cat-peptide-lyophilizates","9":"first","10":"instock","11":"shipping-taxable","12":"product-type-simple"},"acf":{"chromatogram":675,"metoda":""},"_links":{"self":[{"href":"https:\/\/powerockpharma.com\/de\/wp-json\/wp\/v2\/product\/475","targetHints":{"allow":["GET"]}}],"collection":[{"href":"https:\/\/powerockpharma.com\/de\/wp-json\/wp\/v2\/product"}],"about":[{"href":"https:\/\/powerockpharma.com\/de\/wp-json\/wp\/v2\/types\/product"}],"wp:featuredmedia":[{"embeddable":true,"href":"https:\/\/powerockpharma.com\/de\/wp-json\/wp\/v2\/media\/484"}],"wp:attachment":[{"href":"https:\/\/powerockpharma.com\/de\/wp-json\/wp\/v2\/media?parent=475"}],"wp:term":[{"taxonomy":"product_cat","embeddable":true,"href":"https:\/\/powerockpharma.com\/de\/wp-json\/wp\/v2\/product_cat?post=475"},{"taxonomy":"product_tag","embeddable":true,"href":"https:\/\/powerockpharma.com\/de\/wp-json\/wp\/v2\/product_tag?post=475"}],"curies":[{"name":"wp","href":"https:\/\/api.w.org\/{rel}","templated":true}]}}