{"id":476,"date":"2025-01-29T13:55:00","date_gmt":"2025-01-29T12:55:00","guid":{"rendered":"https:\/\/powerockpharma.com\/?post_type=product&#038;p=476"},"modified":"2025-11-12T07:08:01","modified_gmt":"2025-11-12T06:08:01","slug":"cortagen","status":"publish","type":"product","link":"https:\/\/powerockpharma.com\/de\/peptide-lyophilizates\/cortagen\/","title":{"rendered":"Cortagen"},"content":{"rendered":"<h2><strong>Eigenschaften Cortagen:<\/strong><\/h2>\n<p>Cortagen ist ein Neuropeptid, das f\u00fcr seine starke regenerative Wirkung auf die Gehirnfunktion und die Gesundheit des Nervensystems bekannt ist. Es wird h\u00e4ufig zur Verbesserung der kognitiven F\u00e4higkeiten, zum Schutz des Nervensystems und zur Zellreparatur eingesetzt. Diese Verbindung stimuliert das neuronale Wachstum und unterst\u00fctzt die synaptische Plastizit\u00e4t, was zu einer Verbesserung des Ged\u00e4chtnisses, der Lernf\u00e4higkeit und der geistigen Klarheit f\u00fchrt. Cortagen wurde auch auf sein Potenzial zum Schutz vor neurodegenerativen Erkrankungen und zur Verringerung des kognitiven Verfalls untersucht.<\/p>\n<h2><strong>Mechanismus der Wirkung:<\/strong><\/h2>\n<p>Cortagen wirkt, indem es das Wachstum von Neuronen anregt und neurotrophe Faktoren, wie den Brain-Derived Neurotrophic Factor (BDNF), moduliert. Dieser Mechanismus verbessert die synaptische Plastizit\u00e4t, beschleunigt die neuronale Reparatur und optimiert die Gehirnfunktion. Im Gegensatz zu synthetischen Stimulanzien bietet Cortagen langfristige Vorteile, indem es die zellul\u00e4re Widerstandsf\u00e4higkeit verbessert und die mitochondriale Aktivit\u00e4t unterst\u00fctzt und so eine nachhaltige kognitive Verbesserung ohne \u00dcberstimulation oder Neurotoxizit\u00e4t gew\u00e4hrleistet.<\/p>\n<h2><strong>Vorteile:<\/strong><\/h2>\n<ul>\n<li><strong>Verbesserte kognitive Funktion<\/strong> - Verbessert das Ged\u00e4chtnis, die Lernf\u00e4higkeit und die geistige Klarheit.<\/li>\n<li><strong>Neuroprotektion<\/strong> - Unterst\u00fctzt die Gesundheit des Gehirns, indem es die neuronale Reparatur f\u00f6rdert und oxidativen Stress reduziert.<\/li>\n<li><strong>Erh\u00f6hte synaptische Plastizit\u00e4t<\/strong> - Verbessert die Kommunikation zwischen den Neuronen f\u00fcr eine bessere kognitive Verarbeitung.<\/li>\n<li><strong>Stimmungsstabilisierung<\/strong> - Kann helfen, \u00c4ngste und Stress abzubauen und das emotionale Wohlbefinden zu f\u00f6rdern.<\/li>\n<li><strong>Anti-Aging-Effekte<\/strong> - Unterst\u00fctzt die Langlebigkeit der Zellen und wirkt dem altersbedingten kognitiven Abbau entgegen.<\/li>\n<\/ul>\n<h2><strong>Warum Powerock Pharma?<\/strong><\/h2>\n<p>Powerock Pharma hat es sich zur Aufgabe gemacht, Forschungspr\u00e4parate von h\u00f6chster Qualit\u00e4t zu liefern. Unser Cortagen wird unter strengen GMP-, HACCP- und ISO 13485-Standards hergestellt, um Reinheit, Wirksamkeit und Sicherheit zu gew\u00e4hrleisten. Jede Charge wird in zertifizierten Labors strengen Tests unterzogen, um gleichbleibende Qualit\u00e4t und Wirksamkeit zu gew\u00e4hrleisten. Wenn Sie sich f\u00fcr Powerock Pharma entscheiden, investieren Sie in vertrauensw\u00fcrdige, erstklassige Forschungsergebnisse.<\/p>\n<h3><strong>Zusammenfassung:<\/strong><\/h3>\n<p>Wenn Sie Ihre kognitiven Funktionen verbessern, Ihr Gehirn sch\u00fctzen und Ihre geistige Leistungsf\u00e4higkeit optimieren wollen, ist Cortagen die L\u00f6sung. Unterst\u00fctzt durch die strengen Qualit\u00e4tsstandards von Powerock Pharma, garantiert dieses Produkt zuverl\u00e4ssige und effektive Ergebnisse. Bringen Sie Ihre kognitiven F\u00e4higkeiten auf die n\u00e4chste Stufe - bestellen Sie Cortagen noch heute und erleben Sie eine \u00fcberlegene Gehirngesundheit.<\/p>\n<div id=\"gtx-trans\" style=\"position: absolute; left: 93px; top: 692.969px;\">\n<div class=\"gtx-trans-icon\"><\/div>\n<\/div>","protected":false},"excerpt":{"rendered":"<p>Cortagen unterst\u00fctzt die kognitive Funktion und den Neuroschutz, indem es das Wachstum und die Reparatur der Neuronen f\u00f6rdert. Es verbessert das Ged\u00e4chtnis, die Konzentration und die allgemeine Gesundheit des Gehirns. W\u00e4hlen Sie Powerock Pharma f\u00fcr Qualit\u00e4t und wissenschaftlich gesicherte Ergebnisse.<\/p>","protected":false},"featured_media":485,"template":"","meta":{"_acf_changed":false,"rank_math_lock_modified_date":false,"inline_featured_image":false},"product_cat":[17],"product_tag":[],"class_list":{"0":"post-476","1":"product","2":"type-product","3":"status-publish","4":"has-post-thumbnail","6":"product_cat-peptide-lyophilizates","9":"first","10":"instock","11":"shipping-taxable","12":"product-type-simple"},"acf":{"chromatogram":670,"metoda":""},"_links":{"self":[{"href":"https:\/\/powerockpharma.com\/de\/wp-json\/wp\/v2\/product\/476","targetHints":{"allow":["GET"]}}],"collection":[{"href":"https:\/\/powerockpharma.com\/de\/wp-json\/wp\/v2\/product"}],"about":[{"href":"https:\/\/powerockpharma.com\/de\/wp-json\/wp\/v2\/types\/product"}],"wp:featuredmedia":[{"embeddable":true,"href":"https:\/\/powerockpharma.com\/de\/wp-json\/wp\/v2\/media\/485"}],"wp:attachment":[{"href":"https:\/\/powerockpharma.com\/de\/wp-json\/wp\/v2\/media?parent=476"}],"wp:term":[{"taxonomy":"product_cat","embeddable":true,"href":"https:\/\/powerockpharma.com\/de\/wp-json\/wp\/v2\/product_cat?post=476"},{"taxonomy":"product_tag","embeddable":true,"href":"https:\/\/powerockpharma.com\/de\/wp-json\/wp\/v2\/product_tag?post=476"}],"curies":[{"name":"wp","href":"https:\/\/api.w.org\/{rel}","templated":true}]}}