{"id":477,"date":"2025-01-29T13:55:27","date_gmt":"2025-01-29T12:55:27","guid":{"rendered":"https:\/\/powerockpharma.com\/?post_type=product&#038;p=477"},"modified":"2025-11-12T07:06:35","modified_gmt":"2025-11-12T06:06:35","slug":"epithalon","status":"publish","type":"product","link":"https:\/\/powerockpharma.com\/de\/peptide-lyophilizates\/epithalon\/","title":{"rendered":"Epithalon"},"content":{"rendered":"<h2><strong>Eigenschaften Epithalon:<\/strong><\/h2>\n<p>Epitalon (Epithalamin) ist ein synthetisches Tetrapeptid, das f\u00fcr seine starken Anti-Aging- und regenerativen Eigenschaften bekannt ist. Es wurde eingehend auf seine F\u00e4higkeit untersucht, die Telomerase-Aktivit\u00e4t zu steigern, die eine entscheidende Rolle beim Schutz der DNA und der Langlebigkeit der Zellen spielt. Durch die Regulierung der Zirbeldr\u00fcse tr\u00e4gt Epitalon dazu bei, den Melatoninspiegel auszugleichen, was die Schlafqualit\u00e4t, die Immunfunktion und das allgemeine Wohlbefinden verbessert. Dieses Peptid ist weithin anerkannt f\u00fcr sein Potenzial, die Langlebigkeit zu f\u00f6rdern, oxidativen Stress zu reduzieren und den Neuroschutz zu unterst\u00fctzen.<\/p>\n<h2><strong>Mechanismus der Wirkung:<\/strong><\/h2>\n<p>Der prim\u00e4re Wirkmechanismus von Epitalon beruht auf seiner F\u00e4higkeit, die Produktion von Telomerase zu stimulieren, einem Enzym, das f\u00fcr die Erhaltung und Verl\u00e4ngerung der Telomere verantwortlich ist. Telomere, die Schutzkappen der Chromosomen, verk\u00fcrzen sich nat\u00fcrlich mit dem Alter, was zu Zellalterung und Funktionsst\u00f6rungen f\u00fchrt. Durch die F\u00f6rderung der Telomerase-Aktivit\u00e4t tr\u00e4gt das Epitalon dazu bei, die zellul\u00e4re Seneszenz zu verlangsamen, wodurch die Lebensdauer der Zellen verl\u00e4ngert und die allgemeine Gesundheit verbessert wird. Dar\u00fcber hinaus reguliert Epitalon die Melatoninaussch\u00fcttung, optimiert den zirkadianen Rhythmus und verbessert die Schlafqualit\u00e4t, die f\u00fcr die k\u00f6rperliche und kognitive Gesundheit unerl\u00e4sslich ist.<\/p>\n<h2><strong>Vorteile:<\/strong><\/h2>\n<ul>\n<li><strong>Unterst\u00fctzt Langlebigkeit und Anti-Aging:<\/strong>\u00a0Erh\u00f6ht die Telomerase-Aktivit\u00e4t, um die Zellalterung zu verlangsamen und die Integrit\u00e4t der DNA zu verbessern.<\/li>\n<li><strong>Verbessert die Schlafqualit\u00e4t:<\/strong>\u00a0Reguliert die Melatoninproduktion, was zu einem tieferen und erholsameren Schlaf f\u00fchrt.<\/li>\n<li><strong>St\u00e4rkt die Immunfunktion:<\/strong>\u00a0Hilft, das Immunsystem zu st\u00e4rken, indem es das endokrine System optimiert.<\/li>\n<li><strong>Verbessert die kognitive Funktion:<\/strong>\u00a0Kann das Ged\u00e4chtnis, die Konzentration und die allgemeine Gesundheit des Gehirns verbessern, indem es oxidativen Stress reduziert.<\/li>\n<li><strong>Reduziert oxidativen Stress:<\/strong>\u00a0Wirkt als Antioxidans und sch\u00fctzt die Zellen vor Sch\u00e4den durch freie Radikale.<\/li>\n<li><strong>Unterst\u00fctzt die Reparatur und Regeneration der Zellen:<\/strong>\u00a0F\u00f6rdert die Gewebeheilung und die allgemeine Zellgesundheit.<\/li>\n<li><strong>F\u00f6rdert das hormonelle Gleichgewicht:<\/strong>\u00a0Hilft bei der Optimierung der endokrinen Funktion und tr\u00e4gt so zu Wohlbefinden und Vitalit\u00e4t bei.<\/li>\n<\/ul>\n<h2><strong>Warum Powerock Pharma?<\/strong><\/h2>\n<p>Unter\u00a0<strong>Powerock Pharma<\/strong>Wir legen gr\u00f6\u00dften Wert auf Qualit\u00e4t, Sicherheit und Wirksamkeit. Unser\u00a0<strong>Epitalon<\/strong>\u00a0wird strengen Tests unterzogen und in GMP-zertifizierten Einrichtungen hergestellt, um Reinheit und Wirksamkeit zu gew\u00e4hrleisten. Jede Charge wird von erstklassigen Labors validiert, um Konsistenz und Zuverl\u00e4ssigkeit zu gew\u00e4hrleisten. Durch die Wahl von\u00a0<strong>Powerock Pharma<\/strong>Sie investieren in ein Produkt, das durch wissenschaftliche Forschung gest\u00fctzt wird und nach den h\u00f6chsten Industriestandards hergestellt wird.<\/p>\n<h3><strong>Zusammenfassung:<\/strong><\/h3>\n<p>Wenn Sie die Langlebigkeit unterst\u00fctzen, den Schlaf verbessern und das allgemeine Wohlbefinden steigern m\u00f6chten,\u00a0<strong>Epitalon<\/strong>\u00a0ist die ideale L\u00f6sung. Mit seinen wissenschaftlich untermauerten Vorteilen und\u00a0<strong>Powerock Pharma's<\/strong>\u00a0kompromisslosen Qualit\u00e4tsstandards k\u00f6nnen Sie diesem Peptid f\u00fcr Ihren Forschungsbedarf vertrauen.\u00a0<strong>Bestellen Sie Epitalon noch heute und erleben Sie die Vorteile einer fortschrittlichen Zellverj\u00fcngung!<\/strong><\/p>\n<div id=\"gtx-trans\" style=\"position: absolute; left: 92px; top: 714.969px;\">\n<div class=\"gtx-trans-icon\"><\/div>\n<\/div>","protected":false},"excerpt":{"rendered":"<p>Epitalon (Epithalamin) unterst\u00fctzt die Langlebigkeit und die zellul\u00e4re Verj\u00fcngung, indem es die Melatoninproduktion reguliert und die Telomerase-Aktivit\u00e4t steigert. Es f\u00f6rdert Anti-Aging-Vorteile, verbesserten Schlaf und allgemeines Wohlbefinden. W\u00e4hlen Sie Powerock Pharma f\u00fcr Qualit\u00e4t und Ergebnisse.<\/p>","protected":false},"featured_media":490,"template":"","meta":{"_acf_changed":false,"rank_math_lock_modified_date":false,"inline_featured_image":false},"product_cat":[17],"product_tag":[],"class_list":{"0":"post-477","1":"product","2":"type-product","3":"status-publish","4":"has-post-thumbnail","6":"product_cat-peptide-lyophilizates","9":"first","10":"instock","11":"shipping-taxable","12":"product-type-simple"},"acf":{"chromatogram":664,"metoda":""},"_links":{"self":[{"href":"https:\/\/powerockpharma.com\/de\/wp-json\/wp\/v2\/product\/477","targetHints":{"allow":["GET"]}}],"collection":[{"href":"https:\/\/powerockpharma.com\/de\/wp-json\/wp\/v2\/product"}],"about":[{"href":"https:\/\/powerockpharma.com\/de\/wp-json\/wp\/v2\/types\/product"}],"wp:featuredmedia":[{"embeddable":true,"href":"https:\/\/powerockpharma.com\/de\/wp-json\/wp\/v2\/media\/490"}],"wp:attachment":[{"href":"https:\/\/powerockpharma.com\/de\/wp-json\/wp\/v2\/media?parent=477"}],"wp:term":[{"taxonomy":"product_cat","embeddable":true,"href":"https:\/\/powerockpharma.com\/de\/wp-json\/wp\/v2\/product_cat?post=477"},{"taxonomy":"product_tag","embeddable":true,"href":"https:\/\/powerockpharma.com\/de\/wp-json\/wp\/v2\/product_tag?post=477"}],"curies":[{"name":"wp","href":"https:\/\/api.w.org\/{rel}","templated":true}]}}