{"id":481,"date":"2025-01-29T13:55:31","date_gmt":"2025-01-29T12:55:31","guid":{"rendered":"https:\/\/powerockpharma.com\/?post_type=product&#038;p=481"},"modified":"2025-11-12T06:52:48","modified_gmt":"2025-11-12T05:52:48","slug":"semax","status":"publish","type":"product","link":"https:\/\/powerockpharma.com\/de\/peptide-lyophilizates\/semax\/","title":{"rendered":"Semax"},"content":{"rendered":"<h2><strong>Eigenschaften Semax:<\/strong><\/h2>\n<p>Semax ist ein synthetisches Peptid, das vom adrenocorticotropen Hormon (ACTH) abgeleitet ist und f\u00fcr seine tiefgreifenden Auswirkungen auf die kognitive Funktion und den Neuroschutz bekannt ist. Es wird h\u00e4ufig zur Verbesserung der geistigen Leistungsf\u00e4higkeit, des Ged\u00e4chtnisses und der Widerstandsf\u00e4higkeit gegen Stress und neurologische St\u00f6rungen eingesetzt. Diese Verbindung wirkt durch die Modulation von BDNF und Neurotransmittersystemen, was zu einer verbesserten synaptischen Plastizit\u00e4t, Neurogenese und geistigen Klarheit f\u00fchrt.<\/p>\n<h2><strong>Mechanismus der Wirkung:<\/strong><\/h2>\n<p>Die Wirkung von Semax beruht auf seiner F\u00e4higkeit, den BDNF-Spiegel zu erh\u00f6hen, ein wichtiges Protein, das f\u00fcr das \u00dcberleben, das Wachstum und die kognitive Funktion von Neuronen verantwortlich ist. Durch die Erh\u00f6hung des BDNF-Spiegels verbessert Semax die Lernf\u00e4higkeit, die Ged\u00e4chtniskonsolidierung und die Neuroplastizit\u00e4t und sch\u00fctzt gleichzeitig die Neuronen vor oxidativem Stress und Entz\u00fcndungen. Dieser Mechanismus gew\u00e4hrleistet eine verbesserte kognitive Funktion ohne die \u00fcblichen Nebenwirkungen, die mit herk\u00f6mmlichen Nootropika verbunden sind. Dar\u00fcber hinaus spielt es eine Rolle bei der Regulierung des Dopamin- und Serotoninspiegels, was zu einer verbesserten Stimmung und Motivation beitr\u00e4gt.<\/p>\n<h2><strong>Vorteile:<\/strong><\/h2>\n<p>Die konsequente Einnahme von Semax f\u00fchrt zu einer sp\u00fcrbaren Verbesserung der kognitiven Funktion, der Ged\u00e4chtnisleistung und der geistigen Ausdauer. Zu den weiteren Vorteilen geh\u00f6ren eine erh\u00f6hte Konzentration, eine schnellere Lernf\u00e4higkeit und eine gr\u00f6\u00dfere Widerstandsf\u00e4higkeit gegen geistige Erm\u00fcdung. Es ist besonders wirksam f\u00fcr Personen, die ihre kognitiven Leistungen optimieren wollen, sowie f\u00fcr Studenten, Berufst\u00e4tige und Forscher, die geistig anspruchsvolle Aufgaben erf\u00fcllen. Semax hat sich auch als vielversprechend erwiesen, wenn es darum geht, die Auswirkungen von Stress zu mildern und die neurologische Erholung in Forschungsumgebungen zu unterst\u00fctzen.<\/p>\n<h2><strong>Warum Powerock Pharma:<\/strong><\/h2>\n<p>Bei Powerock Pharma legen wir gr\u00f6\u00dften Wert auf Qualit\u00e4t, Sicherheit und Wirksamkeit. Unser Semax wird in Einrichtungen hergestellt, die die GMP-, HACCP- und ISO 13485-Normen \u00fcbertreffen und so die Reinheit und Wirksamkeit in pharmazeutischer Qualit\u00e4t gew\u00e4hrleisten. Jede Charge wird von f\u00fchrenden Labors strengen Tests unterzogen, um ihre Integrit\u00e4t und Konsistenz zu gew\u00e4hrleisten. Unser Engagement f\u00fcr Spitzenleistungen bedeutet, dass Sie nur das Beste erhalten und bei jeder Anwendung unvergleichliche Ergebnisse erzielen.<\/p>\n<h3><strong>Zusammenfassung:<\/strong><\/h3>\n<p>Wenn Sie Ihre kognitiven F\u00e4higkeiten und Ihre geistige Leistungsf\u00e4higkeit steigern wollen, ist Semax die L\u00f6sung, die Sie brauchen. Unterst\u00fctzt durch die strengen Qualit\u00e4tskontrollen von Powerock Pharma wurde dieses Produkt entwickelt, um Ihnen zu helfen, sicher und effektiv optimale Konzentration, Ged\u00e4chtnis und Belastbarkeit zu erreichen. Geben Sie sich nicht mit weniger zufrieden - bestellen Sie Semax noch heute und erleben Sie verbesserte kognitive F\u00e4higkeiten und geistige Klarheit.<\/p>\n<div id=\"gtx-trans\" style=\"position: absolute; left: 265px; top: 618.969px;\">\n<div class=\"gtx-trans-icon\"><\/div>\n<\/div>","protected":false},"excerpt":{"rendered":"<p data-pm-slice=\"1 1 []\">Semax unterst\u00fctzt die Verbesserung der kognitiven F\u00e4higkeiten und den Neuroschutz, indem es den Gehalt an vom Gehirn abgeleiteten neurotrophen Faktoren (BDNF) moduliert. Es bietet eine verbesserte Konzentration, Ged\u00e4chtnisleistung und Stressresistenz. W\u00e4hlen Sie Powerock Pharma f\u00fcr Qualit\u00e4t und Ergebnisse.<\/p>","protected":false},"featured_media":499,"template":"","meta":{"_acf_changed":false,"rank_math_lock_modified_date":false,"inline_featured_image":false},"product_cat":[17],"product_tag":[],"class_list":{"0":"post-481","1":"product","2":"type-product","3":"status-publish","4":"has-post-thumbnail","6":"product_cat-peptide-lyophilizates","9":"first","10":"instock","11":"shipping-taxable","12":"product-type-simple"},"acf":{"chromatogram":617,"metoda":""},"_links":{"self":[{"href":"https:\/\/powerockpharma.com\/de\/wp-json\/wp\/v2\/product\/481","targetHints":{"allow":["GET"]}}],"collection":[{"href":"https:\/\/powerockpharma.com\/de\/wp-json\/wp\/v2\/product"}],"about":[{"href":"https:\/\/powerockpharma.com\/de\/wp-json\/wp\/v2\/types\/product"}],"wp:featuredmedia":[{"embeddable":true,"href":"https:\/\/powerockpharma.com\/de\/wp-json\/wp\/v2\/media\/499"}],"wp:attachment":[{"href":"https:\/\/powerockpharma.com\/de\/wp-json\/wp\/v2\/media?parent=481"}],"wp:term":[{"taxonomy":"product_cat","embeddable":true,"href":"https:\/\/powerockpharma.com\/de\/wp-json\/wp\/v2\/product_cat?post=481"},{"taxonomy":"product_tag","embeddable":true,"href":"https:\/\/powerockpharma.com\/de\/wp-json\/wp\/v2\/product_tag?post=481"}],"curies":[{"name":"wp","href":"https:\/\/api.w.org\/{rel}","templated":true}]}}