{"id":71,"date":"2024-08-04T16:49:00","date_gmt":"2024-08-04T14:49:00","guid":{"rendered":"https:\/\/powerockpharma.com\/?post_type=product&#038;p=71"},"modified":"2025-11-12T07:10:08","modified_gmt":"2025-11-12T06:10:08","slug":"alpha-gpc","status":"publish","type":"product","link":"https:\/\/powerockpharma.com\/de\/nootropics\/alpha-gpc\/","title":{"rendered":"ALPHA GPC"},"content":{"rendered":"<h2>Eigenschaften:<\/h2>\n<p>L-alpha-Glycerophosphocholin, allgemein bekannt als Alpha GPC, ist ein leistungsstarkes Nootropikum, das eine entscheidende Rolle bei der Verbesserung der kognitiven F\u00e4higkeiten spielt. Es ist weithin anerkannt f\u00fcr seine F\u00e4higkeit, die Gehirnfunktion zu steigern, was es zu einer ersten Wahl f\u00fcr Personen macht, die ihr Ged\u00e4chtnis, ihre Konzentration und ihre allgemeine geistige Klarheit verbessern wollen. Alpha GPC wirkt, indem es den Acetylcholinspiegel erh\u00f6ht, einen Neurotransmitter, der f\u00fcr Ged\u00e4chtnis- und Lernprozesse unerl\u00e4sslich ist. Diese Verbindung ist besonders effektiv f\u00fcr diejenigen, die geistig anspruchsvolle Aufgaben erf\u00fcllen, sei es im akademischen, beruflichen oder sportlichen Umfeld.<\/p>\n<h2>Mechanismus der Wirkung:<\/h2>\n<p>Alpha GPC wirkt in erster Linie durch seinen Einfluss auf die Acetylcholinproduktion. Als Vorl\u00e4ufer dieses wichtigen Neurotransmitters liefert Alpha GPC das f\u00fcr seine Synthese ben\u00f6tigte Cholin und stellt sicher, dass das Gehirn \u00fcber eine ausreichende Versorgung zur Unterst\u00fctzung der kognitiven Funktionen verf\u00fcgt. Indem es die Blut-Hirn-Schranke \u00fcberwindet, erh\u00f6ht Alpha GPC schnell die Verf\u00fcgbarkeit von Cholin im Gehirn, das dann in Acetylcholin umgewandelt wird. Dieser Anstieg des Acetylcholins verbessert die synaptische \u00dcbertragung, wodurch die Ged\u00e4chtnisleistung, die Lernf\u00e4higkeit und die Konzentration verbessert werden. Dar\u00fcber hinaus hat sich gezeigt, dass Alpha GPC die Aussch\u00fcttung von Wachstumshormonen unterst\u00fctzt, was zus\u00e4tzliche Vorteile wie eine verbesserte k\u00f6rperliche Leistungsf\u00e4higkeit und Erholung mit sich bringen kann.<\/p>\n<h2>Vorteile:<\/h2>\n<p>Die regelm\u00e4\u00dfige Einnahme von Alpha GPC f\u00fchrt zu bedeutenden kognitiven Vorteilen, einschlie\u00dflich eines verbesserten Ged\u00e4chtnisses, einer erh\u00f6hten Konzentration und einer besseren geistigen Klarheit. Es ist besonders vorteilhaft f\u00fcr Personen, die in Aktivit\u00e4ten involviert sind, die intensive Konzentration und geistige Ausdauer erfordern, wie Studenten, Berufst\u00e4tige und Sportler. Zus\u00e4tzlich zu seinen kognitiven Vorteilen kann Alpha GPC auch zur k\u00f6rperlichen Leistungsf\u00e4higkeit beitragen, indem es die Freisetzung von Wachstumshormonen unterst\u00fctzt, was es zu einer vielseitigen Erg\u00e4nzung f\u00fcr K\u00f6rper und Geist macht. Die Anwender berichten h\u00e4ufig, dass sie sich wacher und geistig reger f\u00fchlen und dass sich ihre Lernf\u00e4higkeit und ihr Erinnerungsverm\u00f6gen verbessert haben. Die Verbindung ist auch daf\u00fcr bekannt, dass sie die Gesundheit des Gehirns unterst\u00fctzt und m\u00f6glicherweise neuroprotektive Wirkungen hat, die vor kognitivem Abbau im Alter sch\u00fctzen.<\/p>\n<h2>Warum Powerock Pharma:<\/h2>\n<p>Wir von Powerock Pharma haben uns der Herstellung von Nahrungserg\u00e4nzungsmitteln h\u00f6chster Qualit\u00e4t f\u00fcr die Forschung und zur Verbesserung der kognitiven F\u00e4higkeiten verschrieben. Jede Charge von Alpha GPC wird in unseren hochmodernen Einrichtungen unter Einhaltung der strengsten GMP-, HACCP- und ISO 13485-Normen hergestellt. Wir setzen modernste Testmethoden ein, um sicherzustellen, dass jede Kapsel reines, starkes und wirksames Alpha GPC enth\u00e4lt, das frei von Verunreinigungen und Unreinheiten ist. Unser Engagement f\u00fcr Qualit\u00e4t bedeutet, dass Sie darauf vertrauen k\u00f6nnen, dass unsere Produkte jedes Mal gleichbleibende Ergebnisse liefern. Wir arbeiten mit f\u00fchrenden Laboratorien zusammen, um die Reinheit und Wirksamkeit unserer Nahrungserg\u00e4nzungsmittel zu \u00fcberpr\u00fcfen und sicherzustellen, dass Sie das bestm\u00f6gliche Produkt f\u00fcr Ihre Forschung oder Ihren pers\u00f6nlichen Gebrauch erhalten.<\/p>\n<h3>Zusammenfassung:<\/h3>\n<p>Wenn Sie auf der Suche nach einem leistungsstarken kognitiven Enhancer sind, um Ihre geistige Leistungsf\u00e4higkeit zu steigern, ist L-alpha-Glycerophosphocholin (Alpha GPC) die ideale Wahl. Unterst\u00fctzt durch die strengen Qualit\u00e4tskontrollen von Powerock Pharma, wurde Alpha GPC entwickelt, um Ihnen zu helfen, Ihre kognitiven Ziele sicher und effektiv zu erreichen. Machen Sie keine Kompromisse bei der Qualit\u00e4t - bestellen Sie Alpha GPC noch heute und erleben Sie den Unterschied, den hochwertige Nahrungserg\u00e4nzungsmittel f\u00fcr Ihre geistige Klarheit, Konzentration und allgemeine Gehirngesundheit machen k\u00f6nnen.<\/p>","protected":false},"excerpt":{"rendered":"<p>L-alpha-Glycerophosphocholin (Alpha GPC) unterst\u00fctzt die Verbesserung der kognitiven F\u00e4higkeiten, indem es den Acetylcholinspiegel im Gehirn erh\u00f6ht. Es bietet verbesserte Konzentration, Ged\u00e4chtnis und geistige Klarheit. W\u00e4hlen Sie Powerock Pharma f\u00fcr unvergleichliche Qualit\u00e4t und Ergebnisse.<\/p>","protected":false},"featured_media":166,"template":"","meta":{"_acf_changed":false,"rank_math_lock_modified_date":false,"inline_featured_image":false},"product_cat":[19],"product_tag":[],"class_list":{"0":"post-71","1":"product","2":"type-product","3":"status-publish","4":"has-post-thumbnail","6":"product_cat-nootropics","9":"first","10":"instock","11":"shipping-taxable","12":"product-type-simple"},"acf":{"chromatogram":679,"metoda":""},"_links":{"self":[{"href":"https:\/\/powerockpharma.com\/de\/wp-json\/wp\/v2\/product\/71","targetHints":{"allow":["GET"]}}],"collection":[{"href":"https:\/\/powerockpharma.com\/de\/wp-json\/wp\/v2\/product"}],"about":[{"href":"https:\/\/powerockpharma.com\/de\/wp-json\/wp\/v2\/types\/product"}],"wp:featuredmedia":[{"embeddable":true,"href":"https:\/\/powerockpharma.com\/de\/wp-json\/wp\/v2\/media\/166"}],"wp:attachment":[{"href":"https:\/\/powerockpharma.com\/de\/wp-json\/wp\/v2\/media?parent=71"}],"wp:term":[{"taxonomy":"product_cat","embeddable":true,"href":"https:\/\/powerockpharma.com\/de\/wp-json\/wp\/v2\/product_cat?post=71"},{"taxonomy":"product_tag","embeddable":true,"href":"https:\/\/powerockpharma.com\/de\/wp-json\/wp\/v2\/product_tag?post=71"}],"curies":[{"name":"wp","href":"https:\/\/api.w.org\/{rel}","templated":true}]}}