{"id":74,"date":"2024-08-04T16:51:12","date_gmt":"2024-08-04T14:51:12","guid":{"rendered":"https:\/\/powerockpharma.com\/?post_type=product&#038;p=74"},"modified":"2025-11-12T06:57:55","modified_gmt":"2025-11-12T05:57:55","slug":"noopept","status":"publish","type":"product","link":"https:\/\/powerockpharma.com\/de\/nootropics\/noopept\/","title":{"rendered":"NOOPEPT"},"content":{"rendered":"<h2>Eigenschaften:<\/h2>\n<p>Noopept, chemisch bekannt als N-Phenylacetyl-L-Prolylglycin-Ethylester, ist ein hochwirksames Nootropikum, das f\u00fcr seine tiefgreifenden Auswirkungen auf die kognitive Leistungsf\u00e4higkeit bekannt ist. Es wird besonders f\u00fcr seine F\u00e4higkeit gesch\u00e4tzt, das Ged\u00e4chtnis, das Lernen und die allgemeine geistige Leistungsf\u00e4higkeit zu verbessern, was es zu einer beliebten Wahl bei Forschern macht, die sich mit Neuroprotektion und kognitiven Funktionen besch\u00e4ftigen. Der Wirkstoff erh\u00f6ht die Verf\u00fcgbarkeit des neurotrophen Faktors (BDNF) und des Nervenwachstumsfaktors (NGF), die f\u00fcr die Neuroplastizit\u00e4t, das Lernen und die Konsolidierung des Ged\u00e4chtnisses unerl\u00e4sslich sind. Diese Eigenschaften machen Noopept zu einem idealen Kandidaten f\u00fcr Studien zur Erforschung kognitiver Verbesserungen und neuroprotektiver Strategien.<\/p>\n<h2>Mechanismus der Wirkung:<\/h2>\n<p>Die Wirkung von Noopept beruht auf seiner F\u00e4higkeit, Glutamatrezeptoren zu modulieren, insbesondere die AMPA- und NMDA-Rezeptoren, die f\u00fcr die synaptische Plastizit\u00e4t und die Langzeitpotenzierung (LTP) im Gehirn entscheidend sind. Indem Noopept die Effizienz dieser Rezeptoren steigert, f\u00f6rdert es die Bildung und St\u00e4rkung synaptischer Verbindungen, die f\u00fcr Ged\u00e4chtnis und Lernen entscheidend sind. Au\u00dferdem erh\u00f6ht Noopept den Acetylcholinspiegel, einen Neurotransmitter, der mit Aufmerksamkeit und kognitiver Verarbeitung in Verbindung gebracht wird. Dieser doppelte Mechanismus sorgt daf\u00fcr, dass Noopept nicht nur die kognitiven Funktionen verbessert, sondern auch neuroprotektive Vorteile bietet, indem es den oxidativen Stress reduziert und die Neuronen vor Sch\u00e4den sch\u00fctzt.<\/p>\n<h2>Vorteile:<\/h2>\n<p>Die konsequente Anwendung von Noopept in der Forschung hat nachweislich zu signifikanten Verbesserungen der kognitiven Funktionen gef\u00fchrt, einschlie\u00dflich einer verbesserten Ged\u00e4chtnisleistung, einer schnelleren Lernf\u00e4higkeit und einer verbesserten geistigen Klarheit. Forscher haben auch sekund\u00e4re Vorteile wie eine verbesserte Stimmung, geringere Angstzust\u00e4nde und ein h\u00f6heres Energieniveau festgestellt, die auf den Einfluss von Noopept auf die Neurotransmittersysteme zur\u00fcckzuf\u00fchren sind. Dieses Pr\u00e4parat ist besonders wirksam bei Studien \u00fcber neurodegenerative Erkrankungen, kognitiven Verfall und die Verbesserung der kognitiven Funktion bei gesunden Personen. Noopept ist weithin f\u00fcr seine F\u00e4higkeit bekannt, schnelle und anhaltende kognitive Vorteile zu bieten, ohne die stimulierenden Nebenwirkungen, die mit anderen Nootropika verbunden sind.<\/p>\n<h2>Warum Powerock Pharma:<\/h2>\n<p>Bei Powerock Pharma ist unser Engagement f\u00fcr Qualit\u00e4t und Sicherheit von h\u00f6chster Bedeutung. Jede Charge von Noopept wird in hochmodernen Anlagen hergestellt, die die strengsten Standards einhalten, einschlie\u00dflich GMP-, HACCP- und ISO 13485-Zertifizierungen. Wir verwenden strenge Testprotokolle, um die Reinheit und Wirksamkeit unserer Produkte zu gew\u00e4hrleisten, und arbeiten mit f\u00fchrenden Labors zusammen, um sicherzustellen, dass jede Noopept-Kapsel konsistente und zuverl\u00e4ssige Ergebnisse liefert. Wenn Sie sich f\u00fcr Powerock Pharma entscheiden, entscheiden Sie sich f\u00fcr ein Produkt, das durch sorgf\u00e4ltige Forschung gest\u00fctzt wird und nach den h\u00f6chsten Standards der Qualit\u00e4tssicherung hergestellt wird. Vertrauen Sie darauf, dass Powerock Pharma Ihnen die notwendigen Mittel zur Verf\u00fcgung stellt, um Ihre Forschung voranzutreiben und aussagekr\u00e4ftige Ergebnisse zu erzielen.<\/p>\n<h3>Zusammenfassung:<\/h3>\n<p>Wenn Ihre Forschung auf die Verbesserung der kognitiven F\u00e4higkeiten oder die Neuroprotektion abzielt, ist Noopept der Wirkstoff, den Sie brauchen. Dank der strengen Qualit\u00e4tskontrollen und des Engagements von Powerock Pharma ist dieses Produkt so konzipiert, dass Sie in Ihren Studien genaue und zuverl\u00e4ssige Ergebnisse erzielen k\u00f6nnen. Machen Sie keine Kompromisse bei der Qualit\u00e4t - bestellen Sie Noopept noch heute und bringen Sie Ihre Forschung mit Zuversicht voran.<\/p>","protected":false},"excerpt":{"rendered":"<p>Noopept (N-Phenylacetyl-L-Prolylglycin-Ethylester) verbessert die kognitiven Funktionen, indem es die neurotrophen Faktoren und die synaptische Plastizit\u00e4t st\u00e4rkt. Es unterst\u00fctzt das Ged\u00e4chtnis, die Konzentration und die geistige Klarheit. Entscheiden Sie sich f\u00fcr Powerock Pharma, um erstklassige Qualit\u00e4t und zuverl\u00e4ssige Ergebnisse zu erzielen.<\/p>","protected":false},"featured_media":170,"template":"","meta":{"_acf_changed":false,"rank_math_lock_modified_date":false,"inline_featured_image":false},"product_cat":[19],"product_tag":[],"class_list":{"0":"post-74","1":"product","2":"type-product","3":"status-publish","4":"has-post-thumbnail","6":"product_cat-nootropics","9":"first","10":"instock","11":"shipping-taxable","12":"product-type-simple"},"acf":{"chromatogram":633,"metoda":{"acftf":{"v":"1.3.24"},"p":{"o":{"uh":0},"ca":""},"c":[{"p":""}],"h":[{"c":""}],"b":[[{"c":""}]]}},"_links":{"self":[{"href":"https:\/\/powerockpharma.com\/de\/wp-json\/wp\/v2\/product\/74","targetHints":{"allow":["GET"]}}],"collection":[{"href":"https:\/\/powerockpharma.com\/de\/wp-json\/wp\/v2\/product"}],"about":[{"href":"https:\/\/powerockpharma.com\/de\/wp-json\/wp\/v2\/types\/product"}],"wp:featuredmedia":[{"embeddable":true,"href":"https:\/\/powerockpharma.com\/de\/wp-json\/wp\/v2\/media\/170"}],"wp:attachment":[{"href":"https:\/\/powerockpharma.com\/de\/wp-json\/wp\/v2\/media?parent=74"}],"wp:term":[{"taxonomy":"product_cat","embeddable":true,"href":"https:\/\/powerockpharma.com\/de\/wp-json\/wp\/v2\/product_cat?post=74"},{"taxonomy":"product_tag","embeddable":true,"href":"https:\/\/powerockpharma.com\/de\/wp-json\/wp\/v2\/product_tag?post=74"}],"curies":[{"name":"wp","href":"https:\/\/api.w.org\/{rel}","templated":true}]}}