{"id":75,"date":"2024-08-04T16:53:33","date_gmt":"2024-08-04T14:53:33","guid":{"rendered":"https:\/\/powerockpharma.com\/?post_type=product&#038;p=75"},"modified":"2025-11-12T06:57:16","modified_gmt":"2025-11-12T05:57:16","slug":"pea-hordenine","status":"publish","type":"product","link":"https:\/\/powerockpharma.com\/de\/nootropics\/pea-hordenine\/","title":{"rendered":"PEA HORDENINE"},"content":{"rendered":"<h2>Eigenschaften:<\/h2>\n<p>Palmitoylethanolamid (PEA) und N-Dimethyltyramin, gemeinhin als Hordenin bekannt, sind in der Forschung f\u00fcr ihre starke Wirkung auf die kognitive Leistungsf\u00e4higkeit und den Fettstoffwechsel bekannt. PEA ist ein k\u00f6rpereigenes Fetts\u00e4ureamid, das in erster Linie auf Neurorezeptoren wirkt, um Entz\u00fcndungen und Schmerzen zu reduzieren und ein allgemeines Wohlbefinden zu f\u00f6rdern. Hordenin, ein nat\u00fcrlich vorkommendes Alkaloid, ist f\u00fcr seine F\u00e4higkeit bekannt, die Freisetzung von Noradrenalin zu stimulieren, wodurch es die Stoffwechselrate erh\u00f6ht und den Fettabbau f\u00f6rdert. Zusammen sind diese Verbindungen eine ideale Kombination f\u00fcr Forscher, die das Zusammenspiel zwischen kognitiver Leistung, Stimmungsregulation und Fettstoffwechsel untersuchen.<\/p>\n<h2>Mechanismus der Wirkung:<\/h2>\n<p>Die Wirkung von Palmitoylethanolamid beruht auf seiner Interaktion mit dem Endocannabinoid-System, insbesondere durch PPAR-\u03b1-Aktivierung, was zu einer Verringerung der Entz\u00fcndung, Schmerzlinderung und Neuroprotektion f\u00fchrt. Dies macht PEA zu einem wertvollen Wirkstoff in Studien, die sich mit Neuroinflammation und der Behandlung chronischer Schmerzen befassen. Andererseits hemmt Hordenin den Abbau von Noradrenalin, einem wichtigen Neurotransmitter, der an der \"Kampf-oder-Flucht\"-Reaktion beteiligt ist. Diese Hemmung f\u00fchrt zu einer verl\u00e4ngerten Stimulation, die die geistige Klarheit, die Konzentration und die thermogenen Fettverbrennungsprozesse verbessert. Die selektive Wirkung von Hordenin stellt sicher, dass seine Effekte stark, aber kontrolliert sind, wodurch das Risiko einer \u00dcberstimulation minimiert wird.<\/p>\n<h2>Vorteile:<\/h2>\n<p>Die regelm\u00e4\u00dfige Verabreichung von Palmitoylethanolamid und Hordenin hat in der Forschung gezeigt, dass sie zu erheblichen kognitiven Verbesserungen f\u00fchrt, einschlie\u00dflich verbesserter Konzentration, geistiger Klarheit und Stabilisierung der Stimmung. Dar\u00fcber hinaus tragen die fettverbrennenden Eigenschaften von Hordenin zu einem effizienteren Fettabbau bei, was diese Kombination in Studien zum Gewichtsmanagement und zur metabolischen Gesundheit besonders n\u00fctzlich macht. Die Forscher k\u00f6nnen auch sekund\u00e4re Vorteile beobachten, wie z. B. ein erh\u00f6htes Energieniveau, reduzierte Entz\u00fcndungen und eine bessere allgemeine kognitive Belastbarkeit. Dieses Produkt eignet sich besonders f\u00fcr diejenigen, die die Zusammenh\u00e4nge zwischen Neuroprotektion, kognitiver Leistung und Stoffwechselprozessen erforschen.<\/p>\n<h2>Warum Powerock Pharma:<\/h2>\n<p>Bei Powerock Pharma sind wir stolz auf unser Engagement f\u00fcr Qualit\u00e4t und hervorragende Leistungen. Jede Charge von Palmitoylethanolamid und N-Dimethyltyramin wird in hochmodernen Anlagen hergestellt, die den h\u00f6chsten Industriestandards entsprechen, einschlie\u00dflich GMP, HACCP und ISO 13485. Unsere strengen Pr\u00fcfverfahren stellen sicher, dass jede Kapsel die reinste und wirksamste Form dieser Verbindungen enth\u00e4lt und garantieren so Konsistenz und Zuverl\u00e4ssigkeit f\u00fcr Ihre Forschung. Wir arbeiten mit f\u00fchrenden Labors zusammen, um die Reinheit und Wirksamkeit unserer Produkte zu validieren, damit Sie den Ergebnissen Ihrer Studien vertrauen k\u00f6nnen. Entscheiden Sie sich f\u00fcr Powerock Pharma, wenn Sie unvergleichliche Qualit\u00e4t und Seelenfrieden wollen.<\/p>\n<h3>Zusammenfassung:<\/h3>\n<p>Wenn sich Ihre Forschung auf die Verbesserung der kognitiven F\u00e4higkeiten, die Stimmungsregulierung oder den Fettstoffwechsel konzentriert, sind Palmitoylethanolamid und Hordenin die Verbindungen, die Sie brauchen. Unterst\u00fctzt durch die strengen Qualit\u00e4tskontrollen von Powerock Pharma ist dieses Produkt darauf ausgelegt, in jeder Studie konsistente und zuverl\u00e4ssige Ergebnisse zu liefern. Gehen Sie bei der Qualit\u00e4t keine Kompromisse ein - bestellen Sie Palmitoylethanolamid und Hordenin noch heute und heben Sie die Standards Ihrer Forschung an.<\/p>","protected":false},"excerpt":{"rendered":"<p>Palmitoylethanolamid und N-Dimethyltyramin unterst\u00fctzen eine verbesserte kognitive Funktion und den Fettstoffwechsel durch die Modulation von Neurorezeptoren und Enzymen. Diese Kombination bietet eine verbesserte Konzentration, Stimmung und Fettabbau. Entscheiden Sie sich f\u00fcr Powerock Pharma, wenn Sie h\u00f6chste Qualit\u00e4t und zuverl\u00e4ssige Ergebnisse w\u00fcnschen.<\/p>","protected":false},"featured_media":173,"template":"","meta":{"_acf_changed":false,"rank_math_lock_modified_date":false,"inline_featured_image":false},"product_cat":[19],"product_tag":[],"class_list":{"0":"post-75","1":"product","2":"type-product","3":"status-publish","4":"has-post-thumbnail","6":"product_cat-nootropics","9":"first","10":"instock","11":"shipping-taxable","12":"product-type-simple"},"acf":{"chromatogram":631,"metoda":{"acftf":{"v":"1.3.24"},"p":{"o":{"uh":0},"ca":""},"c":[{"p":""}],"h":[{"c":""}],"b":[[{"c":""}]]}},"_links":{"self":[{"href":"https:\/\/powerockpharma.com\/de\/wp-json\/wp\/v2\/product\/75","targetHints":{"allow":["GET"]}}],"collection":[{"href":"https:\/\/powerockpharma.com\/de\/wp-json\/wp\/v2\/product"}],"about":[{"href":"https:\/\/powerockpharma.com\/de\/wp-json\/wp\/v2\/types\/product"}],"wp:featuredmedia":[{"embeddable":true,"href":"https:\/\/powerockpharma.com\/de\/wp-json\/wp\/v2\/media\/173"}],"wp:attachment":[{"href":"https:\/\/powerockpharma.com\/de\/wp-json\/wp\/v2\/media?parent=75"}],"wp:term":[{"taxonomy":"product_cat","embeddable":true,"href":"https:\/\/powerockpharma.com\/de\/wp-json\/wp\/v2\/product_cat?post=75"},{"taxonomy":"product_tag","embeddable":true,"href":"https:\/\/powerockpharma.com\/de\/wp-json\/wp\/v2\/product_tag?post=75"}],"curies":[{"name":"wp","href":"https:\/\/api.w.org\/{rel}","templated":true}]}}