{"id":77,"date":"2024-08-04T16:54:38","date_gmt":"2024-08-04T14:54:38","guid":{"rendered":"https:\/\/powerockpharma.com\/?post_type=product&#038;p=77"},"modified":"2025-11-12T06:55:35","modified_gmt":"2025-11-12T05:55:35","slug":"phenylpiracetam","status":"publish","type":"product","link":"https:\/\/powerockpharma.com\/de\/nootropics\/phenylpiracetam\/","title":{"rendered":"PHENYLPIRACETAM"},"content":{"rendered":"<h2>Eigenschaften:<\/h2>\n<p>Phenylpiracetam, auch bekannt als 2-Oxo-4-phenyl-1-pyrrolidinacetamid, ist ein starkes Nootropikum, das f\u00fcr seine kognitiv steigernde Wirkung bekannt ist. Diese Verbindung ist besonders bei Forschern und Personen beliebt, die ihre geistige Leistungsf\u00e4higkeit verbessern wollen, da sie auf Bereiche wie Ged\u00e4chtnisleistung, Konzentration und allgemeine geistige Klarheit abzielt. Phenylpiracetam ist eine modifizierte Version von Piracetam, die eine st\u00e4rkere Wirkung auf die kognitiven Funktionen hat. Es wirkt durch die Modulation von Neurotransmittersystemen im Gehirn, insbesondere durch die Steigerung der Aktivit\u00e4t von Acetylcholin- und Dopaminrezeptoren. Dies f\u00fchrt zu einer verbesserten synaptischen Plastizit\u00e4t, die f\u00fcr das Lernen, die Ged\u00e4chtnisbildung und die geistige Ausdauer entscheidend ist.<\/p>\n<h2>Mechanismus der Wirkung:<\/h2>\n<p>Phenylpiracetam entfaltet seine Wirkung durch die Beeinflussung mehrerer wichtiger Neurotransmittersysteme. Es steigert in erster Linie die Aktivit\u00e4t von Acetylcholin, einem f\u00fcr Ged\u00e4chtnis- und Lernprozesse wichtigen Neurotransmitter. Au\u00dferdem wirkt es auf die Dopaminrezeptoren, die eine wichtige Rolle bei der Stimmungsregulierung und Motivation spielen. Die verst\u00e4rkte Rezeptoraktivit\u00e4t f\u00fchrt zu einer erh\u00f6hten Neuroplastizit\u00e4t, die es dem Gehirn erm\u00f6glicht, sich anzupassen und effektiver zu lernen. Dieser Mechanismus sorgt f\u00fcr die f\u00fcr Nootropika typischen kognitiven Vorteile und bietet gleichzeitig neuroprotektive Eigenschaften, die dazu beitragen, die Gehirnzellen vor oxidativem Stress und Sch\u00e4den zu sch\u00fctzen.<\/p>\n<h2>Vorteile:<\/h2>\n<p>Es hat sich gezeigt, dass die konsequente Einnahme von Phenylpiracetam zu erheblichen kognitiven Vorteilen f\u00fchrt. Die Benutzer k\u00f6nnen bemerkenswerte Verbesserungen im Ged\u00e4chtnis, verbesserte Konzentration und schnellere Informationsverarbeitung erfahren. Dar\u00fcber hinaus wird Phenylpiracetam mit erh\u00f6hter geistiger Energie und Ausdauer in Verbindung gebracht, was besonders f\u00fcr Personen von Vorteil ist, die sich mit anspruchsvollen geistigen Aufgaben oder Studien besch\u00e4ftigen. Zu den sekund\u00e4ren Vorteilen geh\u00f6ren eine verbesserte Stimmung und eine Verringerung der Angstsymptome dank seines Einflusses auf den Dopaminspiegel. Diese Wirkungen machen Phenylpiracetam zu einer beliebten Wahl bei Studenten, Berufst\u00e4tigen und Forschern, die ihr kognitives Potenzial maximieren wollen.<\/p>\n<h2>Warum Powerock Pharma:<\/h2>\n<p>Powerock Pharma hat sich verpflichtet, nur die hochwertigsten Forschungspr\u00e4parate zu liefern, und Phenylpiracetam ist da keine Ausnahme. Unser Produkt wird in Einrichtungen hergestellt, die die strengen GMP-, HACCP- und ISO 13485-Standards einhalten, um sicherzustellen, dass Sie jedes Mal ein reines und wirksames Produkt erhalten. Strenge Pr\u00fcf- und Validierungsverfahren best\u00e4tigen die Reinheit und Wirksamkeit unserer Phenylpiracetam-Kapseln. Wenn Sie sich f\u00fcr Powerock Pharma entscheiden, erhalten Sie nicht nur ein Produkt, sondern Sie investieren in zuverl\u00e4ssige Ergebnisse, die von einem Unternehmen unterst\u00fctzt werden, das Qualit\u00e4t und Sicherheit \u00fcber alles stellt.<\/p>\n<h3>Zusammenfassung:<\/h3>\n<p>Erh\u00f6hen Sie Ihre kognitive Forschung auf neue H\u00f6hen mit Phenylpiracetam von Powerock Pharma. Ganz gleich, ob Sie sich mit der Verbesserung des Ged\u00e4chtnisses, der Fokussierung oder der geistigen Ausdauer befassen, dieser Wirkstoff bietet die robuste Unterst\u00fctzung, die Sie ben\u00f6tigen. Vertrauen Sie auf das Engagement von Powerock Pharma und machen Sie Phenylpiracetam zu einem Teil Ihres Forschungswerkzeugs. Bestellen Sie noch heute und erleben Sie den Unterschied, den Qualit\u00e4t ausmacht.<\/p>","protected":false},"excerpt":{"rendered":"<p>Phenylpiracetam steigert die kognitive Leistung, indem es die Aktivit\u00e4t der Neurotransmitter erh\u00f6ht. Es unterst\u00fctzt die Verbesserung des Ged\u00e4chtnisses, der Konzentration und der geistigen Klarheit. W\u00e4hlen Sie Powerock Pharma f\u00fcr erstklassige Qualit\u00e4t und best\u00e4ndige Ergebnisse.<\/p>","protected":false},"featured_media":177,"template":"","meta":{"_acf_changed":false,"rank_math_lock_modified_date":false,"inline_featured_image":false},"product_cat":[19],"product_tag":[],"class_list":{"0":"post-77","1":"product","2":"type-product","3":"status-publish","4":"has-post-thumbnail","6":"product_cat-nootropics","9":"first","10":"instock","11":"shipping-taxable","12":"product-type-simple"},"acf":{"chromatogram":626,"metoda":""},"_links":{"self":[{"href":"https:\/\/powerockpharma.com\/de\/wp-json\/wp\/v2\/product\/77","targetHints":{"allow":["GET"]}}],"collection":[{"href":"https:\/\/powerockpharma.com\/de\/wp-json\/wp\/v2\/product"}],"about":[{"href":"https:\/\/powerockpharma.com\/de\/wp-json\/wp\/v2\/types\/product"}],"wp:featuredmedia":[{"embeddable":true,"href":"https:\/\/powerockpharma.com\/de\/wp-json\/wp\/v2\/media\/177"}],"wp:attachment":[{"href":"https:\/\/powerockpharma.com\/de\/wp-json\/wp\/v2\/media?parent=77"}],"wp:term":[{"taxonomy":"product_cat","embeddable":true,"href":"https:\/\/powerockpharma.com\/de\/wp-json\/wp\/v2\/product_cat?post=77"},{"taxonomy":"product_tag","embeddable":true,"href":"https:\/\/powerockpharma.com\/de\/wp-json\/wp\/v2\/product_tag?post=77"}],"curies":[{"name":"wp","href":"https:\/\/api.w.org\/{rel}","templated":true}]}}