{"id":78,"date":"2024-08-04T16:55:08","date_gmt":"2024-08-04T14:55:08","guid":{"rendered":"https:\/\/powerockpharma.com\/?post_type=product&#038;p=78"},"modified":"2025-11-12T06:51:26","modified_gmt":"2025-11-12T05:51:26","slug":"sunifiram","status":"publish","type":"product","link":"https:\/\/powerockpharma.com\/de\/nootropics\/sunifiram\/","title":{"rendered":"SUNIFIRAM"},"content":{"rendered":"<h2>Eigenschaften:<\/h2>\n<p>Sunifiram (DM235) ist ein starkes Nootropikum, das f\u00fcr seine signifikante Wirkung auf die kognitive Leistungsf\u00e4higkeit bekannt ist, was es zu einer idealen Wahl f\u00fcr diejenigen macht, die ihre geistige Sch\u00e4rfe und Konzentration steigern wollen. Als Piperazin-Derivat von Piracetam ist Sunifiram f\u00fcr seine F\u00e4higkeit bekannt, die Ged\u00e4chtnisleistung, die Lernf\u00e4higkeit und die allgemeine kognitive Leistung zu verbessern. Diese Verbindung wirkt durch die Modulation der AMPA-Rezeptoren im Gehirn, die f\u00fcr die synaptische \u00dcbertragung und die Plastizit\u00e4t entscheidend sind, und erleichtert so die verbesserte Kommunikation zwischen den Neuronen. Es wird angenommen, dass die Wirkung von Sunifiram zu einer Hochregulierung des neurotrophen Faktors (BDNF) f\u00fchrt, der eine wichtige Rolle bei der Neurogenese spielt, was seine kognitionsf\u00f6rdernden Eigenschaften weiter unterst\u00fctzt.<\/p>\n<h2>Mechanismus der Wirkung:<\/h2>\n<p>Der prim\u00e4re Wirkmechanismus von Sunifiram konzentriert sich auf seine Rolle als AMPA-Rezeptormodulator, ein Prozess, der als \"AMPAkine\"-Aktivit\u00e4t bekannt ist. Durch die positive Modulation dieser Rezeptoren erh\u00f6ht Sunifiram die Erregbarkeit der Neuronen, was f\u00fcr die Langzeitpotenzierung (LTP) - den physiologischen Prozess, der dem Lernen und dem Ged\u00e4chtnis zugrunde liegt - von wesentlicher Bedeutung ist. Diese Modulation f\u00fchrt zu einer verbesserten synaptischen Plastizit\u00e4t, die die F\u00e4higkeit des Gehirns, Informationen zu speichern und abzurufen, erh\u00f6ht. Dar\u00fcber hinaus hat sich gezeigt, dass Sunifiram die Freisetzung von Acetylcholin, einem Neurotransmitter, der mit Lernen und Ged\u00e4chtnis in Verbindung gebracht wird, steigert, was ebenfalls zu seinen kognitiven Vorteilen beitr\u00e4gt. Im Gegensatz zu herk\u00f6mmlichen Stimulanzien bietet Sunifiram diese kognitiven Verbesserungen ohne Nervosit\u00e4t oder Absturz, was es zu einer bevorzugten Wahl f\u00fcr eine anhaltende geistige Leistung macht.<\/p>\n<h2>Vorteile:<\/h2>\n<p>Die konsequente Einnahme von Sunifiram f\u00fchrt zu einer sp\u00fcrbaren Verbesserung der Ged\u00e4chtnisleistung, schnellerem Lernen und erh\u00f6hter Konzentration. Die Benutzer berichten oft von einer Zunahme der geistigen Klarheit und einer schnelleren kognitiven Verarbeitung, was es besonders vorteilhaft f\u00fcr Personen macht, die an anspruchsvollen intellektuellen Aktivit\u00e4ten beteiligt sind oder ihre akademischen oder beruflichen Leistungen verbessern wollen. Zu den sekund\u00e4ren Vorteilen geh\u00f6ren eine verbesserte Stimmung und Motivation, was wahrscheinlich auf die Wirkung von Sunifiram auf die Aktivit\u00e4t der Neurotransmitter im Gehirn zur\u00fcckzuf\u00fchren ist. Diese Verbindung ist besonders wirksam f\u00fcr Forscher, die sich mit der Verbesserung der kognitiven F\u00e4higkeiten bei neurodegenerativen Erkrankungen oder mit den Mechanismen der synaptischen Plastizit\u00e4t besch\u00e4ftigen.<\/p>\n<h2>Warum Powerock Pharma:<\/h2>\n<p>Bei Powerock Pharma stehen Qualit\u00e4t und Sicherheit bei jedem von uns hergestellten Produkt an erster Stelle. Jede Charge Sunifiram wird in Einrichtungen, die die GMP-, HACCP- und ISO 13485-Normen erf\u00fcllen und \u00fcbertreffen, strengen Tests unterzogen. Unsere umfassenden Qualit\u00e4tskontrollverfahren gew\u00e4hrleisten, dass das Sunifiram, das Sie erhalten, nicht nur rein und wirksam ist, sondern auch in jeder Kapsel gleich bleibt. Durch die Zusammenarbeit mit f\u00fchrenden Labors validieren wir die Reinheit und Wirksamkeit unserer Produkte und geben Ihnen die Sicherheit, Sunifiram f\u00fcr Ihre Forschungszwecke zu vertrauen. W\u00e4hlen Sie Powerock Pharma f\u00fcr unvergleichliche Qualit\u00e4t und Ergebnisse, auf die Sie sich verlassen k\u00f6nnen.<\/p>\n<h3>Zusammenfassung:<\/h3>\n<p>Wenn es Ihr Ziel ist, die kognitive Leistung zu steigern, ist Sunifiram die L\u00f6sung, nach der Sie gesucht haben. Unterst\u00fctzt durch Powerock Pharmas Engagement f\u00fcr Qualit\u00e4t, wurde dieses Nootropikum entwickelt, um Ihnen zu helfen, eine \u00fcberlegene geistige Sch\u00e4rfe sicher und effektiv zu erreichen. Machen Sie keine Kompromisse bei Ihren kognitiven Zielen - bestellen Sie Sunifiram noch heute und erleben Sie den Unterschied.<\/p>","protected":false},"excerpt":{"rendered":"<p>Sunifiram (DM235) steigert die kognitive Leistung durch die Modulation der AMPA-Rezeptoren, was zu einer Verbesserung des Ged\u00e4chtnisses, der Konzentration und der Lernf\u00e4higkeit f\u00fchrt. Erleben Sie die Reinheit und Potenz der strengen Qualit\u00e4tsstandards von Powerock Pharma.<\/p>","protected":false},"featured_media":179,"template":"","meta":{"_acf_changed":false,"rank_math_lock_modified_date":false,"inline_featured_image":false},"product_cat":[19],"product_tag":[],"class_list":{"0":"post-78","1":"product","2":"type-product","3":"status-publish","4":"has-post-thumbnail","6":"product_cat-nootropics","9":"first","10":"instock","11":"shipping-taxable","12":"product-type-simple"},"acf":{"chromatogram":612,"metoda":{"acftf":{"v":"1.3.24"},"p":{"o":{"uh":0},"ca":""},"c":[{"p":""}],"h":[{"c":""}],"b":[[{"c":""}]]}},"_links":{"self":[{"href":"https:\/\/powerockpharma.com\/de\/wp-json\/wp\/v2\/product\/78","targetHints":{"allow":["GET"]}}],"collection":[{"href":"https:\/\/powerockpharma.com\/de\/wp-json\/wp\/v2\/product"}],"about":[{"href":"https:\/\/powerockpharma.com\/de\/wp-json\/wp\/v2\/types\/product"}],"wp:featuredmedia":[{"embeddable":true,"href":"https:\/\/powerockpharma.com\/de\/wp-json\/wp\/v2\/media\/179"}],"wp:attachment":[{"href":"https:\/\/powerockpharma.com\/de\/wp-json\/wp\/v2\/media?parent=78"}],"wp:term":[{"taxonomy":"product_cat","embeddable":true,"href":"https:\/\/powerockpharma.com\/de\/wp-json\/wp\/v2\/product_cat?post=78"},{"taxonomy":"product_tag","embeddable":true,"href":"https:\/\/powerockpharma.com\/de\/wp-json\/wp\/v2\/product_tag?post=78"}],"curies":[{"name":"wp","href":"https:\/\/api.w.org\/{rel}","templated":true}]}}