{"id":81,"date":"2024-08-04T16:58:26","date_gmt":"2024-08-04T14:58:26","guid":{"rendered":"https:\/\/powerockpharma.com\/?post_type=product&#038;p=81"},"modified":"2025-11-12T07:04:03","modified_gmt":"2025-11-12T06:04:03","slug":"hgh-fragment-176-191","status":"publish","type":"product","link":"https:\/\/powerockpharma.com\/de\/peptide-lyophilizates\/hgh-fragment-176-191\/","title":{"rendered":"HGH-FRAGMENT 176-191"},"content":{"rendered":"<h2>Eigenschaften:<\/h2>\n<p>Das HGH-Fragment 176-191, ein spezifischer Teil des menschlichen Wachstumshormons, ist f\u00fcr seine starken fettverbrennenden Eigenschaften bekannt, was es zu einer ausgezeichneten Wahl f\u00fcr Forscher macht, die sich auf Fettabbau und die Verbesserung der K\u00f6rperzusammensetzung konzentrieren. Dieses Peptidfragment imitiert die fettverbrennende Wirkung des nat\u00fcrlichen menschlichen Wachstumshormons, ohne den Blutzuckerspiegel zu beeinflussen oder unerw\u00fcnschtes Muskelwachstum zu f\u00f6rdern. Das HGH-Fragment 176-191 zielt auf das Fettgewebe ab, stimuliert die Lipolyse und hemmt gleichzeitig die Lipogenese, was zu einer deutlichen Verringerung des K\u00f6rperfetts f\u00fchrt.<\/p>\n<h2>Mechanismus der Wirkung:<\/h2>\n<p>Der Wirkmechanismus des HGH-Fragments 176-191 beruht auf seiner F\u00e4higkeit, den Abbau von Fettzellen (Lipolyse) selektiv zu stimulieren und die Bildung neuer Fettzellen (Lipogenese) zu hemmen. Indem es auf die C-terminale Region des HGH-Molek\u00fcls abzielt, l\u00f6st dieses Fragment den Fettstoffwechsel aus, ohne die breiteren systemischen Wirkungen zu aktivieren, die mit dem Hormon in voller L\u00e4nge verbunden sind, wie etwa eine erh\u00f6hte Insulinresistenz. Diese Selektivit\u00e4t stellt sicher, dass das HGH-Fragment 176-191 in erster Linie auf das Fettgewebe wirkt, was zu einem verst\u00e4rkten Fettabbau f\u00fchrt, insbesondere in hartn\u00e4ckigen Bereichen wie dem Bauch. Au\u00dferdem tr\u00e4gt es dazu bei, die Muskelmasse w\u00e4hrend eines Kaloriendefizits zu erhalten, was es ideal f\u00fcr Abnehmzyklen und Gewichtsmanagementforschung macht.<\/p>\n<h2>Vorteile:<\/h2>\n<p>Die konsequente Anwendung von HGH Fragment 176-191 in der Forschung kann zu einer sp\u00fcrbaren Verringerung des K\u00f6rperfetts f\u00fchren, insbesondere in den schwer zu verlierenden Bereichen. Dar\u00fcber hinaus k\u00f6nnen die Probanden aufgrund der Rolle des Peptids bei der Optimierung der Fettverwertung verbesserte Stoffwechselraten, eine bessere Muskeldefinition und ein h\u00f6heres Energieniveau erfahren. Das Pr\u00e4parat ist besonders effektiv f\u00fcr Forscher, die sich auf K\u00f6rperzusammensetzung, Gewichtsverlust und Stoffwechselgesundheit konzentrieren. Im Gegensatz zu HGH in voller L\u00e4nge erh\u00f6ht dieses Fragment weder den Blutzuckerspiegel noch f\u00fchrt es zu Wassereinlagerungen und bietet damit ein sichereres Profil f\u00fcr Forschungen, die sich auf Fettabbau konzentrieren, ohne die \u00fcblichen Nebenwirkungen.<\/p>\n<h2>Warum Powerock Pharma:<\/h2>\n<p>Bei Powerock Pharma ist unser Engagement f\u00fcr Spitzenleistungen in jedem Schritt unseres Produktionsprozesses offensichtlich. HGH Fragment 176-191 wird in Anlagen synthetisiert und gereinigt, die die strengen Standards von GMP, HACCP und ISO 13485 erf\u00fcllen und \u00fcbertreffen. Dies gew\u00e4hrleistet, dass jede Charge nicht nur wirksam, sondern auch sicher und zuverl\u00e4ssig f\u00fcr Forschungszwecke ist. Unsere strengen Testverfahren, die in Zusammenarbeit mit f\u00fchrenden Labors durchgef\u00fchrt werden, garantieren, dass die Reinheit und Wirksamkeit von HGH Fragment 176-191 den h\u00f6chsten Industriestandards entspricht. Wenn Sie sich f\u00fcr Powerock Pharma entscheiden, entscheiden Sie sich f\u00fcr ein Produkt, hinter dem Wissenschaft, Qualit\u00e4t und das Bestreben stehen, konsistente, reproduzierbare Ergebnisse in Ihrer Forschung zu liefern.<\/p>\n<h3>Zusammenfassung:<\/h3>\n<p>Wenn Ihre Forschung darauf abzielt, die Mechanismen des Fettabbaus und der K\u00f6rperzusammensetzung zu erforschen, ist HGH Fragment 176-191 ein unverzichtbares Werkzeug. Dank der strengen Qualit\u00e4tskontrollen und des Engagements von Powerock Pharma ist dieses Peptid so konzipiert, dass es genaue und zuverl\u00e4ssige Ergebnisse in Ihren Studien liefert. Machen Sie keine Kompromisse bei der Qualit\u00e4t - bestellen Sie HGH Fragment 176-191 noch heute und bringen Sie Ihre Forschung mit Zuversicht auf die n\u00e4chste Stufe.<\/p>","protected":false},"excerpt":{"rendered":"<p>HGH Fragment 176-191 unterst\u00fctzt den Fettabbau, indem es die Lipolyse stimuliert und die Lipogenese hemmt. Es bietet Vorteile wie eine verbesserte Fettverbrennung, Muskelerhalt und einen verbesserten Stoffwechsel. W\u00e4hlen Sie Powerock Pharma f\u00fcr unvergleichliche Qualit\u00e4t und Ergebnisse.<\/p>","protected":false},"featured_media":197,"template":"","meta":{"_acf_changed":false,"rank_math_lock_modified_date":false,"inline_featured_image":false},"product_cat":[17],"product_tag":[],"class_list":{"0":"post-81","1":"product","2":"type-product","3":"status-publish","4":"has-post-thumbnail","6":"product_cat-peptide-lyophilizates","9":"first","10":"instock","11":"shipping-taxable","12":"product-type-simple"},"acf":{"chromatogram":655,"metoda":{"acftf":{"v":"1.3.24"},"p":{"o":{"uh":0},"ca":""},"c":[{"p":""}],"h":[{"c":""}],"b":[[{"c":""}]]}},"_links":{"self":[{"href":"https:\/\/powerockpharma.com\/de\/wp-json\/wp\/v2\/product\/81","targetHints":{"allow":["GET"]}}],"collection":[{"href":"https:\/\/powerockpharma.com\/de\/wp-json\/wp\/v2\/product"}],"about":[{"href":"https:\/\/powerockpharma.com\/de\/wp-json\/wp\/v2\/types\/product"}],"wp:featuredmedia":[{"embeddable":true,"href":"https:\/\/powerockpharma.com\/de\/wp-json\/wp\/v2\/media\/197"}],"wp:attachment":[{"href":"https:\/\/powerockpharma.com\/de\/wp-json\/wp\/v2\/media?parent=81"}],"wp:term":[{"taxonomy":"product_cat","embeddable":true,"href":"https:\/\/powerockpharma.com\/de\/wp-json\/wp\/v2\/product_cat?post=81"},{"taxonomy":"product_tag","embeddable":true,"href":"https:\/\/powerockpharma.com\/de\/wp-json\/wp\/v2\/product_tag?post=81"}],"curies":[{"name":"wp","href":"https:\/\/api.w.org\/{rel}","templated":true}]}}