{"id":82,"date":"2024-08-04T16:58:45","date_gmt":"2024-08-04T14:58:45","guid":{"rendered":"https:\/\/powerockpharma.com\/?post_type=product&#038;p=82"},"modified":"2025-11-12T07:06:53","modified_gmt":"2025-11-12T06:06:53","slug":"dsip","status":"publish","type":"product","link":"https:\/\/powerockpharma.com\/de\/peptide-lyophilizates\/dsip\/","title":{"rendered":"DSIP"},"content":{"rendered":"<h2>Eigenschaften:<\/h2>\n<p>Delta Sleep Inducing Peptide (DSIP) ist ein starkes Neuropeptid, das f\u00fcr seine F\u00e4higkeit bekannt ist, einen erholsamen Schlaf zu f\u00f6rdern und das Stressniveau zu senken. DSIP ist f\u00fcr seine beruhigende Wirkung auf das zentrale Nervensystem bekannt und daher besonders wertvoll f\u00fcr Forscher, die Schlafst\u00f6rungen, stressbedingte Zust\u00e4nde und die allgemeine psychische Gesundheit untersuchen. Der Wirkstoff beeinflusst den nat\u00fcrlichen Schlaf-Wach-Zyklus des K\u00f6rpers und hilft so, die Schlafmuster zu regulieren, die durch verschiedene Faktoren wie Stress, Angst oder unregelm\u00e4\u00dfige Zeitpl\u00e4ne gest\u00f6rt werden k\u00f6nnen. Dar\u00fcber hinaus hat sich gezeigt, dass DSIP potenzielle Vorteile bei der Regulierung des Hormonspiegels hat, insbesondere im Zusammenhang mit Stress, was es zu einem vielseitigen Instrument in der Forschung macht, die darauf abzielt, schlaf- und stressbezogene Mechanismen zu verstehen.<\/p>\n<h2>Mechanismus der Wirkung:<\/h2>\n<p>DSIP wirkt in erster Linie, indem es den Schlaf-Wach-Zyklus des K\u00f6rpers durch Interaktionen mit verschiedenen Neurotransmittern und Hormonwegen moduliert. Eine der wichtigsten Wirkungen von DSIP ist sein Einfluss auf die Produktion des adrenocorticotropen Hormons (ACTH), das an der Stressreaktion des K\u00f6rpers beteiligt ist. Indem es die \u00fcberm\u00e4\u00dfige Freisetzung von ACTH hemmt, tr\u00e4gt DSIP dazu bei, das Stressniveau zu senken, was wiederum einen tieferen und erholsameren Schlaf erm\u00f6glicht. Dar\u00fcber hinaus interagiert DSIP mit dem k\u00f6rpereigenen Opioidsystem und tr\u00e4gt so zu seiner stressabbauenden und schlaff\u00f6rdernden Wirkung bei. Diese selektive Wirkung stellt sicher, dass DSIP den Schlaf f\u00f6rdern kann, ohne die Schl\u00e4frigkeit oder Abh\u00e4ngigkeitsprobleme zu verursachen, die h\u00e4ufig mit herk\u00f6mmlichen Schlafmitteln verbunden sind, was es zu einer sichereren Option f\u00fcr die Langzeitforschung macht.<\/p>\n<h2>Vorteile:<\/h2>\n<p>Die konsequente Anwendung von DSIP in Forschungsumgebungen kann zu einer Reihe von beobachteten Vorteilen f\u00fchren, darunter eine verbesserte Schlafqualit\u00e4t, ein besseres Stressmanagement und eine insgesamt stabilere Stimmung. Forscher k\u00f6nnen auch sekund\u00e4re Vorteile feststellen, wie z. B. verringerte Angstzust\u00e4nde, verbesserte kognitive Funktionen aufgrund besserer Erholung und ein ausgeglicheneres Hormonprofil, insbesondere im Hinblick auf stressbedingte Hormone wie Cortisol. DSIP eignet sich besonders gut f\u00fcr Studien, die sich mit Schlafst\u00f6rungen, Stressmanagement und verwandten Bereichen befassen, in denen die Regulierung von Schlaf und Stress von entscheidender Bedeutung ist.<\/p>\n<h2>Warum Powerock Pharma:<\/h2>\n<p>Powerock Pharma hat es sich zur Aufgabe gemacht, Forschungssubstanzen von h\u00f6chster Qualit\u00e4t zu liefern. Unser DSIP wird unter strengen Bedingungen und unter Einhaltung der GMP-, HACCP- und ISO 13485-Normen hergestellt, um Sicherheit, Wirksamkeit und Reinheit zu gew\u00e4hrleisten. Jede Charge wird in hochmodernen Labors strengen Tests unterzogen, um ihre Wirksamkeit und Konsistenz zu best\u00e4tigen. Unser Engagement f\u00fcr Qualit\u00e4t bedeutet, dass Forscher darauf vertrauen k\u00f6nnen, dass unser DSIP immer wieder zuverl\u00e4ssige Ergebnisse liefert. Powerock Pharma ist Ihr Partner bei der F\u00f6rderung wissenschaftlicher Erkenntnisse und bietet nur die besten Produkte f\u00fcr Ihren Forschungsbedarf.<\/p>\n<h3>Zusammenfassung:<\/h3>\n<p>F\u00fcr diejenigen, die nach Schlafverbesserung und Stressabbau suchen, bietet Delta Sleep Inducing Peptide (DSIP) eine wissenschaftlich abgesicherte L\u00f6sung. Die strengen Qualit\u00e4tskontrollen von Powerock Pharma gew\u00e4hrleisten, dass dieses Produkt sicher, wirksam und zuverl\u00e4ssig ist. Gehen Sie bei Ihrer Forschung keine Kompromisse ein - bestellen Sie DSIP noch heute und machen Sie den n\u00e4chsten Schritt zur Entschl\u00fcsselung der Geheimnisse von Schlaf und Stressmanagement.<\/p>","protected":false},"excerpt":{"rendered":"<p>Delta Sleep Inducing Peptide (DSIP) verbessert die Schlafqualit\u00e4t, indem es die Schlafmuster moduliert und das Stressniveau reduziert. Es bietet verbesserten erholsamen Schlaf und Stressabbau. W\u00e4hlen Sie Powerock Pharma f\u00fcr Reinheit und konsistente Ergebnisse.<\/p>","protected":false},"featured_media":188,"template":"","meta":{"_acf_changed":false,"rank_math_lock_modified_date":false,"inline_featured_image":false},"product_cat":[17],"product_tag":[],"class_list":{"0":"post-82","1":"product","2":"type-product","3":"status-publish","4":"has-post-thumbnail","6":"product_cat-peptide-lyophilizates","9":"first","10":"instock","11":"shipping-taxable","12":"product-type-simple"},"acf":{"chromatogram":665,"metoda":{"acftf":{"v":"1.3.24"},"p":{"o":{"uh":0},"ca":""},"c":[{"p":""}],"h":[{"c":""}],"b":[[{"c":""}]]}},"_links":{"self":[{"href":"https:\/\/powerockpharma.com\/de\/wp-json\/wp\/v2\/product\/82","targetHints":{"allow":["GET"]}}],"collection":[{"href":"https:\/\/powerockpharma.com\/de\/wp-json\/wp\/v2\/product"}],"about":[{"href":"https:\/\/powerockpharma.com\/de\/wp-json\/wp\/v2\/types\/product"}],"wp:featuredmedia":[{"embeddable":true,"href":"https:\/\/powerockpharma.com\/de\/wp-json\/wp\/v2\/media\/188"}],"wp:attachment":[{"href":"https:\/\/powerockpharma.com\/de\/wp-json\/wp\/v2\/media?parent=82"}],"wp:term":[{"taxonomy":"product_cat","embeddable":true,"href":"https:\/\/powerockpharma.com\/de\/wp-json\/wp\/v2\/product_cat?post=82"},{"taxonomy":"product_tag","embeddable":true,"href":"https:\/\/powerockpharma.com\/de\/wp-json\/wp\/v2\/product_tag?post=82"}],"curies":[{"name":"wp","href":"https:\/\/api.w.org\/{rel}","templated":true}]}}