{"id":83,"date":"2024-08-04T16:59:10","date_gmt":"2024-08-04T14:59:10","guid":{"rendered":"https:\/\/powerockpharma.com\/?post_type=product&#038;p=83"},"modified":"2025-11-12T06:48:30","modified_gmt":"2025-11-12T05:48:30","slug":"thymalin","status":"publish","type":"product","link":"https:\/\/powerockpharma.com\/de\/peptide-lyophilizates\/thymalin\/","title":{"rendered":"THYMALIN"},"content":{"rendered":"<h2>Eigenschaften:<\/h2>\n<p>Thymalin, ein starkes Thymuspeptid, ist f\u00fcr seine tiefgreifenden Auswirkungen auf die Immunmodulation und die Geweberegeneration bekannt, was es zu einer idealen Wahl f\u00fcr Forscher macht, die sich auf die Verbesserung der zellul\u00e4ren Gesundheit und Vitalit\u00e4t konzentrieren. Dieses bioaktive Peptid wirkt durch die Wiederherstellung und Normalisierung der Funktionen der Thymusdr\u00fcse, die eine entscheidende Rolle bei der Immunantwort des K\u00f6rpers spielt. Durch die Beeinflussung der Produktion und Differenzierung von T-Zellen tr\u00e4gt Thymalin dazu bei, ein ausgewogenes Immunsystem aufrechtzuerhalten, das f\u00fcr die Genesung, die Langlebigkeit und das allgemeine Wohlbefinden entscheidend ist.<\/p>\n<h2>Mechanismus der Wirkung:<\/h2>\n<p>Der Mechanismus von Thymalin beruht auf seiner F\u00e4higkeit, die Aktivit\u00e4t der Thymusdr\u00fcse zu stimulieren. Diese Dr\u00fcse ist f\u00fcr die Reifung und Differenzierung von T-Zellen verantwortlich, die f\u00fcr die adaptive Immunreaktion wesentlich sind. Thymalin moduliert die Thymusaktivit\u00e4t, was zu einer verbesserten Immunfunktion, einer verbesserten Gewebereparatur und einer Verringerung des Alterungsprozesses der Zellen f\u00fchrt. Es f\u00f6rdert die Produktion von Zytokinen, das sind Signalmolek\u00fcle, die Entz\u00fcndungen und Immunreaktionen regulieren und so ein ausgewogenes und effizientes Immunsystem gew\u00e4hrleisten. Diese Modulation unterst\u00fctzt nicht nur die Immunabwehr, sondern tr\u00e4gt auch zu einer schnelleren Erholung von k\u00f6rperlicher Anstrengung oder Verletzungen, einer verbesserten Geweberegeneration und einer allgemeinen Zellverj\u00fcngung bei.<\/p>\n<h2>Vorteile:<\/h2>\n<p>Die regelm\u00e4\u00dfige Einnahme von Thymalin in der Forschung bringt zahlreiche Vorteile mit sich, darunter eine robustere Immunreaktion, verbesserte Erholungsraten und eine verbesserte Gewebegesundheit. Forscher k\u00f6nnen beschleunigte Heilungsprozesse, verminderte Alterungserscheinungen und eine allgemeine Steigerung der Vitalit\u00e4t beobachten. Dar\u00fcber hinaus ist Thymalin aufgrund seiner Rolle bei der Regulierung der Immunfunktion besonders geeignet f\u00fcr Studien, die sich auf das Altern, chronische Krankheiten und St\u00f6rungen des Immunsystems konzentrieren. Es bietet auch sekund\u00e4re Vorteile wie eine verbesserte Schlafqualit\u00e4t, eine bessere Stressbew\u00e4ltigung und eine verbesserte Stimmungsstabilit\u00e4t, die alle f\u00fcr das allgemeine Wohlbefinden und die Langlebigkeit von entscheidender Bedeutung sind.<\/p>\n<h2>Warum Powerock Pharma:<\/h2>\n<p>Bei Powerock Pharma ist unser Engagement f\u00fcr Qualit\u00e4t kompromisslos. Jede Charge Thymalin wird in hochmodernen Einrichtungen hergestellt, die den h\u00f6chsten Standards entsprechen, einschlie\u00dflich GMP-, HACCP- und ISO 13485-Zertifizierungen. Unsere strengen Pr\u00fcfprotokolle stellen sicher, dass jedes Produkt nicht nur wirksam, sondern auch sicher und best\u00e4ndig in seiner Wirkung ist. Wir arbeiten mit erstklassigen Labors zusammen, um die Reinheit und Wirksamkeit unserer Produkte zu validieren und sicherzustellen, dass Thymalin die Ergebnisse liefert, die Forscher erwarten. Wenn Sie sich f\u00fcr Powerock Pharma entscheiden, entscheiden Sie sich f\u00fcr Zuverl\u00e4ssigkeit, Sicherheit und hervorragende Qualit\u00e4t bei jedem Produkt.<\/p>\n<h3>Zusammenfassung:<\/h3>\n<p>Wenn Sie Ihre Forschung zur Immunmodulation, Geweberegeneration oder zum Anti-Aging vorantreiben wollen, ist Thymalin von Powerock Pharma die ideale Wahl. Dieses Produkt wird durch strenge Qualit\u00e4tskontrollen und bew\u00e4hrte Ergebnisse gest\u00fctzt und soll Ihnen helfen, genaue und zuverl\u00e4ssige Ergebnisse in Ihren Studien zu erzielen. Machen Sie keine Kompromisse bei der Qualit\u00e4t - bestellen Sie Thymalin noch heute und heben Sie Ihre Forschung auf die n\u00e4chste Stufe.<\/p>","protected":false},"excerpt":{"rendered":"<p>Thymalin unterst\u00fctzt die Regulierung des Immunsystems und die Geweberegeneration durch Modulation der Thymusaktivit\u00e4t. Es bietet eine verbesserte Erholung, zellul\u00e4re Gesundheit und Vitalit\u00e4t. W\u00e4hlen Sie Powerock Pharma f\u00fcr Reinheit, Sicherheit und best\u00e4ndige Ergebnisse.<\/p>","protected":false},"featured_media":213,"template":"","meta":{"_acf_changed":false,"rank_math_lock_modified_date":false,"inline_featured_image":false},"product_cat":[17],"product_tag":[],"class_list":{"0":"post-83","1":"product","2":"type-product","3":"status-publish","4":"has-post-thumbnail","6":"product_cat-peptide-lyophilizates","9":"first","10":"instock","11":"shipping-taxable","12":"product-type-simple"},"acf":{"chromatogram":606,"metoda":{"acftf":{"v":"1.3.24"},"p":{"o":{"uh":0},"ca":""},"c":[{"p":""}],"h":[{"c":""}],"b":[[{"c":""}]]}},"_links":{"self":[{"href":"https:\/\/powerockpharma.com\/de\/wp-json\/wp\/v2\/product\/83","targetHints":{"allow":["GET"]}}],"collection":[{"href":"https:\/\/powerockpharma.com\/de\/wp-json\/wp\/v2\/product"}],"about":[{"href":"https:\/\/powerockpharma.com\/de\/wp-json\/wp\/v2\/types\/product"}],"wp:featuredmedia":[{"embeddable":true,"href":"https:\/\/powerockpharma.com\/de\/wp-json\/wp\/v2\/media\/213"}],"wp:attachment":[{"href":"https:\/\/powerockpharma.com\/de\/wp-json\/wp\/v2\/media?parent=83"}],"wp:term":[{"taxonomy":"product_cat","embeddable":true,"href":"https:\/\/powerockpharma.com\/de\/wp-json\/wp\/v2\/product_cat?post=83"},{"taxonomy":"product_tag","embeddable":true,"href":"https:\/\/powerockpharma.com\/de\/wp-json\/wp\/v2\/product_tag?post=83"}],"curies":[{"name":"wp","href":"https:\/\/api.w.org\/{rel}","templated":true}]}}