{"id":88,"date":"2024-08-04T17:01:27","date_gmt":"2024-08-04T15:01:27","guid":{"rendered":"https:\/\/powerockpharma.com\/?post_type=product&#038;p=88"},"modified":"2025-11-12T06:59:38","modified_gmt":"2025-11-12T05:59:38","slug":"n-acetyl-epithalon","status":"publish","type":"product","link":"https:\/\/powerockpharma.com\/de\/peptide-lyophilizates\/n-acetyl-epithalon\/","title":{"rendered":"N-ACETYL-EPITHALON"},"content":{"rendered":"<h2>Eigenschaften:<\/h2>\n<p>N-Acetyl Epithalon, auch bekannt als Epithalamin oder Epithalon, ist ein synthetisches Peptid mit starker Anti-Aging-Wirkung. Es ist hoch angesehen f\u00fcr seine F\u00e4higkeit, die zellul\u00e4re Langlebigkeit zu verbessern, was es zu einer beliebten Wahl bei Forschern macht, die sich mit altersbezogenen Studien besch\u00e4ftigen. Dieses Peptid wirkt in erster Linie durch die Modulation der Telomerase-Aktivit\u00e4t, eines Enzyms, das eine entscheidende Rolle bei der Aufrechterhaltung der L\u00e4nge der Telomere, den Schutzkappen an den Enden der Chromosomen, spielt. Im Laufe der Zeit verk\u00fcrzen sich die Telomere auf nat\u00fcrliche Weise, wenn sich die Zellen teilen, was zu Zellalterung und Funktionseinbu\u00dfen f\u00fchrt. N-Acetyl Epithalon stimuliert die Telomerase-Aktivit\u00e4t und tr\u00e4gt so dazu bei, die L\u00e4nge der Telomere zu erhalten und die Gesundheit und Vitalit\u00e4t der Zellen zu f\u00f6rdern.<\/p>\n<h2>Mechanismus der Wirkung:<\/h2>\n<p>Die Wirkung von N-Acetyl Epithalon beruht auf seiner F\u00e4higkeit, die Aktivit\u00e4t der Telomerase zu beeinflussen, eines Enzyms, das sich direkt auf die Zellalterung auswirkt. Durch die F\u00f6rderung der Telomeraseaktivit\u00e4t tr\u00e4gt N-Acetyl Epithalon dazu bei, die L\u00e4nge der Telomere zu bewahren und den zellul\u00e4ren Alterungsprozess effektiv zu verz\u00f6gern. Dies f\u00fchrt zu einer Reihe von Vorteilen, einschlie\u00dflich einer verbesserten Zellfunktion, einer verbesserten Immunantwort und einer erh\u00f6hten allgemeinen Vitalit\u00e4t. Dar\u00fcber hinaus wurde beobachtet, dass N-Acetyl Epithalon die nat\u00fcrlichen zirkadianen Rhythmen des K\u00f6rpers verbessert, was zu einer besseren Schlafqualit\u00e4t und einem allgemeinen Wohlbefinden f\u00fchrt. Sein selektiver Mechanismus stellt sicher, dass es in erster Linie auf die Telomere abzielt, ohne unerw\u00fcnschte Auswirkungen auf Nicht-Zielgewebe zu verursachen, was es zu einer sichereren Option f\u00fcr die Langzeitforschung im Bereich Alterung und Langlebigkeit macht.<\/p>\n<h2>Vorteile:<\/h2>\n<p>Die konsequente Einnahme von N-Acetyl-Epithalon hat sich in Forschungsstudien als vorteilhaft erwiesen, u. a. durch die Verl\u00e4ngerung der Lebensdauer auf zellul\u00e4rer Ebene, die Verbesserung des Schlafverhaltens, die St\u00e4rkung des Immunsystems und eine allgemeine Steigerung der Vitalit\u00e4t und des Energieniveaus. Die Forscher haben auch sekund\u00e4re Vorteile wie eine bessere Stabilisierung der Stimmung, eine Verringerung des oxidativen Stresses und eine Verbesserung der Stoffwechselfunktionen festgestellt. Diese Verbindung ist besonders wirksam bei Studien, die sich mit dem Altern, Schlafst\u00f6rungen und der Funktion des Immunsystems befassen, was sie zu einem wertvollen Instrument f\u00fcr Forscher in diesen Bereichen macht.<\/p>\n<h2>Warum Powerock Pharma:<\/h2>\n<p>Bei Powerock Pharma ist unser Engagement f\u00fcr hervorragende Qualit\u00e4t in jeder Charge von N-Acetyl Epithalon, die wir produzieren, offensichtlich. Unsere Einrichtungen erf\u00fcllen und \u00fcbertreffen die h\u00f6chsten GMP-, HACCP- und ISO 13485-Standards, um sicherzustellen, dass Sie ein Produkt erhalten, das sowohl sicher als auch wirksam ist. Wir setzen modernste Pr\u00fcfverfahren ein, um die Reinheit und Wirksamkeit unserer Produkte zu validieren, so dass Sie darauf vertrauen k\u00f6nnen, dass N-Acetyl Epithalon in Ihrer Forschung jedes Mal gleichbleibende Ergebnisse liefert. Wenn Sie sich f\u00fcr Powerock Pharma entscheiden, entscheiden Sie sich f\u00fcr un\u00fcbertroffene Qualit\u00e4t, Zuverl\u00e4ssigkeit und die Gewissheit, dass Ihre Forschung von den besten verf\u00fcgbaren Produkten unterst\u00fctzt wird.<\/p>\n<h3>Zusammenfassung:<\/h3>\n<p>Wenn Ihre Forschung darauf abzielt, die Mechanismen des Alterns zu erforschen oder die zellul\u00e4re Gesundheit zu verbessern, ist N-Acetyl Epithalon die L\u00f6sung, die Sie brauchen. Unterst\u00fctzt durch die strengen Qualit\u00e4tskontrollen von Powerock Pharma ist dieses Produkt so konzipiert, dass Sie sicher und effektiv aussagekr\u00e4ftige Ergebnisse erzielen k\u00f6nnen. Geben Sie sich nicht mit weniger zufrieden - bestellen Sie N-Acetyl Epithalon noch heute und bringen Sie Ihre Forschung auf die n\u00e4chste Stufe.<\/p>","protected":false},"excerpt":{"rendered":"<p>N-Acetyl Epithalon unterst\u00fctzt das Anti-Aging, indem es die Telomerase-Aktivit\u00e4t moduliert und die Langlebigkeit der Zellen f\u00f6rdert. Es bietet Vorteile wie verbesserten Schlaf, verbesserte Immunit\u00e4t und erh\u00f6hte Vitalit\u00e4t. W\u00e4hlen Sie Powerock Pharma f\u00fcr Qualit\u00e4t und best\u00e4ndige Ergebnisse.<\/p>","protected":false},"featured_media":206,"template":"","meta":{"_acf_changed":false,"rank_math_lock_modified_date":false,"inline_featured_image":false},"product_cat":[17],"product_tag":[],"class_list":{"0":"post-88","1":"product","2":"type-product","3":"status-publish","4":"has-post-thumbnail","6":"product_cat-peptide-lyophilizates","9":"first","10":"instock","11":"shipping-taxable","12":"product-type-simple"},"acf":{"chromatogram":639,"metoda":""},"_links":{"self":[{"href":"https:\/\/powerockpharma.com\/de\/wp-json\/wp\/v2\/product\/88","targetHints":{"allow":["GET"]}}],"collection":[{"href":"https:\/\/powerockpharma.com\/de\/wp-json\/wp\/v2\/product"}],"about":[{"href":"https:\/\/powerockpharma.com\/de\/wp-json\/wp\/v2\/types\/product"}],"wp:featuredmedia":[{"embeddable":true,"href":"https:\/\/powerockpharma.com\/de\/wp-json\/wp\/v2\/media\/206"}],"wp:attachment":[{"href":"https:\/\/powerockpharma.com\/de\/wp-json\/wp\/v2\/media?parent=88"}],"wp:term":[{"taxonomy":"product_cat","embeddable":true,"href":"https:\/\/powerockpharma.com\/de\/wp-json\/wp\/v2\/product_cat?post=88"},{"taxonomy":"product_tag","embeddable":true,"href":"https:\/\/powerockpharma.com\/de\/wp-json\/wp\/v2\/product_tag?post=88"}],"curies":[{"name":"wp","href":"https:\/\/api.w.org\/{rel}","templated":true}]}}