{"id":89,"date":"2024-08-04T17:01:44","date_gmt":"2024-08-04T15:01:44","guid":{"rendered":"https:\/\/powerockpharma.com\/?post_type=product&#038;p=89"},"modified":"2025-11-12T06:55:07","modified_gmt":"2025-11-12T05:55:07","slug":"pt141","status":"publish","type":"product","link":"https:\/\/powerockpharma.com\/de\/peptide-lyophilizates\/pt141\/","title":{"rendered":"PT141"},"content":{"rendered":"<h2>Eigenschaften:<\/h2>\n<p>PT-141, auch bekannt als Bremelanotid, ist ein starkes Peptid, das vor allem f\u00fcr seine Wirkung auf die sexuelle Funktion bekannt ist. Urspr\u00fcnglich zur Behandlung sexueller Funktionsst\u00f6rungen entwickelt, hat PT-141 Anerkennung f\u00fcr seine F\u00e4higkeit erlangt, die Libido und die sexuelle Leistungsf\u00e4higkeit sowohl bei M\u00e4nnern als auch bei Frauen zu steigern. Im Gegensatz zu anderen Behandlungen, die auf das Gef\u00e4\u00dfsystem abzielen, wirkt PT-141 direkt \u00fcber das Nervensystem, was es zu einer einzigartigen und wirksamen Option f\u00fcr alle macht, die ihre sexuelle Gesundheit verbessern wollen. Der Wirkmechanismus von PT-141 besteht in der Aktivierung von Melanocortin-Rezeptoren im Gehirn, was zu einer gesteigerten sexuellen Erregung und Lust f\u00fchrt, ohne den Blutfluss zu beeintr\u00e4chtigen.<\/p>\n<h2>Mechanismus der Wirkung:<\/h2>\n<p>Die Wirkung von PT-141 beruht auf seiner F\u00e4higkeit, Melanocortin-Rezeptoren, insbesondere den Subtyp MC4R, im zentralen Nervensystem zu stimulieren. Diese Rezeptoren sind an der Regulierung einer Vielzahl von Funktionen beteiligt, darunter Sexualverhalten und Energiehom\u00f6ostase. Durch die Bindung an diese Rezeptoren l\u00f6st PT-141 eine Kaskade von neurochemischen Ereignissen aus, die die sexuelle Erregung steigern. Dieser Mechanismus unterscheidet sich von dem anderer Potenzmittel, die sich h\u00e4ufig auf die Erh\u00f6hung des Blutflusses im Genitalbereich konzentrieren. Die selektive Wirkung von PT-141 auf die sexuellen Bahnen des Gehirns erm\u00f6glicht eine nat\u00fcrlichere Reaktion und steigert die Libido ohne die kardiovaskul\u00e4ren Effekte, die bei anderen Behandlungen auftreten.<\/p>\n<h2>Vorteile:<\/h2>\n<p>Die regelm\u00e4\u00dfige Einnahme von PT-141 hat in der Forschung zu einer sp\u00fcrbaren Steigerung des sexuellen Verlangens und der Leistungsf\u00e4higkeit gef\u00fchrt. F\u00fcr M\u00e4nner kann dies eine verbesserte erektile Funktion und eine erh\u00f6hte sexuelle Befriedigung bedeuten, w\u00e4hrend Frauen eine erh\u00f6hte Erregung und Orgasmusf\u00e4higkeit erfahren k\u00f6nnen. Dar\u00fcber hinaus wurde beobachtet, dass PT-141 potenziell stimmungsstabilisierende Wirkungen hat und zu einem allgemeinen Wohlbefinden beitr\u00e4gt. Das Pr\u00e4parat ist besonders vorteilhaft f\u00fcr Personen, die aufgrund psychologischer Faktoren unter sexuellen Funktionsst\u00f6rungen leiden oder die auf herk\u00f6mmliche Behandlungen wie PDE5-Hemmer nicht ansprechen.<\/p>\n<h2>Warum Powerock Pharma:<\/h2>\n<p>Bei Powerock Pharma sorgt unser Engagement f\u00fcr Spitzenleistungen daf\u00fcr, dass jede Charge von PT-141 unter Einhaltung der h\u00f6chsten Industriestandards, einschlie\u00dflich GMP, HACCP und ISO 13485, hergestellt wird. Unsere strengen Pr\u00fcfverfahren garantieren die Reinheit, Wirksamkeit und Sicherheit unserer Produkte und liefern Forschern zuverl\u00e4ssige Ergebnisse. Wir arbeiten mit f\u00fchrenden Labors zusammen, um jeden Aspekt unserer Produktion zu validieren, so dass Sie darauf vertrauen k\u00f6nnen, dass PT-141 von Powerock Pharma stets die erwarteten Ergebnisse liefert. Wenn Sie sich f\u00fcr Powerock Pharma entscheiden, entscheiden Sie sich f\u00fcr ein Produkt, das durch Wissenschaft, Qualit\u00e4t und Integrit\u00e4t gest\u00fctzt wird.<\/p>\n<h3>Zusammenfassung:<\/h3>\n<p>Wenn Sie das Potenzial einer verbesserten sexuellen Funktion durch Forschung erforschen wollen, ist PT-141 ein unsch\u00e4tzbares Werkzeug. Dank der strengen Qualit\u00e4tskontrollen von Powerock Pharma k\u00f6nnen Sie Ihre Studien in der Gewissheit durchf\u00fchren, dass Sie mit den Besten zusammenarbeiten. Gehen Sie bei Ihrer Forschung keine Kompromisse ein - bestellen Sie PT-141 noch heute und sch\u00f6pfen Sie das volle Potenzial der Ergebnisse Ihrer Studie aus.<\/p>","protected":false},"excerpt":{"rendered":"<p>PT-141 (Bremelanotid) unterst\u00fctzt eine verbesserte sexuelle Funktion durch die Aktivierung von Melanocortin-Rezeptoren im zentralen Nervensystem. Es bietet eine verbesserte Libido und sexuelle Leistungsf\u00e4higkeit. W\u00e4hlen Sie Powerock Pharma f\u00fcr Qualit\u00e4t und Ergebnisse.<\/p>","protected":false},"featured_media":211,"template":"","meta":{"_acf_changed":false,"rank_math_lock_modified_date":false,"inline_featured_image":false},"product_cat":[17],"product_tag":[],"class_list":{"0":"post-89","1":"product","2":"type-product","3":"status-publish","4":"has-post-thumbnail","6":"product_cat-peptide-lyophilizates","9":"first","10":"instock","11":"shipping-taxable","12":"product-type-simple"},"acf":{"chromatogram":624,"metoda":{"acftf":{"v":"1.3.24"},"p":{"o":{"uh":0},"ca":""},"c":[{"p":""}],"h":[{"c":""}],"b":[[{"c":""}]]}},"_links":{"self":[{"href":"https:\/\/powerockpharma.com\/de\/wp-json\/wp\/v2\/product\/89","targetHints":{"allow":["GET"]}}],"collection":[{"href":"https:\/\/powerockpharma.com\/de\/wp-json\/wp\/v2\/product"}],"about":[{"href":"https:\/\/powerockpharma.com\/de\/wp-json\/wp\/v2\/types\/product"}],"wp:featuredmedia":[{"embeddable":true,"href":"https:\/\/powerockpharma.com\/de\/wp-json\/wp\/v2\/media\/211"}],"wp:attachment":[{"href":"https:\/\/powerockpharma.com\/de\/wp-json\/wp\/v2\/media?parent=89"}],"wp:term":[{"taxonomy":"product_cat","embeddable":true,"href":"https:\/\/powerockpharma.com\/de\/wp-json\/wp\/v2\/product_cat?post=89"},{"taxonomy":"product_tag","embeddable":true,"href":"https:\/\/powerockpharma.com\/de\/wp-json\/wp\/v2\/product_tag?post=89"}],"curies":[{"name":"wp","href":"https:\/\/api.w.org\/{rel}","templated":true}]}}