{"id":90,"date":"2024-08-04T17:02:12","date_gmt":"2024-08-04T15:02:12","guid":{"rendered":"https:\/\/powerockpharma.com\/?post_type=product&#038;p=90"},"modified":"2025-11-12T06:59:11","modified_gmt":"2025-11-12T05:59:11","slug":"n-acetyl-semax","status":"publish","type":"product","link":"https:\/\/powerockpharma.com\/de\/peptide-lyophilizates\/n-acetylsemax\/","title":{"rendered":"N-ACETYL SEMAX"},"content":{"rendered":"<h2>Eigenschaften:<\/h2>\n<p>N-Acetyl Semax Amidate ist ein starkes Neuropeptid, das f\u00fcr seine kognitionsf\u00f6rdernden Eigenschaften bekannt ist. Es ist in der Forschung sehr begehrt, da es die geistige Leistungsf\u00e4higkeit deutlich verbessert und neuroprotektive Wirkungen hat. Diese Verbindung wirkt in erster Linie im Gehirn, wo sie ihre Wirkung durch die Modulation der Spiegel des neurotrophen Faktors (BDNF) entfaltet, eines wichtigen Proteins, das am Wachstum, der Erhaltung und dem \u00dcberleben von Neuronen beteiligt ist. Forscher haben festgestellt, dass N-Acetyl-Semax-Amidat besonders wirksam ist, um Ged\u00e4chtnis, Konzentration und Lernf\u00e4higkeit zu verbessern, was es zu einem idealen Kandidaten f\u00fcr Studien macht, die sich auf kognitive Funktionen und Neuroschutz konzentrieren.<\/p>\n<h2>Mechanismus der Wirkung:<\/h2>\n<p>N-Acetyl Semax Amidate erh\u00f6ht die Expression von BDNF im Gehirn, das eine entscheidende Rolle bei der Neuroplastizit\u00e4t spielt - der F\u00e4higkeit des Gehirns, sich durch die Bildung neuer neuronaler Verbindungen neu zu organisieren. Diese Modulation des BDNF-Spiegels erm\u00f6glicht eine verbesserte synaptische Plastizit\u00e4t, die zu einer Verbesserung von Lernen und Ged\u00e4chtnis f\u00fchrt. Dar\u00fcber hinaus beeinflusst das N-Acetyl-Semax-Amidat nachweislich auch andere neurotrophe Faktoren und Neurotransmitter und tr\u00e4gt so zu seinem breiten Spektrum an kognitiven Vorteilen bei. Seine selektive Wirkung stellt sicher, dass die kognitiven Funktionen ohne \u00dcberstimulation verbessert werden, wodurch das Risiko von Nebenwirkungen, die h\u00e4ufig mit anderen kognitiven Enhancern verbunden sind, reduziert wird.<\/p>\n<h2>Vorteile:<\/h2>\n<p>Die Forschung zu N-Acetyl-Semax-Amidat zeigt immer wieder, dass es die kognitiven Funktionen verbessern kann, insbesondere in den Bereichen Ged\u00e4chtnis, Lernen und Konzentration. Studien haben gezeigt, dass es die geistige Klarheit verbessern und die Produktivit\u00e4t steigern kann, was es f\u00fcr Forscher, die Neuroenhancement untersuchen, wertvoll macht. Neben den kognitiven Verbesserungen bietet N-Acetyl-Semax-Amidat auch neuroprotektive Vorteile, indem es dazu beitr\u00e4gt, die Neuronen vor Sch\u00e4den durch oxidativen Stress und andere neurodegenerative Prozesse zu sch\u00fctzen. Dies macht es zu einer vielversprechenden Verbindung f\u00fcr die Erforschung neurodegenerativer Erkrankungen wie der Alzheimer-Krankheit und anderer Formen des kognitiven Verfalls.<\/p>\n<h2>Warum Powerock Pharma:<\/h2>\n<p>Powerock Pharma hat es sich zur Aufgabe gemacht, Forschungssubstanzen von h\u00f6chster Qualit\u00e4t zu liefern, und N-Acetyl Semax Amidate ist da keine Ausnahme. Unsere Produkte werden in hochmodernen Anlagen hergestellt, die die strengsten Qualit\u00e4tsstandards einhalten, einschlie\u00dflich GMP-, HACCP- und ISO 13485-Zertifizierungen. Jede Charge von N-Acetyl Semax Amidate wird strengen Tests unterzogen, um Reinheit, Wirksamkeit und Sicherheit zu gew\u00e4hrleisten. Wir arbeiten mit erstklassigen Labors zusammen, um die Integrit\u00e4t unserer Produkte zu \u00fcberpr\u00fcfen, so dass Sie sich darauf verlassen k\u00f6nnen, dass Sie jedes Mal ein zuverl\u00e4ssiges und wirksames Forschungspr\u00e4parat erhalten. Entscheiden Sie sich f\u00fcr Powerock Pharma, wenn Sie sich auf hervorragende Qualit\u00e4t und Forschungsergebnisse verlassen wollen.<\/p>\n<h3>Zusammenfassung:<\/h3>\n<p>Verbessern Sie Ihre kognitive Forschung mit N-Acetyl Semax Amidate von Powerock Pharma. Dieses Neuropeptid wird durch wissenschaftliche Forschung gest\u00fctzt und unter strengsten Qualit\u00e4tskontrollen hergestellt. Ganz gleich, ob Sie sich auf die Verbesserung des Ged\u00e4chtnisses, die Steigerung der Lernf\u00e4higkeit oder die Erforschung der Neuroprotektion konzentrieren, N-Acetyl Semax Amidate ist die ideale Wahl. Machen Sie keine Kompromisse bei Ihrer Forschung - bestellen Sie noch heute und sch\u00f6pfen Sie das volle Potenzial Ihrer Studien mit den bew\u00e4hrten Produkten von Powerock Pharma aus.<\/p>","protected":false},"excerpt":{"rendered":"<p>N-Acetyl-Semax-Amidat unterst\u00fctzt die Verbesserung der kognitiven F\u00e4higkeiten, indem es den Spiegel des vom Gehirn abgeleiteten neurotrophen Faktors (BDNF) moduliert. Es verbessert das Ged\u00e4chtnis, die Konzentration und den Neuroschutz. W\u00e4hlen Sie Powerock Pharma f\u00fcr unvergleichliche Qualit\u00e4t und best\u00e4ndige Ergebnisse.<\/p>","protected":false},"featured_media":208,"template":"","meta":{"_acf_changed":false,"rank_math_lock_modified_date":false,"inline_featured_image":false},"product_cat":[17],"product_tag":[],"class_list":{"0":"post-90","1":"product","2":"type-product","3":"status-publish","4":"has-post-thumbnail","6":"product_cat-peptide-lyophilizates","9":"first","10":"instock","11":"shipping-taxable","12":"product-type-simple"},"acf":{"chromatogram":637,"metoda":{"acftf":{"v":"1.3.24"},"p":{"o":{"uh":0},"ca":""},"c":[{"p":""}],"h":[{"c":""}],"b":[[{"c":""}]]}},"_links":{"self":[{"href":"https:\/\/powerockpharma.com\/de\/wp-json\/wp\/v2\/product\/90","targetHints":{"allow":["GET"]}}],"collection":[{"href":"https:\/\/powerockpharma.com\/de\/wp-json\/wp\/v2\/product"}],"about":[{"href":"https:\/\/powerockpharma.com\/de\/wp-json\/wp\/v2\/types\/product"}],"wp:featuredmedia":[{"embeddable":true,"href":"https:\/\/powerockpharma.com\/de\/wp-json\/wp\/v2\/media\/208"}],"wp:attachment":[{"href":"https:\/\/powerockpharma.com\/de\/wp-json\/wp\/v2\/media?parent=90"}],"wp:term":[{"taxonomy":"product_cat","embeddable":true,"href":"https:\/\/powerockpharma.com\/de\/wp-json\/wp\/v2\/product_cat?post=90"},{"taxonomy":"product_tag","embeddable":true,"href":"https:\/\/powerockpharma.com\/de\/wp-json\/wp\/v2\/product_tag?post=90"}],"curies":[{"name":"wp","href":"https:\/\/api.w.org\/{rel}","templated":true}]}}