{"id":92,"date":"2024-08-04T17:03:06","date_gmt":"2024-08-04T15:03:06","guid":{"rendered":"https:\/\/powerockpharma.com\/?post_type=product&#038;p=92"},"modified":"2025-11-12T06:46:47","modified_gmt":"2025-11-12T05:46:47","slug":"tripple-g","status":"publish","type":"product","link":"https:\/\/powerockpharma.com\/de\/peptide-lyophilizates\/tripple-g\/","title":{"rendered":"TRIPPLE G"},"content":{"rendered":"<h2>Eigenschaften:<\/h2>\n<p>Retatrutid, gemeinhin als Tripple G bezeichnet, ist ein leistungsstarker Wirkstoff, der f\u00fcr seinen vielschichtigen Ansatz bei der Gewichtskontrolle und Stoffwechselregulierung bekannt ist. Dieses hochmoderne Peptid ist f\u00fcr seine starke Wirkung auf den Fettabbau, die Glukosekontrolle und die allgemeine Verbesserung des Stoffwechsels bekannt. Retatrutid wurde f\u00fcr diejenigen entwickelt, die eine signifikante Reduktion des K\u00f6rperfetts und eine Verbesserung der Stoffwechselgesundheit anstreben, und wirkt durch die Modulation wichtiger Hormonwege, die f\u00fcr den Energiehaushalt und die Appetitregulierung entscheidend sind.<\/p>\n<h2>Mechanismus der Wirkung:<\/h2>\n<p>Die Wirkung von Retatrutid beruht auf seiner einzigartigen F\u00e4higkeit, gleichzeitig GLP-1 (glucagon-like peptide-1), GIP (gastric inhibitory polypeptide) und Glucagon-Rezeptoren zu aktivieren. Durch die gezielte Beeinflussung dieser spezifischen Signalwege steigert Retatrutid die Insulinsekretion, senkt den Glukagonspiegel und f\u00f6rdert das S\u00e4ttigungsgef\u00fchl, was insgesamt zu einer geringeren Nahrungsaufnahme und einem verbesserten Glukosestoffwechsel f\u00fchrt. Diese Multi-Rezeptor-Aktivierung tr\u00e4gt nicht nur zu einem signifikanten Fettabbau bei, sondern erm\u00f6glicht auch eine bessere Kontrolle des Blutzuckerspiegels, was Retatrutid zu einem \u00e4u\u00dferst wirksamen Instrument f\u00fcr die Erforschung von Fettleibigkeit, Typ-2-Diabetes und anderen Stoffwechselst\u00f6rungen macht. Dar\u00fcber hinaus minimiert sein selektiver Mechanismus das Risiko unerw\u00fcnschter Wirkungen, die \u00fcblicherweise mit aggressiveren Stoffwechselinterventionen verbunden sind, und sorgt so f\u00fcr ein sichereres Profil bei l\u00e4ngerem Forschungseinsatz.<\/p>\n<h2>Vorteile:<\/h2>\n<p>Die konsequente Anwendung von Retatrutid in der Forschung hat nachweislich zu einer erheblichen Verringerung des K\u00f6rpergewichts gef\u00fchrt, vor allem durch Fettabbau. Dar\u00fcber hinaus haben Forscher eine verbesserte Kontrolle des Blutzuckerspiegels beobachtet, was insbesondere f\u00fcr Studien mit Schwerpunkt auf Typ-2-Diabetes und Insulinresistenz von Vorteil ist. Zu den weiteren bemerkenswerten Vorteilen geh\u00f6ren ein h\u00f6heres Energieniveau, eine bessere Appetitkontrolle und potenzielle Verbesserungen der kardiovaskul\u00e4ren Gesundheit aufgrund der verringerten Lipidwerte. Retatrutid ist besonders effektiv f\u00fcr Forscher, die neue Behandlungsmethoden f\u00fcr Fettleibigkeit, das metabolische Syndrom und andere damit verbundene Erkrankungen untersuchen, und bietet eine umfassende L\u00f6sung f\u00fcr die Behandlung dieser komplexen Probleme.<\/p>\n<h2>Warum Powerock Pharma:<\/h2>\n<p>Bei Powerock Pharma ist unser Engagement f\u00fcr Qualit\u00e4t und Exzellenz in jedem unserer Produkte offensichtlich. Retatrutid wird in Einrichtungen hergestellt, die sich streng an die GMP-, HACCP- und ISO 13485-Normen halten, um sicherzustellen, dass jede Charge die h\u00f6chsten Anforderungen an Reinheit und Wirksamkeit erf\u00fcllt. Unsere strengen Pr\u00fcfprotokolle in Zusammenarbeit mit f\u00fchrenden Labors garantieren, dass Sie nicht nur ein wirksames, sondern auch ein sicheres und zuverl\u00e4ssiges Produkt erhalten. Wenn Sie sich f\u00fcr Powerock Pharma entscheiden, entscheiden Sie sich f\u00fcr einen Partner, der Ihre Forschung mit Produkten unterst\u00fctzt, die konsistente und zuverl\u00e4ssige Ergebnisse liefern.<\/p>\n<h3>Zusammenfassung:<\/h3>\n<p>Wenn Ihre Forschungsziele die Erforschung fortschrittlicher Methoden zum Fettabbau, zur Blutzuckerkontrolle und zur Verbesserung des Stoffwechsels umfassen, bietet Retatrutid (Tripple G) die pr\u00e4zise, zuverl\u00e4ssige L\u00f6sung, die Sie ben\u00f6tigen. Unterst\u00fctzt durch die strengen Qualit\u00e4tskontrollen von Powerock Pharma, wurde dieses Produkt entwickelt, um bahnbrechende Forschung zu erm\u00f6glichen und gleichzeitig Sicherheit und Wirksamkeit zu gew\u00e4hrleisten. Gehen Sie keine Kompromisse bei Ihren Forschungsstandards ein - bestellen Sie Retatrutide noch heute und bringen Sie Ihre Studien zum Erfolg.<\/p>","protected":false},"excerpt":{"rendered":"<p>Retatrutid (Tripple G) unterst\u00fctzt den signifikanten Fettabbau und die Glukoseregulierung durch die Aktivierung mehrerer Hormonwege, einschlie\u00dflich GLP-1-, GIP- und Glucagon-Rezeptoren. Es bietet eine verbesserte Stoffwechselkontrolle und Gewichtsregulierung. W\u00e4hlen Sie Powerock Pharma f\u00fcr unvergleichliche Qualit\u00e4t und Zuverl\u00e4ssigkeit.<\/p>","protected":false},"featured_media":215,"template":"","meta":{"_acf_changed":false,"rank_math_lock_modified_date":false,"inline_featured_image":false},"product_cat":[17],"product_tag":[],"class_list":{"0":"post-92","1":"product","2":"type-product","3":"status-publish","4":"has-post-thumbnail","6":"product_cat-peptide-lyophilizates","9":"first","10":"instock","11":"shipping-taxable","12":"product-type-simple"},"acf":{"chromatogram":604,"metoda":""},"_links":{"self":[{"href":"https:\/\/powerockpharma.com\/de\/wp-json\/wp\/v2\/product\/92","targetHints":{"allow":["GET"]}}],"collection":[{"href":"https:\/\/powerockpharma.com\/de\/wp-json\/wp\/v2\/product"}],"about":[{"href":"https:\/\/powerockpharma.com\/de\/wp-json\/wp\/v2\/types\/product"}],"wp:featuredmedia":[{"embeddable":true,"href":"https:\/\/powerockpharma.com\/de\/wp-json\/wp\/v2\/media\/215"}],"wp:attachment":[{"href":"https:\/\/powerockpharma.com\/de\/wp-json\/wp\/v2\/media?parent=92"}],"wp:term":[{"taxonomy":"product_cat","embeddable":true,"href":"https:\/\/powerockpharma.com\/de\/wp-json\/wp\/v2\/product_cat?post=92"},{"taxonomy":"product_tag","embeddable":true,"href":"https:\/\/powerockpharma.com\/de\/wp-json\/wp\/v2\/product_tag?post=92"}],"curies":[{"name":"wp","href":"https:\/\/api.w.org\/{rel}","templated":true}]}}