{"id":94,"date":"2024-08-04T17:04:30","date_gmt":"2024-08-04T15:04:30","guid":{"rendered":"https:\/\/powerockpharma.com\/?post_type=product&#038;p=94"},"modified":"2025-11-12T07:06:03","modified_gmt":"2025-11-12T06:06:03","slug":"ghk-cu","status":"publish","type":"product","link":"https:\/\/powerockpharma.com\/de\/peptide-lyophilizates\/ghk-cu\/","title":{"rendered":"GHK CU"},"content":{"rendered":"<h2>Eigenschaften:<\/h2>\n<p>GHK-Cu (Kupferpeptid \/ GHK-Cu 2+) ist ein nat\u00fcrlich vorkommendes Peptid, das wegen seiner tiefgreifenden Auswirkungen auf die Hautgesundheit und die allgemeine Verj\u00fcngung Aufmerksamkeit erregt hat. Es spielt eine Schl\u00fcsselrolle bei den nat\u00fcrlichen Heilungsprozessen des K\u00f6rpers und ist daher eine bevorzugte Wahl f\u00fcr diejenigen, die die Elastizit\u00e4t der Haut verbessern, Falten reduzieren und die allgemeine Vitalit\u00e4t der Haut f\u00f6rdern m\u00f6chten. Diese Verbindung ist vor allem f\u00fcr ihre F\u00e4higkeit bekannt, die Kollagensynthese zu f\u00f6rdern, die f\u00fcr die Erhaltung einer jugendlichen, widerstandsf\u00e4higen Haut unerl\u00e4sslich ist. Dar\u00fcber hinaus verbessert GHK-Cu die Gewebereparatur und beschleunigt die Wundheilung, was es sowohl f\u00fcr die kosmetische als auch f\u00fcr die medizinische Forschung im Bereich der Hautregeneration von unsch\u00e4tzbarem Wert macht.<\/p>\n<h2>Mechanismus der Wirkung:<\/h2>\n<p>GHK-Cu wirkt \u00fcber einen einzigartigen Mechanismus, in dessen Mittelpunkt seine Rolle als kupferbindendes Peptid steht. Dadurch kann es eine Vielzahl von biologischen Prozessen beeinflussen, insbesondere solche, die mit der Reparatur und Regeneration der Haut zusammenh\u00e4ngen. Das an GHK gebundene Kupfer-Ion (Cu2+) verst\u00e4rkt seine biologische Aktivit\u00e4t, so dass es die Kollagen- und Glykosaminoglykan-Synthese stimulieren und gleichzeitig die Angiogenese (die Bildung neuer Blutgef\u00e4\u00dfe) f\u00f6rdern kann. Dies f\u00fchrt zu einer verbesserten Hautstruktur und -funktion sowie zu einer beschleunigten Wundheilung. Dar\u00fcber hinaus weist die GHK-Cu entz\u00fcndungshemmende Eigenschaften auf, reduziert den oxidativen Stress und sch\u00fctzt die Haut vor weiteren Sch\u00e4den. Sein selektiver Wirkmechanismus gew\u00e4hrleistet, dass es auf die extrazellul\u00e4re Matrix, das strukturelle Ger\u00fcst, das f\u00fcr die Integrit\u00e4t der Haut verantwortlich ist, abzielt, ohne andere Gewebe zu beeintr\u00e4chtigen, wodurch m\u00f6gliche Nebenwirkungen minimiert werden.<\/p>\n<h2>Vorteile:<\/h2>\n<p>Die konsequente Anwendung von GHK-Cu in Forschungsstudien hat eine Reihe von beeindruckenden Vorteilen gezeigt. Dazu geh\u00f6ren eine sp\u00fcrbare Verbesserung der Festigkeit und Elastizit\u00e4t der Haut, eine Verringerung feiner Linien und Falten sowie eine schnellere Wundheilung. Die Forscher haben auch ein verbessertes Haarwachstum, eine Verringerung der Hyperpigmentierung und eine allgemeine Verbesserung der Hautstruktur dokumentiert. Die F\u00e4higkeit des Peptids, antioxidative Enzyme hochzuregulieren, tr\u00e4gt weiter zu seiner sch\u00fctzenden Wirkung gegen Alterung und Umweltsch\u00e4den bei. GHK-Cu ist besonders effektiv f\u00fcr diejenigen, die sich auf Anti-Aging-Forschung, Wundheilung und Geweberegeneration konzentrieren. Seine vielseitigen Anwendungsm\u00f6glichkeiten machen es zu einem wertvollen Instrument f\u00fcr Studien zur Erforschung neuer Therapien in der Dermatologie und regenerativen Medizin.<\/p>\n<h2>Warum Powerock Pharma:<\/h2>\n<p>Powerock Pharma hat es sich zur Aufgabe gemacht, Forschungspr\u00e4parate von h\u00f6chster Qualit\u00e4t zu liefern. Unsere GHK-Cu wird unter strengen Qualit\u00e4tskontrollma\u00dfnahmen und unter Einhaltung der GMP-, HACCP- und ISO 13485-Normen hergestellt. Wir stellen sicher, dass jede Charge strengen Tests unterzogen wird, um ihre Reinheit, Wirksamkeit und Konsistenz zu \u00fcberpr\u00fcfen. In Zusammenarbeit mit f\u00fchrenden Labors validieren wir die Wirksamkeit unserer Produkte und stellen so sicher, dass sie die anspruchsvollen Standards erf\u00fcllen, die f\u00fcr die Spitzenforschung erforderlich sind. Wenn Sie sich f\u00fcr Powerock Pharma entscheiden, entscheiden Sie sich f\u00fcr Zuverl\u00e4ssigkeit, Sicherheit und bew\u00e4hrte Ergebnisse. Unser Engagement f\u00fcr Spitzenleistungen bedeutet, dass Sie darauf vertrauen k\u00f6nnen, dass unsere GHK-Cu die konsistenten, hochwertigen Ergebnisse liefert, die Ihre Forschung erfordert.<\/p>\n<h3>Zusammenfassung:<\/h3>\n<p>Wenn sich Ihre Forschung auf Hautgesundheit, Anti-Aging oder Wundheilung konzentriert, ist GHK-Cu von Powerock Pharma der ideale Wirkstoff, um Ihnen zu bahnbrechenden Ergebnissen zu verhelfen. Unterst\u00fctzt durch unsere strengen Qualit\u00e4tskontrollen und unser Engagement f\u00fcr Sicherheit ist dieses Produkt so konzipiert, dass es Ihre Forschung mit konsistenter, zuverl\u00e4ssiger Leistung unterst\u00fctzt. Gehen Sie keine Kompromisse bei der Qualit\u00e4t ein - bestellen Sie GHK-Cu noch heute bei Powerock Pharma und machen Sie den ersten Schritt, um Ihre Forschung auf neue H\u00f6hen zu bringen.<\/p>","protected":false},"excerpt":{"rendered":"<p>GHK-Cu, ein leistungsstarkes Kupferpeptid, unterst\u00fctzt die Hautverj\u00fcngung durch F\u00f6rderung der Kollagensynthese und der Gewebereparatur. Es bietet eine verbesserte Wundheilung, Anti-Aging-Effekte und eine verbesserte Elastizit\u00e4t der Haut. Vertrauen Sie Powerock Pharma f\u00fcr erstklassige Ergebnisse.<\/p>","protected":false},"featured_media":191,"template":"","meta":{"_acf_changed":false,"rank_math_lock_modified_date":false,"inline_featured_image":false},"product_cat":[17],"product_tag":[],"class_list":{"0":"post-94","1":"product","2":"type-product","3":"status-publish","4":"has-post-thumbnail","6":"product_cat-peptide-lyophilizates","9":"first","10":"instock","11":"shipping-taxable","12":"product-type-simple"},"acf":{"chromatogram":662,"metoda":{"acftf":{"v":"1.3.24"},"p":{"o":{"uh":0},"ca":""},"c":[{"p":""}],"h":[{"c":""}],"b":[[{"c":""}]]}},"_links":{"self":[{"href":"https:\/\/powerockpharma.com\/de\/wp-json\/wp\/v2\/product\/94","targetHints":{"allow":["GET"]}}],"collection":[{"href":"https:\/\/powerockpharma.com\/de\/wp-json\/wp\/v2\/product"}],"about":[{"href":"https:\/\/powerockpharma.com\/de\/wp-json\/wp\/v2\/types\/product"}],"wp:featuredmedia":[{"embeddable":true,"href":"https:\/\/powerockpharma.com\/de\/wp-json\/wp\/v2\/media\/191"}],"wp:attachment":[{"href":"https:\/\/powerockpharma.com\/de\/wp-json\/wp\/v2\/media?parent=94"}],"wp:term":[{"taxonomy":"product_cat","embeddable":true,"href":"https:\/\/powerockpharma.com\/de\/wp-json\/wp\/v2\/product_cat?post=94"},{"taxonomy":"product_tag","embeddable":true,"href":"https:\/\/powerockpharma.com\/de\/wp-json\/wp\/v2\/product_tag?post=94"}],"curies":[{"name":"wp","href":"https:\/\/api.w.org\/{rel}","templated":true}]}}