{"id":95,"date":"2024-08-04T17:05:17","date_gmt":"2024-08-04T15:05:17","guid":{"rendered":"https:\/\/powerockpharma.com\/?post_type=product&#038;p=95"},"modified":"2025-11-12T07:03:47","modified_gmt":"2025-11-12T06:03:47","slug":"ipamorelin","status":"publish","type":"product","link":"https:\/\/powerockpharma.com\/de\/peptide-lyophilizates\/ipamorelin\/","title":{"rendered":"IPAMORELIN"},"content":{"rendered":"<h2>Eigenschaften:<\/h2>\n<p>Ipamorelin ist ein starkes Wachstumshormon freisetzendes Peptid (GHRP), das aufgrund seiner F\u00e4higkeit, das Muskelwachstum zu steigern, den Fettabbau zu f\u00f6rdern und die allgemeine k\u00f6rperliche Leistungsf\u00e4higkeit zu unterst\u00fctzen, an Popularit\u00e4t gewonnen hat. Dieses Pr\u00e4parat wird von Forschern und Sportlern aufgrund seiner gezielten Wirkung und minimalen Nebenwirkungen besonders gesch\u00e4tzt. Ipamorelin wirkt, indem es die Hypophyse zur Aussch\u00fcttung von Wachstumshormon (GH) anregt, das eine entscheidende Rolle bei der Regulierung der K\u00f6rperzusammensetzung, der Muskelmasse und des Fettstoffwechsels spielt. Im Gegensatz zu anderen GHRPs verf\u00fcgt Ipamorelin \u00fcber einen sehr selektiven Wirkmechanismus, der zu signifikanten physiologischen Ver\u00e4nderungen f\u00fchrt, ohne dass unerw\u00fcnschte Wirkungen wie erh\u00f6hter Appetit oder Kortisolproduktion auftreten.<\/p>\n<h2>Mechanismus der Wirkung:<\/h2>\n<p>Die Wirkung von Ipamorelin beruht auf seiner F\u00e4higkeit, selektiv an den Ghrelin-Rezeptor zu binden, der die Hypophyse zur Aussch\u00fcttung von Wachstumshormon veranlasst. Dieser Anstieg des GH-Spiegels f\u00f6rdert eine Kaskade von anabolen Effekten, einschlie\u00dflich einer erh\u00f6hten Proteinsynthese, eines beschleunigten Muskelwachstums und einer verbesserten Fettoxidation. Im Gegensatz zu herk\u00f6mmlichen anabolen Steroiden sorgt der selektive Mechanismus von Ipamorelin daf\u00fcr, dass sich seine Wirkungen in erster Linie auf das Muskelgewebe konzentrieren, mit minimalen Auswirkungen auf andere Organe oder Systeme. Diese Selektivit\u00e4t reduziert auch das Risiko von Nebenwirkungen, die \u00fcblicherweise mit nicht-selektiven GH-Sekretagoga verbunden sind, und macht es zu einer sichereren Option f\u00fcr den langfristigen Gebrauch.<\/p>\n<h2>Vorteile:<\/h2>\n<p>Die konsequente Anwendung von Ipamorelin in der Forschung hat nachweislich zu einer sp\u00fcrbaren Zunahme der fettfreien Muskelmasse, Kraftzuw\u00e4chsen und beschleunigten Erholungszeiten gef\u00fchrt. Dar\u00fcber hinaus unterst\u00fctzt Ipamorelin den Fettabbau, indem es die Lipolyse f\u00f6rdert, was es zu einer idealen Verbindung f\u00fcr Abnehmzyklen macht. Forscher haben auch sekund\u00e4re Vorteile beobachtet, wie z. B. eine verbesserte Schlafqualit\u00e4t, eine bessere Stimmung und ein h\u00f6heres Energieniveau, was wahrscheinlich auf den allgemeinen Anstieg des Wachstumshormons zur\u00fcckzuf\u00fchren ist. Dies macht Ipamorelin besonders wirksam f\u00fcr Bodybuilder, Sportler und Personen, die ihren K\u00f6rperbau und ihre Leistung verbessern wollen.<\/p>\n<h2>Warum Powerock Pharma:<\/h2>\n<p>Wir bei Powerock Pharma haben uns verpflichtet, nur Forschungssubstanzen von h\u00f6chster Qualit\u00e4t zu liefern. Unser Ipamorelin wird in hochmodernen Anlagen hergestellt, die die strengsten GMP-, HACCP- und ISO 13485-Standards einhalten, um sicherzustellen, dass jede Charge rein, wirksam und frei von Verunreinigungen ist. Wir arbeiten mit f\u00fchrenden Labors zusammen, um strenge Tests und Validierungen durchzuf\u00fchren, so dass Sie darauf vertrauen k\u00f6nnen, dass unser Ipamorelin stets die Ergebnisse liefert, die Sie f\u00fcr Ihre Forschung ben\u00f6tigen. Mit Powerock Pharma erhalten Sie nicht nur ein Produkt, sondern auch die Gewissheit, dass Ihre Forschung von den Besten der Branche unterst\u00fctzt wird.<\/p>\n<h3>Zusammenfassung:<\/h3>\n<p>Wenn Sie Ihre Forschung im Bereich Muskelwachstum und Fettabbau auf die n\u00e4chste Stufe bringen wollen, ist Ipamorelin die L\u00f6sung, die Sie brauchen. Unterst\u00fctzt durch die strengen Qualit\u00e4tskontrollen von Powerock Pharma, wurde dieses Produkt entwickelt, um Ihnen zu helfen, Ihre Forschungsziele sicher und effektiv zu erreichen. Geben Sie sich nicht mit weniger zufrieden - bestellen Sie Ipamorelin noch heute und erzielen Sie die Ergebnisse, die Sie verdienen.<\/p>","protected":false},"excerpt":{"rendered":"<p>Ipamorelin unterst\u00fctzt das Muskelwachstum und den Fettabbau, indem es die Freisetzung von Wachstumshormonen stimuliert. Es bietet erh\u00f6hte Muskelmasse, verbesserte Erholung und verbesserten Fettstoffwechsel. W\u00e4hlen Sie Powerock Pharma f\u00fcr un\u00fcbertroffene Qualit\u00e4t und best\u00e4ndige Ergebnisse.<\/p>","protected":false},"featured_media":198,"template":"","meta":{"_acf_changed":false,"rank_math_lock_modified_date":false,"inline_featured_image":false},"product_cat":[17],"product_tag":[],"class_list":{"0":"post-95","1":"product","2":"type-product","3":"status-publish","4":"has-post-thumbnail","6":"product_cat-peptide-lyophilizates","9":"first","10":"instock","11":"shipping-taxable","12":"product-type-simple"},"acf":{"chromatogram":654,"metoda":{"acftf":{"v":"1.3.24"},"p":{"o":{"uh":0},"ca":""},"c":[{"p":""}],"h":[{"c":""}],"b":[[{"c":""}]]}},"_links":{"self":[{"href":"https:\/\/powerockpharma.com\/de\/wp-json\/wp\/v2\/product\/95","targetHints":{"allow":["GET"]}}],"collection":[{"href":"https:\/\/powerockpharma.com\/de\/wp-json\/wp\/v2\/product"}],"about":[{"href":"https:\/\/powerockpharma.com\/de\/wp-json\/wp\/v2\/types\/product"}],"wp:featuredmedia":[{"embeddable":true,"href":"https:\/\/powerockpharma.com\/de\/wp-json\/wp\/v2\/media\/198"}],"wp:attachment":[{"href":"https:\/\/powerockpharma.com\/de\/wp-json\/wp\/v2\/media?parent=95"}],"wp:term":[{"taxonomy":"product_cat","embeddable":true,"href":"https:\/\/powerockpharma.com\/de\/wp-json\/wp\/v2\/product_cat?post=95"},{"taxonomy":"product_tag","embeddable":true,"href":"https:\/\/powerockpharma.com\/de\/wp-json\/wp\/v2\/product_tag?post=95"}],"curies":[{"name":"wp","href":"https:\/\/api.w.org\/{rel}","templated":true}]}}