{"id":96,"date":"2024-08-04T17:08:21","date_gmt":"2024-08-04T15:08:21","guid":{"rendered":"https:\/\/powerockpharma.com\/?post_type=product&#038;p=96"},"modified":"2025-11-12T06:49:55","modified_gmt":"2025-11-12T05:49:55","slug":"tb-500","status":"publish","type":"product","link":"https:\/\/powerockpharma.com\/de\/peptide-lyophilizates\/tb-500\/","title":{"rendered":"TB-500"},"content":{"rendered":"<h2>Eigenschaften:<\/h2>\n<p>TB-500, auch bekannt als Thymosin Beta 4, ist ein Peptid, das f\u00fcr seine starke Wirkung auf die Gewebereparatur, -regeneration und -wiederherstellung bekannt ist, was es zu einer beliebten Wahl bei Forschern und Sportlern gleicherma\u00dfen macht. Diese Verbindung spielt eine entscheidende Rolle im Heilungsprozess, indem sie die Zellregeneration f\u00f6rdert, Entz\u00fcndungen reduziert und die Flexibilit\u00e4t verbessert. TB-500 wird besonders f\u00fcr seine F\u00e4higkeit gesch\u00e4tzt, die Erholung von Verletzungen zu beschleunigen und die allgemeine Gewebebelastbarkeit zu verbessern, was es zu einem unverzichtbaren Bestandteil von Studien zur Optimierung von Leistung und Erholung macht.<\/p>\n<h2>Mechanismus der Wirkung:<\/h2>\n<p>TB-500 regt die Expression von Aktin an, einem Protein, das f\u00fcr die Zellbewegung und -struktur unerl\u00e4sslich ist. Durch die Steigerung der Aktinproduktion erleichtert TB-500 die Zellmigration und -reparatur, die f\u00fcr die Heilung von Gewebe nach Verletzungen entscheidend sind. Dar\u00fcber hinaus moduliert dieses Peptid die Entz\u00fcndung durch Beeinflussung der Zytokinaktivit\u00e4t, was zu einem R\u00fcckgang der Entz\u00fcndung und einer schnelleren Genesung f\u00fchrt. Seine F\u00e4higkeit, die Angiogenese, d. h. die Bildung neuer Blutgef\u00e4\u00dfe, zu f\u00f6rdern, unterst\u00fctzt die Geweberegeneration zus\u00e4tzlich, indem es die N\u00e4hrstoff- und Sauerstoffzufuhr zu gesch\u00e4digten Bereichen verbessert. Dieser umfassende Mechanismus sorgt daf\u00fcr, dass TB-500 nicht nur die unmittelbare Genesung unterst\u00fctzt, sondern auch das Gewebe gegen k\u00fcnftige Sch\u00e4den st\u00e4rkt.<\/p>\n<h2>Vorteile:<\/h2>\n<p>Die regelm\u00e4\u00dfige Einnahme von TB-500 hat sich in der Forschung als sehr vorteilhaft erwiesen, da sie die Heilung von Muskeln, Sehnen und B\u00e4ndern beschleunigt, Entz\u00fcndungen reduziert und die Flexibilit\u00e4t verbessert. Die Forscher haben auch eine verbesserte Muskelausdauer und -kraft beobachtet, was wahrscheinlich auf die F\u00e4higkeit des Peptids zur\u00fcckzuf\u00fchren ist, die Durchblutung zu verbessern und die Erholungszeiten zwischen k\u00f6rperlichen Aktivit\u00e4ten zu verk\u00fcrzen. Neben diesen prim\u00e4ren Vorteilen kann TB-500 auch zur Verbesserung der kardiovaskul\u00e4ren Gesundheit beitragen, indem es die Angiogenese f\u00f6rdert. Dieses Peptid ist besonders effektiv f\u00fcr Forscher, die sich mit der Reparatur von Gewebe, der Genesung von Verletzungen und der Optimierung der k\u00f6rperlichen Leistungsf\u00e4higkeit befassen, und bietet ein vielseitiges Werkzeug sowohl f\u00fcr die sportliche als auch f\u00fcr die medizinische Forschung.<\/p>\n<h2>Warum Powerock Pharma:<\/h2>\n<p>Wir bei Powerock Pharma haben uns verpflichtet, nur Produkte von h\u00f6chster Qualit\u00e4t zu liefern und sicherzustellen, dass jede Charge von TB-500 die Industriestandards erf\u00fcllt und \u00fcbertrifft. Unsere Einrichtungen arbeiten nach strengen GMP-, HACCP- und ISO 13485-Richtlinien, um zu gew\u00e4hrleisten, dass unsere Produkte nicht nur wirksam, sondern auch sicher f\u00fcr die Forschung sind. In Zusammenarbeit mit f\u00fchrenden Labors f\u00fchren wir strenge Tests durch, um die Reinheit und Konsistenz unserer Peptide zu \u00fcberpr\u00fcfen. Wenn Sie sich f\u00fcr TB-500 von Powerock Pharma entscheiden, w\u00e4hlen Sie ein Produkt, das wissenschaftlich fundiert ist, dem Fachleute vertrauen und das sich in Forschungsumgebungen bew\u00e4hrt hat. Vertrauen Sie darauf, dass Powerock Pharma Ihnen die zuverl\u00e4ssigen, hochwertigen Produkte liefert, die Sie f\u00fcr Ihre wichtigsten Studien ben\u00f6tigen.<\/p>\n<h3>Zusammenfassung:<\/h3>\n<p>Wenn sich Ihre Forschung auf die Verbesserung der Gewebereparatur, die Verk\u00fcrzung der Erholungszeiten oder die Verbesserung der allgemeinen k\u00f6rperlichen Leistungsf\u00e4higkeit konzentriert, ist TB-500 das Peptid, das Sie brauchen. Dank des Engagements von Powerock Pharma f\u00fcr Qualit\u00e4t und Sicherheit wird dieses Produkt Ihre Forschungsziele effektiv und konsequent unterst\u00fctzen. Gehen Sie keine Kompromisse bei der Qualit\u00e4t ein - bestellen Sie TB-500 noch heute bei Powerock Pharma und stellen Sie sicher, dass Ihre Forschung die gew\u00fcnschten Ergebnisse liefert.<\/p>","protected":false},"excerpt":{"rendered":"<p>TB-500 (Thymosin Beta 4) unterst\u00fctzt eine beschleunigte Heilung und Gewebereparatur, indem es die Zellregeneration f\u00f6rdert und Entz\u00fcndungen reduziert. Es bietet eine verbesserte Erholung, Flexibilit\u00e4t und Belastbarkeit. W\u00e4hlen Sie Powerock Pharma f\u00fcr un\u00fcbertroffene Qualit\u00e4t und zuverl\u00e4ssige Ergebnisse.<\/p>","protected":false},"featured_media":212,"template":"","meta":{"_acf_changed":false,"rank_math_lock_modified_date":false,"inline_featured_image":false},"product_cat":[17],"product_tag":[],"class_list":{"0":"post-96","1":"product","2":"type-product","3":"status-publish","4":"has-post-thumbnail","6":"product_cat-peptide-lyophilizates","9":"first","10":"instock","11":"shipping-taxable","12":"product-type-simple"},"acf":{"chromatogram":609,"metoda":{"acftf":{"v":"1.3.24"},"p":{"o":{"uh":0},"ca":""},"c":[{"p":""}],"h":[{"c":""}],"b":[[{"c":""}]]}},"_links":{"self":[{"href":"https:\/\/powerockpharma.com\/de\/wp-json\/wp\/v2\/product\/96","targetHints":{"allow":["GET"]}}],"collection":[{"href":"https:\/\/powerockpharma.com\/de\/wp-json\/wp\/v2\/product"}],"about":[{"href":"https:\/\/powerockpharma.com\/de\/wp-json\/wp\/v2\/types\/product"}],"wp:featuredmedia":[{"embeddable":true,"href":"https:\/\/powerockpharma.com\/de\/wp-json\/wp\/v2\/media\/212"}],"wp:attachment":[{"href":"https:\/\/powerockpharma.com\/de\/wp-json\/wp\/v2\/media?parent=96"}],"wp:term":[{"taxonomy":"product_cat","embeddable":true,"href":"https:\/\/powerockpharma.com\/de\/wp-json\/wp\/v2\/product_cat?post=96"},{"taxonomy":"product_tag","embeddable":true,"href":"https:\/\/powerockpharma.com\/de\/wp-json\/wp\/v2\/product_tag?post=96"}],"curies":[{"name":"wp","href":"https:\/\/api.w.org\/{rel}","templated":true}]}}