{"id":98,"date":"2024-08-04T17:09:52","date_gmt":"2024-08-04T15:09:52","guid":{"rendered":"https:\/\/powerockpharma.com\/?post_type=product&#038;p=98"},"modified":"2025-11-12T06:59:56","modified_gmt":"2025-11-12T05:59:56","slug":"mt2-melanotan-2","status":"publish","type":"product","link":"https:\/\/powerockpharma.com\/de\/peptide-lyophilizates\/mt2-melanotan-2\/","title":{"rendered":"MT2 (MELANOTAN 2)"},"content":{"rendered":"<h2>Eigenschaften:<\/h2>\n<p>Melanotan 2 (MT2) ist ein synthetisches Peptid, das das Alpha-Melanozyten-stimulierende Hormon (\u03b1-MSH) im K\u00f6rper nachahmt und in erster Linie die Hautpigmentierung beeinflusst. Daher ist MT2 bei denjenigen, die ein gebr\u00e4untes Aussehen ohne l\u00e4ngere Sonneneinstrahlung anstreben, sehr gefragt. Neben seiner Rolle bei der F\u00f6rderung der Melaninproduktion hat MT2 auch bemerkenswerte Auswirkungen auf die Libido und den Fettstoffwechsel, was es zu einem vielseitigen Wirkstoff f\u00fcr zahlreiche Forschungsanwendungen macht.<\/p>\n<h2>Mechanismus der Wirkung:<\/h2>\n<p>MT2 wirkt durch Bindung an Melanocortin-Rezeptoren, insbesondere MC1R, die sich auf der Oberfl\u00e4che von Melanozyten befinden - Zellen, die f\u00fcr die Melaninproduktion in der Haut verantwortlich sind. Wenn diese Rezeptoren aktiviert werden, regen sie die Melaninproduktion an, was zu einer dunkleren Hautfarbe f\u00fchrt. Neben der Hautpigmentierung tr\u00e4gt die Interaktion von MT2 mit anderen Melanocortinrezeptoren wie MC4R zu seiner Wirkung auf die Unterdr\u00fcckung des Appetits, die gesteigerte Fettoxidation und die erh\u00f6hte sexuelle Erregung bei. Dank dieser Multi-Rezeptor-Aktivit\u00e4t kann MT2 nicht nur bei der Br\u00e4unung, sondern auch bei der Gewichtskontrolle und der Steigerung der Libido von Nutzen sein.<\/p>\n<h2>Vorteile:<\/h2>\n<p>Die konsequente Anwendung von Melanotan 2 f\u00fchrt zu einer allm\u00e4hlichen, nat\u00fcrlich aussehenden Br\u00e4une, ohne dass eine UV-Bestrahlung erforderlich ist, wodurch das Risiko von Hautsch\u00e4den, die mit herk\u00f6mmlichen Br\u00e4unungsmethoden verbunden sind, erheblich verringert wird. Dar\u00fcber hinaus kann MT2 bei der Reduzierung von K\u00f6rperfett helfen, indem es die Lipolyse f\u00f6rdert und den Appetit kontrolliert, was es zu einem wertvollen Hilfsmittel f\u00fcr den K\u00f6rperumbau macht. Die F\u00e4higkeit der Substanz, die Libido zu steigern und die sexuelle Funktion zu verbessern, macht sie noch attraktiver. Forscher haben MT2 in Studien, die sich auf dermatologische Erkrankungen, sexuelle Funktionsst\u00f6rungen und Fettleibigkeit konzentrierten, f\u00fcr besonders wirksam befunden.<\/p>\n<h2>Warum Powerock Pharma:<\/h2>\n<p>Bei Powerock Pharma sorgt unser Engagement f\u00fcr Qualit\u00e4t daf\u00fcr, dass jedes Fl\u00e4schchen Melanotan 2 unter strengen GMP-, HACCP- und ISO 13485-Standards hergestellt wird. Unsere Produkte werden in erstklassigen Labors strengen Tests unterzogen, um die Reinheit, Wirksamkeit und Sicherheit zu \u00fcberpr\u00fcfen, damit sich Forscher auf konsistente, hochwertige Ergebnisse verlassen k\u00f6nnen. Wenn Sie sich f\u00fcr Powerock Pharma entscheiden, entscheiden Sie sich f\u00fcr ein Produkt, das den h\u00f6chsten Industriestandards entspricht und das durch eine Verpflichtung zu wissenschaftlicher Integrit\u00e4t und Exzellenz unterst\u00fctzt wird.<\/p>\n<h3>Zusammenfassung:<\/h3>\n<p>Wenn Sie die Vorteile einer verbesserten Hautpigmentierung, der Unterst\u00fctzung der Libido oder des Fettabbaus in Ihrer Forschung erforschen m\u00f6chten, ist Melanotan 2 eine ausgezeichnete Wahl. Mit dem Engagement von Powerock Pharma f\u00fcr Qualit\u00e4t und Zuverl\u00e4ssigkeit ist dieses Produkt so konzipiert, dass es die Ergebnisse liefert, die Ihre Studien verlangen. Bestellen Sie Melanotan 2 noch heute und vertrauen Sie auf ein Produkt, das Ihre Forschungsziele mit un\u00fcbertroffener Pr\u00e4zision und Konsistenz unterst\u00fctzt.<\/p>","protected":false},"excerpt":{"rendered":"<p>Melanotan 2 (MT2) f\u00f6rdert die Pigmentierung der Haut durch Stimulierung der Melanozytenrezeptoren und bietet eine sonnenlose Br\u00e4unungsl\u00f6sung. Au\u00dferdem unterst\u00fctzt es die Steigerung der Libido und den Fettabbau. W\u00e4hlen Sie Powerock Pharma f\u00fcr Reinheit und Konsistenz.<\/p>","protected":false},"featured_media":205,"template":"","meta":{"_acf_changed":false,"rank_math_lock_modified_date":false,"inline_featured_image":false},"product_cat":[17],"product_tag":[],"class_list":{"0":"post-98","1":"product","2":"type-product","3":"status-publish","4":"has-post-thumbnail","6":"product_cat-peptide-lyophilizates","9":"first","10":"instock","11":"shipping-taxable","12":"product-type-simple"},"acf":{"chromatogram":640,"metoda":{"acftf":{"v":"1.3.24"},"p":{"o":{"uh":0},"ca":""},"c":[{"p":""}],"h":[{"c":""}],"b":[[{"c":""}]]}},"_links":{"self":[{"href":"https:\/\/powerockpharma.com\/de\/wp-json\/wp\/v2\/product\/98","targetHints":{"allow":["GET"]}}],"collection":[{"href":"https:\/\/powerockpharma.com\/de\/wp-json\/wp\/v2\/product"}],"about":[{"href":"https:\/\/powerockpharma.com\/de\/wp-json\/wp\/v2\/types\/product"}],"wp:featuredmedia":[{"embeddable":true,"href":"https:\/\/powerockpharma.com\/de\/wp-json\/wp\/v2\/media\/205"}],"wp:attachment":[{"href":"https:\/\/powerockpharma.com\/de\/wp-json\/wp\/v2\/media?parent=98"}],"wp:term":[{"taxonomy":"product_cat","embeddable":true,"href":"https:\/\/powerockpharma.com\/de\/wp-json\/wp\/v2\/product_cat?post=98"},{"taxonomy":"product_tag","embeddable":true,"href":"https:\/\/powerockpharma.com\/de\/wp-json\/wp\/v2\/product_tag?post=98"}],"curies":[{"name":"wp","href":"https:\/\/api.w.org\/{rel}","templated":true}]}}